{"id":129,"date":"2020-02-15T20:18:12","date_gmt":"2020-02-15T19:18:12","guid":{"rendered":"https:\/\/ikasougou.com\/adiasdressing\/?post_type=product&#038;p=129"},"modified":"2020-02-15T20:20:37","modified_gmt":"2020-02-15T19:20:37","slug":"ensemble-3-pieces-pour-homme-beige","status":"publish","type":"product","link":"https:\/\/ikasougou.com\/adiasdressing\/produit\/ensemble-3-pieces-pour-homme-beige\/","title":{"rendered":"Ensemble 3 pi\u00e8ces pour Homme beige"},"content":{"rendered":"<h1>D\u00e9couvrez ce Ensemble 3 pi\u00e8ces couleur beige avec broderie de couleur bordeaux pour homme styl\u00e9 \u00e0 l&#8217;africaine id\u00e9al pour vos c\u00e9r\u00e9monies, tenues professionnel .<\/h1>\n<p><img loading=\"lazy\" decoding=\"async\" class=\"alignnone size-medium wp-image-135\" src=\"https:\/\/ikasougou.com\/adiasdressing\/wp-content\/uploads\/sites\/73\/2020\/02\/70694409_1150330375155508_7071399035633926144_n-1-225x400.jpg\" alt=\"\" width=\"225\" height=\"400\" srcset=\"https:\/\/ikasougou.com\/adiasdressing\/wp-content\/uploads\/sites\/73\/2020\/02\/70694409_1150330375155508_7071399035633926144_n-1-225x400.jpg 225w, https:\/\/ikasougou.com\/adiasdressing\/wp-content\/uploads\/sites\/73\/2020\/02\/70694409_1150330375155508_7071399035633926144_n-1-450x800.jpg 450w, https:\/\/ikasougou.com\/adiasdressing\/wp-content\/uploads\/sites\/73\/2020\/02\/70694409_1150330375155508_7071399035633926144_n-1-510x907.jpg 510w, https:\/\/ikasougou.com\/adiasdressing\/wp-content\/uploads\/sites\/73\/2020\/02\/70694409_1150330375155508_7071399035633926144_n-1.jpg 540w\" sizes=\"auto, (max-width: 225px) 100vw, 225px\" \/> <img loading=\"lazy\" decoding=\"async\" class=\"alignnone size-medium wp-image-136\" src=\"https:\/\/ikasougou.com\/adiasdressing\/wp-content\/uploads\/sites\/73\/2020\/02\/71088288_1150330441822168_8985442015571345408_n-225x400.jpg\" alt=\"\" width=\"225\" height=\"400\" srcset=\"https:\/\/ikasougou.com\/adiasdressing\/wp-content\/uploads\/sites\/73\/2020\/02\/71088288_1150330441822168_8985442015571345408_n-225x400.jpg 225w, https:\/\/ikasougou.com\/adiasdressing\/wp-content\/uploads\/sites\/73\/2020\/02\/71088288_1150330441822168_8985442015571345408_n-450x800.jpg 450w, https:\/\/ikasougou.com\/adiasdressing\/wp-content\/uploads\/sites\/73\/2020\/02\/71088288_1150330441822168_8985442015571345408_n-510x907.jpg 510w, https:\/\/ikasougou.com\/adiasdressing\/wp-content\/uploads\/sites\/73\/2020\/02\/71088288_1150330441822168_8985442015571345408_n.jpg 540w\" sizes=\"auto, (max-width: 225px) 100vw, 225px\" \/> <img loading=\"lazy\" decoding=\"async\" class=\"alignnone size-medium wp-image-139\" src=\"https:\/\/ikasougou.com\/adiasdressing\/wp-content\/uploads\/sites\/73\/2020\/02\/3-pi\u00e8ces-blanc-2-292x400.jpg\" alt=\"\" width=\"292\" height=\"400\" srcset=\"https:\/\/ikasougou.com\/adiasdressing\/wp-content\/uploads\/sites\/73\/2020\/02\/3-pi\u00e8ces-blanc-2-292x400.jpg 292w, https:\/\/ikasougou.com\/adiasdressing\/wp-content\/uploads\/sites\/73\/2020\/02\/3-pi\u00e8ces-blanc-2.jpg 356w\" sizes=\"auto, (max-width: 292px) 100vw, 292px\" \/><\/p>\n<div style=\"display:flex; gap:10px;justify-content:center\" class=\"wps-pgfw-pdf-generate-icon__wrapper-frontend\">\n\t\t<a  href=\"https:\/\/ikasougou.com\/adiasdressing\/wp-json\/wp\/v2\/product\/129?action=genpdf&amp;id=129\" class=\"pgfw-single-pdf-download-button\" ><img src=\"https:\/\/ikasougou.com\/adiasdressing\/wp-content\/plugins\/pdf-generator-for-wp\/admin\/src\/images\/PDF_Tray.svg\" title=\"G\u00e9n\u00e9rer un PDF\" style=\"width:auto; height:45px;\"><\/a>\n\t\t<\/div>","protected":false},"excerpt":{"rendered":"<p>D\u00e9couvrez ce Ensemble 3 pi\u00e8ces couleur beige avec broderie de couleur bordeaux pour homme styl\u00e9 \u00e0 l&#8217;africaine id\u00e9al pour vos c\u00e9r\u00e9monies, tenues professionnel .<\/p>\n","protected":false},"featured_media":139,"comment_status":"open","ping_status":"closed","template":"","meta":[],"product_brand":[],"product_cat":[23,22,19],"product_tag":[],"class_list":{"0":"post-129","1":"product","2":"type-product","3":"status-publish","4":"has-post-thumbnail","6":"product_cat-3-pieces","7":"product_cat-ensemble-homme","8":"product_cat-vetements-homme","10":"first","11":"instock","12":"sale","13":"shipping-taxable","14":"purchasable","15":"product-type-simple"},"ams_default_variation_id":0,"ams_product_points_reward":[],"ams_product_discount_percentage":20,"ams_price_to_display":60000,"aioseo_notices":[],"ams_acf":[],"jetpack_sharing_enabled":true,"jetpack_likes_enabled":true,"_links":{"self":[{"href":"https:\/\/ikasougou.com\/adiasdressing\/wp-json\/wp\/v2\/product\/129","targetHints":{"allow":["GET"]}}],"collection":[{"href":"https:\/\/ikasougou.com\/adiasdressing\/wp-json\/wp\/v2\/product"}],"about":[{"href":"https:\/\/ikasougou.com\/adiasdressing\/wp-json\/wp\/v2\/types\/product"}],"replies":[{"embeddable":true,"href":"https:\/\/ikasougou.com\/adiasdressing\/wp-json\/wp\/v2\/comments?post=129"}],"wp:featuredmedia":[{"embeddable":true,"href":"https:\/\/ikasougou.com\/adiasdressing\/wp-json\/wp\/v2\/media\/139"}],"wp:attachment":[{"href":"https:\/\/ikasougou.com\/adiasdressing\/wp-json\/wp\/v2\/media?parent=129"}],"wp:term":[{"taxonomy":"product_brand","embeddable":true,"href":"https:\/\/ikasougou.com\/adiasdressing\/wp-json\/wp\/v2\/product_brand?post=129"},{"taxonomy":"product_cat","embeddable":true,"href":"https:\/\/ikasougou.com\/adiasdressing\/wp-json\/wp\/v2\/product_cat?post=129"},{"taxonomy":"product_tag","embeddable":true,"href":"https:\/\/ikasougou.com\/adiasdressing\/wp-json\/wp\/v2\/product_tag?post=129"}],"curies":[{"name":"wp","href":"https:\/\/api.w.org\/{rel}","templated":true}]}}