{"id":215,"date":"2020-06-24T22:49:56","date_gmt":"2020-06-24T20:49:56","guid":{"rendered":"https:\/\/ikasougou.com\/adiasdressing\/?post_type=product&#038;p=215"},"modified":"2020-06-25T15:07:42","modified_gmt":"2020-06-25T13:07:42","slug":"robe-white-love-melange-crepe-coton-et-bogolan","status":"publish","type":"product","link":"https:\/\/ikasougou.com\/adiasdressing\/produit\/robe-white-love-melange-crepe-coton-et-bogolan\/","title":{"rendered":"Robe White Love M\u00e9lange Cr\u00eape Coton et Bogolan"},"content":{"rendered":"<h1>Sublimez avec cette longue robe blanche de la collection love en tissu cr\u00eape coton m\u00e9lang\u00e9 avec du bogolan tr\u00e8s confortable peut \u00eatre port\u00e9e partout (soir\u00e9e, boulot, restaurant..).<\/h1>\n<p><img loading=\"lazy\" decoding=\"async\" class=\"alignnone size-medium wp-image-216\" src=\"https:\/\/ikasougou.com\/adiasdressing\/wp-content\/uploads\/sites\/73\/2020\/06\/IMG_4034-286x400.jpg\" alt=\"\" width=\"286\" height=\"400\" srcset=\"https:\/\/ikasougou.com\/adiasdressing\/wp-content\/uploads\/sites\/73\/2020\/06\/IMG_4034-286x400.jpg 286w, https:\/\/ikasougou.com\/adiasdressing\/wp-content\/uploads\/sites\/73\/2020\/06\/IMG_4034-571x800.jpg 571w, https:\/\/ikasougou.com\/adiasdressing\/wp-content\/uploads\/sites\/73\/2020\/06\/IMG_4034-768x1075.jpg 768w, https:\/\/ikasougou.com\/adiasdressing\/wp-content\/uploads\/sites\/73\/2020\/06\/IMG_4034-510x714.jpg 510w, https:\/\/ikasougou.com\/adiasdressing\/wp-content\/uploads\/sites\/73\/2020\/06\/IMG_4034.jpg 1080w\" sizes=\"auto, (max-width: 286px) 100vw, 286px\" \/> <img loading=\"lazy\" decoding=\"async\" class=\"alignnone size-medium wp-image-217\" src=\"https:\/\/ikasougou.com\/adiasdressing\/wp-content\/uploads\/sites\/73\/2020\/06\/IMG_4037-286x400.jpg\" alt=\"\" width=\"286\" height=\"400\" srcset=\"https:\/\/ikasougou.com\/adiasdressing\/wp-content\/uploads\/sites\/73\/2020\/06\/IMG_4037-286x400.jpg 286w, https:\/\/ikasougou.com\/adiasdressing\/wp-content\/uploads\/sites\/73\/2020\/06\/IMG_4037-571x800.jpg 571w, https:\/\/ikasougou.com\/adiasdressing\/wp-content\/uploads\/sites\/73\/2020\/06\/IMG_4037-768x1075.jpg 768w, https:\/\/ikasougou.com\/adiasdressing\/wp-content\/uploads\/sites\/73\/2020\/06\/IMG_4037-510x714.jpg 510w, https:\/\/ikasougou.com\/adiasdressing\/wp-content\/uploads\/sites\/73\/2020\/06\/IMG_4037.jpg 1080w\" sizes=\"auto, (max-width: 286px) 100vw, 286px\" \/> <img loading=\"lazy\" decoding=\"async\" class=\"alignnone size-medium wp-image-218\" src=\"https:\/\/ikasougou.com\/adiasdressing\/wp-content\/uploads\/sites\/73\/2020\/06\/IMG_4038-286x400.jpg\" alt=\"\" width=\"286\" height=\"400\" srcset=\"https:\/\/ikasougou.com\/adiasdressing\/wp-content\/uploads\/sites\/73\/2020\/06\/IMG_4038-286x400.jpg 286w, https:\/\/ikasougou.com\/adiasdressing\/wp-content\/uploads\/sites\/73\/2020\/06\/IMG_4038-571x800.jpg 571w, https:\/\/ikasougou.com\/adiasdressing\/wp-content\/uploads\/sites\/73\/2020\/06\/IMG_4038-768x1075.jpg 768w, https:\/\/ikasougou.com\/adiasdressing\/wp-content\/uploads\/sites\/73\/2020\/06\/IMG_4038-510x714.jpg 510w, https:\/\/ikasougou.com\/adiasdressing\/wp-content\/uploads\/sites\/73\/2020\/06\/IMG_4038.jpg 1080w\" sizes=\"auto, (max-width: 286px) 100vw, 286px\" \/> <img loading=\"lazy\" decoding=\"async\" class=\"alignnone size-medium wp-image-219\" src=\"https:\/\/ikasougou.com\/adiasdressing\/wp-content\/uploads\/sites\/73\/2020\/06\/IMG_4042-250x400.jpg\" alt=\"\" width=\"250\" height=\"400\" srcset=\"https:\/\/ikasougou.com\/adiasdressing\/wp-content\/uploads\/sites\/73\/2020\/06\/IMG_4042-250x400.jpg 250w, https:\/\/ikasougou.com\/adiasdressing\/wp-content\/uploads\/sites\/73\/2020\/06\/IMG_4042-500x800.jpg 500w, https:\/\/ikasougou.com\/adiasdressing\/wp-content\/uploads\/sites\/73\/2020\/06\/IMG_4042-768x1229.jpg 768w, https:\/\/ikasougou.com\/adiasdressing\/wp-content\/uploads\/sites\/73\/2020\/06\/IMG_4042-960x1536.jpg 960w, https:\/\/ikasougou.com\/adiasdressing\/wp-content\/uploads\/sites\/73\/2020\/06\/IMG_4042-510x816.jpg 510w, https:\/\/ikasougou.com\/adiasdressing\/wp-content\/uploads\/sites\/73\/2020\/06\/IMG_4042.jpg 1080w\" sizes=\"auto, (max-width: 250px) 100vw, 250px\" \/> <img loading=\"lazy\" decoding=\"async\" class=\"alignnone size-medium wp-image-220\" src=\"https:\/\/ikasougou.com\/adiasdressing\/wp-content\/uploads\/sites\/73\/2020\/06\/IMG_4046-250x400.jpg\" alt=\"\" width=\"250\" height=\"400\" srcset=\"https:\/\/ikasougou.com\/adiasdressing\/wp-content\/uploads\/sites\/73\/2020\/06\/IMG_4046-250x400.jpg 250w, https:\/\/ikasougou.com\/adiasdressing\/wp-content\/uploads\/sites\/73\/2020\/06\/IMG_4046-500x800.jpg 500w, https:\/\/ikasougou.com\/adiasdressing\/wp-content\/uploads\/sites\/73\/2020\/06\/IMG_4046-768x1229.jpg 768w, https:\/\/ikasougou.com\/adiasdressing\/wp-content\/uploads\/sites\/73\/2020\/06\/IMG_4046-960x1536.jpg 960w, https:\/\/ikasougou.com\/adiasdressing\/wp-content\/uploads\/sites\/73\/2020\/06\/IMG_4046-510x816.jpg 510w, https:\/\/ikasougou.com\/adiasdressing\/wp-content\/uploads\/sites\/73\/2020\/06\/IMG_4046.jpg 1080w\" sizes=\"auto, (max-width: 250px) 100vw, 250px\" \/> <img loading=\"lazy\" decoding=\"async\" class=\"alignnone size-medium wp-image-221\" src=\"https:\/\/ikasougou.com\/adiasdressing\/wp-content\/uploads\/sites\/73\/2020\/06\/IMG_4047-250x400.jpg\" alt=\"\" width=\"250\" height=\"400\" srcset=\"https:\/\/ikasougou.com\/adiasdressing\/wp-content\/uploads\/sites\/73\/2020\/06\/IMG_4047-250x400.jpg 250w, https:\/\/ikasougou.com\/adiasdressing\/wp-content\/uploads\/sites\/73\/2020\/06\/IMG_4047-500x800.jpg 500w, https:\/\/ikasougou.com\/adiasdressing\/wp-content\/uploads\/sites\/73\/2020\/06\/IMG_4047-768x1229.jpg 768w, https:\/\/ikasougou.com\/adiasdressing\/wp-content\/uploads\/sites\/73\/2020\/06\/IMG_4047-960x1536.jpg 960w, https:\/\/ikasougou.com\/adiasdressing\/wp-content\/uploads\/sites\/73\/2020\/06\/IMG_4047-510x816.jpg 510w, https:\/\/ikasougou.com\/adiasdressing\/wp-content\/uploads\/sites\/73\/2020\/06\/IMG_4047.jpg 1080w\" sizes=\"auto, (max-width: 250px) 100vw, 250px\" \/><\/p>\n<div style=\"display:flex; gap:10px;justify-content:center\" class=\"wps-pgfw-pdf-generate-icon__wrapper-frontend\">\n\t\t<a  href=\"https:\/\/ikasougou.com\/adiasdressing\/wp-json\/wp\/v2\/product\/215?action=genpdf&amp;id=215\" class=\"pgfw-single-pdf-download-button\" ><img src=\"https:\/\/ikasougou.com\/adiasdressing\/wp-content\/plugins\/pdf-generator-for-wp\/admin\/src\/images\/PDF_Tray.svg\" title=\"G\u00e9n\u00e9rer un PDF\" style=\"width:auto; height:45px;\"><\/a>\n\t\t<\/div>","protected":false},"excerpt":{"rendered":"<p>Sublimez avec cette longue robe blanche de la collection love en tissu cr\u00eape coton m\u00e9lang\u00e9 avec du bogolan tr\u00e8s confortable peut \u00eatre port\u00e9e partout (soir\u00e9e, boulot, restaurant..).<\/p>\n","protected":false},"featured_media":263,"comment_status":"open","ping_status":"closed","template":"","meta":[],"product_brand":[],"product_cat":[27,17],"product_tag":[],"class_list":{"0":"post-215","1":"product","2":"type-product","3":"status-publish","4":"has-post-thumbnail","6":"product_cat-robe","7":"product_cat-vetements-femme","9":"first","10":"instock","11":"sale","12":"shipping-taxable","13":"purchasable","14":"product-type-simple"},"ams_default_variation_id":0,"ams_product_points_reward":[],"ams_product_discount_percentage":16.67,"ams_price_to_display":25000,"aioseo_notices":[],"ams_acf":[],"jetpack_sharing_enabled":true,"jetpack_likes_enabled":true,"_links":{"self":[{"href":"https:\/\/ikasougou.com\/adiasdressing\/wp-json\/wp\/v2\/product\/215","targetHints":{"allow":["GET"]}}],"collection":[{"href":"https:\/\/ikasougou.com\/adiasdressing\/wp-json\/wp\/v2\/product"}],"about":[{"href":"https:\/\/ikasougou.com\/adiasdressing\/wp-json\/wp\/v2\/types\/product"}],"replies":[{"embeddable":true,"href":"https:\/\/ikasougou.com\/adiasdressing\/wp-json\/wp\/v2\/comments?post=215"}],"wp:featuredmedia":[{"embeddable":true,"href":"https:\/\/ikasougou.com\/adiasdressing\/wp-json\/wp\/v2\/media\/263"}],"wp:attachment":[{"href":"https:\/\/ikasougou.com\/adiasdressing\/wp-json\/wp\/v2\/media?parent=215"}],"wp:term":[{"taxonomy":"product_brand","embeddable":true,"href":"https:\/\/ikasougou.com\/adiasdressing\/wp-json\/wp\/v2\/product_brand?post=215"},{"taxonomy":"product_cat","embeddable":true,"href":"https:\/\/ikasougou.com\/adiasdressing\/wp-json\/wp\/v2\/product_cat?post=215"},{"taxonomy":"product_tag","embeddable":true,"href":"https:\/\/ikasougou.com\/adiasdressing\/wp-json\/wp\/v2\/product_tag?post=215"}],"curies":[{"name":"wp","href":"https:\/\/api.w.org\/{rel}","templated":true}]}}