{"id":164,"date":"2018-09-01T21:42:54","date_gmt":"2018-09-01T19:42:54","guid":{"rendered":"https:\/\/ikasougou.com\/akamservices\/?post_type=product&#038;p=164"},"modified":"2025-06-11T08:16:09","modified_gmt":"2025-06-11T06:16:09","slug":"playstation-4-slim-500go","status":"publish","type":"product","link":"https:\/\/ikasougou.com\/akamservices\/produit\/playstation-4-slim-500go\/","title":{"rendered":"PLAYSTATION 4 SLIM 500Go"},"content":{"rendered":"<div class=\"blocx2 rub9\">\n<h4><img loading=\"lazy\" decoding=\"async\" class=\"alignnone size-medium wp-image-720\" src=\"https:\/\/ikasougou.com\/akamservices\/wp-content\/uploads\/sites\/30\/2018\/09\/ps4-600x400.jpg\" alt=\"\" width=\"600\" height=\"400\" srcset=\"https:\/\/ikasougou.com\/akamservices\/wp-content\/uploads\/sites\/30\/2018\/09\/ps4-600x400.jpg 600w, https:\/\/ikasougou.com\/akamservices\/wp-content\/uploads\/sites\/30\/2018\/09\/ps4-768x512.jpg 768w, https:\/\/ikasougou.com\/akamservices\/wp-content\/uploads\/sites\/30\/2018\/09\/ps4-510x340.jpg 510w, https:\/\/ikasougou.com\/akamservices\/wp-content\/uploads\/sites\/30\/2018\/09\/ps4.jpg 1062w\" sizes=\"auto, (max-width: 600px) 100vw, 600px\" \/><\/h4>\n<table class=\"table table-condensed table-striped no-border title-normal links-color\">\n<tbody>\n<tr>\n<td class=\"no-border col-xs-4\">Processeur<\/td>\n<td class=\"title-normal no-border\">AMD &#8220;Jaguar&#8221;<\/td>\n<\/tr>\n<tr>\n<td class=\"no-border col-xs-4\">Fr\u00e9quence du processeur (en Ghz)<\/td>\n<td class=\"title-normal no-border\">1,6 GHz<\/td>\n<\/tr>\n<tr>\n<td class=\"no-border col-xs-4\">Nombre de processeurs<\/td>\n<td class=\"title-normal no-border\">1<\/td>\n<\/tr>\n<tr>\n<td class=\"no-border col-xs-4\">Nombre de coeurs<\/td>\n<td class=\"title-normal no-border\">8<\/td>\n<\/tr>\n<tr>\n<td class=\"no-border col-xs-4\">Puce graphique<\/td>\n<td class=\"title-normal no-border\">AMD Radeon<\/td>\n<\/tr>\n<tr>\n<td class=\"no-border col-xs-4\">Balayage<\/td>\n<td class=\"title-normal no-border\">Progressif<\/td>\n<\/tr>\n<tr>\n<td class=\"no-border col-xs-4\">Upscaling<\/td>\n<td class=\"title-normal no-border\">Oui<\/td>\n<\/tr>\n<tr>\n<td class=\"no-border col-xs-4\">Type de m\u00e9moire interne<\/td>\n<td class=\"title-normal no-border\">2,5 pouces<\/td>\n<\/tr>\n<tr>\n<td class=\"no-border col-xs-4\">Lecteur HD<\/td>\n<td class=\"title-normal no-border\">Oui<\/td>\n<\/tr>\n<\/tbody>\n<\/table>\n<\/div>\n<h4><img loading=\"lazy\" decoding=\"async\" class=\"alignnone size-medium wp-image-719\" src=\"https:\/\/ikasougou.com\/akamservices\/wp-content\/uploads\/sites\/30\/2018\/09\/ps4-2-600x400.jpg\" alt=\"\" width=\"600\" height=\"400\" srcset=\"https:\/\/ikasougou.com\/akamservices\/wp-content\/uploads\/sites\/30\/2018\/09\/ps4-2-600x400.jpg 600w, https:\/\/ikasougou.com\/akamservices\/wp-content\/uploads\/sites\/30\/2018\/09\/ps4-2-768x512.jpg 768w, https:\/\/ikasougou.com\/akamservices\/wp-content\/uploads\/sites\/30\/2018\/09\/ps4-2-510x340.jpg 510w, https:\/\/ikasougou.com\/akamservices\/wp-content\/uploads\/sites\/30\/2018\/09\/ps4-2.jpg 1062w\" sizes=\"auto, (max-width: 600px) 100vw, 600px\" \/><\/h4>\n<h4><\/h4>\n<h4><\/h4>\n<h4 class=\"spacer title-medium cap\">Stockage<\/h4>\n<div class=\"blocx2 rub9\">\n<table class=\"table table-condensed table-striped no-border title-normal links-color\">\n<tbody>\n<tr>\n<td class=\"no-border col-xs-4\">M\u00e9moire interne accessible<\/td>\n<td class=\"title-normal no-border\">Oui<\/td>\n<\/tr>\n<tr>\n<td class=\"no-border col-xs-4\">Capacit\u00e9 de stockage (en Go)<\/td>\n<td class=\"title-normal no-border\">500<\/td>\n<\/tr>\n<tr>\n<td class=\"no-border col-xs-4\">Extension<\/td>\n<td class=\"title-normal no-border\">Oui<\/td>\n<\/tr>\n<tr>\n<td class=\"no-border col-xs-4\">Stockage des jeux sur carte<\/td>\n<td class=\"title-normal no-border\">Non<\/td>\n<\/tr>\n<tr>\n<td class=\"no-border col-xs-4\">Stockage des jeux sur m\u00e9moire interne<\/td>\n<td class=\"title-normal no-border\">Oui<\/td>\n<\/tr>\n<\/tbody>\n<\/table>\n<\/div>\n<h4 class=\"spacer title-medium cap\">Dimensions<\/h4>\n<h4><img loading=\"lazy\" decoding=\"async\" class=\"alignnone size-medium wp-image-721\" src=\"https:\/\/ikasougou.com\/akamservices\/wp-content\/uploads\/sites\/30\/2018\/09\/ps41-600x400.jpg\" alt=\"\" width=\"600\" height=\"400\" srcset=\"https:\/\/ikasougou.com\/akamservices\/wp-content\/uploads\/sites\/30\/2018\/09\/ps41-600x400.jpg 600w, https:\/\/ikasougou.com\/akamservices\/wp-content\/uploads\/sites\/30\/2018\/09\/ps41-768x512.jpg 768w, https:\/\/ikasougou.com\/akamservices\/wp-content\/uploads\/sites\/30\/2018\/09\/ps41-510x340.jpg 510w, https:\/\/ikasougou.com\/akamservices\/wp-content\/uploads\/sites\/30\/2018\/09\/ps41.jpg 1062w\" sizes=\"auto, (max-width: 600px) 100vw, 600px\" \/><\/h4>\n<div class=\"blocx2 rub9\">\n<table class=\"table table-condensed table-striped no-border title-normal links-color\">\n<tbody>\n<tr>\n<td class=\"no-border col-xs-4\">Largeur<\/td>\n<td class=\"title-normal no-border\">30,5 cm<\/td>\n<\/tr>\n<tr>\n<td class=\"no-border col-xs-4\">Epaisseur<\/td>\n<td class=\"title-normal no-border\">5,3 cm<\/td>\n<\/tr>\n<tr>\n<td class=\"no-border col-xs-4\">Profondeur<\/td>\n<td class=\"title-normal no-border\">27,5 cm<\/td>\n<\/tr>\n<tr>\n<td class=\"no-border col-xs-4\">Poids<\/td>\n<td class=\"title-normal no-border\">2,8 kg<\/td>\n<\/tr>\n<\/tbody>\n<\/table>\n<\/div>\n<div style=\"display:flex; gap:10px;justify-content:center\" class=\"wps-pgfw-pdf-generate-icon__wrapper-frontend\">\n\t\t<a  href=\"https:\/\/ikasougou.com\/akamservices\/wp-json\/wp\/v2\/product\/164?action=genpdf&amp;id=164\" class=\"pgfw-single-pdf-download-button\" ><img src=\"https:\/\/ikasougou.com\/akamservices\/wp-content\/plugins\/pdf-generator-for-wp\/admin\/src\/images\/PDF_Tray.svg\" title=\"G\u00e9n\u00e9rer un PDF\" style=\"width:auto; height:45px;\"><\/a>\n\t\t<\/div>","protected":false},"excerpt":{"rendered":"<p>Processeur AMD &#8220;Jaguar&#8221; Fr\u00e9quence du processeur (en Ghz) 1,6 GHz Nombre de processeurs 1 Nombre de coeurs 8 Puce graphique AMD Radeon Balayage Progressif Upscaling Oui Type de m\u00e9moire interne 2,5 pouces Lecteur HD Oui Stockage M\u00e9moire interne accessible Oui Capacit\u00e9 de stockage (en Go) 500 Extension Oui Stockage des jeux sur carte Non Stockage [&#8230;]\n","protected":false},"featured_media":717,"comment_status":"open","ping_status":"closed","template":"","meta":{"jetpack_post_was_ever_published":false,"jetpack_publicize_message":"","jetpack_publicize_feature_enabled":true,"jetpack_social_post_already_shared":true,"jetpack_social_options":{"image_generator_settings":{"template":"highway","default_image_id":0,"font":"","enabled":false},"version":2}},"product_brand":[],"product_cat":[18,27],"product_tag":[],"class_list":{"0":"post-164","1":"product","2":"type-product","3":"status-publish","4":"has-post-thumbnail","6":"product_cat-hightech","7":"product_cat-jeuxvideos","9":"first","10":"instock","11":"sale","12":"shipping-taxable","13":"purchasable","14":"product-type-simple"},"ams_default_variation_id":0,"ams_product_points_reward":[],"ams_product_discount_percentage":10,"ams_price_to_display":225000,"aioseo_notices":[],"ams_acf":[],"jetpack_publicize_connections":[],"jetpack_sharing_enabled":true,"jetpack_likes_enabled":true,"_links":{"self":[{"href":"https:\/\/ikasougou.com\/akamservices\/wp-json\/wp\/v2\/product\/164","targetHints":{"allow":["GET"]}}],"collection":[{"href":"https:\/\/ikasougou.com\/akamservices\/wp-json\/wp\/v2\/product"}],"about":[{"href":"https:\/\/ikasougou.com\/akamservices\/wp-json\/wp\/v2\/types\/product"}],"replies":[{"embeddable":true,"href":"https:\/\/ikasougou.com\/akamservices\/wp-json\/wp\/v2\/comments?post=164"}],"wp:featuredmedia":[{"embeddable":true,"href":"https:\/\/ikasougou.com\/akamservices\/wp-json\/wp\/v2\/media\/717"}],"wp:attachment":[{"href":"https:\/\/ikasougou.com\/akamservices\/wp-json\/wp\/v2\/media?parent=164"}],"wp:term":[{"taxonomy":"product_brand","embeddable":true,"href":"https:\/\/ikasougou.com\/akamservices\/wp-json\/wp\/v2\/product_brand?post=164"},{"taxonomy":"product_cat","embeddable":true,"href":"https:\/\/ikasougou.com\/akamservices\/wp-json\/wp\/v2\/product_cat?post=164"},{"taxonomy":"product_tag","embeddable":true,"href":"https:\/\/ikasougou.com\/akamservices\/wp-json\/wp\/v2\/product_tag?post=164"}],"curies":[{"name":"wp","href":"https:\/\/api.w.org\/{rel}","templated":true}]}}