{"id":227,"date":"2018-09-26T20:53:13","date_gmt":"2018-09-26T18:53:13","guid":{"rendered":"https:\/\/ikasougou.com\/akamservices\/?post_type=product&#038;p=227"},"modified":"2018-12-15T18:39:12","modified_gmt":"2018-12-15T17:39:12","slug":"iphone-xs-max-256go-cupertino","status":"publish","type":"product","link":"https:\/\/ikasougou.com\/akamservices\/produit\/iphone-xs-max-256go-cupertino\/","title":{"rendered":"IPHONE XS MAX 256GO"},"content":{"rendered":"<div class=\"blocx2 rub9\">\n<table class=\"table table-condensed table-striped no-border title-normal links-color\">\n<tbody>\n<tr>\n<td class=\"no-border col-xs-4\">Syst\u00e8me<\/td>\n<td class=\"title-normal no-border\">iOS 12<\/td>\n<\/tr>\n<tr>\n<td class=\"no-border col-xs-4\">Processeur<\/td>\n<td class=\"title-normal no-border\">Apple A12 Bionic<\/td>\n<\/tr>\n<tr>\n<td class=\"no-border col-xs-4\">Nombre de coeurs<\/td>\n<td class=\"title-normal no-border\">6<\/td>\n<\/tr>\n<tr>\n<td class=\"no-border col-xs-4\">Puce graphique<\/td>\n<td class=\"title-normal no-border\">Int\u00e9gr\u00e9e<\/td>\n<\/tr>\n<tr>\n<td class=\"no-border col-xs-4\">Support cartes m\u00e9moire<\/td>\n<td class=\"title-normal no-border\">Non<\/td>\n<\/tr>\n<tr>\n<td class=\"no-border col-xs-4\">M\u00e9moire vive (RAM)<\/td>\n<td class=\"title-normal no-border\">4 Go<\/td>\n<\/tr>\n<tr>\n<td class=\"no-border col-xs-4\">Capacit\u00e9<\/td>\n<td class=\"title-normal no-border\">256Go<\/td>\n<\/tr>\n<tr>\n<td class=\"no-border col-xs-4\">Indice DAS<\/td>\n<td class=\"title-normal no-border\">0.99 W\/kg<\/td>\n<\/tr>\n<tr>\n<td class=\"no-border col-xs-4\">Indice de protection (\u00e9tanch\u00e9it\u00e9)<\/td>\n<td class=\"title-normal no-border\">IP 68<\/td>\n<\/tr>\n<tr>\n<td class=\"no-border col-xs-4\">Double SIM<\/td>\n<td class=\"title-normal no-border\">Oui<\/td>\n<\/tr>\n<\/tbody>\n<\/table>\n<\/div>\n<h4 class=\"spacer title-medium cap\">Affichage<\/h4>\n<div class=\"blocx2 rub9\">\n<table class=\"table table-condensed table-striped no-border title-normal links-color\">\n<tbody>\n<tr>\n<td class=\"no-border col-xs-4\">Taille (diagonale)<\/td>\n<td class=\"title-normal no-border\">6.5 &#8220;<\/td>\n<\/tr>\n<tr>\n<td class=\"no-border col-xs-4\">Technologie de l&#8217;\u00e9cran<\/td>\n<td class=\"title-normal no-border\">OLED<\/td>\n<\/tr>\n<tr>\n<td class=\"no-border col-xs-4\">D\u00e9finition de l&#8217;\u00e9cran<\/td>\n<td class=\"title-normal no-border\">2688 x 1242 px<\/td>\n<\/tr>\n<tr>\n<td class=\"no-border col-xs-4\">R\u00e9solution de l&#8217;\u00e9cran<\/td>\n<td class=\"title-normal no-border\">456 ppp<\/td>\n<\/tr>\n<\/tbody>\n<\/table>\n<\/div>\n<h4 class=\"spacer title-medium cap\">Entr\u00e9es &amp; sorties<\/h4>\n<div class=\"blocx2 rub9\">\n<table class=\"table table-condensed table-striped no-border title-normal links-color\">\n<tbody>\n<tr>\n<td class=\"no-border col-xs-4\">Support du Wi-Fi<\/td>\n<td class=\"title-normal no-border\">Oui<\/td>\n<\/tr>\n<tr>\n<td class=\"no-border col-xs-4\">Norme Wi-Fi<\/td>\n<td class=\"title-normal no-border\">Wi-Fi 802.11b, Wi-Fi 802.11ac, Wi-Fi 802.11g, Wi-Fi 802.11n<\/td>\n<\/tr>\n<tr>\n<td class=\"no-border col-xs-4\">Support du Bluetooth<\/td>\n<td class=\"title-normal no-border\">Oui<\/td>\n<\/tr>\n<tr>\n<td class=\"no-border col-xs-4\">Version Bluetooth<\/td>\n<td class=\"title-normal no-border\">Bluetooth 5.0<\/td>\n<\/tr>\n<tr>\n<td class=\"no-border col-xs-4\">Support du NFC<\/td>\n<td class=\"title-normal no-border\">Oui<\/td>\n<\/tr>\n<tr>\n<td class=\"no-border col-xs-4\">Support de l&#8217;infra-rouge (IrDA)<\/td>\n<td class=\"title-normal no-border\">Non<\/td>\n<\/tr>\n<tr>\n<td class=\"no-border col-xs-4\">Type de connecteur USB<\/td>\n<td class=\"title-normal no-border\">Propri\u00e9taire<\/td>\n<\/tr>\n<tr>\n<td class=\"no-border col-xs-4\">Compatibilit\u00e9 USB Host<\/td>\n<td class=\"title-normal no-border\">Non<\/td>\n<\/tr>\n<tr>\n<td class=\"no-border col-xs-4\">Prise jack<\/td>\n<td class=\"title-normal no-border\">Non<\/td>\n<\/tr>\n<\/tbody>\n<\/table>\n<\/div>\n<h4 class=\"spacer title-medium cap\">Multim\u00e9dia<\/h4>\n<div class=\"blocx2 rub9\">\n<table class=\"table table-condensed table-striped no-border title-normal links-color\">\n<tbody>\n<tr>\n<td class=\"no-border col-xs-4\">Capteur photo principal<\/td>\n<td class=\"title-normal no-border\">12 Mpx<\/td>\n<\/tr>\n<tr>\n<td class=\"no-border col-xs-4\">Deuxi\u00e8me capteur photo<\/td>\n<td class=\"title-normal no-border\">12 Mpx<\/td>\n<\/tr>\n<tr>\n<td class=\"no-border col-xs-4\">Flash<\/td>\n<td class=\"title-normal no-border\">Oui<\/td>\n<\/tr>\n<tr>\n<td class=\"no-border col-xs-4\">Enregistrement vid\u00e9o (principal)<\/td>\n<td class=\"title-normal no-border\">2160 x 3840 px<\/td>\n<\/tr>\n<tr>\n<td class=\"no-border col-xs-4\">Capteur en fa\u00e7ade<\/td>\n<td class=\"title-normal no-border\">Oui<\/td>\n<\/tr>\n<tr>\n<td class=\"no-border col-xs-4\">D\u00e9finition vid\u00e9o du capteur en fa\u00e7ade<\/td>\n<td class=\"title-normal no-border\">1920 x 1080 px<\/td>\n<\/tr>\n<tr>\n<td class=\"no-border col-xs-4\">Capteur photo frontal<\/td>\n<td class=\"title-normal no-border\">7 Mpx<\/td>\n<\/tr>\n<tr>\n<td class=\"no-border col-xs-4\">Radio FM<\/td>\n<td class=\"title-normal no-border\">Non<\/td>\n<\/tr>\n<\/tbody>\n<\/table>\n<\/div>\n<h4 class=\"spacer title-medium cap\">Communication<\/h4>\n<div class=\"blocx2 rub9\">\n<table class=\"table table-condensed table-striped no-border title-normal links-color\">\n<tbody>\n<tr>\n<td class=\"no-border col-xs-4\">Bandes GSM<\/td>\n<td class=\"title-normal no-border\">850 MHz, 900 MHz, 1800 MHz, 1900 MHz Mhz<\/td>\n<\/tr>\n<tr>\n<td class=\"no-border col-xs-4\">D\u00e9bit max. en r\u00e9ception 3G<\/td>\n<td class=\"title-normal no-border\">42 Mbit\/s<\/td>\n<\/tr>\n<tr>\n<td class=\"no-border col-xs-4\">Compatible r\u00e9seau 4G (LTE)<\/td>\n<td class=\"title-normal no-border\">Oui<\/td>\n<\/tr>\n<\/tbody>\n<\/table>\n<\/div>\n<h4 class=\"spacer title-medium cap\">Alimentation<\/h4>\n<div class=\"blocx2 rub9\">\n<table class=\"table table-condensed table-striped no-border title-normal links-color\">\n<tbody>\n<tr>\n<td class=\"no-border col-xs-4\">Batterie amovible<\/td>\n<td class=\"title-normal no-border\">Non<\/td>\n<\/tr>\n<tr>\n<td class=\"no-border col-xs-4\">Capacit\u00e9 de la batterie<\/td>\n<td class=\"title-normal no-border\">3174 mAh<\/td>\n<\/tr>\n<\/tbody>\n<\/table>\n<\/div>\n<h4 class=\"spacer title-medium cap\">Dimensions<\/h4>\n<div class=\"blocx2 rub9\">\n<table class=\"table table-condensed table-striped no-border title-normal links-color\">\n<tbody>\n<tr>\n<td class=\"no-border col-xs-4\">Largeur<\/td>\n<td class=\"title-normal no-border\">7.74 cm<\/td>\n<\/tr>\n<tr>\n<td class=\"no-border col-xs-4\">Hauteur<\/td>\n<td class=\"title-normal no-border\">15.75 cm<\/td>\n<\/tr>\n<tr>\n<td class=\"no-border col-xs-4\">Epaisseur<\/td>\n<td class=\"title-normal no-border\">0.77 cm<\/td>\n<\/tr>\n<tr>\n<td class=\"no-border col-xs-4\">Volume (cm3)<\/td>\n<td class=\"title-normal no-border\">93.86 cm3<\/td>\n<\/tr>\n<tr>\n<td class=\"no-border col-xs-4\">Poids<\/td>\n<td class=\"title-normal no-border\">208 g<\/td>\n<\/tr>\n<\/tbody>\n<\/table>\n<\/div>\n<div style=\"display:flex; gap:10px;justify-content:center\" class=\"wps-pgfw-pdf-generate-icon__wrapper-frontend\">\n\t\t<a  href=\"https:\/\/ikasougou.com\/akamservices\/wp-json\/wp\/v2\/product\/227?action=genpdf&amp;id=227\" class=\"pgfw-single-pdf-download-button\" ><img src=\"https:\/\/ikasougou.com\/akamservices\/wp-content\/plugins\/pdf-generator-for-wp\/admin\/src\/images\/PDF_Tray.svg\" title=\"G\u00e9n\u00e9rer un PDF\" style=\"width:auto; height:45px;\"><\/a>\n\t\t<\/div>","protected":false},"excerpt":{"rendered":"<p>Syst\u00e8me iOS 12 Processeur Apple A12 Bionic Nombre de coeurs 6 Puce graphique Int\u00e9gr\u00e9e Support cartes m\u00e9moire Non M\u00e9moire vive (RAM) 4 Go Capacit\u00e9 256Go Indice DAS 0.99 W\/kg Indice de protection (\u00e9tanch\u00e9it\u00e9) IP 68 Double SIM Oui Affichage Taille (diagonale) 6.5 &#8220; Technologie de l&#8217;\u00e9cran OLED D\u00e9finition de l&#8217;\u00e9cran 2688 x 1242 px R\u00e9solution [&#8230;]\n","protected":false},"featured_media":394,"comment_status":"open","ping_status":"closed","template":"","meta":{"jetpack_post_was_ever_published":false,"jetpack_publicize_message":"","jetpack_publicize_feature_enabled":true,"jetpack_social_post_already_shared":true,"jetpack_social_options":{"image_generator_settings":{"template":"highway","default_image_id":0,"font":"","enabled":false},"version":2}},"product_brand":[],"product_cat":[18,21],"product_tag":[],"class_list":{"0":"post-227","1":"product","2":"type-product","3":"status-publish","4":"has-post-thumbnail","6":"product_cat-hightech","7":"product_cat-telephones-tablettes","9":"first","10":"instock","11":"sale","12":"shipping-taxable","13":"purchasable","14":"product-type-simple"},"ams_default_variation_id":0,"ams_product_points_reward":[],"ams_product_discount_percentage":23.26,"ams_price_to_display":825000,"aioseo_notices":[],"ams_acf":[],"jetpack_publicize_connections":[],"jetpack_sharing_enabled":true,"jetpack_likes_enabled":true,"_links":{"self":[{"href":"https:\/\/ikasougou.com\/akamservices\/wp-json\/wp\/v2\/product\/227","targetHints":{"allow":["GET"]}}],"collection":[{"href":"https:\/\/ikasougou.com\/akamservices\/wp-json\/wp\/v2\/product"}],"about":[{"href":"https:\/\/ikasougou.com\/akamservices\/wp-json\/wp\/v2\/types\/product"}],"replies":[{"embeddable":true,"href":"https:\/\/ikasougou.com\/akamservices\/wp-json\/wp\/v2\/comments?post=227"}],"wp:featuredmedia":[{"embeddable":true,"href":"https:\/\/ikasougou.com\/akamservices\/wp-json\/wp\/v2\/media\/394"}],"wp:attachment":[{"href":"https:\/\/ikasougou.com\/akamservices\/wp-json\/wp\/v2\/media?parent=227"}],"wp:term":[{"taxonomy":"product_brand","embeddable":true,"href":"https:\/\/ikasougou.com\/akamservices\/wp-json\/wp\/v2\/product_brand?post=227"},{"taxonomy":"product_cat","embeddable":true,"href":"https:\/\/ikasougou.com\/akamservices\/wp-json\/wp\/v2\/product_cat?post=227"},{"taxonomy":"product_tag","embeddable":true,"href":"https:\/\/ikasougou.com\/akamservices\/wp-json\/wp\/v2\/product_tag?post=227"}],"curies":[{"name":"wp","href":"https:\/\/api.w.org\/{rel}","templated":true}]}}