{"id":377,"date":"2018-11-24T01:02:51","date_gmt":"2018-11-24T00:02:51","guid":{"rendered":"https:\/\/ikasougou.com\/akamservices\/?post_type=product&#038;p=377"},"modified":"2018-11-24T01:02:56","modified_gmt":"2018-11-24T00:02:56","slug":"apple-watch-series-3","status":"publish","type":"product","link":"https:\/\/ikasougou.com\/akamservices\/produit\/apple-watch-series-3\/","title":{"rendered":"Apple Watch Series 3"},"content":{"rendered":"<div class=\"as-techspecs as-l-container row\">\n<div class=\"as-techspecs-options\">\n<div class=\"column small-12 large-8 as-techspecs-multicolumn as-techspecs-option\">\n<h2 class=\"as-techspecs-title\">Fonctionnalit\u00e9s Series\u00a03 (GPS)<\/h2>\n<div class=\"as-techspecs-content\">\n<ul class=\"as-techspecs-list\">\n<li>Bo\u00eetier aluminium argent<\/li>\n<li>GPS, GLONASS, Galileo et QZSS int\u00e9gr\u00e9s<\/li>\n<li>S3 avec processeur bic\u0153ur<\/li>\n<li>Puce sans fil Apple W2<\/li>\n<li>Altim\u00e8tre barom\u00e9trique<\/li>\n<li>Capacit\u00e9 de 8\u00a0Go<sup>1<\/sup><\/li>\n<li>Capteur optique de fr\u00e9quence cardiaque<\/li>\n<li>Acc\u00e9l\u00e9rom\u00e8tre et gyroscope<\/li>\n<li>Verre renforc\u00e9 Ion\u2011X<\/li>\n<li>Dos en composite<\/li>\n<li>Wi\u2011Fi (802.11b\/g\/n 2,4\u00a0GHz)<\/li>\n<li>Bluetooth 4.2<\/li>\n<li>Jusqu\u2019\u00e0 18\u00a0heures d\u2019autonomie<sup>2<\/sup><\/li>\n<li>\u00c9tanche jusqu\u2019\u00e0 50\u00a0m\u00e8tres<sup>3<\/sup><\/li>\n<li>watchOS 5<\/li>\n<\/ul>\n<\/div>\n<\/div>\n<div class=\"column small-12 large-8 as-techspecs-multicolumn as-techspecs-option\">\n<h2 class=\"as-techspecs-title\">Fonctionnalit\u00e9s Series\u00a03 (GPS\u00a0+\u00a0Cellular)<\/h2>\n<div class=\"as-techspecs-content\">\n<ul class=\"as-techspecs-list\">\n<li>Bo\u00eetier aluminium argent<\/li>\n<li>LTE et UMTS<\/li>\n<li>GPS, GLONASS, Galileo et QZSS int\u00e9gr\u00e9s<\/li>\n<li>S3 avec processeur bic\u0153ur<\/li>\n<li>Puce sans fil Apple W2<\/li>\n<li>Altim\u00e8tre barom\u00e9trique<\/li>\n<li>Capacit\u00e9 de 16\u00a0Go<sup>1<\/sup><\/li>\n<li>Capteur optique de fr\u00e9quence cardiaque<\/li>\n<li>Acc\u00e9l\u00e9rom\u00e8tre et gyroscope<\/li>\n<li>Verre renforc\u00e9 Ion\u2011X<\/li>\n<li>Dos en c\u00e9ramique et cristal de saphir (centre)<\/li>\n<li>Wi\u2011Fi (802.11b\/g\/n 2,4\u00a0GHz)<\/li>\n<li>Bluetooth 4.2<\/li>\n<li>Jusqu\u2019\u00e0 18\u00a0heures d\u2019autonomie<sup>2<\/sup><\/li>\n<li>\u00c9tanche jusqu\u2019\u00e0 50\u00a0m\u00e8tres<sup>3<\/sup><\/li>\n<li>watchOS 5<\/li>\n<\/ul>\n<\/div>\n<\/div>\n<\/div>\n<div class=\"column large-4 small-12 as-techspecs-dimensions\">\n<h2 class=\"as-techspecs-title\">Dimensions<\/h2>\n<div class=\"as-techspecs-content\">\n<div class=\"as-techspecs-dimension-hero38 as-techspecs-dimensionitem\"><img loading=\"lazy\" decoding=\"async\" class=\"ir as-techspecs-dimensionimg ir\" src=\"https:\/\/store.storeimages.cdn-apple.com\/4667\/as-images.apple.com\/is\/image\/AppleInc\/aos\/published\/images\/w\/at\/watch\/spec\/watch-spec-dim-38-201609_GEO_EMEA_LANG_FR?wid=96&amp;hei=106&amp;fmt=png-alpha&amp;.v=1484169532914\" alt=\"\" width=\"96\" height=\"106\" data-scale-params-2=\"wid=192&amp;hei=212&amp;fmt=png-alpha&amp;.v=1484169532914\" \/><\/p>\n<div class=\"as-techspecs-dimension\">\n<ul class=\"as-techspecs-dimensionlist\">\n<li>Hauteur\u00a0: 38,6\u00a0mm<\/li>\n<li>Largeur\u00a0: 33,3\u00a0mm<\/li>\n<li>\u00c9paisseur\u00a0: 11,4\u00a0mm<\/li>\n<li>Poids du bo\u00eetier (GPS)\u00a0: 26,7\u00a0g<\/li>\n<li>Poids du bo\u00eetier (GPS\u00a0+\u00a0Cellular)\u00a0: 28,7\u00a0g<\/li>\n<\/ul>\n<\/div>\n<\/div>\n<div class=\"as-techspecs-dimension-hero42 as-techspecs-dimensionitem\"><img loading=\"lazy\" decoding=\"async\" class=\"ir as-techspecs-dimensionimg ir\" src=\"https:\/\/store.storeimages.cdn-apple.com\/4667\/as-images.apple.com\/is\/image\/AppleInc\/aos\/published\/images\/w\/at\/watch\/spec\/watch-spec-dim-42-201609_GEO_EMEA_LANG_FR?wid=105&amp;hei=117&amp;fmt=png-alpha&amp;.v=1484169525858\" alt=\"\" width=\"105\" height=\"117\" data-scale-params-2=\"wid=210&amp;hei=234&amp;fmt=png-alpha&amp;.v=1484169525858\" \/><\/p>\n<div class=\"as-techspecs-dimension\">\n<ul class=\"as-techspecs-dimensionlist\">\n<li>Hauteur\u00a0: 42,5\u00a0mm<\/li>\n<li>Largeur\u00a0: 36,4\u00a0mm<\/li>\n<li>\u00c9paisseur\u00a0: 11,4\u00a0mm<\/li>\n<li>Poids du bo\u00eetier (GPS) : 32,3\u00a0g<\/li>\n<li>Poids du bo\u00eetier (GPS\u00a0+\u00a0Cellular) : 34,9\u00a0g<\/li>\n<\/ul>\n<\/div>\n<\/div>\n<\/div>\n<\/div>\n<\/div>\n<div style=\"display:flex; gap:10px;justify-content:center\" class=\"wps-pgfw-pdf-generate-icon__wrapper-frontend\">\n\t\t<a  href=\"https:\/\/ikasougou.com\/akamservices\/wp-json\/wp\/v2\/product\/377?action=genpdf&amp;id=377\" class=\"pgfw-single-pdf-download-button\" ><img src=\"https:\/\/ikasougou.com\/akamservices\/wp-content\/plugins\/pdf-generator-for-wp\/admin\/src\/images\/PDF_Tray.svg\" title=\"G\u00e9n\u00e9rer un PDF\" style=\"width:auto; height:45px;\"><\/a>\n\t\t<\/div>","protected":false},"excerpt":{"rendered":"<p>Fonctionnalit\u00e9s Series\u00a03 (GPS) Bo\u00eetier aluminium argent GPS, GLONASS, Galileo et QZSS int\u00e9gr\u00e9s S3 avec processeur bic\u0153ur Puce sans fil Apple W2 Altim\u00e8tre barom\u00e9trique Capacit\u00e9 de 8\u00a0Go1 Capteur optique de fr\u00e9quence cardiaque Acc\u00e9l\u00e9rom\u00e8tre et gyroscope Verre renforc\u00e9 Ion\u2011X Dos en composite Wi\u2011Fi (802.11b\/g\/n 2,4\u00a0GHz) Bluetooth 4.2 Jusqu\u2019\u00e0 18\u00a0heures d\u2019autonomie2 \u00c9tanche jusqu\u2019\u00e0 50\u00a0m\u00e8tres3 watchOS 5 Fonctionnalit\u00e9s Series\u00a03 [&#8230;]\n","protected":false},"featured_media":378,"comment_status":"open","ping_status":"closed","template":"","meta":{"jetpack_post_was_ever_published":false,"jetpack_publicize_message":"","jetpack_publicize_feature_enabled":true,"jetpack_social_post_already_shared":true,"jetpack_social_options":{"image_generator_settings":{"template":"highway","default_image_id":0,"font":"","enabled":false},"version":2}},"product_brand":[],"product_cat":[21],"product_tag":[],"class_list":{"0":"post-377","1":"product","2":"type-product","3":"status-publish","4":"has-post-thumbnail","6":"product_cat-telephones-tablettes","8":"first","9":"instock","10":"shipping-taxable","11":"purchasable","12":"product-type-simple"},"ams_default_variation_id":0,"ams_product_points_reward":[],"ams_product_discount_percentage":0,"ams_price_to_display":275000,"aioseo_notices":[],"ams_acf":[],"jetpack_publicize_connections":[],"jetpack_sharing_enabled":true,"jetpack_likes_enabled":true,"_links":{"self":[{"href":"https:\/\/ikasougou.com\/akamservices\/wp-json\/wp\/v2\/product\/377","targetHints":{"allow":["GET"]}}],"collection":[{"href":"https:\/\/ikasougou.com\/akamservices\/wp-json\/wp\/v2\/product"}],"about":[{"href":"https:\/\/ikasougou.com\/akamservices\/wp-json\/wp\/v2\/types\/product"}],"replies":[{"embeddable":true,"href":"https:\/\/ikasougou.com\/akamservices\/wp-json\/wp\/v2\/comments?post=377"}],"wp:featuredmedia":[{"embeddable":true,"href":"https:\/\/ikasougou.com\/akamservices\/wp-json\/wp\/v2\/media\/378"}],"wp:attachment":[{"href":"https:\/\/ikasougou.com\/akamservices\/wp-json\/wp\/v2\/media?parent=377"}],"wp:term":[{"taxonomy":"product_brand","embeddable":true,"href":"https:\/\/ikasougou.com\/akamservices\/wp-json\/wp\/v2\/product_brand?post=377"},{"taxonomy":"product_cat","embeddable":true,"href":"https:\/\/ikasougou.com\/akamservices\/wp-json\/wp\/v2\/product_cat?post=377"},{"taxonomy":"product_tag","embeddable":true,"href":"https:\/\/ikasougou.com\/akamservices\/wp-json\/wp\/v2\/product_tag?post=377"}],"curies":[{"name":"wp","href":"https:\/\/api.w.org\/{rel}","templated":true}]}}