{"id":437,"date":"2019-01-10T00:44:04","date_gmt":"2019-01-09T23:44:04","guid":{"rendered":"https:\/\/ikasougou.com\/akamservices\/produit\/seagate-backup-plus-5-to-noir-usb-3-0-disque-dur-externe\/"},"modified":"2019-01-10T00:44:04","modified_gmt":"2019-01-09T23:44:04","slug":"seagate-backup-plus-5-to-noir-usb-3-0-disque-dur-externe","status":"publish","type":"product","link":"https:\/\/ikasougou.com\/akamservices\/produit\/seagate-backup-plus-5-to-noir-usb-3-0-disque-dur-externe\/","title":{"rendered":"Seagate Backup Plus 5 To Noir (USB 3.0) Disque dur externe"},"content":{"rendered":"<p id=\"product_reference\"><label>R\u00e9f\u00e9rence <\/label><span class=\"editable\">HDD\/5 To\/2.5&#8243;<\/span><\/p>\n<p id=\"product_condition\"><label>\u00c9tat <\/label><span class=\"editable\"> Nouveau <\/span><\/p>\n<div id=\"short_description_block\">\n<div id=\"short_description_content\" class=\"rte align_justify\">\n<ul>\n<li>\n<h3><strong>Capacit\u00e9:<\/strong> 5 To<\/h3>\n<\/li>\n<li>\n<h3><strong>Format:<\/strong> 2.5&#8243;<\/h3>\n<\/li>\n<li>\n<h3><strong>Interface(connectique):<\/strong>USB 3.0<\/h3>\n<\/li>\n<li>\n<h3><strong>Disque Dur<\/strong>: Externe<\/h3>\n<\/li>\n<li>\n<h3><strong>OS support\u00e9(s)<\/strong>: Mac OS X 10.9 ou sup\u00e9rieur, Microsoft Windows 10, Microsoft Windows 7, Microsoft Windows 8<\/h3>\n<\/li>\n<li>\n<h3><strong>\u00c9tat:<\/strong> Neuf<\/h3>\n<\/li>\n<li>\n<table class=\"table-data-sheet\">\n<tbody>\n<tr class=\"odd\">\n<td>MARQUE<\/td>\n<td>Seagate<\/td>\n<\/tr>\n<tr class=\"odd\">\n<td>TAILLE DE DISQUE DUR PRINCIPALE<\/td>\n<td>5 To<\/td>\n<\/tr>\n<tr class=\"even\">\n<td>POIDS EN KG<\/td>\n<td>246 g<\/td>\n<\/tr>\n<tr class=\"odd\">\n<td>CONNECTEURS<\/td>\n<td>USB 3.0<\/td>\n<\/tr>\n<tr class=\"even\">\n<td>DIMENSIONS (L x P x H)<\/td>\n<td>114,5 mm x 78 mm x 20,5 mm<\/td>\n<\/tr>\n<\/tbody>\n<\/table>\n<div class=\"rte\"><center><img loading=\"lazy\" decoding=\"async\" src=\"https:\/\/stationdetravail.ma\/img\/cms\/Untitled-1%20copy-Recovered%20copy.jpg\" alt=\"processus de reconditionnement\" width=\"741\" height=\"256\" \/><\/center>.<\/p>\n<h2>Qu\u2019est ce qu\u2019une station de travail remis \u00e0 neuf ?<\/h2>\n<p>Une station de travail remis \u00e0 neuf (ou reconditionn\u00e9) est dans <strong>un\u00a0\u00e9tat comme neuf<\/strong>. <strong>Il a \u00e9t\u00e9 test\u00e9, remis \u00e0 neuf (composants et syst\u00e8me) et r\u00e9-emball\u00e9 en atelier.<\/strong>\u00a0Il peut comporter quelques traces d\u2019utilisation. station de travail est livr\u00e9 avec l\u2019ensemble de ses accessoires dans un emballage neutre neuf ou dans son emballage d\u2019origine. Tous nos stations de travail remis \u00e0 neuf b\u00e9n\u00e9ficient d&#8217;une<strong>\u00a0garantie<\/strong>, 2\u00a0ans, 1 an ou 6 mois selon le mod\u00e8le.<\/p>\n<\/div>\n<\/li>\n<\/ul>\n<\/div>\n<\/div>\n<div style=\"display:flex; gap:10px;justify-content:center\" class=\"wps-pgfw-pdf-generate-icon__wrapper-frontend\">\n\t\t<a  href=\"https:\/\/ikasougou.com\/akamservices\/wp-json\/wp\/v2\/product\/437?action=genpdf&amp;id=437\" class=\"pgfw-single-pdf-download-button\" ><img src=\"https:\/\/ikasougou.com\/akamservices\/wp-content\/plugins\/pdf-generator-for-wp\/admin\/src\/images\/PDF_Tray.svg\" title=\"G\u00e9n\u00e9rer un PDF\" style=\"width:auto; height:45px;\"><\/a>\n\t\t<\/div>","protected":false},"excerpt":{"rendered":"<p>R\u00e9f\u00e9rence HDD\/5 To\/2.5&#8243; \u00c9tat Nouveau Capacit\u00e9: 5 To Format: 2.5&#8243; Interface(connectique):USB 3.0 Disque Dur: Externe OS support\u00e9(s): Mac OS X 10.9 ou sup\u00e9rieur, Microsoft Windows 10, Microsoft Windows 7, Microsoft Windows 8 \u00c9tat: Neuf MARQUE Seagate TAILLE DE DISQUE DUR PRINCIPALE 5 To POIDS EN KG 246 g CONNECTEURS USB 3.0 DIMENSIONS (L x P [&#8230;]\n","protected":false},"featured_media":438,"comment_status":"open","ping_status":"closed","template":"","meta":{"jetpack_post_was_ever_published":false,"jetpack_publicize_message":"","jetpack_publicize_feature_enabled":true,"jetpack_social_post_already_shared":true,"jetpack_social_options":{"image_generator_settings":{"template":"highway","default_image_id":0,"font":"","enabled":false},"version":2}},"product_brand":[],"product_cat":[28,20],"product_tag":[],"class_list":{"0":"post-437","1":"product","2":"type-product","3":"status-publish","4":"has-post-thumbnail","6":"product_cat-high-tech","7":"product_cat-ordinateur-bureautique","9":"first","10":"instock","11":"shipping-taxable","12":"purchasable","13":"product-type-simple"},"ams_default_variation_id":0,"ams_product_points_reward":[],"ams_product_discount_percentage":0,"ams_price_to_display":105000,"aioseo_notices":[],"ams_acf":[],"jetpack_publicize_connections":[],"jetpack_sharing_enabled":true,"jetpack_likes_enabled":true,"_links":{"self":[{"href":"https:\/\/ikasougou.com\/akamservices\/wp-json\/wp\/v2\/product\/437","targetHints":{"allow":["GET"]}}],"collection":[{"href":"https:\/\/ikasougou.com\/akamservices\/wp-json\/wp\/v2\/product"}],"about":[{"href":"https:\/\/ikasougou.com\/akamservices\/wp-json\/wp\/v2\/types\/product"}],"replies":[{"embeddable":true,"href":"https:\/\/ikasougou.com\/akamservices\/wp-json\/wp\/v2\/comments?post=437"}],"wp:featuredmedia":[{"embeddable":true,"href":"https:\/\/ikasougou.com\/akamservices\/wp-json\/wp\/v2\/media\/438"}],"wp:attachment":[{"href":"https:\/\/ikasougou.com\/akamservices\/wp-json\/wp\/v2\/media?parent=437"}],"wp:term":[{"taxonomy":"product_brand","embeddable":true,"href":"https:\/\/ikasougou.com\/akamservices\/wp-json\/wp\/v2\/product_brand?post=437"},{"taxonomy":"product_cat","embeddable":true,"href":"https:\/\/ikasougou.com\/akamservices\/wp-json\/wp\/v2\/product_cat?post=437"},{"taxonomy":"product_tag","embeddable":true,"href":"https:\/\/ikasougou.com\/akamservices\/wp-json\/wp\/v2\/product_tag?post=437"}],"curies":[{"name":"wp","href":"https:\/\/api.w.org\/{rel}","templated":true}]}}