{"id":439,"date":"2019-01-10T01:05:17","date_gmt":"2019-01-10T00:05:17","guid":{"rendered":"https:\/\/ikasougou.com\/akamservices\/?post_type=product&#038;p=439"},"modified":"2024-06-30T13:57:39","modified_gmt":"2024-06-30T11:57:39","slug":"disque-dur-externe-1-to-seagate-expansion","status":"publish","type":"product","link":"https:\/\/ikasougou.com\/akamservices\/produit\/disque-dur-externe-1-to-seagate-expansion\/","title":{"rendered":"Disque dur externe 1 To Seagate Expansion"},"content":{"rendered":"<p><span id=\"ctl00_cphMainContent_lbChapeau\" class=\"chapeau\">Le disque dur portable Seagate Expansion est une solution simple qui peut se r\u00e9v\u00e9ler tr\u00e8s utile lorsque vous devez rapidement augmenter la capacit\u00e9 de stockage de votre ordinateur ou transporter vos fichiers lors de vos d\u00e9placements.<\/span><\/p>\n<p>&nbsp;<\/p>\n<table id=\"product-attribute-specs-table\" class=\"technical-details\">\n<tbody>\n<tr>\n<th class=\"label\">Titre\u00a0:<\/th>\n<td class=\"data product-title\">\n<h2>Disque dur externe 1 To &#8211; Seagate Expansion<\/h2>\n<\/td>\n<\/tr>\n<tr>\n<th class=\"label\"><\/th>\n<td class=\"data\"><\/td>\n<\/tr>\n<tr>\n<th class=\"label\">Marque\u00a0:<\/th>\n<td class=\"data\">\n<h2>&#8220;<a title=\"Seagate\" href=\"https:\/\/www.cultura.com\/catalogsearch\/result\/index\/?brand_brand=1014966&amp;previous_name=Seagate\">Seagate<\/a>&#8220;<\/h2>\n<\/td>\n<\/tr>\n<tr>\n<th class=\"label\">Disque dur\u00a0:<\/th>\n<td class=\"data\">1 To<\/td>\n<\/tr>\n<tr>\n<th class=\"label\">Connectiques\u00a0:<\/th>\n<td class=\"data\">USB 3.0 \/ USB 2.0<\/td>\n<\/tr>\n<tr>\n<th class=\"label\">Pr\u00e9-ampli phono int\u00e9gr\u00e9\u00a0:<\/th>\n<td class=\"data\">Non<\/td>\n<\/tr>\n<tr>\n<th class=\"label\">Dimensions\u00a0:<\/th>\n<td class=\"data\">10.30&#215;3.10&#215;14.00<\/p>\n<p>&nbsp;<\/td>\n<\/tr>\n<\/tbody>\n<\/table>\n<div id=\"productfiche\" tabindex=\"0\">\n<div class=\"wrapper rounded clearfix\">\n<div class=\"descwrapper\">\n<div class=\"descriptif clearfix\">\n<div>\n<h2>Stockage d&#8217;appoint simple d&#8217;utilisation qui vous accompagne dans tous vos d\u00e9placements<\/h2>\n<\/div>\n<p><span class=\"description\"><br \/>\nLe <strong>disque dur portable Seagate Expansion<\/strong> est une solution simple qui peut se r\u00e9v\u00e9ler tr\u00e8s utile lorsque vous devez rapidement augmenter la capacit\u00e9 de stockage de votre ordinateur ou transporter vos fichiers lors de vos d\u00e9placements.<\/p>\n<p><\/span><\/p>\n<div><\/div>\n<div>\n<table border=\"0\" width=\"100%\" cellspacing=\"1\" cellpadding=\"1\">\n<tbody>\n<tr>\n<td>\n<h2>Stockage simple d&#8217;utilisation<\/h2>\n<div>L&#8217;installation du disque dur portable Expansion s&#8217;effectue en un tour de main : <strong>un seul c\u00e2ble USB suffit<\/strong>. Vous pouvez commencer \u00e0 sauvegarder vos fichiers num\u00e9riques sur ce disque dur externe dans les secondes qui suivent son d\u00e9ballage.<\/div>\n<ul>\n<li>Sauvegarde instantan\u00e9e par glisser-d\u00e9poser<\/li>\n<li>Alimentation par USB<\/li>\n<li>Transfert rapide des donn\u00e9es via une connexion USB 3.0<\/li>\n<\/ul>\n<\/td>\n<td width=\"450\"><img loading=\"lazy\" decoding=\"async\" src=\"https:\/\/media.ldlc.com\/bo\/images\/fiches\/disque_dur_externe\/seagate\/slim\/10.jpg\" alt=\"\" width=\"400\" height=\"260\" \/><\/td>\n<\/tr>\n<\/tbody>\n<\/table>\n<div><\/div>\n<table border=\"0\" width=\"100%\" cellspacing=\"1\" cellpadding=\"1\">\n<tbody>\n<tr>\n<td width=\"450\"><img loading=\"lazy\" decoding=\"async\" src=\"https:\/\/media.ldlc.com\/bo\/images\/fiches\/disque_dur_externe\/seagate\/slim\/20.jpg\" alt=\"\" width=\"400\" height=\"260\" \/><\/td>\n<td>\n<h2>Gagnez instantan\u00e9ment une capacit\u00e9 de stockage suppl\u00e9mentaire<\/h2>\n<div>Vos images, ainsi que vos fichiers audio et vid\u00e9o peuvent occuper un volume assez important de l&#8217;espace de stockage de votre ordinateur et avoir une influence plus ou moins marqu\u00e9e sur ses performances au fur et \u00e0 mesure que le disque dur interne se remplit. Le <strong>disque dur portable Expansion<\/strong> est disponible en plusieurs capacit\u00e9s. \u00c0 titre d&#8217;illustration, le mod\u00e8le 1 To vous permet de stocker :<\/div>\n<ul>\n<li>Jusqu&#8217;\u00e0 1 000 heures de vid\u00e9o num\u00e9rique.<\/li>\n<li>Jusqu&#8217;\u00e0 250 films de 2 heures en format DVD<\/li>\n<li>Jusqu&#8217;\u00e0 320 000 photos num\u00e9riques.<\/li>\n<li>Jusqu&#8217;\u00e0 16 660 heures de musique.<\/li>\n<\/ul>\n<\/td>\n<\/tr>\n<\/tbody>\n<\/table>\n<div><\/div>\n<table border=\"0\" width=\"100%\" cellspacing=\"1\" cellpadding=\"1\">\n<tbody>\n<tr>\n<td>\n<h2>Installation ultrarapide<\/h2>\n<div>Gr\u00e2ce aux fonctionnalit\u00e9s suivantes, il devient incroyablement facile d&#8217;utiliser le <strong>disque dur portable Seagate Expansion<\/strong> d\u00e8s sa sortie de l&#8217;emballage.<\/div>\n<ul>\n<li>Branchez simplement le c\u00e2ble USB fourni : votre disque est aliment\u00e9 par l&#8217;ordinateur, aucun c\u00e2ble d&#8217;alimentation externe n&#8217;est requis.<\/li>\n<li>Le disque dur est automatiquement reconnu par le syst\u00e8me d&#8217;exploitation Windows : aucun logiciel \u00e0 installer, ni aucun param\u00e8tre \u00e0 configurer.<\/li>\n<li>Utilisez le glisser-d\u00e9poser pour copier vos fichiers sur le disque portable Expansion.<\/li>\n<li>La gestion de la consommation int\u00e9gr\u00e9e assure l&#8217;efficacit\u00e9 \u00e9nerg\u00e9tique du disque<\/li>\n<\/ul>\n<\/td>\n<td width=\"450\"><img loading=\"lazy\" decoding=\"async\" src=\"https:\/\/media.ldlc.com\/bo\/images\/fiches\/disque_dur_externe\/seagate\/slim\/30.jpg\" alt=\"\" width=\"400\" height=\"260\" \/><\/td>\n<\/tr>\n<\/tbody>\n<\/table>\n<div><\/div>\n<\/div>\n<\/div>\n<\/div>\n<div class=\"package shadow_t2 clearfix rounded_b\"><span class=\"ldlcblue bold\">Contenu du packaging : <\/span><\/p>\n<div class=\"packagecolumn\">\n<ul>\n<li>Disque dur portable Seagate Expansion<\/li>\n<\/ul>\n<\/div>\n<div class=\"packagecolumn\">\n<ul>\n<li>C\u00e2ble USB 3.0<\/li>\n<\/ul>\n<\/div>\n<div class=\"packagecolumn\">\n<ul>\n<li>Guide de d\u00e9marrage rapide<\/li>\n<\/ul>\n<\/div>\n<\/div>\n<\/div>\n<\/div>\n<div id=\"fichetech\" tabindex=\"0\">\n<div class=\"wrapper rounded parametres clearfix\">\n<h2 class=\"titre-block\">Fiche technique<\/h2>\n<ul id=\"Fiche\" class=\"productanchors\">\n<li><a>Descriptif<\/a><\/li>\n<li class=\"on\"><a>Fiche technique<\/a><\/li>\n<li><a>Avis<\/a><\/li>\n<li class=\"top\"><a>Haut de page<\/a><\/li>\n<\/ul>\n<div class=\"select_critere\">\n<div class=\"texte_critere\">S\u00e9lectionnez vos crit\u00e8res<\/div>\n<div class=\"fleche_critere\"><img decoding=\"async\" src=\"https:\/\/www.ldlc.com\/v3\/img\/fiche-produit\/fleche-criteres.gif\" \/><\/div>\n<\/div>\n<table id=\"productParametersList\">\n<tbody>\n<tr class=\"allparams\">\n<td class=\"productParameterGroupsFirst\">\n<div>\n<h3>Informations g\u00e9n\u00e9rales<\/h3>\n<\/div>\n<\/td>\n<td class=\"productParameterGroups2\"><\/td>\n<\/tr>\n<tr class=\"allparams odd\">\n<td class=\"productParameter first\">\n<div>D\u00e9signation<\/div>\n<\/td>\n<td class=\"productParameterValues rowOdd\">\n<div>Seagate Portable Expansion 1 To<\/div>\n<\/td>\n<\/tr>\n<tr class=\"allparams even\">\n<td class=\"productParameter first\">\n<div><input name=\"ctl00$cphMainContent$ucProductParameterGroupControl$rptParameterGroupList$ctl00$ucProductParameterControl$rptParameterList$ctl01$cbParam\" type=\"checkbox\" \/>Marque<\/div>\n<\/td>\n<td class=\"productParameterValues rowEven\">\n<div><a class=\"param0\" href=\"https:\/\/www.ldlc.com\/seagate-technology\/bint000001027\/\">Seagate Technology<\/a><\/div>\n<\/td>\n<\/tr>\n<tr class=\"allparams odd\">\n<td class=\"productParameter first\">\n<div>Mod\u00e8le<\/div>\n<\/td>\n<td class=\"productParameterValues rowOdd\">\n<div>STEA1000400<\/div>\n<\/td>\n<\/tr>\n<tr class=\"allparams\">\n<td class=\"productParameterGroups\">\n<div>\n<h3>Principales caract\u00e9ristiques<\/h3>\n<\/div>\n<\/td>\n<td class=\"productParameterGroups2\"><\/td>\n<\/tr>\n<tr class=\"allparams odd\">\n<td class=\"productParameter first\">\n<div><input name=\"ctl00$cphMainContent$ucProductParameterGroupControl$rptParameterGroupList$ctl01$ucProductParameterControl$rptParameterList$ctl00$cbParam\" type=\"checkbox\" \/>Capacit\u00e9<\/div>\n<\/td>\n<td class=\"productParameterValues rowOdd\">\n<div><a class=\"param1192\" href=\"https:\/\/www.ldlc.com\/informatique\/peripherique-pc\/disque-dur-externe\/c4652\/+fi1192-l1000h1000.html\">1 To<\/a><\/div>\n<\/td>\n<\/tr>\n<tr class=\"allparams even\">\n<td class=\"productParameter first\">\n<div><input name=\"ctl00$cphMainContent$ucProductParameterGroupControl$rptParameterGroupList$ctl01$ucProductParameterControl$rptParameterList$ctl01$cbParam\" type=\"checkbox\" \/>Format de disque externe<\/div>\n<\/td>\n<td class=\"productParameterValues rowEven\">\n<div><a class=\"param1051\" href=\"https:\/\/www.ldlc.com\/informatique\/peripherique-pc\/disque-dur-externe\/c4652\/+fv1051-6037.html\">Portable<\/a><\/div>\n<\/td>\n<\/tr>\n<tr class=\"allparams odd\">\n<td class=\"productParameter first\">\n<div><input name=\"ctl00$cphMainContent$ucProductParameterGroupControl$rptParameterGroupList$ctl01$ucProductParameterControl$rptParameterList$ctl02$cbParam\" type=\"checkbox\" \/>Interface avec l&#8217;ordinateur<\/div>\n<\/td>\n<td class=\"productParameterValues rowOdd\">\n<div><a class=\"param32\" href=\"https:\/\/www.ldlc.com\/informatique\/peripherique-pc\/disque-dur-externe\/c4652\/+fv32-6027.html\">USB 3.0<\/a><\/div>\n<\/td>\n<\/tr>\n<tr class=\"allparams even\">\n<td class=\"productParameter first\">\n<div><input name=\"ctl00$cphMainContent$ucProductParameterGroupControl$rptParameterGroupList$ctl01$ucProductParameterControl$rptParameterList$ctl03$cbParam\" type=\"checkbox\" \/>Format de Disque<\/div>\n<\/td>\n<td class=\"productParameterValues rowEven\">\n<div><a class=\"param63\" href=\"https:\/\/www.ldlc.com\/informatique\/peripherique-pc\/disque-dur-externe\/c4652\/+fv63-1345.html\">2&#8243; 1\/2<\/a><\/div>\n<\/td>\n<\/tr>\n<tr class=\"allparams odd\">\n<td class=\"productParameter first\">\n<div><input name=\"ctl00$cphMainContent$ucProductParameterGroupControl$rptParameterGroupList$ctl01$ucProductParameterControl$rptParameterList$ctl04$cbParam\" type=\"checkbox\" \/>OS support\u00e9(s)<\/div>\n<\/td>\n<td class=\"productParameterValues rowOdd\">\n<div><a class=\"param25\" href=\"https:\/\/www.ldlc.com\/informatique\/peripherique-pc\/disque-dur-externe\/c4652\/+fv25-8119.html\">Microsoft Windows 7<\/a>, <a class=\"param25\" href=\"https:\/\/www.ldlc.com\/informatique\/peripherique-pc\/disque-dur-externe\/c4652\/+fv25-8128.html\">Microsoft Windows 8<\/a><\/div>\n<\/td>\n<\/tr>\n<tr class=\"allparams\">\n<td class=\"productParameterGroups\">\n<div>\n<h3>Sp\u00e9cifications Disque<\/h3>\n<\/div>\n<\/td>\n<td class=\"productParameterGroups2\"><\/td>\n<\/tr>\n<tr class=\"allparams odd\">\n<td class=\"productParameter first\">\n<div><input name=\"ctl00$cphMainContent$ucProductParameterGroupControl$rptParameterGroupList$ctl02$ucProductParameterControl$rptParameterList$ctl00$cbParam\" type=\"checkbox\" \/>Type de Disque<\/div>\n<\/td>\n<td class=\"productParameterValues rowOdd\">\n<div><a class=\"param892\" href=\"https:\/\/www.ldlc.com\/informatique\/peripherique-pc\/disque-dur-externe\/c4652\/+fv892-5091.html\">HDD (Hard Disk Drive)<\/a><\/div>\n<\/td>\n<\/tr>\n<tr class=\"allparams even\">\n<td class=\"productParameter first\">\n<div><input name=\"ctl00$cphMainContent$ucProductParameterGroupControl$rptParameterGroupList$ctl02$ucProductParameterControl$rptParameterList$ctl01$cbParam\" type=\"checkbox\" \/>RAID support\u00e9<\/div>\n<\/td>\n<td class=\"productParameterValues rowEven\">\n<div><a class=\"param739\" href=\"https:\/\/www.ldlc.com\/informatique\/peripherique-pc\/disque-dur-externe\/c4652\/+fc739-0.html\">Non<\/a><\/div>\n<\/td>\n<\/tr>\n<tr class=\"allparams\">\n<td class=\"productParameterGroups\">\n<div>\n<h3>Fonctions sp\u00e9ciales<\/h3>\n<\/div>\n<\/td>\n<td class=\"productParameterGroups2\"><\/td>\n<\/tr>\n<tr class=\"allparams odd\">\n<td class=\"productParameter first\">\n<div><input name=\"ctl00$cphMainContent$ucProductParameterGroupControl$rptParameterGroupList$ctl03$ucProductParameterControl$rptParameterList$ctl00$cbParam\" type=\"checkbox\" \/>R\u00e9sistant aux chocs<\/div>\n<\/td>\n<td class=\"productParameterValues rowOdd\">\n<div><a class=\"param1214\" href=\"https:\/\/www.ldlc.com\/informatique\/peripherique-pc\/disque-dur-externe\/c4652\/+fc1214-0.html\">Non<\/a><\/div>\n<\/td>\n<\/tr>\n<tr class=\"allparams even\">\n<td class=\"productParameter first\">\n<div><input name=\"ctl00$cphMainContent$ucProductParameterGroupControl$rptParameterGroupList$ctl03$ucProductParameterControl$rptParameterList$ctl01$cbParam\" type=\"checkbox\" \/>Stockage en ligne<\/div>\n<\/td>\n<td class=\"productParameterValues rowEven\">\n<div><a class=\"param1215\" href=\"https:\/\/www.ldlc.com\/informatique\/peripherique-pc\/disque-dur-externe\/c4652\/+fc1215-0.html\">Non<\/a><\/div>\n<\/td>\n<\/tr>\n<tr class=\"allparams odd\">\n<td class=\"productParameter first\">\n<div><input name=\"ctl00$cphMainContent$ucProductParameterGroupControl$rptParameterGroupList$ctl03$ucProductParameterControl$rptParameterList$ctl02$cbParam\" type=\"checkbox\" \/>Cryptage des donn\u00e9es<\/div>\n<\/td>\n<td class=\"productParameterValues rowOdd\">\n<div><a class=\"param1216\" href=\"https:\/\/www.ldlc.com\/informatique\/peripherique-pc\/disque-dur-externe\/c4652\/+fc1216-0.html\">Non<\/a><\/div>\n<\/td>\n<\/tr>\n<tr class=\"allparams\">\n<td class=\"productParameterGroups\">\n<div>\n<h3>Caract\u00e9ristiques physiques<\/h3>\n<\/div>\n<\/td>\n<td class=\"productParameterGroups2\"><\/td>\n<\/tr>\n<tr class=\"allparams odd\">\n<td class=\"productParameter first\">\n<div><input name=\"ctl00$cphMainContent$ucProductParameterGroupControl$rptParameterGroupList$ctl04$ucProductParameterControl$rptParameterList$ctl00$cbParam\" type=\"checkbox\" \/>Couleur<\/div>\n<\/td>\n<td class=\"productParameterValues rowOdd\">\n<div><a class=\"param70\" href=\"https:\/\/www.ldlc.com\/informatique\/peripherique-pc\/disque-dur-externe\/c4652\/+fv70-41.html\">Noir<\/a><\/div>\n<\/td>\n<\/tr>\n<tr class=\"allparams even\">\n<td class=\"productParameter first\">\n<div><input name=\"ctl00$cphMainContent$ucProductParameterGroupControl$rptParameterGroupList$ctl04$ucProductParameterControl$rptParameterList$ctl01$cbParam\" type=\"checkbox\" \/>Lumineux<\/div>\n<\/td>\n<td class=\"productParameterValues rowEven\">\n<div><a class=\"param473\" href=\"https:\/\/www.ldlc.com\/informatique\/peripherique-pc\/disque-dur-externe\/c4652\/+fc473-0.html\">Non<\/a><\/div>\n<\/td>\n<\/tr>\n<tr class=\"allparams odd\">\n<td class=\"productParameter first\">\n<div><input name=\"ctl00$cphMainContent$ucProductParameterGroupControl$rptParameterGroupList$ctl04$ucProductParameterControl$rptParameterList$ctl02$cbParam\" type=\"checkbox\" \/>Largeur<\/div>\n<\/td>\n<td class=\"productParameterValues rowOdd\">\n<div><a class=\"param263\" href=\"https:\/\/www.ldlc.com\/informatique\/peripherique-pc\/disque-dur-externe\/c4652\/+fi263-l80h80.html\">80 mm<\/a><\/div>\n<\/td>\n<\/tr>\n<tr class=\"allparams even\">\n<td class=\"productParameter first\">\n<div><input name=\"ctl00$cphMainContent$ucProductParameterGroupControl$rptParameterGroupList$ctl04$ucProductParameterControl$rptParameterList$ctl03$cbParam\" type=\"checkbox\" \/>Epaisseur<\/div>\n<\/td>\n<td class=\"productParameterValues rowEven\">\n<div><a class=\"param382\" href=\"https:\/\/www.ldlc.com\/informatique\/peripherique-pc\/disque-dur-externe\/c4652\/+fi382-l14h15.html\">14,8 mm<\/a><\/div>\n<\/td>\n<\/tr>\n<tr class=\"allparams odd\">\n<td class=\"productParameter first\">\n<div><input name=\"ctl00$cphMainContent$ucProductParameterGroupControl$rptParameterGroupList$ctl04$ucProductParameterControl$rptParameterList$ctl04$cbParam\" type=\"checkbox\" \/>Profondeur<\/div>\n<\/td>\n<td class=\"productParameterValues rowOdd\">\n<div><a class=\"param264\" href=\"https:\/\/www.ldlc.com\/informatique\/peripherique-pc\/disque-dur-externe\/c4652\/+fi264-l117h117.html\">117 mm<\/a><\/div>\n<\/td>\n<\/tr>\n<tr class=\"allparams even\">\n<td class=\"productParameter first\">\n<div><input name=\"ctl00$cphMainContent$ucProductParameterGroupControl$rptParameterGroupList$ctl04$ucProductParameterControl$rptParameterList$ctl05$cbParam\" type=\"checkbox\" \/>Poids<\/div>\n<\/td>\n<td class=\"productParameterValues rowEven\">\n<div><a class=\"param13\" href=\"https:\/\/www.ldlc.com\/informatique\/peripherique-pc\/disque-dur-externe\/c4652\/+fi13-l170h170.html\">170 g<\/a><\/div>\n<\/td>\n<\/tr>\n<tr class=\"allparams\">\n<td class=\"productParameterGroups\">\n<div>\n<h3>Garanties<\/h3>\n<\/div>\n<\/td>\n<td class=\"productParameterGroups2\"><\/td>\n<\/tr>\n<tr class=\"allparams odd\">\n<td class=\"productParameter first\">\n<div>Garantie commerciale<\/div>\n<\/td>\n<td class=\"productParameterValues rowOdd\">\n<div>2 ans vendeur<\/div>\n<\/td>\n<\/tr>\n<tr class=\"allparams even\">\n<td class=\"productParameter first\">\n<div>Garantie l\u00e9gale<\/div>\n<\/td>\n<td class=\"productParameterValues rowEven\">\n<div><a href=\"https:\/\/www.ldlc.com\/faq\/n4209\/garanties-legales\/\" target=\"_blank\" rel=\"noopener\">Voir les modalit\u00e9s<\/a><\/div>\n<\/td>\n<\/tr>\n<tr class=\"allparams\">\n<td class=\"productParameterGroups\">\n<div>\n<h3>Informations L\u00e9gales<\/h3>\n<\/div>\n<\/td>\n<td class=\"productParameterGroups2\"><\/td>\n<\/tr>\n<tr class=\"allparams odd\">\n<td class=\"productParameter first\">\n<div>Copie priv\u00e9e<\/div>\n<\/td>\n<td class=\"productParameterValues rowOdd\">\n<div><a href=\"https:\/\/www.ldlc.com\/faq\/n4754\/la-remuneration-pour-copie-privee\/\" target=\"_blank\" rel=\"noopener\">Voir les modalit\u00e9s<\/a><\/div>\n<\/td>\n<\/tr>\n<\/tbody>\n<\/table>\n<\/div>\n<\/div>\n<div style=\"display:flex; gap:10px;justify-content:center\" class=\"wps-pgfw-pdf-generate-icon__wrapper-frontend\">\n\t\t<a  href=\"https:\/\/ikasougou.com\/akamservices\/wp-json\/wp\/v2\/product\/439?action=genpdf&amp;id=439\" class=\"pgfw-single-pdf-download-button\" ><img src=\"https:\/\/ikasougou.com\/akamservices\/wp-content\/plugins\/pdf-generator-for-wp\/admin\/src\/images\/PDF_Tray.svg\" title=\"G\u00e9n\u00e9rer un PDF\" style=\"width:auto; height:45px;\"><\/a>\n\t\t<\/div>","protected":false},"excerpt":{"rendered":"<p>Le disque dur portable Seagate Expansion est une solution simple qui peut se r\u00e9v\u00e9ler tr\u00e8s utile lorsque vous devez rapidement augmenter la capacit\u00e9 de stockage de votre ordinateur ou transporter vos fichiers lors de vos d\u00e9placements. &nbsp; Titre\u00a0: Disque dur externe 1 To &#8211; Seagate Expansion Marque\u00a0: &#8220;Seagate&#8220; Disque dur\u00a0: 1 To Connectiques\u00a0: USB 3.0 [&#8230;]\n","protected":false},"featured_media":440,"comment_status":"open","ping_status":"closed","template":"","meta":{"jetpack_post_was_ever_published":false,"jetpack_publicize_message":"","jetpack_publicize_feature_enabled":true,"jetpack_social_post_already_shared":true,"jetpack_social_options":{"image_generator_settings":{"template":"highway","default_image_id":0,"font":"","enabled":false},"version":2}},"product_brand":[],"product_cat":[18,19],"product_tag":[],"class_list":{"0":"post-439","1":"product","2":"type-product","3":"status-publish","4":"has-post-thumbnail","6":"product_cat-hightech","7":"product_cat-multimedia-audio-videos","9":"first","10":"instock","11":"shipping-taxable","12":"purchasable","13":"product-type-simple"},"ams_default_variation_id":0,"ams_product_points_reward":[],"ams_product_discount_percentage":0,"ams_price_to_display":55000,"aioseo_notices":[],"ams_acf":[],"jetpack_publicize_connections":[],"jetpack_sharing_enabled":true,"jetpack_likes_enabled":true,"_links":{"self":[{"href":"https:\/\/ikasougou.com\/akamservices\/wp-json\/wp\/v2\/product\/439","targetHints":{"allow":["GET"]}}],"collection":[{"href":"https:\/\/ikasougou.com\/akamservices\/wp-json\/wp\/v2\/product"}],"about":[{"href":"https:\/\/ikasougou.com\/akamservices\/wp-json\/wp\/v2\/types\/product"}],"replies":[{"embeddable":true,"href":"https:\/\/ikasougou.com\/akamservices\/wp-json\/wp\/v2\/comments?post=439"}],"wp:featuredmedia":[{"embeddable":true,"href":"https:\/\/ikasougou.com\/akamservices\/wp-json\/wp\/v2\/media\/440"}],"wp:attachment":[{"href":"https:\/\/ikasougou.com\/akamservices\/wp-json\/wp\/v2\/media?parent=439"}],"wp:term":[{"taxonomy":"product_brand","embeddable":true,"href":"https:\/\/ikasougou.com\/akamservices\/wp-json\/wp\/v2\/product_brand?post=439"},{"taxonomy":"product_cat","embeddable":true,"href":"https:\/\/ikasougou.com\/akamservices\/wp-json\/wp\/v2\/product_cat?post=439"},{"taxonomy":"product_tag","embeddable":true,"href":"https:\/\/ikasougou.com\/akamservices\/wp-json\/wp\/v2\/product_tag?post=439"}],"curies":[{"name":"wp","href":"https:\/\/api.w.org\/{rel}","templated":true}]}}