{"id":461,"date":"2019-01-11T12:45:59","date_gmt":"2019-01-11T11:45:59","guid":{"rendered":"https:\/\/ikasougou.com\/akamservices\/?post_type=product&#038;p=461"},"modified":"2019-01-11T12:46:01","modified_gmt":"2019-01-11T11:46:01","slug":"ensemble-bracelet-noir-et-etui-protection-pour-apple-watch","status":"publish","type":"product","link":"https:\/\/ikasougou.com\/akamservices\/produit\/ensemble-bracelet-noir-et-etui-protection-pour-apple-watch\/","title":{"rendered":"Ensemble Bracelet  Noir et \u00c9tui Protection pour Apple Watch"},"content":{"rendered":"<h3 id=\"idTab1\" class=\"rte\">Bracelet\u00a0 Noir\u00a0 avec adapteurs pour Apple Watch<\/p>\n<p>Personnalisez votre Apple Watch ou Apple Watch Sport avec ce bracelet\u00a0 v\u00e9ritable de premi\u00e8re qualit\u00e9 .<\/p>\n<p>Ce bracelet s\u2019installe et se retire facilement gr\u00e2ce a l\u2019adaptateur de qualit\u00e9 original. Il donnera \u00e0 votre iPhone un Apple Watch un look styl\u00e9 tout en conservant son design \u00e9pur\u00e9.<\/p>\n<p>Con\u00e7u pour Apple iWatch\u00a0 ( Apple Watch, Apple Watch Sport et Apple Watch \u00e9dition ).<\/p>\n<p>Mat\u00e9riau souple\u00a0 avec finition \u00e9l\u00e9gante; design \u00e0 la mode, simple, durable et \u00e9l\u00e9gant.<\/p>\n<p>Connecteur inclus; il est con\u00e7u pour mettre en place ou changer facilement le bracelet de votre Apple Watch<\/h3>\n<div style=\"display:flex; gap:10px;justify-content:center\" class=\"wps-pgfw-pdf-generate-icon__wrapper-frontend\">\n\t\t<a  href=\"https:\/\/ikasougou.com\/akamservices\/wp-json\/wp\/v2\/product\/461?action=genpdf&amp;id=461\" class=\"pgfw-single-pdf-download-button\" ><img src=\"https:\/\/ikasougou.com\/akamservices\/wp-content\/plugins\/pdf-generator-for-wp\/admin\/src\/images\/PDF_Tray.svg\" title=\"G\u00e9n\u00e9rer un PDF\" style=\"width:auto; height:45px;\"><\/a>\n\t\t<\/div>","protected":false},"excerpt":{"rendered":"<p>Bracelet\u00a0 Noir\u00a0 avec adapteurs pour Apple Watch Personnalisez votre Apple Watch ou Apple Watch Sport avec ce bracelet\u00a0 v\u00e9ritable de premi\u00e8re qualit\u00e9 . Ce bracelet s\u2019installe et se retire facilement gr\u00e2ce a l\u2019adaptateur de qualit\u00e9 original. Il donnera \u00e0 votre iPhone un Apple Watch un look styl\u00e9 tout en conservant son design \u00e9pur\u00e9. Con\u00e7u pour [&#8230;]\n","protected":false},"featured_media":449,"comment_status":"open","ping_status":"closed","template":"","meta":{"jetpack_post_was_ever_published":false,"jetpack_publicize_message":"","jetpack_publicize_feature_enabled":true,"jetpack_social_post_already_shared":false,"jetpack_social_options":{"image_generator_settings":{"template":"highway","default_image_id":0,"font":"","enabled":false},"version":2}},"product_brand":[],"product_cat":[28],"product_tag":[],"class_list":{"0":"post-461","1":"product","2":"type-product","3":"status-publish","4":"has-post-thumbnail","6":"product_cat-high-tech","8":"first","9":"instock","10":"shipping-taxable","11":"purchasable","12":"product-type-simple"},"ams_default_variation_id":0,"ams_product_points_reward":[],"ams_product_discount_percentage":0,"ams_price_to_display":10000,"aioseo_notices":[],"ams_acf":[],"jetpack_publicize_connections":[],"jetpack_sharing_enabled":true,"jetpack_likes_enabled":true,"_links":{"self":[{"href":"https:\/\/ikasougou.com\/akamservices\/wp-json\/wp\/v2\/product\/461","targetHints":{"allow":["GET"]}}],"collection":[{"href":"https:\/\/ikasougou.com\/akamservices\/wp-json\/wp\/v2\/product"}],"about":[{"href":"https:\/\/ikasougou.com\/akamservices\/wp-json\/wp\/v2\/types\/product"}],"replies":[{"embeddable":true,"href":"https:\/\/ikasougou.com\/akamservices\/wp-json\/wp\/v2\/comments?post=461"}],"wp:featuredmedia":[{"embeddable":true,"href":"https:\/\/ikasougou.com\/akamservices\/wp-json\/wp\/v2\/media\/449"}],"wp:attachment":[{"href":"https:\/\/ikasougou.com\/akamservices\/wp-json\/wp\/v2\/media?parent=461"}],"wp:term":[{"taxonomy":"product_brand","embeddable":true,"href":"https:\/\/ikasougou.com\/akamservices\/wp-json\/wp\/v2\/product_brand?post=461"},{"taxonomy":"product_cat","embeddable":true,"href":"https:\/\/ikasougou.com\/akamservices\/wp-json\/wp\/v2\/product_cat?post=461"},{"taxonomy":"product_tag","embeddable":true,"href":"https:\/\/ikasougou.com\/akamservices\/wp-json\/wp\/v2\/product_tag?post=461"}],"curies":[{"name":"wp","href":"https:\/\/api.w.org\/{rel}","templated":true}]}}