{"id":466,"date":"2019-01-11T13:15:30","date_gmt":"2019-01-11T12:15:30","guid":{"rendered":"https:\/\/ikasougou.com\/akamservices\/?post_type=product&#038;p=466"},"modified":"2019-01-11T13:15:33","modified_gmt":"2019-01-11T12:15:33","slug":"chargeur-support-mp3-sd-carte-bluetooth-mains-libres-appel-fm-radio-connexion-emetteur-5-v-2a-sortie","status":"publish","type":"product","link":"https:\/\/ikasougou.com\/akamservices\/produit\/chargeur-support-mp3-sd-carte-bluetooth-mains-libres-appel-fm-radio-connexion-emetteur-5-v-2a-sortie\/","title":{"rendered":"Chargeur Support MP3 SD Carte Bluetooth Mains Libres Appel FM Radio Connexion \u00c9metteur 5 V 2A Sortie"},"content":{"rendered":"<p data-spm-anchor-id=\"a2g0w.10010108.1000023.i0.6f9419d5RSDCR5\"><strong>comt\u00e9 Utilisation De la Voiture de T\u00e9l\u00e9phone portable USB Chargeur Support MP3 SD Carte Bluetooth Mains Libres Appel FM Radio Connexion \u00c9metteur 5 V 2A Sortie<\/strong><\/p>\n<p><strong>caract\u00e9ristiques<\/strong><\/p>\n<ul>\n<li>ce est une haute qualit\u00e9 utilisation de la voiture chargeur \u00c0 L&#8217;appui bluetooth mains appel gratuit.<\/li>\n<li>soutien Fonction Lecteur MP3 pour MP3\/WMA musique<\/li>\n<li>soutien SD carte avec fente pour carte SD, peut jouer de la musique dans la carte SD ou USB Disque.<\/li>\n<li>facile \u00e0 connecter \u00e0 votre voiture haut-parleurs par FA Radio<\/li>\n<li>mat\u00e9riaux de haute qualit\u00e9 et de fabrication raffin\u00e9e.<\/li>\n<li>belle et D\u00e9licate<\/li>\n<li>soutien 5 V 2A (Max) sur vente, tr\u00e8s rapide de charge avec intellegent protection.<\/li>\n<\/ul>\n<p><img decoding=\"async\" src=\"http:\/\/ae01.alicdn.com\/kf\/HTB1WjpgSFXXXXaRXpXXq6xXFXXXl.jpg?size=129962&amp;height=800&amp;width=800&amp;hash=76db02709f000f63a1c06367e2949a1f\" alt=\"D2\" \/><img decoding=\"async\" src=\"http:\/\/ae01.alicdn.com\/kf\/HTB1If70SpXXXXXFXVXXq6xXFXXXg.jpg?size=99888&amp;height=571&amp;width=800&amp;hash=70db1b1701e16bf470eb03b4c418e8ec\" alt=\"D3\" \/><img decoding=\"async\" src=\"http:\/\/ae01.alicdn.com\/kf\/HTB1.DwPSpXXXXX9aXXXq6xXFXXXW.jpg?size=128478&amp;height=1049&amp;width=800&amp;hash=5417cd80bc44baaae245addc0d470fe9\" alt=\"D4\" \/><img decoding=\"async\" src=\"http:\/\/ae01.alicdn.com\/kf\/HTB1Ng.PSpXXXXafaXXXq6xXFXXXy.jpg?size=132588&amp;height=789&amp;width=800&amp;hash=59fd4361c1d0bae475e7c13db4a3159f\" alt=\"D5\" \/><img decoding=\"async\" src=\"http:\/\/ae01.alicdn.com\/kf\/HTB1uwIKSpXXXXc3aXXXq6xXFXXXP.jpg?size=129580&amp;height=800&amp;width=800&amp;hash=ad24468bfaa1c316b6231fe3f74aae64\" alt=\"D6\" \/><img decoding=\"async\" src=\"http:\/\/ae01.alicdn.com\/kf\/HTB1OVleSFXXXXb.XpXXq6xXFXXXk.jpg?size=130832&amp;height=1036&amp;width=800&amp;hash=681168cd5c688f6bcea6854100f336c7\" alt=\"D7\" \/><img decoding=\"async\" src=\"http:\/\/ae01.alicdn.com\/kf\/HTB1ftJeSFXXXXbAXpXXq6xXFXXXZ.jpg?size=39039&amp;height=169&amp;width=800&amp;hash=91be02cedeba0eb60f0b2c074f809a55\" alt=\"D8\" \/><img decoding=\"async\" src=\"http:\/\/ae01.alicdn.com\/kf\/HTB1zgg3SpXXXXXyXVXXq6xXFXXXr.jpg?size=115478&amp;height=506&amp;width=800&amp;hash=769c6a8a0ba078168f7d52ca64d129d9\" alt=\"D9\" \/><img decoding=\"async\" src=\"http:\/\/ae01.alicdn.com\/kf\/HTB1T5NqSFXXXXaPXXXXq6xXFXXXs.jpg?size=127557&amp;height=486&amp;width=800&amp;hash=7c171deef2be83b4b7d70e817867a56d\" alt=\"D10\" \/><img decoding=\"async\" src=\"http:\/\/ae01.alicdn.com\/kf\/HTB1e58eSFXXXXa_XpXXq6xXFXXXT.jpg?size=128878&amp;height=578&amp;width=800&amp;hash=ee05c9de14d600890ebbda26914dc81f\" alt=\"D11\" \/><img decoding=\"async\" src=\"http:\/\/ae01.alicdn.com\/kf\/HTB1w1ANSpXXXXb1aXXXq6xXFXXXW.jpg?size=150108&amp;height=885&amp;width=800&amp;hash=1cca88628d6d79809e6b3f261b9e241e\" alt=\"D12\" data-spm-anchor-id=\"a2g0w.10010108.1000023.i1.6f9419d5RSDCR5\" \/><\/p>\n<div style=\"display:flex; gap:10px;justify-content:center\" class=\"wps-pgfw-pdf-generate-icon__wrapper-frontend\">\n\t\t<a  href=\"https:\/\/ikasougou.com\/akamservices\/wp-json\/wp\/v2\/product\/466?action=genpdf&amp;id=466\" class=\"pgfw-single-pdf-download-button\" ><img src=\"https:\/\/ikasougou.com\/akamservices\/wp-content\/plugins\/pdf-generator-for-wp\/admin\/src\/images\/PDF_Tray.svg\" title=\"G\u00e9n\u00e9rer un PDF\" style=\"width:auto; height:45px;\"><\/a>\n\t\t<\/div>","protected":false},"excerpt":{"rendered":"<p>comt\u00e9 Utilisation De la Voiture de T\u00e9l\u00e9phone portable USB Chargeur Support MP3 SD Carte Bluetooth Mains Libres Appel FM Radio Connexion \u00c9metteur 5 V 2A Sortie caract\u00e9ristiques ce est une haute qualit\u00e9 utilisation de la voiture chargeur \u00c0 L&#8217;appui bluetooth mains appel gratuit. soutien Fonction Lecteur MP3 pour MP3\/WMA musique soutien SD carte avec fente [&#8230;]\n","protected":false},"featured_media":419,"comment_status":"open","ping_status":"closed","template":"","meta":{"jetpack_post_was_ever_published":false,"jetpack_publicize_message":"","jetpack_publicize_feature_enabled":true,"jetpack_social_post_already_shared":true,"jetpack_social_options":{"image_generator_settings":{"template":"highway","default_image_id":0,"font":"","enabled":false},"version":2}},"product_brand":[],"product_cat":[18,19],"product_tag":[],"class_list":{"0":"post-466","1":"product","2":"type-product","3":"status-publish","4":"has-post-thumbnail","6":"product_cat-hightech","7":"product_cat-multimedia-audio-videos","9":"first","10":"instock","11":"shipping-taxable","12":"purchasable","13":"product-type-simple"},"ams_default_variation_id":0,"ams_product_points_reward":[],"ams_product_discount_percentage":0,"ams_price_to_display":10000,"aioseo_notices":[],"ams_acf":[],"jetpack_publicize_connections":[],"jetpack_sharing_enabled":true,"jetpack_likes_enabled":true,"_links":{"self":[{"href":"https:\/\/ikasougou.com\/akamservices\/wp-json\/wp\/v2\/product\/466","targetHints":{"allow":["GET"]}}],"collection":[{"href":"https:\/\/ikasougou.com\/akamservices\/wp-json\/wp\/v2\/product"}],"about":[{"href":"https:\/\/ikasougou.com\/akamservices\/wp-json\/wp\/v2\/types\/product"}],"replies":[{"embeddable":true,"href":"https:\/\/ikasougou.com\/akamservices\/wp-json\/wp\/v2\/comments?post=466"}],"wp:featuredmedia":[{"embeddable":true,"href":"https:\/\/ikasougou.com\/akamservices\/wp-json\/wp\/v2\/media\/419"}],"wp:attachment":[{"href":"https:\/\/ikasougou.com\/akamservices\/wp-json\/wp\/v2\/media?parent=466"}],"wp:term":[{"taxonomy":"product_brand","embeddable":true,"href":"https:\/\/ikasougou.com\/akamservices\/wp-json\/wp\/v2\/product_brand?post=466"},{"taxonomy":"product_cat","embeddable":true,"href":"https:\/\/ikasougou.com\/akamservices\/wp-json\/wp\/v2\/product_cat?post=466"},{"taxonomy":"product_tag","embeddable":true,"href":"https:\/\/ikasougou.com\/akamservices\/wp-json\/wp\/v2\/product_tag?post=466"}],"curies":[{"name":"wp","href":"https:\/\/api.w.org\/{rel}","templated":true}]}}