{"id":469,"date":"2019-01-11T13:41:00","date_gmt":"2019-01-11T12:41:00","guid":{"rendered":"https:\/\/ikasougou.com\/akamservices\/?post_type=product&#038;p=469"},"modified":"2024-11-11T13:05:11","modified_gmt":"2024-11-11T12:05:11","slug":"chargeur-san-fil-ipad-iwatch","status":"publish","type":"product","link":"https:\/\/ikasougou.com\/akamservices\/produit\/chargeur-san-fil-ipad-iwatch\/","title":{"rendered":"Chargeur San Fil IPAD IWATCH"},"content":{"rendered":"<div class=\"ui-box product-property-main\">\n<div class=\"ui-box-body\">\n<ul class=\"product-property-list util-clearfix\">\n<li id=\"product-prop-2\" class=\"property-item\" data-attr=\"201467130\" data-title=\"COTEetCI\" data-spm-anchor-id=\"a2g0w.10010108.0.i3.2d7a736dwCtweH\"><span class=\"propery-title\">Nom de la marque:<\/span> <span class=\"propery-des\" title=\"COTEetCI\">COTEetCI<\/span><\/li>\n<li id=\"product-prop-200009588\" class=\"property-item\" data-attr=\"633\" data-title=\"USB\"><span class=\"propery-title\">Interface de sortie:<\/span> <span class=\"propery-des\" title=\"USB\">USB<\/span><\/li>\n<li id=\"product-prop-200182271\" class=\"property-item\" data-attr=\"202170874\" data-title=\"5 V\/2A\"><span class=\"propery-title\">Entr\u00e9e:<\/span> <span class=\"propery-des\" title=\"5 V\/2A\">5 V\/2A<\/span><\/li>\n<li id=\"product-prop-200183266\" class=\"property-item\" data-attr=\"202170874\" data-title=\"5 V\/2A\"><span class=\"propery-title\">Sortie:<\/span> <span class=\"propery-des\" title=\"5 V\/2A\">5 V\/2A<\/span><\/li>\n<li id=\"product-prop-200205261\" class=\"property-item\" data-attr=\"202243826,202243827,202243833\" data-title=\"CE,RoHS,FCC\"><span class=\"propery-title\">Qualit\u00e9 Certification:<\/span> <span class=\"propery-des\" title=\"CE,RoHS,FCC\">CE,RoHS,FCC<\/span><\/li>\n<li id=\"product-prop-200001057\" class=\"property-item\" data-attr=\"200005484\" data-title=\"USB\"><span class=\"propery-title\">Source d&#8217;\u00e9nergie:<\/span> <span class=\"propery-des\" title=\"USB\">USB<\/span><\/li>\n<li id=\"product-prop-3\" class=\"property-item\" data-attr=\"\" data-title=\"CS5160\/WS-7\"><span class=\"propery-title\">Num\u00e9ro du mod\u00e8le:<\/span> <span class=\"propery-des\" title=\"CS5160\/WS-7\">CS5160\/WS-7<\/span><\/li>\n<li id=\"product-prop-200000661\" class=\"property-item\" data-attr=\"200041321\" data-title=\"APPLE\"><span class=\"propery-title\">Marque compatible:<\/span> <span class=\"propery-des\" title=\"APPLE\">APPLE<\/span><\/li>\n<li id=\"product-prop-200183267\" class=\"property-item\" data-attr=\"202196840\" data-title=\"Qualcomm Charge Rapide 2.0\"><span class=\"propery-title\">Soutien Technologie de Charge Rapide:<\/span> <span class=\"propery-des\" title=\"Qualcomm Charge Rapide 2.0\">Qualcomm Charge Rapide 2.0<\/span><\/li>\n<li id=\"product-prop-1061\" class=\"property-item\" data-attr=\"150\" data-title=\"1\"><span class=\"propery-title\">Ports d&#8217;USB:<\/span> <span class=\"propery-des\" title=\"1\">1<\/span><\/li>\n<li id=\"product-prop-351\" class=\"property-item\" data-attr=\"201447573\" data-title=\"Chargeur sans fil\"><span class=\"propery-title\">Type:<\/span> <span class=\"propery-des\" title=\"Chargeur sans fil\">Chargeur sans fil<\/span><\/li>\n<\/ul>\n<\/div>\n<\/div>\n<div id=\"j-product-description\" class=\"ui-box product-description-main\" data-widget-cid=\"widget-26\">\n<div class=\"ui-box-title\">Description de l&#8217;article<\/div>\n<div class=\"ui-box-body\">\n<div class=\"description-content\" data-role=\"description\" data-spm=\"1000023\">\n<p><img decoding=\"async\" src=\"https:\/\/ae01.alicdn.com\/kf\/HTB1gX3iG7KWBuNjy1zjq6AOypXao.jpg\" alt=\"WS-7_01\" \/><img decoding=\"async\" src=\"https:\/\/ae01.alicdn.com\/kf\/HTB14R6CGVmWBuNjSspdq6zugXXah.jpg\" alt=\"WS-7_02\" \/><img decoding=\"async\" src=\"https:\/\/ae01.alicdn.com\/kf\/HTB10jZBlUOWBKNjSZKzq6xfWFXa3.jpg\" alt=\"WS-7_03\" \/><img decoding=\"async\" src=\"https:\/\/ae01.alicdn.com\/kf\/HTB1VGVDHb1YBuNjSszhq6AUsFXa5.jpg\" alt=\"WS-7_04\" \/><img decoding=\"async\" src=\"https:\/\/ae01.alicdn.com\/kf\/HTB1P4utl8smBKNjSZFFq6AT9VXa5.jpg\" alt=\"WS-7_05\" \/><img decoding=\"async\" src=\"https:\/\/ae01.alicdn.com\/kf\/HTB1yM8uHhSYBuNjSspjq6x73VXag.jpg\" alt=\"WS-7_06\" \/><img decoding=\"async\" src=\"https:\/\/ae01.alicdn.com\/kf\/HTB1wuGKlYZnBKNjSZFrq6yRLFXaF.jpg\" alt=\"WS-7_07\" \/><img decoding=\"async\" src=\"https:\/\/ae01.alicdn.com\/kf\/HTB1n2mAlYZnBKNjSZFKq6AGOVXaP.jpg\" alt=\"WS-7_08\" \/><img decoding=\"async\" src=\"https:\/\/ae01.alicdn.com\/kf\/HTB1V_3LyMKTBuNkSne1q6yJoXXax.jpg\" alt=\"WS-7_09\" \/><\/p>\n<\/div>\n<\/div>\n<\/div>\n<div class=\"ui-box pnl-packaging-main\">\n<div class=\"ui-box-title\">D\u00e9tails de l&#8217;emballage<\/div>\n<div class=\"ui-box-body\">\n<ul class=\"product-packaging-list util-clearfix\">\n<li class=\"packaging-item\"><span class=\"packaging-title\">Type d&#8217;unit\u00e9\u00a0:<\/span> <span class=\"packaging-des\">pi\u00e8ce<\/span><\/li>\n<li class=\"packaging-item\"><span class=\"packaging-title\">Poids du colis\u00a0:<\/span> <span class=\"packaging-des\">0.18kg (0.40lb.)<\/span><\/li>\n<li class=\"packaging-item\"><span class=\"packaging-title\">Dimensions du colis\u00a0:<\/span> <span class=\"packaging-des\" data-spm-anchor-id=\"a2g0w.10010108.0.i4.2d7a736dwCtweH\">16cm x 7cm x 1cm (6.30in x 2.76in x 0.39in)<\/span><\/li>\n<\/ul>\n<\/div>\n<\/div>\n<div style=\"display:flex; gap:10px;justify-content:center\" class=\"wps-pgfw-pdf-generate-icon__wrapper-frontend\">\n\t\t<a  href=\"https:\/\/ikasougou.com\/akamservices\/wp-json\/wp\/v2\/product\/469?action=genpdf&amp;id=469\" class=\"pgfw-single-pdf-download-button\" ><img src=\"https:\/\/ikasougou.com\/akamservices\/wp-content\/plugins\/pdf-generator-for-wp\/admin\/src\/images\/PDF_Tray.svg\" title=\"G\u00e9n\u00e9rer un PDF\" style=\"width:auto; height:45px;\"><\/a>\n\t\t<\/div>","protected":false},"excerpt":{"rendered":"<p>Nom de la marque: COTEetCI Interface de sortie: USB Entr\u00e9e: 5 V\/2A Sortie: 5 V\/2A Qualit\u00e9 Certification: CE,RoHS,FCC Source d&#8217;\u00e9nergie: USB Num\u00e9ro du mod\u00e8le: CS5160\/WS-7 Marque compatible: APPLE Soutien Technologie de Charge Rapide: Qualcomm Charge Rapide 2.0 Ports d&#8217;USB: 1 Type: Chargeur sans fil Description de l&#8217;article D\u00e9tails de l&#8217;emballage Type d&#8217;unit\u00e9\u00a0: pi\u00e8ce Poids du [&#8230;]\n","protected":false},"featured_media":446,"comment_status":"open","ping_status":"closed","template":"","meta":{"jetpack_post_was_ever_published":false,"jetpack_publicize_message":"","jetpack_publicize_feature_enabled":true,"jetpack_social_post_already_shared":false,"jetpack_social_options":{"image_generator_settings":{"template":"highway","default_image_id":0,"font":"","enabled":false},"version":2}},"product_brand":[],"product_cat":[18],"product_tag":[],"class_list":{"0":"post-469","1":"product","2":"type-product","3":"status-publish","4":"has-post-thumbnail","6":"product_cat-hightech","8":"first","9":"instock","10":"sale","11":"shipping-taxable","12":"purchasable","13":"product-type-simple"},"ams_default_variation_id":0,"ams_product_points_reward":[],"ams_product_discount_percentage":33.33,"ams_price_to_display":30000,"aioseo_notices":[],"ams_acf":[],"jetpack_publicize_connections":[],"jetpack_sharing_enabled":true,"jetpack_likes_enabled":true,"_links":{"self":[{"href":"https:\/\/ikasougou.com\/akamservices\/wp-json\/wp\/v2\/product\/469","targetHints":{"allow":["GET"]}}],"collection":[{"href":"https:\/\/ikasougou.com\/akamservices\/wp-json\/wp\/v2\/product"}],"about":[{"href":"https:\/\/ikasougou.com\/akamservices\/wp-json\/wp\/v2\/types\/product"}],"replies":[{"embeddable":true,"href":"https:\/\/ikasougou.com\/akamservices\/wp-json\/wp\/v2\/comments?post=469"}],"wp:featuredmedia":[{"embeddable":true,"href":"https:\/\/ikasougou.com\/akamservices\/wp-json\/wp\/v2\/media\/446"}],"wp:attachment":[{"href":"https:\/\/ikasougou.com\/akamservices\/wp-json\/wp\/v2\/media?parent=469"}],"wp:term":[{"taxonomy":"product_brand","embeddable":true,"href":"https:\/\/ikasougou.com\/akamservices\/wp-json\/wp\/v2\/product_brand?post=469"},{"taxonomy":"product_cat","embeddable":true,"href":"https:\/\/ikasougou.com\/akamservices\/wp-json\/wp\/v2\/product_cat?post=469"},{"taxonomy":"product_tag","embeddable":true,"href":"https:\/\/ikasougou.com\/akamservices\/wp-json\/wp\/v2\/product_tag?post=469"}],"curies":[{"name":"wp","href":"https:\/\/api.w.org\/{rel}","templated":true}]}}