{"id":491,"date":"2019-01-18T11:07:03","date_gmt":"2019-01-18T10:07:03","guid":{"rendered":"https:\/\/ikasougou.com\/akamservices\/?post_type=product&#038;p=491"},"modified":"2019-01-18T11:07:04","modified_gmt":"2019-01-18T10:07:04","slug":"etui-coque-en-silicone-doux-en-silicone-pour-apple-airpods","status":"publish","type":"product","link":"https:\/\/ikasougou.com\/akamservices\/produit\/etui-coque-en-silicone-doux-en-silicone-pour-apple-airpods\/","title":{"rendered":"\u00c9tui Coque en silicone Doux en Silicone Pour Apple Airpods"},"content":{"rendered":"<div id=\"hsx-rpp-bullet-fits-message\" class=\"aok-hidden\">\n<div class=\"a-box a-alert-inline a-alert-inline-success hsx-rpp-fitment-bullets\">\n<div class=\"a-box-inner a-alert-container\">\n<div class=\"a-alert-content\">Ceci est adapt\u00e9 \u00e0 votre\u00a0.<\/div>\n<\/div>\n<\/div>\n<\/div>\n<p>&nbsp;<\/p>\n<ul>\n<li id=\"replacementPartsFitmentBullet\" class=\"aok-hidden\" data-doesntfitmessage=\"Aucune information trouv\u00e9e sur cette pi\u00e8ce pour \" data-fitsmessage=\"Ceci est adapt\u00e9 \u00e0 votre \">Cliquez-ici pour vous assurer de la compatibilit\u00e9 de ce produit avec votre mod\u00e8le<\/li>\n<\/ul>\n<p>&nbsp;<\/p>\n<ul>\n<li>Mat\u00e9riel:Fait de caoutchouc de silicone r\u00e9sistant aux chocs durable. car il est tr\u00e8s flexible et peut contre les chocs.<\/li>\n<\/ul>\n<p>&nbsp;<\/p>\n<ul>\n<li>Caract\u00e9ristiques:Pour vous fournir anti-skid, Drop, imperm\u00e9able \u00e0 l&#8217;eau, choc, fonction anti-wear<\/li>\n<\/ul>\n<p>&nbsp;<\/p>\n<ul>\n<li>Conception: l&#8217;utilisation globale des bandes convexes, augmentation de frottement, antid\u00e9rapant, le fond vient avec des trous de charge, vous n&#8217;avez pas besoin d&#8217;enlever l&#8217;\u00e9quipement<\/li>\n<\/ul>\n<p>&nbsp;<\/p>\n<ul>\n<li>Aspect: l&#8217;apparence de petites et belles rayures, des bosses, patchwork exquis, agr\u00e9able et g\u00e9n\u00e9reux<\/li>\n<\/ul>\n<p>&nbsp;<\/p>\n<ul>\n<li>Caract\u00e9ristique: le sentiment mou et mat\u00e9riel est silicone, anti-Drop, choc, imperm\u00e9able \u00e0 l&#8217;eau, anti-wear, le fond vient avec des trous de charge, commode.<\/li>\n<\/ul>\n<p>&nbsp;<\/p>\n<div style=\"display:flex; gap:10px;justify-content:center\" class=\"wps-pgfw-pdf-generate-icon__wrapper-frontend\">\n\t\t<a  href=\"https:\/\/ikasougou.com\/akamservices\/wp-json\/wp\/v2\/product\/491?action=genpdf&amp;id=491\" class=\"pgfw-single-pdf-download-button\" ><img src=\"https:\/\/ikasougou.com\/akamservices\/wp-content\/plugins\/pdf-generator-for-wp\/admin\/src\/images\/PDF_Tray.svg\" title=\"G\u00e9n\u00e9rer un PDF\" style=\"width:auto; height:45px;\"><\/a>\n\t\t<\/div>","protected":false},"excerpt":{"rendered":"<p>Ceci est adapt\u00e9 \u00e0 votre\u00a0. &nbsp; Cliquez-ici pour vous assurer de la compatibilit\u00e9 de ce produit avec votre mod\u00e8le &nbsp; Mat\u00e9riel:Fait de caoutchouc de silicone r\u00e9sistant aux chocs durable. car il est tr\u00e8s flexible et peut contre les chocs. &nbsp; Caract\u00e9ristiques:Pour vous fournir anti-skid, Drop, imperm\u00e9able \u00e0 l&#8217;eau, choc, fonction anti-wear &nbsp; Conception: l&#8217;utilisation globale [&#8230;]\n","protected":false},"featured_media":492,"comment_status":"open","ping_status":"closed","template":"","meta":{"jetpack_post_was_ever_published":false,"jetpack_publicize_message":"","jetpack_publicize_feature_enabled":true,"jetpack_social_post_already_shared":true,"jetpack_social_options":{"image_generator_settings":{"template":"highway","default_image_id":0,"font":"","enabled":false},"version":2}},"product_brand":[],"product_cat":[28],"product_tag":[],"class_list":{"0":"post-491","1":"product","2":"type-product","3":"status-publish","4":"has-post-thumbnail","6":"product_cat-high-tech","8":"first","9":"instock","10":"shipping-taxable","11":"purchasable","12":"product-type-simple"},"ams_default_variation_id":0,"ams_product_points_reward":[],"ams_product_discount_percentage":0,"ams_price_to_display":3000,"aioseo_notices":[],"ams_acf":[],"jetpack_publicize_connections":[],"jetpack_sharing_enabled":true,"jetpack_likes_enabled":true,"_links":{"self":[{"href":"https:\/\/ikasougou.com\/akamservices\/wp-json\/wp\/v2\/product\/491","targetHints":{"allow":["GET"]}}],"collection":[{"href":"https:\/\/ikasougou.com\/akamservices\/wp-json\/wp\/v2\/product"}],"about":[{"href":"https:\/\/ikasougou.com\/akamservices\/wp-json\/wp\/v2\/types\/product"}],"replies":[{"embeddable":true,"href":"https:\/\/ikasougou.com\/akamservices\/wp-json\/wp\/v2\/comments?post=491"}],"wp:featuredmedia":[{"embeddable":true,"href":"https:\/\/ikasougou.com\/akamservices\/wp-json\/wp\/v2\/media\/492"}],"wp:attachment":[{"href":"https:\/\/ikasougou.com\/akamservices\/wp-json\/wp\/v2\/media?parent=491"}],"wp:term":[{"taxonomy":"product_brand","embeddable":true,"href":"https:\/\/ikasougou.com\/akamservices\/wp-json\/wp\/v2\/product_brand?post=491"},{"taxonomy":"product_cat","embeddable":true,"href":"https:\/\/ikasougou.com\/akamservices\/wp-json\/wp\/v2\/product_cat?post=491"},{"taxonomy":"product_tag","embeddable":true,"href":"https:\/\/ikasougou.com\/akamservices\/wp-json\/wp\/v2\/product_tag?post=491"}],"curies":[{"name":"wp","href":"https:\/\/api.w.org\/{rel}","templated":true}]}}