{"id":495,"date":"2019-01-18T12:16:28","date_gmt":"2019-01-18T11:16:28","guid":{"rendered":"https:\/\/ikasougou.com\/akamservices\/?post_type=product&#038;p=495"},"modified":"2019-01-18T12:16:32","modified_gmt":"2019-01-18T11:16:32","slug":"station-de-chargement-wifi-pour-iphone","status":"publish","type":"product","link":"https:\/\/ikasougou.com\/akamservices\/produit\/station-de-chargement-wifi-pour-iphone\/","title":{"rendered":"Station de chargement WIFI pour IPHONE"},"content":{"rendered":"<p><span class=\"notranslate\">Le nouveau rapid sans fil avec une efficacit\u00e9 de charge sup\u00e9rieure et une protection de charge multiple vous offrent une exp\u00e9rience de charge rapide intelligente et s\u00e9curis\u00e9e.<\/span> <span class=\"notranslate\"> Param\u00e8tres du produit: Mod\u00e8le: WX005 Entr\u00e9e: 5V \/ 2A 9V \/ 1,67A Sortie: 5W MAX Distance de transmission:&gt; 6-8mm Efficacit\u00e9 de charge: 85% Taille de l&#8217;emballage: 160x160x75mm LED: Le vert est en veille, fonctionne en bleu.<\/span> <span class=\"notranslate\"> Couleur: Matt Black<\/span><\/p>\n<div style=\"display:flex; gap:10px;justify-content:center\" class=\"wps-pgfw-pdf-generate-icon__wrapper-frontend\">\n\t\t<a  href=\"https:\/\/ikasougou.com\/akamservices\/wp-json\/wp\/v2\/product\/495?action=genpdf&amp;id=495\" class=\"pgfw-single-pdf-download-button\" ><img src=\"https:\/\/ikasougou.com\/akamservices\/wp-content\/plugins\/pdf-generator-for-wp\/admin\/src\/images\/PDF_Tray.svg\" title=\"G\u00e9n\u00e9rer un PDF\" style=\"width:auto; height:45px;\"><\/a>\n\t\t<\/div>","protected":false},"excerpt":{"rendered":"<p>Le nouveau rapid sans fil avec une efficacit\u00e9 de charge sup\u00e9rieure et une protection de charge multiple vous offrent une exp\u00e9rience de charge rapide intelligente et s\u00e9curis\u00e9e. Param\u00e8tres du produit: Mod\u00e8le: WX005 Entr\u00e9e: 5V \/ 2A 9V \/ 1,67A Sortie: 5W MAX Distance de transmission:&gt; 6-8mm Efficacit\u00e9 de charge: 85% Taille de l&#8217;emballage: 160x160x75mm LED: [&#8230;]\n","protected":false},"featured_media":496,"comment_status":"open","ping_status":"closed","template":"","meta":{"jetpack_post_was_ever_published":false,"jetpack_publicize_message":"","jetpack_publicize_feature_enabled":true,"jetpack_social_post_already_shared":true,"jetpack_social_options":{"image_generator_settings":{"template":"highway","default_image_id":0,"font":"","enabled":false},"version":2}},"product_brand":[],"product_cat":[28],"product_tag":[],"class_list":{"0":"post-495","1":"product","2":"type-product","3":"status-publish","4":"has-post-thumbnail","6":"product_cat-high-tech","8":"first","9":"instock","10":"sale","11":"shipping-taxable","12":"purchasable","13":"product-type-simple"},"ams_default_variation_id":0,"ams_product_points_reward":[],"ams_product_discount_percentage":28.57,"ams_price_to_display":25000,"aioseo_notices":[],"ams_acf":[],"jetpack_publicize_connections":[],"jetpack_sharing_enabled":true,"jetpack_likes_enabled":true,"_links":{"self":[{"href":"https:\/\/ikasougou.com\/akamservices\/wp-json\/wp\/v2\/product\/495","targetHints":{"allow":["GET"]}}],"collection":[{"href":"https:\/\/ikasougou.com\/akamservices\/wp-json\/wp\/v2\/product"}],"about":[{"href":"https:\/\/ikasougou.com\/akamservices\/wp-json\/wp\/v2\/types\/product"}],"replies":[{"embeddable":true,"href":"https:\/\/ikasougou.com\/akamservices\/wp-json\/wp\/v2\/comments?post=495"}],"wp:featuredmedia":[{"embeddable":true,"href":"https:\/\/ikasougou.com\/akamservices\/wp-json\/wp\/v2\/media\/496"}],"wp:attachment":[{"href":"https:\/\/ikasougou.com\/akamservices\/wp-json\/wp\/v2\/media?parent=495"}],"wp:term":[{"taxonomy":"product_brand","embeddable":true,"href":"https:\/\/ikasougou.com\/akamservices\/wp-json\/wp\/v2\/product_brand?post=495"},{"taxonomy":"product_cat","embeddable":true,"href":"https:\/\/ikasougou.com\/akamservices\/wp-json\/wp\/v2\/product_cat?post=495"},{"taxonomy":"product_tag","embeddable":true,"href":"https:\/\/ikasougou.com\/akamservices\/wp-json\/wp\/v2\/product_tag?post=495"}],"curies":[{"name":"wp","href":"https:\/\/api.w.org\/{rel}","templated":true}]}}