{"id":5361,"date":"2020-01-14T00:32:08","date_gmt":"2020-01-13T23:32:08","guid":{"rendered":"https:\/\/ikasougou.com\/akamservices\/?post_type=product&#038;p=5361"},"modified":"2020-01-14T01:47:01","modified_gmt":"2020-01-14T00:47:01","slug":"soundcore-space-nc","status":"publish","type":"product","link":"https:\/\/ikasougou.com\/akamservices\/produit\/soundcore-space-nc\/","title":{"rendered":"Soundcore Space NC"},"content":{"rendered":"<pre class=\"tw-data-text tw-text-large tw-ta\" dir=\"ltr\" data-placeholder=\"Traduction\"><span lang=\"fr\">\u00c9coutez moins, \u00e9coutez plus: la technologie hybride de suppression active du bruit r\u00e9duit le son des basses fr\u00e9quences jusqu'\u00e0 93%.\r\nContr\u00f4le coulissant: contr\u00f4lez confortablement la musique avec le panneau tactile dans l'oreille.\r\n\u00c9coute longue distance: la batterie lithium-ion premium offre 20 heures de lecture en mode d'annulation de bruit Bluetooth, ou 50 heures en mode d'annulation de bruit filaire.\r\nConception pliable: pli plat pour un stockage et un transport en toute s\u00e9curit\u00e9 dans l'\u00e9tui de voyage rigide.\r\n\r\n     <img loading=\"lazy\" decoding=\"async\" class=\"alignnone size-medium wp-image-5369\" src=\"https:\/\/ikasougou.com\/akamservices\/wp-content\/uploads\/sites\/30\/2020\/01\/Space_NC-867x867-1-400x400.png\" alt=\"\" width=\"400\" height=\"400\" srcset=\"https:\/\/ikasougou.com\/akamservices\/wp-content\/uploads\/sites\/30\/2020\/01\/Space_NC-867x867-1-400x400.png 400w, https:\/\/ikasougou.com\/akamservices\/wp-content\/uploads\/sites\/30\/2020\/01\/Space_NC-867x867-1-800x800.png 800w, https:\/\/ikasougou.com\/akamservices\/wp-content\/uploads\/sites\/30\/2020\/01\/Space_NC-867x867-1-280x280.png 280w, https:\/\/ikasougou.com\/akamservices\/wp-content\/uploads\/sites\/30\/2020\/01\/Space_NC-867x867-1-768x768.png 768w, https:\/\/ikasougou.com\/akamservices\/wp-content\/uploads\/sites\/30\/2020\/01\/Space_NC-867x867-1-510x510.png 510w, https:\/\/ikasougou.com\/akamservices\/wp-content\/uploads\/sites\/30\/2020\/01\/Space_NC-867x867-1-100x100.png 100w, https:\/\/ikasougou.com\/akamservices\/wp-content\/uploads\/sites\/30\/2020\/01\/Space_NC-867x867-1.png 868w\" sizes=\"auto, (max-width: 400px) 100vw, 400px\" \/><img loading=\"lazy\" decoding=\"async\" class=\"alignnone size-medium wp-image-5370\" src=\"https:\/\/ikasougou.com\/akamservices\/wp-content\/uploads\/sites\/30\/2020\/01\/A3021011_TD07_V1-1-307x400.jpg\" alt=\"\" width=\"307\" height=\"400\" srcset=\"https:\/\/ikasougou.com\/akamservices\/wp-content\/uploads\/sites\/30\/2020\/01\/A3021011_TD07_V1-1-307x400.jpg 307w, https:\/\/ikasougou.com\/akamservices\/wp-content\/uploads\/sites\/30\/2020\/01\/A3021011_TD07_V1-1-613x800.jpg 613w, https:\/\/ikasougou.com\/akamservices\/wp-content\/uploads\/sites\/30\/2020\/01\/A3021011_TD07_V1-1-510x665.jpg 510w, https:\/\/ikasougou.com\/akamservices\/wp-content\/uploads\/sites\/30\/2020\/01\/A3021011_TD07_V1-1.jpg 736w\" sizes=\"auto, (max-width: 307px) 100vw, 307px\" \/> <img loading=\"lazy\" decoding=\"async\" class=\"alignnone size-medium wp-image-5371\" src=\"https:\/\/ikasougou.com\/akamservices\/wp-content\/uploads\/sites\/30\/2020\/01\/dcaf4fbd3f6a0831047d3607088af5d0-217x400.jpg\" alt=\"\" width=\"217\" height=\"400\" srcset=\"https:\/\/ikasougou.com\/akamservices\/wp-content\/uploads\/sites\/30\/2020\/01\/dcaf4fbd3f6a0831047d3607088af5d0-217x400.jpg 217w, https:\/\/ikasougou.com\/akamservices\/wp-content\/uploads\/sites\/30\/2020\/01\/dcaf4fbd3f6a0831047d3607088af5d0-434x800.jpg 434w, https:\/\/ikasougou.com\/akamservices\/wp-content\/uploads\/sites\/30\/2020\/01\/dcaf4fbd3f6a0831047d3607088af5d0.jpg 500w\" sizes=\"auto, (max-width: 217px) 100vw, 217px\" \/>\r\n\r\n<\/span><\/pre>\n<div id=\"tw-target-text-container\" class=\"tw-ta-container tw-nfl\" tabindex=\"0\">\n<pre id=\"tw-target-text\" class=\"tw-data-text tw-text-large tw-ta\" dir=\"ltr\" data-placeholder=\"Traduction\"><span lang=\"fr\">ENTENDRE MOINS,\r\n\r\nEN SAVOIR PLUS\r\nLa technologie hybride d'annulation active du bruit bloque jusqu'\u00e0 93% du bruit des moteurs \u00e0 basse fr\u00e9quence et jusqu'\u00e0 96% des sons \u00e0 haute fr\u00e9quence tels que les voix et les klaxons des v\u00e9hicules.\r\n\r\nNC\r\n<\/span><span lang=\"fr\"><img loading=\"lazy\" decoding=\"async\" class=\"alignnone size-medium wp-image-5363\" src=\"https:\/\/ikasougou.com\/akamservices\/wp-content\/uploads\/sites\/30\/2020\/01\/A3021011_TD02_V1-307x400.jpg\" alt=\"\" width=\"307\" height=\"400\" srcset=\"https:\/\/ikasougou.com\/akamservices\/wp-content\/uploads\/sites\/30\/2020\/01\/A3021011_TD02_V1-307x400.jpg 307w, https:\/\/ikasougou.com\/akamservices\/wp-content\/uploads\/sites\/30\/2020\/01\/A3021011_TD02_V1-613x800.jpg 613w, https:\/\/ikasougou.com\/akamservices\/wp-content\/uploads\/sites\/30\/2020\/01\/A3021011_TD02_V1-510x665.jpg 510w, https:\/\/ikasougou.com\/akamservices\/wp-content\/uploads\/sites\/30\/2020\/01\/A3021011_TD02_V1.jpg 736w\" sizes=\"auto, (max-width: 307px) 100vw, 307px\" \/><\/span><span lang=\"fr\">\r\nNC OFF\r\nCENTRE DE LA SC\u00c8NE\r\n\r\nL'audio r\u00e9gl\u00e9 professionnellement est fourni via des pilotes personnalis\u00e9s de 40 mm pour une exp\u00e9rience d'\u00e9coute \u00e9poustouflante. Les aigus montent en fl\u00e8che accompagn\u00e9s de m\u00e9diums pulpeuses et de basses palpitantes.\r\nSUR LE BOUT DE VOS DOIGTS\r\n\r\nAvec un seul robinet, contr\u00f4lez tous les aspects de votre exp\u00e9rience d'\u00e9coute.\r\nAPPELS SANS TROU\r\n<img loading=\"lazy\" decoding=\"async\" class=\"alignnone size-medium wp-image-5364\" src=\"https:\/\/ikasougou.com\/akamservices\/wp-content\/uploads\/sites\/30\/2020\/01\/A3021011_TD03_V1-307x400.jpg\" alt=\"\" width=\"307\" height=\"400\" srcset=\"https:\/\/ikasougou.com\/akamservices\/wp-content\/uploads\/sites\/30\/2020\/01\/A3021011_TD03_V1-307x400.jpg 307w, https:\/\/ikasougou.com\/akamservices\/wp-content\/uploads\/sites\/30\/2020\/01\/A3021011_TD03_V1-613x800.jpg 613w, https:\/\/ikasougou.com\/akamservices\/wp-content\/uploads\/sites\/30\/2020\/01\/A3021011_TD03_V1-510x665.jpg 510w, https:\/\/ikasougou.com\/akamservices\/wp-content\/uploads\/sites\/30\/2020\/01\/A3021011_TD03_V1.jpg 736w\" sizes=\"auto, (max-width: 307px) 100vw, 307px\" \/>\r\n\r\nAppuyez simplement sur le bouton de l'oreillette droite pour r\u00e9pondre sans effort aux appels. Un microphone int\u00e9gr\u00e9 est \u00e9quip\u00e9 d'une technologie de suppression du bruit cVc qui supprime le bruit ambiant et am\u00e9liore la qualit\u00e9.\r\nUNE TOUCHE\r\n\r\nAppuyez pour lire ou mettre en pause la musique et r\u00e9pondre aux appels.\r\nFaites glisser pour r\u00e9gler le volume et sauter des chansons.\r\n<img loading=\"lazy\" decoding=\"async\" class=\"alignnone size-medium wp-image-5365\" src=\"https:\/\/ikasougou.com\/akamservices\/wp-content\/uploads\/sites\/30\/2020\/01\/A3021011_TD04_V1-307x400.jpg\" alt=\"\" width=\"307\" height=\"400\" srcset=\"https:\/\/ikasougou.com\/akamservices\/wp-content\/uploads\/sites\/30\/2020\/01\/A3021011_TD04_V1-307x400.jpg 307w, https:\/\/ikasougou.com\/akamservices\/wp-content\/uploads\/sites\/30\/2020\/01\/A3021011_TD04_V1-613x800.jpg 613w, https:\/\/ikasougou.com\/akamservices\/wp-content\/uploads\/sites\/30\/2020\/01\/A3021011_TD04_V1-510x665.jpg 510w, https:\/\/ikasougou.com\/akamservices\/wp-content\/uploads\/sites\/30\/2020\/01\/A3021011_TD04_V1.jpg 736w\" sizes=\"auto, (max-width: 307px) 100vw, 307px\" \/>\r\nFEELIN \u00bb\r\n\r\nBIEN\r\nLes oreillettes en mousse \u00e0 m\u00e9moire de forme et le bandeau ergonomique s'adaptent \u00e0 la forme de votre t\u00eate pour assurer un confort \u00e0 long terme et un ajustement \u00e9tanche.\r\nSUR LA ROUTE\r\n\r\nAsseyez-vous, bloquez le monde et rajeunissez-vous.\r\n\u00c9COUTE LONGUE DUR\u00c9E\r\n<img loading=\"lazy\" decoding=\"async\" class=\"alignnone size-medium wp-image-5366\" src=\"https:\/\/ikasougou.com\/akamservices\/wp-content\/uploads\/sites\/30\/2020\/01\/A3021011_TD06_V1-307x400.jpg\" alt=\"\" width=\"307\" height=\"400\" srcset=\"https:\/\/ikasougou.com\/akamservices\/wp-content\/uploads\/sites\/30\/2020\/01\/A3021011_TD06_V1-307x400.jpg 307w, https:\/\/ikasougou.com\/akamservices\/wp-content\/uploads\/sites\/30\/2020\/01\/A3021011_TD06_V1-613x800.jpg 613w, https:\/\/ikasougou.com\/akamservices\/wp-content\/uploads\/sites\/30\/2020\/01\/A3021011_TD06_V1-510x665.jpg 510w, https:\/\/ikasougou.com\/akamservices\/wp-content\/uploads\/sites\/30\/2020\/01\/A3021011_TD06_V1.jpg 736w\" sizes=\"auto, (max-width: 307px) 100vw, 307px\" \/>\r\n\r\nProfitez de 20 heures de bonheur ininterrompu en utilisant le mode d'annulation de bruit sans fil, ou branchez le c\u00e2ble AUX pour prolonger la dur\u00e9e de lecture jusqu'\u00e0 50 heures \u00e9tonnantes.\r\nVOYAGE\r\nUN COMPAGNON\r\n\r\nPliez-le \u00e0 plat et rangez-le dans l'\u00e9tui de voyage \u00e0 coque rigide pour un transport pratique et s\u00fbr.\r\nCE QUE VOUS OBTENEZ\r\n\r\n\u00a0\u00a0\u00a0\u00a01Soundcore Space NC2AUX Cable3Micro USB Cable4Hard-Shell Travel Case\r\n<img loading=\"lazy\" decoding=\"async\" class=\"alignnone size-medium wp-image-5367\" src=\"https:\/\/ikasougou.com\/akamservices\/wp-content\/uploads\/sites\/30\/2020\/01\/A3021011_TD06_V2-307x400.jpg\" alt=\"\" width=\"307\" height=\"400\" srcset=\"https:\/\/ikasougou.com\/akamservices\/wp-content\/uploads\/sites\/30\/2020\/01\/A3021011_TD06_V2-307x400.jpg 307w, https:\/\/ikasougou.com\/akamservices\/wp-content\/uploads\/sites\/30\/2020\/01\/A3021011_TD06_V2-613x800.jpg 613w, https:\/\/ikasougou.com\/akamservices\/wp-content\/uploads\/sites\/30\/2020\/01\/A3021011_TD06_V2-510x665.jpg 510w, https:\/\/ikasougou.com\/akamservices\/wp-content\/uploads\/sites\/30\/2020\/01\/A3021011_TD06_V2.jpg 736w\" sizes=\"auto, (max-width: 307px) 100vw, 307px\" \/>\r\n<\/span><\/pre>\n<\/div>\n<pre id=\"tw-target-text\" class=\"tw-data-text tw-text-large tw-ta\" dir=\"ltr\" data-placeholder=\"Traduction\"><\/pre>\n<div style=\"display:flex; gap:10px;justify-content:center\" class=\"wps-pgfw-pdf-generate-icon__wrapper-frontend\">\n\t\t<a  href=\"https:\/\/ikasougou.com\/akamservices\/wp-json\/wp\/v2\/product\/5361?action=genpdf&amp;id=5361\" class=\"pgfw-single-pdf-download-button\" ><img src=\"https:\/\/ikasougou.com\/akamservices\/wp-content\/plugins\/pdf-generator-for-wp\/admin\/src\/images\/PDF_Tray.svg\" title=\"G\u00e9n\u00e9rer un PDF\" style=\"width:auto; height:45px;\"><\/a>\n\t\t<\/div>","protected":false},"excerpt":{"rendered":"<p>\u00c9coutez moins, \u00e9coutez plus: la technologie hybride de suppression active du bruit r\u00e9duit le son des basses fr\u00e9quences jusqu&#8217;\u00e0 93%. Contr\u00f4le coulissant: contr\u00f4lez confortablement la musique avec le panneau tactile dans l&#8217;oreille. \u00c9coute longue distance: la batterie lithium-ion premium offre 20 heures de lecture en mode d&#8217;annulation de bruit Bluetooth, ou 50 heures en mode [&#8230;]\n","protected":false},"featured_media":5369,"comment_status":"open","ping_status":"closed","template":"","meta":{"jetpack_post_was_ever_published":false,"jetpack_publicize_message":"","jetpack_publicize_feature_enabled":true,"jetpack_social_post_already_shared":true,"jetpack_social_options":{"image_generator_settings":{"template":"highway","default_image_id":0,"font":"","enabled":false},"version":2}},"product_brand":[],"product_cat":[18,19],"product_tag":[],"class_list":{"0":"post-5361","1":"product","2":"type-product","3":"status-publish","4":"has-post-thumbnail","6":"product_cat-hightech","7":"product_cat-multimedia-audio-videos","9":"first","10":"instock","11":"sale","12":"shipping-taxable","13":"purchasable","14":"product-type-simple"},"ams_default_variation_id":0,"ams_product_points_reward":[],"ams_product_discount_percentage":5.26,"ams_price_to_display":900000,"aioseo_notices":[],"ams_acf":[],"jetpack_publicize_connections":[],"jetpack_sharing_enabled":true,"jetpack_likes_enabled":true,"_links":{"self":[{"href":"https:\/\/ikasougou.com\/akamservices\/wp-json\/wp\/v2\/product\/5361","targetHints":{"allow":["GET"]}}],"collection":[{"href":"https:\/\/ikasougou.com\/akamservices\/wp-json\/wp\/v2\/product"}],"about":[{"href":"https:\/\/ikasougou.com\/akamservices\/wp-json\/wp\/v2\/types\/product"}],"replies":[{"embeddable":true,"href":"https:\/\/ikasougou.com\/akamservices\/wp-json\/wp\/v2\/comments?post=5361"}],"wp:featuredmedia":[{"embeddable":true,"href":"https:\/\/ikasougou.com\/akamservices\/wp-json\/wp\/v2\/media\/5369"}],"wp:attachment":[{"href":"https:\/\/ikasougou.com\/akamservices\/wp-json\/wp\/v2\/media?parent=5361"}],"wp:term":[{"taxonomy":"product_brand","embeddable":true,"href":"https:\/\/ikasougou.com\/akamservices\/wp-json\/wp\/v2\/product_brand?post=5361"},{"taxonomy":"product_cat","embeddable":true,"href":"https:\/\/ikasougou.com\/akamservices\/wp-json\/wp\/v2\/product_cat?post=5361"},{"taxonomy":"product_tag","embeddable":true,"href":"https:\/\/ikasougou.com\/akamservices\/wp-json\/wp\/v2\/product_tag?post=5361"}],"curies":[{"name":"wp","href":"https:\/\/api.w.org\/{rel}","templated":true}]}}