{"id":6082,"date":"2020-02-22T15:25:15","date_gmt":"2020-02-22T14:25:15","guid":{"rendered":"https:\/\/ikasougou.com\/akamservices\/?post_type=product&#038;p=6082"},"modified":"2020-02-22T15:26:03","modified_gmt":"2020-02-22T14:26:03","slug":"5-a-10-pieces-lampes-tactiles-hexagonale","status":"publish","type":"product","link":"https:\/\/ikasougou.com\/akamservices\/produit\/5-a-10-pieces-lampes-tactiles-hexagonale\/","title":{"rendered":"5 \u00e0 10 Pi\u00e8ces Lampes Tactiles Hexagonale"},"content":{"rendered":"<p class=\"detail-desc-decorate-content\">Caract\u00e9ristiques: \u00e9clairage tactile modulaire<\/p>\n<p class=\"detail-desc-decorate-content\">Il s&#8217;agit d&#8217;une applique murale modulaire \u00e0 d\u00e9tection tactile. Utilisez une disquette hexagonale pour cr\u00e9er n&#8217;importe quelle structure en fonction de vos besoins, puis allumez-la et \u00e9teignez-la en la touchant.<\/p>\n<p class=\"detail-desc-decorate-content\">Bords magn\u00e9tiques<\/p>\n<p class=\"detail-desc-decorate-content\">Le composant modulaire rapide \u00e9quivaut \u00e0 un syst\u00e8me qui peut facilement s&#8217;adapter \u00e0 n&#8217;importe quelle sc\u00e8ne. Utilisez des bords magn\u00e9tiques pour relier les lumi\u00e8res ensemble pour cr\u00e9er la structure qui s&#8217;adapte le mieux \u00e0 votre int\u00e9rieur.<\/p>\n<p class=\"detail-desc-decorate-content\">Glissi\u00e8re Marche\/Arr\u00eat<\/p>\n<p class=\"detail-desc-decorate-content\">L&#8217;applique murale est allum\u00e9e et \u00e9teinte par le toucher physique des utilisateurs. Un capteur capacitif est utilis\u00e9 comme interrupteur qui active ou \u00e9teint chaque composant lorsque le corps de l&#8217;utilisateur touche la surface. Cette conception permet \u00e0 l&#8217;utilisateur de glisser efficacement o\u00f9 il veut ou a besoin de lumi\u00e8re.<\/p>\n<p class=\"detail-desc-decorate-content\">\u00c0 la mode<\/p>\n<p class=\"detail-desc-decorate-content\">L&#8217;applique touch est con\u00e7ue dans la forme simple hexagonale, qui est dans le style minimaliste pour d\u00e9corer parfaitement la pi\u00e8ce.<\/p>\n<p class=\"detail-desc-decorate-content\">Champ d&#8217;application<\/p>\n<p class=\"detail-desc-decorate-content\">L&#8217;applique tactile convient largement au couloir, au balcon, \u00e0 la chambre \u00e0 coucher, au salon, au bureau, au magasin, etc.<\/p>\n<p class=\"detail-desc-decorate-content\">Sp\u00e9cifications:<\/p>\n<p class=\"detail-desc-decorate-content\">Type: applique tactile<\/p>\n<p class=\"detail-desc-decorate-content\">Quantit\u00e9: 1 PC<\/p>\n<p class=\"detail-desc-decorate-content\">Mat\u00e9riel: plastique + composant \u00e9lectrique<\/p>\n<p class=\"detail-desc-decorate-content\">Couleur: Blanc<\/p>\n<p class=\"detail-desc-decorate-content\">Couleur de la lumi\u00e8re: jaune\/bleu\/vert\/rouge\/violet<\/p>\n<p class=\"detail-desc-decorate-content\">Source de lumi\u00e8re: LED<\/p>\n<p class=\"detail-desc-decorate-content\">Taille: 11.5*10*2 cm\/4.52*3.93*0.79 pouce poids Net: 100.0g\/3.53 oz<\/p>\n<p class=\"detail-desc-decorate-content\">Paquet:<\/p>\n<p class=\"detail-desc-decorate-content\">1 * applique tactile<\/p>\n<p><img decoding=\"async\" class=\"detail-desc-decorate-image\" src=\"https:\/\/ae01.alicdn.com\/kf\/HTB1tuYHdWWs3KVjSZFxq6yWUXXaC.jpg?isfromcopy=1\" \/> <img decoding=\"async\" class=\"detail-desc-decorate-image\" src=\"https:\/\/ae01.alicdn.com\/kf\/HTB19Yjzd79E3KVjSZFGq6A19XXaZ.jpg?isfromcopy=1\" \/> <img decoding=\"async\" class=\"detail-desc-decorate-image\" src=\"https:\/\/ae01.alicdn.com\/kf\/HTB11c2Gd8Kw3KVjSZTEq6AuRpXal.jpg?isfromcopy=1\" \/> <img decoding=\"async\" class=\"detail-desc-decorate-image\" src=\"https:\/\/ae01.alicdn.com\/kf\/HTB1RzDBd8WD3KVjSZKPq6yp7FXao.jpg?isfromcopy=1\" \/> <img decoding=\"async\" class=\"detail-desc-decorate-image\" src=\"https:\/\/ae01.alicdn.com\/kf\/HTB1jsHIdYus3KVjSZKbq6xqkFXaP.jpg?isfromcopy=1\" \/> <img decoding=\"async\" class=\"detail-desc-decorate-image\" src=\"https:\/\/ae01.alicdn.com\/kf\/HTB1.wTAd.GF3KVjSZFvq6z_nXXaH.jpg?isfromcopy=1\" \/> <img decoding=\"async\" class=\"detail-desc-decorate-image\" src=\"https:\/\/ae01.alicdn.com\/kf\/HTB1ovjyd2WG3KVjSZPcq6zkbXXaK.jpg?isfromcopy=1\" \/> <img decoding=\"async\" class=\"detail-desc-decorate-image\" src=\"https:\/\/ae01.alicdn.com\/kf\/HTB1uDzzd8OD3KVjSZFFq6An9pXaw.jpg?isfromcopy=1\" \/> <img decoding=\"async\" class=\"detail-desc-decorate-image\" src=\"https:\/\/ae01.alicdn.com\/kf\/HTB1h7PHd8Cw3KVjSZFuq6AAOpXan.jpg?isfromcopy=1\" \/> <img decoding=\"async\" class=\"detail-desc-decorate-image\" src=\"https:\/\/ae01.alicdn.com\/kf\/HTB156vHdW1s3KVjSZFAq6x_ZXXa6.jpg?isfromcopy=1\" \/> <img decoding=\"async\" class=\"detail-desc-decorate-image\" src=\"https:\/\/ae01.alicdn.com\/kf\/HTB1Y1jyd.CF3KVjSZJnq6znHFXaJ.jpg?isfromcopy=1\" \/> <img decoding=\"async\" class=\"detail-desc-decorate-image\" src=\"https:\/\/ae01.alicdn.com\/kf\/HTB1Wg6yd.WF3KVjSZPhq6xclXXaI.jpg?isfromcopy=1\" \/> <img decoding=\"async\" class=\"detail-desc-decorate-image\" src=\"https:\/\/ae01.alicdn.com\/kf\/HTB1Senyd.CF3KVjSZJnq6znHFXaE.jpg?isfromcopy=1\" \/> <img decoding=\"async\" class=\"detail-desc-decorate-image\" src=\"https:\/\/ae01.alicdn.com\/kf\/HTB1CB2HdW5s3KVjSZFNq6AD3FXaf.jpg?isfromcopy=1\" \/><\/p>\n<p>&nbsp;<\/p>\n<div style=\"display:flex; gap:10px;justify-content:center\" class=\"wps-pgfw-pdf-generate-icon__wrapper-frontend\">\n\t\t<a  href=\"https:\/\/ikasougou.com\/akamservices\/wp-json\/wp\/v2\/product\/6082?action=genpdf&amp;id=6082\" class=\"pgfw-single-pdf-download-button\" ><img src=\"https:\/\/ikasougou.com\/akamservices\/wp-content\/plugins\/pdf-generator-for-wp\/admin\/src\/images\/PDF_Tray.svg\" title=\"G\u00e9n\u00e9rer un PDF\" style=\"width:auto; height:45px;\"><\/a>\n\t\t<\/div>","protected":false},"excerpt":{"rendered":"<p>Caract\u00e9ristiques: \u00e9clairage tactile modulaire Il s&#8217;agit d&#8217;une applique murale modulaire \u00e0 d\u00e9tection tactile. Utilisez une disquette hexagonale pour cr\u00e9er n&#8217;importe quelle structure en fonction de vos besoins, puis allumez-la et \u00e9teignez-la en la touchant. Bords magn\u00e9tiques Le composant modulaire rapide \u00e9quivaut \u00e0 un syst\u00e8me qui peut facilement s&#8217;adapter \u00e0 n&#8217;importe quelle sc\u00e8ne. Utilisez des bords [&#8230;]\n","protected":false},"featured_media":6083,"comment_status":"open","ping_status":"closed","template":"","meta":{"jetpack_post_was_ever_published":false,"jetpack_publicize_message":"","jetpack_publicize_feature_enabled":true,"jetpack_social_post_already_shared":true,"jetpack_social_options":{"image_generator_settings":{"template":"highway","default_image_id":0,"font":"","enabled":false},"version":2}},"product_brand":[],"product_cat":[23,39],"product_tag":[],"class_list":{"0":"post-6082","1":"product","2":"type-product","3":"status-publish","4":"has-post-thumbnail","6":"product_cat-home","7":"product_cat-lampe","9":"first","10":"instock","11":"shipping-taxable","12":"purchasable","13":"product-type-variable"},"ams_default_variation_id":0,"ams_product_points_reward":[],"ams_product_discount_percentage":0,"ams_price_to_display":25000,"aioseo_notices":[],"ams_acf":[],"jetpack_publicize_connections":[],"jetpack_sharing_enabled":true,"jetpack_likes_enabled":true,"_links":{"self":[{"href":"https:\/\/ikasougou.com\/akamservices\/wp-json\/wp\/v2\/product\/6082","targetHints":{"allow":["GET"]}}],"collection":[{"href":"https:\/\/ikasougou.com\/akamservices\/wp-json\/wp\/v2\/product"}],"about":[{"href":"https:\/\/ikasougou.com\/akamservices\/wp-json\/wp\/v2\/types\/product"}],"replies":[{"embeddable":true,"href":"https:\/\/ikasougou.com\/akamservices\/wp-json\/wp\/v2\/comments?post=6082"}],"wp:featuredmedia":[{"embeddable":true,"href":"https:\/\/ikasougou.com\/akamservices\/wp-json\/wp\/v2\/media\/6083"}],"wp:attachment":[{"href":"https:\/\/ikasougou.com\/akamservices\/wp-json\/wp\/v2\/media?parent=6082"}],"wp:term":[{"taxonomy":"product_brand","embeddable":true,"href":"https:\/\/ikasougou.com\/akamservices\/wp-json\/wp\/v2\/product_brand?post=6082"},{"taxonomy":"product_cat","embeddable":true,"href":"https:\/\/ikasougou.com\/akamservices\/wp-json\/wp\/v2\/product_cat?post=6082"},{"taxonomy":"product_tag","embeddable":true,"href":"https:\/\/ikasougou.com\/akamservices\/wp-json\/wp\/v2\/product_tag?post=6082"}],"curies":[{"name":"wp","href":"https:\/\/api.w.org\/{rel}","templated":true}]}}