{"id":6111,"date":"2020-03-04T01:35:31","date_gmt":"2020-03-04T00:35:31","guid":{"rendered":"https:\/\/ikasougou.com\/akamservices\/?post_type=product&#038;p=6111"},"modified":"2020-03-04T01:36:10","modified_gmt":"2020-03-04T00:36:10","slug":"montre-intelligente-pour-femmes","status":"publish","type":"product","link":"https:\/\/ikasougou.com\/akamservices\/produit\/montre-intelligente-pour-femmes\/","title":{"rendered":"Montre Intelligente pour Femmes"},"content":{"rendered":"<p align=\"center\" data-spm-anchor-id=\"a2g0o.detail.1000023.i0.782325480ruttc\"><strong>H8 mode nouvelle montre intelligente femmes \u00e9tanche surveillance de la fr\u00e9quence cardiaque Bluetooth pour Android IOS Fitness Bracelet Smartwatch<\/strong><\/p>\n<p>&nbsp;<\/p>\n<div>Syst\u00e8me:Version Android 4.4 ou sup\u00e9rieure,Pour iOS syst\u00e8me 8.0 version ou plus<\/div>\n<div><\/div>\n<div>Version Bluetooth: 4.0<\/div>\n<div><\/div>\n<div>Batterie: 120 mAh<\/div>\n<div><\/div>\n<div>Bande: 120-200 MM<\/div>\n<div><\/div>\n<div>Niveau imperm\u00e9able \u00e0 l&#8217;eau:\u00a0IP67<\/div>\n<div><\/div>\n<div>Temps de Charge: 2 heures\u00a0(Veuillez charger compl\u00e8tement puis utiliser le bracelet, sinon cela affectera le temps d&#8217;utilisation du bracelet.)<\/div>\n<div><\/div>\n<div>Fonction:<\/div>\n<div>1. d\u00e9tection de la fr\u00e9quence cardiaque, test de pression art\u00e9rielle.<\/div>\n<div><\/div>\n<div>2. affichage de l&#8217;heure\/horloge, \u00e9tape, calories, distance, sommeil,\u00a0Appareil photo, affichage marche\/arr\u00eat<\/div>\n<div><\/div>\n<div>3. surveillance du sommeil<\/div>\n<div><\/div>\n<div>4. rappel d&#8217;appel\/Message\/r\u00e9veil<\/div>\n<div><\/div>\n<div>5. trouver le t\u00e9l\u00e9phone et trouver le bracelet<\/div>\n<div><\/div>\n<p>&nbsp;<\/p>\n<div>\n<p><img decoding=\"async\" src=\"https:\/\/ae01.alicdn.com\/kf\/HTB1FnbqUAvoK1RjSZFDq6xY3pXa9.jpg\" \/><\/p>\n<p><img decoding=\"async\" src=\"https:\/\/ae01.alicdn.com\/kf\/HTB1u_rDUxYaK1RjSZFnq6y80pXaK.jpg\" \/><\/p>\n<p><img decoding=\"async\" src=\"https:\/\/ae01.alicdn.com\/kf\/HTB1I7rsUsbpK1RjSZFyq6x_qFXaq.jpg\" \/><\/p>\n<p><img decoding=\"async\" src=\"https:\/\/ae01.alicdn.com\/kf\/HTB1ebDBUsfpK1RjSZFOq6y6nFXaO.jpg\" \/><\/p>\n<p><img decoding=\"async\" src=\"https:\/\/ae01.alicdn.com\/kf\/HTB1HLnSUxnaK1RjSZFtq6zC2VXaG.jpg\" \/><\/p>\n<p><img decoding=\"async\" src=\"https:\/\/ae01.alicdn.com\/kf\/HTB1KMzrUpzqK1RjSZFoq6zfcXXaA.jpg\" \/><\/p>\n<p><img decoding=\"async\" src=\"https:\/\/ae01.alicdn.com\/kf\/HTB1XfzSUxnaK1RjSZFtq6zC2VXaT.jpg\" \/><\/p>\n<p><img decoding=\"async\" src=\"https:\/\/ae01.alicdn.com\/kf\/HTB1O7TsUsbpK1RjSZFyq6x_qFXaj.jpg\" \/><\/p>\n<p><img decoding=\"async\" src=\"https:\/\/ae01.alicdn.com\/kf\/HTB1xIbPUxnaK1RjSZFBq6AW7VXaJ.jpg\" data-spm-anchor-id=\"a2g0o.detail.1000023.i1.782325480ruttc\" \/><\/p>\n<\/div>\n<div style=\"display:flex; gap:10px;justify-content:center\" class=\"wps-pgfw-pdf-generate-icon__wrapper-frontend\">\n\t\t<a  href=\"https:\/\/ikasougou.com\/akamservices\/wp-json\/wp\/v2\/product\/6111?action=genpdf&amp;id=6111\" class=\"pgfw-single-pdf-download-button\" ><img src=\"https:\/\/ikasougou.com\/akamservices\/wp-content\/plugins\/pdf-generator-for-wp\/admin\/src\/images\/PDF_Tray.svg\" title=\"G\u00e9n\u00e9rer un PDF\" style=\"width:auto; height:45px;\"><\/a>\n\t\t<\/div>","protected":false},"excerpt":{"rendered":"<p>H8 mode nouvelle montre intelligente femmes \u00e9tanche surveillance de la fr\u00e9quence cardiaque Bluetooth pour Android IOS Fitness Bracelet Smartwatch &nbsp; Syst\u00e8me:Version Android 4.4 ou sup\u00e9rieure,Pour iOS syst\u00e8me 8.0 version ou plus Version Bluetooth: 4.0 Batterie: 120 mAh Bande: 120-200 MM Niveau imperm\u00e9able \u00e0 l&#8217;eau:\u00a0IP67 Temps de Charge: 2 heures\u00a0(Veuillez charger compl\u00e8tement puis utiliser le bracelet, [&#8230;]\n","protected":false},"featured_media":6113,"comment_status":"open","ping_status":"closed","template":"","meta":{"jetpack_post_was_ever_published":false,"jetpack_publicize_message":"Montre Intelligente pour Femmes","jetpack_publicize_feature_enabled":true,"jetpack_social_post_already_shared":true,"jetpack_social_options":{"image_generator_settings":{"template":"highway","default_image_id":0,"font":"","enabled":false},"version":2}},"product_brand":[],"product_cat":[18,28],"product_tag":[],"class_list":{"0":"post-6111","1":"product","2":"type-product","3":"status-publish","4":"has-post-thumbnail","6":"product_cat-hightech","7":"product_cat-high-tech","9":"first","10":"instock","11":"shipping-taxable","12":"purchasable","13":"product-type-variable"},"ams_default_variation_id":0,"ams_product_points_reward":[],"ams_product_discount_percentage":0,"ams_price_to_display":30000,"aioseo_notices":[],"ams_acf":[],"jetpack_publicize_connections":[],"jetpack_sharing_enabled":true,"jetpack_likes_enabled":true,"_links":{"self":[{"href":"https:\/\/ikasougou.com\/akamservices\/wp-json\/wp\/v2\/product\/6111","targetHints":{"allow":["GET"]}}],"collection":[{"href":"https:\/\/ikasougou.com\/akamservices\/wp-json\/wp\/v2\/product"}],"about":[{"href":"https:\/\/ikasougou.com\/akamservices\/wp-json\/wp\/v2\/types\/product"}],"replies":[{"embeddable":true,"href":"https:\/\/ikasougou.com\/akamservices\/wp-json\/wp\/v2\/comments?post=6111"}],"wp:featuredmedia":[{"embeddable":true,"href":"https:\/\/ikasougou.com\/akamservices\/wp-json\/wp\/v2\/media\/6113"}],"wp:attachment":[{"href":"https:\/\/ikasougou.com\/akamservices\/wp-json\/wp\/v2\/media?parent=6111"}],"wp:term":[{"taxonomy":"product_brand","embeddable":true,"href":"https:\/\/ikasougou.com\/akamservices\/wp-json\/wp\/v2\/product_brand?post=6111"},{"taxonomy":"product_cat","embeddable":true,"href":"https:\/\/ikasougou.com\/akamservices\/wp-json\/wp\/v2\/product_cat?post=6111"},{"taxonomy":"product_tag","embeddable":true,"href":"https:\/\/ikasougou.com\/akamservices\/wp-json\/wp\/v2\/product_tag?post=6111"}],"curies":[{"name":"wp","href":"https:\/\/api.w.org\/{rel}","templated":true}]}}