{"id":6125,"date":"2020-03-05T11:38:06","date_gmt":"2020-03-05T10:38:06","guid":{"rendered":"https:\/\/ikasougou.com\/akamservices\/?post_type=product&#038;p=6125"},"modified":"2020-03-05T11:39:46","modified_gmt":"2020-03-05T10:39:46","slug":"ecouteurs-jbl-free-x-veritablement-sans-fil","status":"publish","type":"product","link":"https:\/\/ikasougou.com\/akamservices\/produit\/ecouteurs-jbl-free-x-veritablement-sans-fil\/","title":{"rendered":"\u00c9couteurs JBL Free X v\u00e9ritablement Sans Fil"},"content":{"rendered":"<h1 class=\"feature-title\">V\u00e9ritablement sans fil<\/h1>\n<h3>D\u00e9couvrez la libert\u00e9 d\u2019un mode de vie sans fil, en \u00e9coutant de la musique, en g\u00e9rant vos appels ou en faisant du sport.<\/h3>\n<p><img loading=\"lazy\" decoding=\"async\" class=\"alignnone size-medium wp-image-6126\" src=\"https:\/\/ikasougou.com\/akamservices\/wp-content\/uploads\/sites\/30\/2020\/03\/01-766x400.jpg\" alt=\"\" width=\"766\" height=\"400\" srcset=\"https:\/\/ikasougou.com\/akamservices\/wp-content\/uploads\/sites\/30\/2020\/03\/01-766x400.jpg 766w, https:\/\/ikasougou.com\/akamservices\/wp-content\/uploads\/sites\/30\/2020\/03\/01-768x401.jpg 768w, https:\/\/ikasougou.com\/akamservices\/wp-content\/uploads\/sites\/30\/2020\/03\/01-510x266.jpg 510w, https:\/\/ikasougou.com\/akamservices\/wp-content\/uploads\/sites\/30\/2020\/03\/01.jpg 821w\" sizes=\"auto, (max-width: 766px) 100vw, 766px\" \/><\/p>\n<div class=\"col-xs-12 \" data-modulelayer=\"feature 2.0\">\n<div id=\"heading-SonJBLSignature\" class=\"feature-heading col-xs-4 floated-right-content\">\n<h1 class=\"feature-title\">Son JBL Signature<\/h1>\n<h2>Son JBL Signature dans un format intuitif et intelligent.<\/h2>\n<\/div>\n<\/div>\n<p><img loading=\"lazy\" decoding=\"async\" class=\"alignnone size-medium wp-image-6127\" src=\"https:\/\/ikasougou.com\/akamservices\/wp-content\/uploads\/sites\/30\/2020\/03\/02-800x400.jpg\" alt=\"\" width=\"800\" height=\"400\" srcset=\"https:\/\/ikasougou.com\/akamservices\/wp-content\/uploads\/sites\/30\/2020\/03\/02-800x400.jpg 800w, https:\/\/ikasougou.com\/akamservices\/wp-content\/uploads\/sites\/30\/2020\/03\/02-768x384.jpg 768w, https:\/\/ikasougou.com\/akamservices\/wp-content\/uploads\/sites\/30\/2020\/03\/02-510x255.jpg 510w, https:\/\/ikasougou.com\/akamservices\/wp-content\/uploads\/sites\/30\/2020\/03\/02.jpg 901w\" sizes=\"auto, (max-width: 800px) 100vw, 800px\" \/><\/p>\n<h1 class=\"feature-title\">24\u00a0heures d\u2019\u00e9coute combin\u00e9e<\/h1>\n<h2>Profitez d\u2019une journ\u00e9e compl\u00e8te de son sans fil,<\/h2>\n<h2>avec 4\u00a0heures d\u2019\u00e9coute ininterrompue et<\/h2>\n<h2>20\u00a0heures de batterie de secours avec l&#8217;\u00e9tui de recharge fourni.<\/h2>\n<p><img loading=\"lazy\" decoding=\"async\" class=\"alignnone size-medium wp-image-6128\" src=\"https:\/\/ikasougou.com\/akamservices\/wp-content\/uploads\/sites\/30\/2020\/03\/03-712x400.jpg\" alt=\"\" width=\"712\" height=\"400\" srcset=\"https:\/\/ikasougou.com\/akamservices\/wp-content\/uploads\/sites\/30\/2020\/03\/03-712x400.jpg 712w, https:\/\/ikasougou.com\/akamservices\/wp-content\/uploads\/sites\/30\/2020\/03\/03-768x431.jpg 768w, https:\/\/ikasougou.com\/akamservices\/wp-content\/uploads\/sites\/30\/2020\/03\/03-510x286.jpg 510w, https:\/\/ikasougou.com\/akamservices\/wp-content\/uploads\/sites\/30\/2020\/03\/03.jpg 810w\" sizes=\"auto, (max-width: 712px) 100vw, 712px\" \/><\/p>\n<p><img loading=\"lazy\" decoding=\"async\" class=\"alignnone size-medium wp-image-6129\" src=\"https:\/\/ikasougou.com\/akamservices\/wp-content\/uploads\/sites\/30\/2020\/03\/5-2-800x219.jpg\" alt=\"\" width=\"800\" height=\"219\" srcset=\"https:\/\/ikasougou.com\/akamservices\/wp-content\/uploads\/sites\/30\/2020\/03\/5-2-800x219.jpg 800w, https:\/\/ikasougou.com\/akamservices\/wp-content\/uploads\/sites\/30\/2020\/03\/5-2-768x210.jpg 768w, https:\/\/ikasougou.com\/akamservices\/wp-content\/uploads\/sites\/30\/2020\/03\/5-2-510x139.jpg 510w, https:\/\/ikasougou.com\/akamservices\/wp-content\/uploads\/sites\/30\/2020\/03\/5-2.jpg 1347w\" sizes=\"auto, (max-width: 800px) 100vw, 800px\" \/><\/p>\n<div class=\"col-xs-12 long-description-parent\">\n<div class=\"longDescriptionTitle col-lg-offset-1 col-sm-12 col-md-4 col-lg-3 col-md-offset-1\"><span class=\"FR_videoTitle\">Appels, musique, activit\u00e9s sportives &#8211; \u00e0 vous de choisir. Z\u00e9ro c\u00e2ble.<\/span><\/div>\n<div class=\"long-description col-sm-12 col-md-5 col-lg-6 col-lg-offset-1 col-md-offset-1\">\n<p>JBL Free, les \u00e9couteurs v\u00e9ritablement sans fil vous apportent le son JBL Signature, dans un format non seulement intuitif mais \u00e9galement intelligent. Totalement d\u00e9barrass\u00e9s de c\u00e2bles et faciles \u00e0 utiliser, les \u00e9couteurs JBL Free repr\u00e9sentent des compagnons flexibles pour vos appels, votre musique et vos activit\u00e9s sportives. Vous disposez de 24\u00a0heures d\u2019\u00e9coute combin\u00e9e\u00a0: 4\u00a0heures d\u2019\u00e9coute continue avec vos \u00e9couteurs, et 20\u00a0heures en plus avec l&#8217;\u00e9tui de recharge intelligent. L\u2019ergonomie Comfort Stay Secure Fit, avec 3 tailles d\u2019embouts et 2 tailles de manchons en gel, vous apporte un confort et un maintien sur mesure pour une utilisation active tout au long de la journ\u00e9e. La conception r\u00e9sistante aux projections d\u2019eau certifi\u00e9e IPX5 vous permet d\u2019\u00e9couter sans souci votre musique, au soleil et sous la pluie. Passez \u00e0 une exp\u00e9rience d\u2019\u00e9coute sup\u00e9rieure de trois mani\u00e8res simples\u00a0: (1) utilisez une oreillette pour les appels, (2) utilisez deux oreillettes pour \u00eatre immerg\u00e9(e) dans votre musique et (3) ajoutez les manchons en gel pour un maintien s\u00fbr lors de vos entra\u00eenements sportifs.<\/p>\n<p><img loading=\"lazy\" decoding=\"async\" class=\"alignnone size-medium wp-image-6130\" src=\"https:\/\/ikasougou.com\/akamservices\/wp-content\/uploads\/sites\/30\/2020\/03\/1-1-491x400.jpg\" alt=\"\" width=\"491\" height=\"400\" srcset=\"https:\/\/ikasougou.com\/akamservices\/wp-content\/uploads\/sites\/30\/2020\/03\/1-1-491x400.jpg 491w, https:\/\/ikasougou.com\/akamservices\/wp-content\/uploads\/sites\/30\/2020\/03\/1-1-510x415.jpg 510w, https:\/\/ikasougou.com\/akamservices\/wp-content\/uploads\/sites\/30\/2020\/03\/1-1.jpg 766w\" sizes=\"auto, (max-width: 491px) 100vw, 491px\" \/><\/p>\n<div class=\"row itemNumberWithdoc\">\n<div class=\"product-number \">N\u00b0 d\u2019article <span class=\"itemIdSpec\" data-gtm-vis-recent-on-screen-7462654_62=\"34939\" data-gtm-vis-first-on-screen-7462654_62=\"34939\" data-gtm-vis-total-visible-time-7462654_62=\"2000\" data-gtm-vis-has-fired-7462654_62=\"1\">JBLFREEXBLKBT<\/span><\/div>\n<div class=\"spec-manual hidden-xs\"><\/div>\n<\/div>\n<div class=\"row specs\" aria-multiselectable=\"true\">\n<div class=\"col-sm-6 eachSpec\">\n<div id=\"heading-CaractristiquesGnrales\" class=\"heading\">\n<h4 class=\"title\">Caract\u00e9ristiques G\u00e9n\u00e9rales<\/h4>\n<\/div>\n<div id=\"CaractristiquesGnrales\" class=\"\" aria-labelledby=\"heading-CaractristiquesGnrales\">\n<div class=\"body\">\n<div class=\"row eachLineItem\"><span class=\"col-xs-6\">Poids (g)<\/span> <span class=\"col-xs-5 col-xs-offset-1 rightAlignedItem\">15<\/span><\/div>\n<div class=\"row eachLineItem\"><span class=\"col-xs-6\">Poids (oz)<\/span> <span class=\"col-xs-5 col-xs-offset-1 rightAlignedItem\">0.52<\/span><\/div>\n<div class=\"row eachLineItem\"><span class=\"col-xs-6\">Mat\u00e9riau des embouts<\/span> <span class=\"col-xs-5 col-xs-offset-1 rightAlignedItem\">Silicon<\/span><\/div>\n<div class=\"row eachLineItem\"><span class=\"col-xs-6\">Version du Bluetooth<\/span> <span class=\"col-xs-5 col-xs-offset-1 rightAlignedItem\">4.2<\/span><\/div>\n<\/div>\n<\/div>\n<\/div>\n<div class=\"col-sm-6 eachSpec\">\n<div id=\"heading-CaractristiquesAudio\" class=\"heading\">\n<h4 class=\"title\">Caract\u00e9ristiques Audio<\/h4>\n<\/div>\n<div id=\"CaractristiquesAudio\" class=\"\" aria-labelledby=\"heading-CaractristiquesAudio\">\n<div class=\"body\">\n<div class=\"row eachLineItem\"><span class=\"col-xs-6\">Taille des Hauts-Parleurs (mm)<\/span> <span class=\"col-xs-5 col-xs-offset-1 rightAlignedItem\">5.6<\/span><\/div>\n<div class=\"row eachLineItem\"><span class=\"col-xs-6\">Sensibilit\u00e9 des Haut-Parleurs \u00e0 1kHz \/ 1mW (dB)<\/span> <span class=\"col-xs-5 col-xs-offset-1 rightAlignedItem\">&lt; 9.5dBm<\/span><\/div>\n<div class=\"row eachLineItem\"><span class=\"col-xs-6\">Imp\u00e9dance (ohms)<\/span> <span class=\"col-xs-5 col-xs-offset-1 rightAlignedItem\">16<\/span><\/div>\n<div class=\"row eachLineItem\"><span class=\"col-xs-6\">Nombre de haut-parleurs par oreille<\/span> <span class=\"col-xs-5 col-xs-offset-1 rightAlignedItem\">1<\/span><img loading=\"lazy\" decoding=\"async\" class=\"alignnone size-medium wp-image-6131\" src=\"https:\/\/ikasougou.com\/akamservices\/wp-content\/uploads\/sites\/30\/2020\/03\/2-2-451x400.jpg\" alt=\"\" width=\"451\" height=\"400\" srcset=\"https:\/\/ikasougou.com\/akamservices\/wp-content\/uploads\/sites\/30\/2020\/03\/2-2-451x400.jpg 451w, https:\/\/ikasougou.com\/akamservices\/wp-content\/uploads\/sites\/30\/2020\/03\/2-2-510x453.jpg 510w, https:\/\/ikasougou.com\/akamservices\/wp-content\/uploads\/sites\/30\/2020\/03\/2-2.jpg 710w\" sizes=\"auto, (max-width: 451px) 100vw, 451px\" \/><\/div>\n<\/div>\n<\/div>\n<\/div>\n<div class=\"col-sm-6 eachSpec\">\n<div id=\"heading-Dimensions\" class=\"heading\">\n<h4 class=\"title\">Dimensions<\/h4>\n<\/div>\n<div id=\"Dimensions\" class=\"\" aria-labelledby=\"heading-Dimensions\">\n<div class=\"body\">\n<div class=\"row eachLineItem\"><span class=\"col-xs-6\">Poids (g)<\/span> <span class=\"col-xs-5 col-xs-offset-1 rightAlignedItem\">15<\/span><\/div>\n<div class=\"row eachLineItem\"><span class=\"col-xs-6\">Poids (oz)<\/span> <span class=\"col-xs-5 col-xs-offset-1 rightAlignedItem\">0.52<\/span><\/div>\n<\/div>\n<\/div>\n<\/div>\n<div class=\"col-sm-6 eachSpec\">\n<div id=\"heading-CaractristiquesdeConnexionetCommandes\" class=\"heading\">\n<h4 class=\"title\">Caract\u00e9ristiques de Connexion et Commandes<\/h4>\n<\/div>\n<div id=\"CaractristiquesdeConnexionetCommandes\" class=\"\" aria-labelledby=\"heading-CaractristiquesdeConnexionetCommandes\">\n<div class=\"body\">\n<div class=\"row eachLineItem\"><span class=\"col-xs-6\">Profils Bluetooth<\/span> <span class=\"col-xs-5 col-xs-offset-1 rightAlignedItem\">A2DP V1.3, AVRCP V1.6, HFP V1.6, HSP V1.2<\/span><\/div>\n<div class=\"row eachLineItem\"><span class=\"col-xs-6\">Fr\u00e9quence de l&#8217;\u00e9metteur Bluetooth<\/span> <span class=\"col-xs-5 col-xs-offset-1 rightAlignedItem\">2.402 \u2013 2.480GHz<\/span><\/div>\n<div class=\"row eachLineItem\"><span class=\"col-xs-6\">Modulation de l&#8217;emetteur Bluetooth<\/span> <span class=\"col-xs-5 col-xs-offset-1 rightAlignedItem\">GFSK, \u03c0\/4 DQPSK, 8DPSK<\/span><\/div>\n<div class=\"row eachLineItem\"><span class=\"col-xs-6\">Puissance de l&#8217;\u00e9metteur Bluetooth<\/span> <span class=\"col-xs-5 col-xs-offset-1 rightAlignedItem\">&lt;9.5 dbm<\/span><\/div>\n<\/div>\n<\/div>\n<\/div>\n<div class=\"col-sm-6 eachSpec\">\n<div id=\"heading-Batterie\" class=\"heading\">\n<h4><img loading=\"lazy\" decoding=\"async\" class=\"alignnone size-medium wp-image-6132\" src=\"https:\/\/ikasougou.com\/akamservices\/wp-content\/uploads\/sites\/30\/2020\/03\/3-2-487x400.jpg\" alt=\"\" width=\"487\" height=\"400\" srcset=\"https:\/\/ikasougou.com\/akamservices\/wp-content\/uploads\/sites\/30\/2020\/03\/3-2-487x400.jpg 487w, https:\/\/ikasougou.com\/akamservices\/wp-content\/uploads\/sites\/30\/2020\/03\/3-2-510x419.jpg 510w, https:\/\/ikasougou.com\/akamservices\/wp-content\/uploads\/sites\/30\/2020\/03\/3-2.jpg 761w\" sizes=\"auto, (max-width: 487px) 100vw, 487px\" \/><\/h4>\n<h4 class=\"title\">Batterie<\/h4>\n<\/div>\n<div id=\"Batterie\" class=\"\" aria-labelledby=\"heading-Batterie\">\n<div class=\"body\">\n<div class=\"row eachLineItem\"><span class=\"col-xs-6\">R\u00e9ponse en fr\u00e9quence dynamique (Hz) :<\/span> <span class=\"col-xs-5 col-xs-offset-1 rightAlignedItem\">10Hz \u2013 22kHz<\/span><\/div>\n<div class=\"row eachLineItem\"><span class=\"col-xs-6\">Type de batterie<\/span> <span class=\"col-xs-5 col-xs-offset-1 rightAlignedItem\">Lithium-ion polymer (3.7V, 85mAh)<\/span><\/div>\n<div class=\"row eachLineItem\"><span class=\"col-xs-6\">Temps de charge (heures si vide)<\/span> <span class=\"col-xs-5 col-xs-offset-1 rightAlignedItem\">2<\/span><\/div>\n<div class=\"row eachLineItem\"><span class=\"col-xs-6\">Autonomie en conversation (heures)<\/span> <span class=\"col-xs-5 col-xs-offset-1 rightAlignedItem\">4<\/span><\/div>\n<\/div>\n<div><\/div>\n<\/div>\n<\/div>\n<div class=\"col-sm-6 eachSpec\">\n<div id=\"heading-Fonctionnalits\" class=\"heading\">\n<h4 class=\"title\">Fonctionnalit\u00e9s<\/h4>\n<\/div>\n<div id=\"Fonctionnalits\" class=\"\" aria-labelledby=\"heading-Fonctionnalits\">\n<div class=\"body\">\n<div class=\"row eachLineItem\"><span class=\"col-xs-6\">Bluetooth<\/span> <span class=\"col-xs-5 col-xs-offset-1 rightAlignedItem\">Oui<\/span><\/div>\n<div class=\"row eachLineItem\"><span class=\"col-xs-6\">R\u00e9siste aux \u00e9claboussures<\/span> <span class=\"col-xs-5 col-xs-offset-1 rightAlignedItem\">Oui<\/span><\/div>\n<div class=\"row eachLineItem\"><span class=\"col-xs-6\">Kit mains-libres 1 touche<\/span> <span class=\"col-xs-5 col-xs-offset-1 rightAlignedItem\">Oui<\/span><\/div>\n<div class=\"row eachLineItem\"><span class=\"col-xs-6\">Microphone int\u00e9gr\u00e9<\/span> <span class=\"col-xs-5 col-xs-offset-1 rightAlignedItem\">Oui<\/span><\/div>\n<div class=\"row eachLineItem\"><span class=\"col-xs-6\">\u00c9tui de recharge intelligent<\/span> <span class=\"col-xs-5 col-xs-offset-1 rightAlignedItem\">Oui<\/span><\/div>\n<div class=\"row eachLineItem\"><span class=\"col-xs-6\">Embouts ergonomiques<\/span> <span class=\"col-xs-5 col-xs-offset-1 rightAlignedItem\">Oui<\/span><\/div>\n<div class=\"row eachLineItem\"><span class=\"col-xs-6\">Appels mains-libres<\/span> <span class=\"col-xs-5 col-xs-offset-1 rightAlignedItem\">Oui<\/span><\/div>\n<div class=\"row eachLineItem\"><span class=\"col-xs-6\">\u00c9couteurs intras<\/span> <span class=\"col-xs-5 col-xs-offset-1 rightAlignedItem\">Oui<\/span><\/div>\n<div class=\"row eachLineItem\"><span class=\"col-xs-6\">Son Signature JBL<\/span> <span class=\"col-xs-5 col-xs-offset-1 rightAlignedItem\">Oui<\/span><\/div>\n<div class=\"row eachLineItem\"><span class=\"col-xs-6\">Batterie Rechargeable<\/span> <span class=\"col-xs-5 col-xs-offset-1 rightAlignedItem\">Oui<\/span><\/div>\n<div class=\"row eachLineItem\"><span class=\"col-xs-6\">Supporte Siri et Google Now<\/span> <span class=\"col-xs-5 col-xs-offset-1 rightAlignedItem\">Oui<\/span><\/div>\n<div class=\"row eachLineItem\"><span class=\"col-xs-6\">Ne craint pas la transpiration<\/span> <span class=\"col-xs-5 col-xs-offset-1 rightAlignedItem\">Oui<\/span><\/div>\n<div class=\"row eachLineItem\"><span class=\"col-xs-6\">V\u00e9ritablement sans fil<\/span> <span class=\"col-xs-5 col-xs-offset-1 rightAlignedItem\">Oui<\/span><\/div>\n<\/div>\n<\/div>\n<\/div>\n<\/div>\n<p><img loading=\"lazy\" decoding=\"async\" class=\"alignnone size-medium wp-image-6133\" src=\"https:\/\/ikasougou.com\/akamservices\/wp-content\/uploads\/sites\/30\/2020\/03\/Capture-521x400.jpg\" alt=\"\" width=\"521\" height=\"400\" srcset=\"https:\/\/ikasougou.com\/akamservices\/wp-content\/uploads\/sites\/30\/2020\/03\/Capture-521x400.jpg 521w, https:\/\/ikasougou.com\/akamservices\/wp-content\/uploads\/sites\/30\/2020\/03\/Capture-768x590.jpg 768w, https:\/\/ikasougou.com\/akamservices\/wp-content\/uploads\/sites\/30\/2020\/03\/Capture-510x392.jpg 510w, https:\/\/ikasougou.com\/akamservices\/wp-content\/uploads\/sites\/30\/2020\/03\/Capture.jpg 807w\" sizes=\"auto, (max-width: 521px) 100vw, 521px\" \/><\/p>\n<div class=\"col-sm-4\">\n<ul class=\"bullet whatsInBox\">\n<li>1\u00a0paire d\u2019\u00e9couteurs JBL Free<\/li>\n<li>1\u00a0\u00e9tui de recharge<\/li>\n<li>2\u00a0jeux de manchons en gel (M, L)<\/li>\n<li>3\u00a0paires d&#8217;embouts en silicone (S, M, L)<\/li>\n<li>1\u00a0c\u00e2ble d\u2019alimentation Micro USB<\/li>\n<li>1\u00a0guide de d\u00e9marrage rapide<\/li>\n<li>1\u00a0fiche de s\u00e9curit\u00e9<\/li>\n<li>1\u00a0garantie<\/li>\n<li>1\u00a0fiche d\u2019avertissement<\/li>\n<\/ul>\n<p><img loading=\"lazy\" decoding=\"async\" class=\"alignnone size-medium wp-image-6134\" src=\"https:\/\/ikasougou.com\/akamservices\/wp-content\/uploads\/sites\/30\/2020\/03\/4-2-446x400.jpg\" alt=\"\" width=\"446\" height=\"400\" srcset=\"https:\/\/ikasougou.com\/akamservices\/wp-content\/uploads\/sites\/30\/2020\/03\/4-2-446x400.jpg 446w, https:\/\/ikasougou.com\/akamservices\/wp-content\/uploads\/sites\/30\/2020\/03\/4-2-510x457.jpg 510w, https:\/\/ikasougou.com\/akamservices\/wp-content\/uploads\/sites\/30\/2020\/03\/4-2.jpg 696w\" sizes=\"auto, (max-width: 446px) 100vw, 446px\" \/><\/p>\n<\/div>\n<\/div>\n<\/div>\n<div style=\"display:flex; gap:10px;justify-content:center\" class=\"wps-pgfw-pdf-generate-icon__wrapper-frontend\">\n\t\t<a  href=\"https:\/\/ikasougou.com\/akamservices\/wp-json\/wp\/v2\/product\/6125?action=genpdf&amp;id=6125\" class=\"pgfw-single-pdf-download-button\" ><img src=\"https:\/\/ikasougou.com\/akamservices\/wp-content\/plugins\/pdf-generator-for-wp\/admin\/src\/images\/PDF_Tray.svg\" title=\"G\u00e9n\u00e9rer un PDF\" style=\"width:auto; height:45px;\"><\/a>\n\t\t<\/div>","protected":false},"excerpt":{"rendered":"<p>V\u00e9ritablement sans fil D\u00e9couvrez la libert\u00e9 d\u2019un mode de vie sans fil, en \u00e9coutant de la musique, en g\u00e9rant vos appels ou en faisant du sport. Son JBL Signature Son JBL Signature dans un format intuitif et intelligent. 24\u00a0heures d\u2019\u00e9coute combin\u00e9e Profitez d\u2019une journ\u00e9e compl\u00e8te de son sans fil, avec 4\u00a0heures d\u2019\u00e9coute ininterrompue et 20\u00a0heures [&#8230;]\n","protected":false},"featured_media":6131,"comment_status":"open","ping_status":"closed","template":"","meta":{"jetpack_post_was_ever_published":false,"jetpack_publicize_message":"","jetpack_publicize_feature_enabled":true,"jetpack_social_post_already_shared":true,"jetpack_social_options":{"image_generator_settings":{"template":"highway","default_image_id":0,"font":"","enabled":false},"version":2}},"product_brand":[],"product_cat":[18,19],"product_tag":[],"class_list":{"0":"post-6125","1":"product","2":"type-product","3":"status-publish","4":"has-post-thumbnail","6":"product_cat-hightech","7":"product_cat-multimedia-audio-videos","9":"first","10":"instock","11":"shipping-taxable","12":"purchasable","13":"product-type-simple"},"ams_default_variation_id":0,"ams_product_points_reward":[],"ams_product_discount_percentage":0,"ams_price_to_display":60000,"aioseo_notices":[],"ams_acf":[],"jetpack_publicize_connections":[],"jetpack_sharing_enabled":true,"jetpack_likes_enabled":true,"_links":{"self":[{"href":"https:\/\/ikasougou.com\/akamservices\/wp-json\/wp\/v2\/product\/6125","targetHints":{"allow":["GET"]}}],"collection":[{"href":"https:\/\/ikasougou.com\/akamservices\/wp-json\/wp\/v2\/product"}],"about":[{"href":"https:\/\/ikasougou.com\/akamservices\/wp-json\/wp\/v2\/types\/product"}],"replies":[{"embeddable":true,"href":"https:\/\/ikasougou.com\/akamservices\/wp-json\/wp\/v2\/comments?post=6125"}],"wp:featuredmedia":[{"embeddable":true,"href":"https:\/\/ikasougou.com\/akamservices\/wp-json\/wp\/v2\/media\/6131"}],"wp:attachment":[{"href":"https:\/\/ikasougou.com\/akamservices\/wp-json\/wp\/v2\/media?parent=6125"}],"wp:term":[{"taxonomy":"product_brand","embeddable":true,"href":"https:\/\/ikasougou.com\/akamservices\/wp-json\/wp\/v2\/product_brand?post=6125"},{"taxonomy":"product_cat","embeddable":true,"href":"https:\/\/ikasougou.com\/akamservices\/wp-json\/wp\/v2\/product_cat?post=6125"},{"taxonomy":"product_tag","embeddable":true,"href":"https:\/\/ikasougou.com\/akamservices\/wp-json\/wp\/v2\/product_tag?post=6125"}],"curies":[{"name":"wp","href":"https:\/\/api.w.org\/{rel}","templated":true}]}}