{"id":6254,"date":"2020-08-29T16:59:18","date_gmt":"2020-08-29T14:59:18","guid":{"rendered":"https:\/\/ikasougou.com\/akamservices\/?post_type=product&#038;p=6254"},"modified":"2020-08-29T17:01:28","modified_gmt":"2020-08-29T15:01:28","slug":"jump-force-ps4","status":"publish","type":"product","link":"https:\/\/ikasougou.com\/akamservices\/produit\/jump-force-ps4\/","title":{"rendered":"JUMP FORCE PS4"},"content":{"rendered":"<p>Les h\u00e9ros de manga les plus c\u00e9l\u00e8bres sont projet\u00e9s sur un champ de bataille compl\u00e8tement in\u00e9dit : notre monde. La Jump Force, dont les membres se sont alli\u00e9s pour combattre la plus dangereuse des menaces, sera responsable du destin de toute l\u2019humanit\u00e9.<img loading=\"lazy\" decoding=\"async\" class=\"alignnone size-medium wp-image-6255\" src=\"https:\/\/ikasougou.com\/akamservices\/wp-content\/uploads\/sites\/30\/2020\/08\/8b98880c-3e20-4805-90d3-4bb7d0a3a454-711x400.png\" alt=\"\" width=\"711\" height=\"400\" srcset=\"https:\/\/ikasougou.com\/akamservices\/wp-content\/uploads\/sites\/30\/2020\/08\/8b98880c-3e20-4805-90d3-4bb7d0a3a454-711x400.png 711w, https:\/\/ikasougou.com\/akamservices\/wp-content\/uploads\/sites\/30\/2020\/08\/8b98880c-3e20-4805-90d3-4bb7d0a3a454-1400x788.png 1400w, https:\/\/ikasougou.com\/akamservices\/wp-content\/uploads\/sites\/30\/2020\/08\/8b98880c-3e20-4805-90d3-4bb7d0a3a454-768x432.png 768w, https:\/\/ikasougou.com\/akamservices\/wp-content\/uploads\/sites\/30\/2020\/08\/8b98880c-3e20-4805-90d3-4bb7d0a3a454-1536x864.png 1536w, https:\/\/ikasougou.com\/akamservices\/wp-content\/uploads\/sites\/30\/2020\/08\/8b98880c-3e20-4805-90d3-4bb7d0a3a454-2048x1152.png 2048w, https:\/\/ikasougou.com\/akamservices\/wp-content\/uploads\/sites\/30\/2020\/08\/8b98880c-3e20-4805-90d3-4bb7d0a3a454-510x287.png 510w\" sizes=\"auto, (max-width: 711px) 100vw, 711px\" \/><\/p>\n<p>Cr\u00e9ez votre propre avatar et participez \u00e0 un mode Histoire in\u00e9dit pour combattre aux c\u00f4t\u00e9s des plus puissants h\u00e9ros originaires de diff\u00e9rents mangas, tels que DRAGON BALL Z, ONE PIECE, NARUTO, BLEACH, HUNTER X HUNTER, YU-GI-OH!, YU YU HAKUSHO, SAINT SEIYA et bien d&#8217;autres encore.<\/p>\n<p><img loading=\"lazy\" decoding=\"async\" class=\"alignnone size-medium wp-image-6256\" src=\"https:\/\/ikasougou.com\/akamservices\/wp-content\/uploads\/sites\/30\/2020\/08\/37785.jpeg\" alt=\"\" width=\"590\" height=\"336\" srcset=\"https:\/\/ikasougou.com\/akamservices\/wp-content\/uploads\/sites\/30\/2020\/08\/37785.jpeg 590w, https:\/\/ikasougou.com\/akamservices\/wp-content\/uploads\/sites\/30\/2020\/08\/37785-510x290.jpeg 510w\" sizes=\"auto, (max-width: 590px) 100vw, 590px\" \/><\/p>\n<p>Ou rendez-vous dans le salon en ligne pour affronter d&#8217;autres joueurs et d\u00e9couvrir un tas d&#8217;autres modes et activit\u00e9s.<\/p>\n<p><img loading=\"lazy\" decoding=\"async\" class=\"alignnone size-medium wp-image-6257\" src=\"https:\/\/ikasougou.com\/akamservices\/wp-content\/uploads\/sites\/30\/2020\/08\/92595-313x400.jpg\" alt=\"\" width=\"313\" height=\"400\" srcset=\"https:\/\/ikasougou.com\/akamservices\/wp-content\/uploads\/sites\/30\/2020\/08\/92595-313x400.jpg 313w, https:\/\/ikasougou.com\/akamservices\/wp-content\/uploads\/sites\/30\/2020\/08\/92595.jpg 376w\" sizes=\"auto, (max-width: 313px) 100vw, 313px\" \/><img loading=\"lazy\" decoding=\"async\" class=\"alignnone size-medium wp-image-6258\" src=\"https:\/\/ikasougou.com\/akamservices\/wp-content\/uploads\/sites\/30\/2020\/08\/1550701577-6244-card-711x400.jpg\" alt=\"\" width=\"711\" height=\"400\" srcset=\"https:\/\/ikasougou.com\/akamservices\/wp-content\/uploads\/sites\/30\/2020\/08\/1550701577-6244-card-711x400.jpg 711w, https:\/\/ikasougou.com\/akamservices\/wp-content\/uploads\/sites\/30\/2020\/08\/1550701577-6244-card-510x287.jpg 510w, https:\/\/ikasougou.com\/akamservices\/wp-content\/uploads\/sites\/30\/2020\/08\/1550701577-6244-card.jpg 768w\" sizes=\"auto, (max-width: 711px) 100vw, 711px\" \/><img loading=\"lazy\" decoding=\"async\" class=\"alignnone size-medium wp-image-6259\" src=\"https:\/\/ikasougou.com\/akamservices\/wp-content\/uploads\/sites\/30\/2020\/08\/1550844788-3806-card-711x400.jpg\" alt=\"\" width=\"711\" height=\"400\" srcset=\"https:\/\/ikasougou.com\/akamservices\/wp-content\/uploads\/sites\/30\/2020\/08\/1550844788-3806-card-711x400.jpg 711w, https:\/\/ikasougou.com\/akamservices\/wp-content\/uploads\/sites\/30\/2020\/08\/1550844788-3806-card-510x287.jpg 510w, https:\/\/ikasougou.com\/akamservices\/wp-content\/uploads\/sites\/30\/2020\/08\/1550844788-3806-card.jpg 768w\" sizes=\"auto, (max-width: 711px) 100vw, 711px\" \/><img loading=\"lazy\" decoding=\"async\" class=\"alignnone size-medium wp-image-6260\" src=\"https:\/\/ikasougou.com\/akamservices\/wp-content\/uploads\/sites\/30\/2020\/08\/3391892000399-337x400.jpg\" alt=\"\" width=\"337\" height=\"400\" srcset=\"https:\/\/ikasougou.com\/akamservices\/wp-content\/uploads\/sites\/30\/2020\/08\/3391892000399-337x400.jpg 337w, https:\/\/ikasougou.com\/akamservices\/wp-content\/uploads\/sites\/30\/2020\/08\/3391892000399-674x800.jpg 674w, https:\/\/ikasougou.com\/akamservices\/wp-content\/uploads\/sites\/30\/2020\/08\/3391892000399-768x912.jpg 768w, https:\/\/ikasougou.com\/akamservices\/wp-content\/uploads\/sites\/30\/2020\/08\/3391892000399-1293x1536.jpg 1293w, https:\/\/ikasougou.com\/akamservices\/wp-content\/uploads\/sites\/30\/2020\/08\/3391892000399-1724x2048.jpg 1724w, https:\/\/ikasougou.com\/akamservices\/wp-content\/uploads\/sites\/30\/2020\/08\/3391892000399-510x606.jpg 510w, https:\/\/ikasougou.com\/akamservices\/wp-content\/uploads\/sites\/30\/2020\/08\/3391892000399.jpg 1875w\" sizes=\"auto, (max-width: 337px) 100vw, 337px\" \/><img loading=\"lazy\" decoding=\"async\" class=\"alignnone size-medium wp-image-6261\" src=\"https:\/\/ikasougou.com\/akamservices\/wp-content\/uploads\/sites\/30\/2020\/08\/Dx0v02UXgAAy2C5-400x400.jpg\" alt=\"\" width=\"400\" height=\"400\" srcset=\"https:\/\/ikasougou.com\/akamservices\/wp-content\/uploads\/sites\/30\/2020\/08\/Dx0v02UXgAAy2C5-400x400.jpg 400w, https:\/\/ikasougou.com\/akamservices\/wp-content\/uploads\/sites\/30\/2020\/08\/Dx0v02UXgAAy2C5-800x800.jpg 800w, https:\/\/ikasougou.com\/akamservices\/wp-content\/uploads\/sites\/30\/2020\/08\/Dx0v02UXgAAy2C5-280x280.jpg 280w, https:\/\/ikasougou.com\/akamservices\/wp-content\/uploads\/sites\/30\/2020\/08\/Dx0v02UXgAAy2C5-768x768.jpg 768w, https:\/\/ikasougou.com\/akamservices\/wp-content\/uploads\/sites\/30\/2020\/08\/Dx0v02UXgAAy2C5-510x510.jpg 510w, https:\/\/ikasougou.com\/akamservices\/wp-content\/uploads\/sites\/30\/2020\/08\/Dx0v02UXgAAy2C5-100x100.jpg 100w, https:\/\/ikasougou.com\/akamservices\/wp-content\/uploads\/sites\/30\/2020\/08\/Dx0v02UXgAAy2C5.jpg 1080w\" sizes=\"auto, (max-width: 400px) 100vw, 400px\" \/><img loading=\"lazy\" decoding=\"async\" class=\"alignnone size-medium wp-image-6262\" src=\"https:\/\/ikasougou.com\/akamservices\/wp-content\/uploads\/sites\/30\/2020\/08\/jogo-jump-force-ps4-controle-ps4-preto-original-lacrado-D_NQ_NP_905987-MLB29428982835_022019-F.jpg\" alt=\"\" width=\"600\" height=\"337\" srcset=\"https:\/\/ikasougou.com\/akamservices\/wp-content\/uploads\/sites\/30\/2020\/08\/jogo-jump-force-ps4-controle-ps4-preto-original-lacrado-D_NQ_NP_905987-MLB29428982835_022019-F.jpg 600w, https:\/\/ikasougou.com\/akamservices\/wp-content\/uploads\/sites\/30\/2020\/08\/jogo-jump-force-ps4-controle-ps4-preto-original-lacrado-D_NQ_NP_905987-MLB29428982835_022019-F-510x286.jpg 510w\" sizes=\"auto, (max-width: 600px) 100vw, 600px\" \/><img loading=\"lazy\" decoding=\"async\" class=\"alignnone size-medium wp-image-6263\" src=\"https:\/\/ikasougou.com\/akamservices\/wp-content\/uploads\/sites\/30\/2020\/08\/jump-force-5c71a13c911b1-800x304.jpg\" alt=\"\" width=\"800\" height=\"304\" srcset=\"https:\/\/ikasougou.com\/akamservices\/wp-content\/uploads\/sites\/30\/2020\/08\/jump-force-5c71a13c911b1-800x304.jpg 800w, https:\/\/ikasougou.com\/akamservices\/wp-content\/uploads\/sites\/30\/2020\/08\/jump-force-5c71a13c911b1-768x292.jpg 768w, https:\/\/ikasougou.com\/akamservices\/wp-content\/uploads\/sites\/30\/2020\/08\/jump-force-5c71a13c911b1-510x194.jpg 510w, https:\/\/ikasougou.com\/akamservices\/wp-content\/uploads\/sites\/30\/2020\/08\/jump-force-5c71a13c911b1.jpg 1200w\" sizes=\"auto, (max-width: 800px) 100vw, 800px\" \/><img loading=\"lazy\" decoding=\"async\" class=\"alignnone size-medium wp-image-6264\" src=\"https:\/\/ikasougou.com\/akamservices\/wp-content\/uploads\/sites\/30\/2020\/08\/jump-force-ps4-midia-fisica-pronta-entrega-lacrado-novo-D_NQ_NP_754736-MLB29408194028_022019-F-711x400.jpg\" alt=\"\" width=\"711\" height=\"400\" srcset=\"https:\/\/ikasougou.com\/akamservices\/wp-content\/uploads\/sites\/30\/2020\/08\/jump-force-ps4-midia-fisica-pronta-entrega-lacrado-novo-D_NQ_NP_754736-MLB29408194028_022019-F-711x400.jpg 711w, https:\/\/ikasougou.com\/akamservices\/wp-content\/uploads\/sites\/30\/2020\/08\/jump-force-ps4-midia-fisica-pronta-entrega-lacrado-novo-D_NQ_NP_754736-MLB29408194028_022019-F-768x432.jpg 768w, https:\/\/ikasougou.com\/akamservices\/wp-content\/uploads\/sites\/30\/2020\/08\/jump-force-ps4-midia-fisica-pronta-entrega-lacrado-novo-D_NQ_NP_754736-MLB29408194028_022019-F-510x287.jpg 510w, https:\/\/ikasougou.com\/akamservices\/wp-content\/uploads\/sites\/30\/2020\/08\/jump-force-ps4-midia-fisica-pronta-entrega-lacrado-novo-D_NQ_NP_754736-MLB29408194028_022019-F.jpg 1200w\" sizes=\"auto, (max-width: 711px) 100vw, 711px\" \/><img loading=\"lazy\" decoding=\"async\" class=\"alignnone size-medium wp-image-6265\" src=\"https:\/\/ikasougou.com\/akamservices\/wp-content\/uploads\/sites\/30\/2020\/08\/Screenshot_20190206-1219161-711x400.png\" alt=\"\" width=\"711\" height=\"400\" srcset=\"https:\/\/ikasougou.com\/akamservices\/wp-content\/uploads\/sites\/30\/2020\/08\/Screenshot_20190206-1219161-711x400.png 711w, https:\/\/ikasougou.com\/akamservices\/wp-content\/uploads\/sites\/30\/2020\/08\/Screenshot_20190206-1219161-768x432.png 768w, https:\/\/ikasougou.com\/akamservices\/wp-content\/uploads\/sites\/30\/2020\/08\/Screenshot_20190206-1219161-510x287.png 510w, https:\/\/ikasougou.com\/akamservices\/wp-content\/uploads\/sites\/30\/2020\/08\/Screenshot_20190206-1219161.png 1280w\" sizes=\"auto, (max-width: 711px) 100vw, 711px\" \/><img loading=\"lazy\" decoding=\"async\" class=\"alignnone size-medium wp-image-6266\" src=\"https:\/\/ikasougou.com\/akamservices\/wp-content\/uploads\/sites\/30\/2020\/08\/unnamed-303x400.jpg\" alt=\"\" width=\"303\" height=\"400\" srcset=\"https:\/\/ikasougou.com\/akamservices\/wp-content\/uploads\/sites\/30\/2020\/08\/unnamed-303x400.jpg 303w, https:\/\/ikasougou.com\/akamservices\/wp-content\/uploads\/sites\/30\/2020\/08\/unnamed.jpg 388w\" sizes=\"auto, (max-width: 303px) 100vw, 303px\" \/><img loading=\"lazy\" decoding=\"async\" class=\"alignnone size-medium wp-image-6267\" src=\"https:\/\/ikasougou.com\/akamservices\/wp-content\/uploads\/sites\/30\/2020\/08\/vegeta-750x400.png\" alt=\"\" width=\"750\" height=\"400\" srcset=\"https:\/\/ikasougou.com\/akamservices\/wp-content\/uploads\/sites\/30\/2020\/08\/vegeta-750x400.png 750w, https:\/\/ikasougou.com\/akamservices\/wp-content\/uploads\/sites\/30\/2020\/08\/vegeta-768x409.png 768w, https:\/\/ikasougou.com\/akamservices\/wp-content\/uploads\/sites\/30\/2020\/08\/vegeta-510x272.png 510w, https:\/\/ikasougou.com\/akamservices\/wp-content\/uploads\/sites\/30\/2020\/08\/vegeta.png 1000w\" sizes=\"auto, (max-width: 750px) 100vw, 750px\" \/><\/p>\n<div style=\"display:flex; gap:10px;justify-content:center\" class=\"wps-pgfw-pdf-generate-icon__wrapper-frontend\">\n\t\t<a  href=\"https:\/\/ikasougou.com\/akamservices\/wp-json\/wp\/v2\/product\/6254?action=genpdf&amp;id=6254\" class=\"pgfw-single-pdf-download-button\" ><img src=\"https:\/\/ikasougou.com\/akamservices\/wp-content\/plugins\/pdf-generator-for-wp\/admin\/src\/images\/PDF_Tray.svg\" title=\"G\u00e9n\u00e9rer un PDF\" style=\"width:auto; height:45px;\"><\/a>\n\t\t<\/div>","protected":false},"excerpt":{"rendered":"<p>https:\/\/www.youtube.com\/watch?v=e3Hm13IinuQ<\/p>\n","protected":false},"featured_media":6270,"comment_status":"open","ping_status":"closed","template":"","meta":{"jetpack_post_was_ever_published":false,"jetpack_publicize_message":"","jetpack_publicize_feature_enabled":true,"jetpack_social_post_already_shared":true,"jetpack_social_options":{"image_generator_settings":{"template":"highway","default_image_id":0,"font":"","enabled":false},"version":2}},"product_brand":[],"product_cat":[18,27],"product_tag":[],"class_list":{"0":"post-6254","1":"product","2":"type-product","3":"status-publish","4":"has-post-thumbnail","6":"product_cat-hightech","7":"product_cat-jeuxvideos","9":"first","10":"instock","11":"sale","12":"shipping-taxable","13":"purchasable","14":"product-type-simple"},"ams_default_variation_id":0,"ams_product_points_reward":[],"ams_product_discount_percentage":11.11,"ams_price_to_display":40000,"aioseo_notices":[],"ams_acf":[],"jetpack_publicize_connections":[],"jetpack_sharing_enabled":true,"jetpack_likes_enabled":true,"_links":{"self":[{"href":"https:\/\/ikasougou.com\/akamservices\/wp-json\/wp\/v2\/product\/6254","targetHints":{"allow":["GET"]}}],"collection":[{"href":"https:\/\/ikasougou.com\/akamservices\/wp-json\/wp\/v2\/product"}],"about":[{"href":"https:\/\/ikasougou.com\/akamservices\/wp-json\/wp\/v2\/types\/product"}],"replies":[{"embeddable":true,"href":"https:\/\/ikasougou.com\/akamservices\/wp-json\/wp\/v2\/comments?post=6254"}],"wp:featuredmedia":[{"embeddable":true,"href":"https:\/\/ikasougou.com\/akamservices\/wp-json\/wp\/v2\/media\/6270"}],"wp:attachment":[{"href":"https:\/\/ikasougou.com\/akamservices\/wp-json\/wp\/v2\/media?parent=6254"}],"wp:term":[{"taxonomy":"product_brand","embeddable":true,"href":"https:\/\/ikasougou.com\/akamservices\/wp-json\/wp\/v2\/product_brand?post=6254"},{"taxonomy":"product_cat","embeddable":true,"href":"https:\/\/ikasougou.com\/akamservices\/wp-json\/wp\/v2\/product_cat?post=6254"},{"taxonomy":"product_tag","embeddable":true,"href":"https:\/\/ikasougou.com\/akamservices\/wp-json\/wp\/v2\/product_tag?post=6254"}],"curies":[{"name":"wp","href":"https:\/\/api.w.org\/{rel}","templated":true}]}}