{"id":6271,"date":"2020-08-29T17:51:29","date_gmt":"2020-08-29T15:51:29","guid":{"rendered":"https:\/\/ikasougou.com\/akamservices\/?post_type=product&#038;p=6271"},"modified":"2025-06-11T21:28:05","modified_gmt":"2025-06-11T19:28:05","slug":"dragon-ball-z-kakarot-ps4","status":"publish","type":"product","link":"https:\/\/ikasougou.com\/akamservices\/produit\/dragon-ball-z-kakarot-ps4\/","title":{"rendered":"Dragon Ball Z: Kakarot PS4"},"content":{"rendered":"<p>D\u00e9couvrez ou red\u00e9couvrez l&#8217;univers et l&#8217;histoire de Dragon Ball Z en revivant tous les moments \u00e9pique de la saga, de l&#8217;arriv\u00e9e de Raditz jusqu&#8217;\u00e0 l&#8217;affrontement final contre Boo. Profitez d&#8217;\u00e9v\u00e9nements jamais vu dans la s\u00e9rie ainsi que de nombreuses qu\u00eates secondaires divertissantes.<\/p>\n<p><img loading=\"lazy\" decoding=\"async\" class=\"alignnone size-medium wp-image-6272\" src=\"https:\/\/ikasougou.com\/akamservices\/wp-content\/uploads\/sites\/30\/2020\/08\/14929371987998-400x400.jpg\" alt=\"\" width=\"400\" height=\"400\" srcset=\"https:\/\/ikasougou.com\/akamservices\/wp-content\/uploads\/sites\/30\/2020\/08\/14929371987998-400x400.jpg 400w, https:\/\/ikasougou.com\/akamservices\/wp-content\/uploads\/sites\/30\/2020\/08\/14929371987998-280x280.jpg 280w, https:\/\/ikasougou.com\/akamservices\/wp-content\/uploads\/sites\/30\/2020\/08\/14929371987998-100x100.jpg 100w, https:\/\/ikasougou.com\/akamservices\/wp-content\/uploads\/sites\/30\/2020\/08\/14929371987998.jpg 468w\" sizes=\"auto, (max-width: 400px) 100vw, 400px\" \/><\/p>\n<figure id=\"attachment_6277\" aria-describedby=\"caption-attachment-6277\" style=\"width: 559px\" class=\"wp-caption alignnone\"><img loading=\"lazy\" decoding=\"async\" class=\"size-medium wp-image-6277\" src=\"https:\/\/ikasougou.com\/akamservices\/wp-content\/uploads\/sites\/30\/2020\/08\/1246965-dragon-ball-z-kakarot-20200125121001-article_m-2.jpg\" alt=\"\" width=\"559\" height=\"314\" srcset=\"https:\/\/ikasougou.com\/akamservices\/wp-content\/uploads\/sites\/30\/2020\/08\/1246965-dragon-ball-z-kakarot-20200125121001-article_m-2.jpg 559w, https:\/\/ikasougou.com\/akamservices\/wp-content\/uploads\/sites\/30\/2020\/08\/1246965-dragon-ball-z-kakarot-20200125121001-article_m-2-510x286.jpg 510w\" sizes=\"auto, (max-width: 559px) 100vw, 559px\" \/><figcaption id=\"caption-attachment-6277\" class=\"wp-caption-text\">DRAGON BALL Z: KAKAROT_20200125121001<\/figcaption><\/figure>\n<p><img loading=\"lazy\" decoding=\"async\" class=\"alignnone size-medium wp-image-6278\" src=\"https:\/\/ikasougou.com\/akamservices\/wp-content\/uploads\/sites\/30\/2020\/08\/maxresdefault-711x400.jpg\" alt=\"\" width=\"711\" height=\"400\" srcset=\"https:\/\/ikasougou.com\/akamservices\/wp-content\/uploads\/sites\/30\/2020\/08\/maxresdefault-711x400.jpg 711w, https:\/\/ikasougou.com\/akamservices\/wp-content\/uploads\/sites\/30\/2020\/08\/maxresdefault-768x432.jpg 768w, https:\/\/ikasougou.com\/akamservices\/wp-content\/uploads\/sites\/30\/2020\/08\/maxresdefault-510x287.jpg 510w, https:\/\/ikasougou.com\/akamservices\/wp-content\/uploads\/sites\/30\/2020\/08\/maxresdefault.jpg 1280w\" sizes=\"auto, (max-width: 711px) 100vw, 711px\" \/><\/p>\n<p>Participez \u00e0 des combats embl\u00e9matiques \u00e0 une \u00e9chelle encore in\u00e9gal\u00e9e. Combattez sur de vaste zones de bataille enti\u00e8rement destructibles et d\u00e9passez vos limites en affrontant des boss lors de duel h\u00e9roiques. Augmentez sans cesse votre niveau de puissance et relevez de grands d\u00e9fis !<\/p>\n<p><img loading=\"lazy\" decoding=\"async\" class=\"alignnone size-medium wp-image-6275\" src=\"https:\/\/ikasougou.com\/akamservices\/wp-content\/uploads\/sites\/30\/2020\/08\/14930045075486-400x400.jpg\" alt=\"\" width=\"400\" height=\"400\" srcset=\"https:\/\/ikasougou.com\/akamservices\/wp-content\/uploads\/sites\/30\/2020\/08\/14930045075486-400x400.jpg 400w, https:\/\/ikasougou.com\/akamservices\/wp-content\/uploads\/sites\/30\/2020\/08\/14930045075486-280x280.jpg 280w, https:\/\/ikasougou.com\/akamservices\/wp-content\/uploads\/sites\/30\/2020\/08\/14930045075486-100x100.jpg 100w, https:\/\/ikasougou.com\/akamservices\/wp-content\/uploads\/sites\/30\/2020\/08\/14930045075486.jpg 468w\" sizes=\"auto, (max-width: 400px) 100vw, 400px\" \/><img loading=\"lazy\" decoding=\"async\" class=\"alignnone size-medium wp-image-6273\" src=\"https:\/\/ikasougou.com\/akamservices\/wp-content\/uploads\/sites\/30\/2020\/08\/14930039734302-400x400.jpg\" alt=\"\" width=\"400\" height=\"400\" srcset=\"https:\/\/ikasougou.com\/akamservices\/wp-content\/uploads\/sites\/30\/2020\/08\/14930039734302-400x400.jpg 400w, https:\/\/ikasougou.com\/akamservices\/wp-content\/uploads\/sites\/30\/2020\/08\/14930039734302-280x280.jpg 280w, https:\/\/ikasougou.com\/akamservices\/wp-content\/uploads\/sites\/30\/2020\/08\/14930039734302-100x100.jpg 100w, https:\/\/ikasougou.com\/akamservices\/wp-content\/uploads\/sites\/30\/2020\/08\/14930039734302.jpg 468w\" sizes=\"auto, (max-width: 400px) 100vw, 400px\" \/><\/p>\n<p>Ne combattez pas seulement comme les super guerriers, vivez comme eux ! Mangez, p\u00eachez, volez, entra\u00eenez-vous et combattez, tout en vous faisant des amis et en nouant des relations avec de multiples personnages, dans ce monde ouvert immense, qui vous offre des possibilit\u00e9s d&#8217;aventures infinies.<\/p>\n<p><img loading=\"lazy\" decoding=\"async\" class=\"alignnone size-medium wp-image-6274\" src=\"https:\/\/ikasougou.com\/akamservices\/wp-content\/uploads\/sites\/30\/2020\/08\/14930042978334-400x400.jpg\" alt=\"\" width=\"400\" height=\"400\" srcset=\"https:\/\/ikasougou.com\/akamservices\/wp-content\/uploads\/sites\/30\/2020\/08\/14930042978334-400x400.jpg 400w, https:\/\/ikasougou.com\/akamservices\/wp-content\/uploads\/sites\/30\/2020\/08\/14930042978334-280x280.jpg 280w, https:\/\/ikasougou.com\/akamservices\/wp-content\/uploads\/sites\/30\/2020\/08\/14930042978334-100x100.jpg 100w, https:\/\/ikasougou.com\/akamservices\/wp-content\/uploads\/sites\/30\/2020\/08\/14930042978334.jpg 468w\" sizes=\"auto, (max-width: 400px) 100vw, 400px\" \/><\/p>\n<p><strong>D\u00e9couvrez la bande annonce du jeu Dragon Ball Z: Kakarot :<\/strong><\/p>\n<p><span class=\"embed-youtube\" style=\"text-align:center; display: block;\"><iframe loading=\"lazy\" class=\"youtube-player\" width=\"1020\" height=\"574\" src=\"https:\/\/www.youtube.com\/embed\/Bf85wwJuFBE?version=3&#038;rel=1&#038;showsearch=0&#038;showinfo=1&#038;iv_load_policy=1&#038;fs=1&#038;hl=fr-FR&#038;autohide=2&#038;wmode=transparent\" allowfullscreen=\"true\" style=\"border:0;\" sandbox=\"allow-scripts allow-same-origin allow-popups allow-presentation allow-popups-to-escape-sandbox\"><\/iframe><\/span><\/p>\n<div style=\"display:flex; gap:10px;justify-content:center\" class=\"wps-pgfw-pdf-generate-icon__wrapper-frontend\">\n\t\t<a  href=\"https:\/\/ikasougou.com\/akamservices\/wp-json\/wp\/v2\/product\/6271?action=genpdf&amp;id=6271\" class=\"pgfw-single-pdf-download-button\" ><img src=\"https:\/\/ikasougou.com\/akamservices\/wp-content\/plugins\/pdf-generator-for-wp\/admin\/src\/images\/PDF_Tray.svg\" title=\"G\u00e9n\u00e9rer un PDF\" style=\"width:auto; height:45px;\"><\/a>\n\t\t<\/div>","protected":false},"excerpt":{"rendered":"<p>D\u00e9couvrez ou red\u00e9couvrez l&#8217;univers et l&#8217;histoire de Dragon Ball Z en revivant tous les moments \u00e9pique de la saga, de l&#8217;arriv\u00e9e de Raditz jusqu&#8217;\u00e0 l&#8217;affrontement final contre Boo. Profitez d&#8217;\u00e9v\u00e9nements jamais vu dans la s\u00e9rie ainsi que de nombreuses qu\u00eates secondaires divertissantes. Participez \u00e0 des combats embl\u00e9matiques \u00e0 une \u00e9chelle encore in\u00e9gal\u00e9e. Combattez sur de [&#8230;]\n","protected":false},"featured_media":6276,"comment_status":"open","ping_status":"closed","template":"","meta":{"jetpack_post_was_ever_published":false,"jetpack_publicize_message":"","jetpack_publicize_feature_enabled":true,"jetpack_social_post_already_shared":true,"jetpack_social_options":{"image_generator_settings":{"template":"highway","default_image_id":0,"font":"","enabled":false},"version":2}},"product_brand":[],"product_cat":[18,27],"product_tag":[],"class_list":{"0":"post-6271","1":"product","2":"type-product","3":"status-publish","4":"has-post-thumbnail","6":"product_cat-hightech","7":"product_cat-jeuxvideos","9":"first","10":"instock","11":"sale","12":"shipping-taxable","13":"purchasable","14":"product-type-simple"},"ams_default_variation_id":0,"ams_product_points_reward":[],"ams_product_discount_percentage":11.11,"ams_price_to_display":40000,"aioseo_notices":[],"ams_acf":[],"jetpack_publicize_connections":[],"jetpack_sharing_enabled":true,"jetpack_likes_enabled":true,"_links":{"self":[{"href":"https:\/\/ikasougou.com\/akamservices\/wp-json\/wp\/v2\/product\/6271","targetHints":{"allow":["GET"]}}],"collection":[{"href":"https:\/\/ikasougou.com\/akamservices\/wp-json\/wp\/v2\/product"}],"about":[{"href":"https:\/\/ikasougou.com\/akamservices\/wp-json\/wp\/v2\/types\/product"}],"replies":[{"embeddable":true,"href":"https:\/\/ikasougou.com\/akamservices\/wp-json\/wp\/v2\/comments?post=6271"}],"wp:featuredmedia":[{"embeddable":true,"href":"https:\/\/ikasougou.com\/akamservices\/wp-json\/wp\/v2\/media\/6276"}],"wp:attachment":[{"href":"https:\/\/ikasougou.com\/akamservices\/wp-json\/wp\/v2\/media?parent=6271"}],"wp:term":[{"taxonomy":"product_brand","embeddable":true,"href":"https:\/\/ikasougou.com\/akamservices\/wp-json\/wp\/v2\/product_brand?post=6271"},{"taxonomy":"product_cat","embeddable":true,"href":"https:\/\/ikasougou.com\/akamservices\/wp-json\/wp\/v2\/product_cat?post=6271"},{"taxonomy":"product_tag","embeddable":true,"href":"https:\/\/ikasougou.com\/akamservices\/wp-json\/wp\/v2\/product_tag?post=6271"}],"curies":[{"name":"wp","href":"https:\/\/api.w.org\/{rel}","templated":true}]}}