{"id":6322,"date":"2020-10-06T16:26:59","date_gmt":"2020-10-06T14:26:59","guid":{"rendered":"https:\/\/ikasougou.com\/akamservices\/?post_type=product&#038;p=6322"},"modified":"2020-10-06T16:30:00","modified_gmt":"2020-10-06T14:30:00","slug":"fifa-21-ps4-version-ps5-incluse","status":"publish","type":"product","link":"https:\/\/ikasougou.com\/akamservices\/produit\/fifa-21-ps4-version-ps5-incluse\/","title":{"rendered":"FIFA 21 PS4 &#8211; Version PS5 incluse"},"content":{"rendered":"<p><img loading=\"lazy\" decoding=\"async\" class=\"alignnone size-medium wp-image-6324\" src=\"https:\/\/ikasougou.com\/akamservices\/wp-content\/uploads\/sites\/30\/2020\/10\/fifa-21-champions-edition-ps4-arabic-english-a-tunis-400x400.png\" alt=\"\" width=\"400\" height=\"400\" srcset=\"https:\/\/ikasougou.com\/akamservices\/wp-content\/uploads\/sites\/30\/2020\/10\/fifa-21-champions-edition-ps4-arabic-english-a-tunis-400x400.png 400w, https:\/\/ikasougou.com\/akamservices\/wp-content\/uploads\/sites\/30\/2020\/10\/fifa-21-champions-edition-ps4-arabic-english-a-tunis-280x280.png 280w, https:\/\/ikasougou.com\/akamservices\/wp-content\/uploads\/sites\/30\/2020\/10\/fifa-21-champions-edition-ps4-arabic-english-a-tunis-100x100.png 100w, https:\/\/ikasougou.com\/akamservices\/wp-content\/uploads\/sites\/30\/2020\/10\/fifa-21-champions-edition-ps4-arabic-english-a-tunis.png 458w\" sizes=\"auto, (max-width: 400px) 100vw, 400px\" \/><br \/>\nGAGNER ENSEMBLE dans EA SPORTS\u2122 FIFA 21 sur PlayStation?4, Xbox One et PC avec de nouvelles fa\u00e7ons de s\u2019associer et de s\u2019exprimer dans les rues et dans les stades. Gr\u00e2ce \u00e0 la technologie Frostbite\u2122, FIFA 21 rehausse le niveau de jeu avec de nouvelles fonctionnalit\u00e9s qui vous permettent de d\u00e9crocher d\u2019encore plus belles victoires ensemble dans VOLTA FOOTBALL et FIFA Ultimate Team\u2122. D\u00e9couvrez une jouabilit\u00e9 encore plus r\u00e9aliste qui vous r\u00e9compense pour votre cr\u00e9ativit\u00e9 et votre ma\u00eetrise, g\u00e9rez chaque moment du mode Carri\u00e8re et profitez d\u2019une authenticit\u00e9 sans pr\u00e9c\u00e9dent pour vivre de nombreuses \u00e9motions au c\u0153ur du Jeu universel.<\/p>\n<p><img loading=\"lazy\" decoding=\"async\" class=\"alignnone size-medium wp-image-6334\" src=\"https:\/\/ikasougou.com\/akamservices\/wp-content\/uploads\/sites\/30\/2020\/10\/std-400x400.jpg\" alt=\"\" width=\"400\" height=\"400\" srcset=\"https:\/\/ikasougou.com\/akamservices\/wp-content\/uploads\/sites\/30\/2020\/10\/std-400x400.jpg 400w, https:\/\/ikasougou.com\/akamservices\/wp-content\/uploads\/sites\/30\/2020\/10\/std-280x280.jpg 280w, https:\/\/ikasougou.com\/akamservices\/wp-content\/uploads\/sites\/30\/2020\/10\/std-510x510.jpg 510w, https:\/\/ikasougou.com\/akamservices\/wp-content\/uploads\/sites\/30\/2020\/10\/std-100x100.jpg 100w, https:\/\/ikasougou.com\/akamservices\/wp-content\/uploads\/sites\/30\/2020\/10\/std.jpg 600w\" sizes=\"auto, (max-width: 400px) 100vw, 400px\" \/><\/p>\n<p><b>JOUABILIT\u00c9<\/b><br \/>\nCr\u00e9ez-vous plus d\u2019occasions de but que jamais avec les tout nouveaux syst\u00e8mes offensifs dynamiques mis au service de la jouabilit\u00e9 FIFA la plus intelligente \u00e0 ce jour.<br \/>\nAvec FIFA 21, l\u2019intelligence des joueurs et leurs prises de d\u00e9cisions progressent \u00e0 des niveaux encore jamais atteints, \u00e0 la fois avec et sans le ballon, ce qui entra\u00eene des d\u00e9placements plus r\u00e9alistes et plus avis\u00e9s, des duels plus intenses et une exp\u00e9rience de jeu ultra-r\u00e9aliste qui vient r\u00e9compenser la cr\u00e9ativit\u00e9 et la ma\u00eetrise partout sur le terrain.<br \/>\nDribbles Fins &#8211; Dans le football, les situations de un-contre-un peuvent mener \u00e0 des occasions de buts qui font parfois basculer le cours d\u2019un match. Dans FIFA 21, le nouveau syst\u00e8me de Dribbles Fins met davantage d\u2019outils \u00e0 votre disposition pour d\u00e9fier un adversaire. La rapidit\u00e9 du jeu de jambes permet d\u2019avoir une plus grande ma\u00eetrise et une meilleure r\u00e9activit\u00e9 balle au pied afin de vous cr\u00e9er des espaces lors des un-contre-un.<br \/>\nGr\u00e2ce \u00e0 de nouveaux gestes techniques comme le grand pont et les feintes de r\u00e2teaux, vous pouvez donner le tournis \u00e0 vos adversaires.<\/p>\n<p><img loading=\"lazy\" decoding=\"async\" class=\"alignnone size-medium wp-image-6333\" src=\"https:\/\/ikasougou.com\/akamservices\/wp-content\/uploads\/sites\/30\/2020\/10\/indexfifa21.jpg\" alt=\"\" width=\"200\" height=\"251\" \/><\/p>\n<p>Personnalisation du Placement &#8211; \u00catre au bon endroit au bon moment pour recevoir le ballon, s\u2019avancer pour effectuer une interception d\u00e9cisive ou effectuer le tacle de la derni\u00e8re chance pour \u00e9viter de conc\u00e9der un but, voil\u00e0 ce qui fait la diff\u00e9rence entre les bons joueurs et les tout meilleurs. Dans FIFA 21, la Personnalisation du Placement \u00e9l\u00e8ve encore plus l\u2019intelligence de jeu pour la rendre encore plus r\u00e9aliste avec une meilleure analyse du temps et de l\u2019espace. Ainsi, les meilleurs joueurs peuvent anticiper, se d\u00e9placer plus intelligemment sur le terrain et optimiser leur placement. Les attaquants de classe internationale temporiseront dans leurs appels de balle pour s\u2019aligner sur le dernier d\u00e9fenseur afin d\u2019\u00e9viter d\u2019\u00eatre hors-jeu, les meneurs de jeu chercheront \u00e0 exploiter les espaces entre les lignes alors que les meilleurs d\u00e9fenseurs tenteront de couper les trajectoires de passes pour g\u00eaner la construction du jeu adverse.<br \/>\nCourses Cr\u00e9atives &#8211; De nouvelles options pour influencer le comportement de votre \u00e9quipe sans le ballon r\u00e9volutionne la construction offensive dans FIFA 21 pour vous offrir une plus grande diversit\u00e9 face \u00e0 la d\u00e9fense adverse :<br \/>\nCourses Dirig\u00e9es &#8211; Contr\u00f4lez enti\u00e8rement la direction des courses de vos co\u00e9quipiers en orientant le joystick droit apr\u00e8s avoir d\u00e9clench\u00e9 une course.<br \/>\nPasse et Va Dirig\u00e9 &#8211; D\u00e9cidez de la direction prise par votre co\u00e9quipier apr\u00e8s sa passe en orientant imm\u00e9diatement le joystick droit dans la direction d\u00e9sir\u00e9e.<br \/>\nVerrouillage de Joueur &#8211; Appuyez sur les deux joysticks pour \u00eatre verrouill\u00e9 sur votre joueur actuel lors des phases offensives. Pour une plus grande ma\u00eetrise, orientez le joystick droit pour vous d\u00e9solidariser du joueur verrouill\u00e9 et contr\u00f4ler les mouvements de votre co\u00e9quipier avant de lui redemander le ballon.<br \/>\nSyst\u00e8me de Collisions naturel &#8211; Un nouveau syst\u00e8me de mouvements et de collisions, totalement repens\u00e9 avec de nouvelles animations, permet de cr\u00e9er des interactions plus fluides entre les joueurs dans toutes les zones du terrain. Dans FIFA 21, les moments cl\u00e9s d\u2019un match, comme les combats acharn\u00e9s dans la surface, la lutte pour la possession du ballon au milieu de terrain ou encore les duels offensifs, vous para\u00eetront encore plus fluides avec des comportements plus naturels dans la conqu\u00eate du ballon.<\/p>\n<p><img loading=\"lazy\" decoding=\"async\" class=\"alignnone size-medium wp-image-6332\" src=\"https:\/\/ikasougou.com\/akamservices\/wp-content\/uploads\/sites\/30\/2020\/10\/index-1.jpg\" alt=\"\" width=\"201\" height=\"251\" \/><br \/>\nMode Comp\u00e9titeur &#8211; Calqu\u00e9 sur le style de jeu des meilleurs joueurs de FIFA au monde, le mode Comp\u00e9titeur offre une plus grande ma\u00eetrise \u00e0 votre adversaire dans les gestes techniques, les types de dribbles et la tactique afin de vous proposer un niveau de jeu plus relev\u00e9 et digne des difficult\u00e9s L\u00e9gendaire et Ultime.<br \/>\nFondamentaux du football &#8211; S\u2019appuyant sur les commentaires de la Communaut\u00e9, la refonte des fondamentaux du football dans FIFA rehausse le niveau de jeu sur le terrain :<br \/>\nPasses &#8211; Gr\u00e2ce \u00e0 une meilleure perception des espaces et du placement de l\u2019adversaire, les joueurs font preuve d\u2019une plus grande intelligence dans leur jeu de passes.<br \/>\nContres &#8211; Avec le nouveau syst\u00e8me de contres de FIFA 21, l\u2019issue des ballons contr\u00e9s par les d\u00e9fenseurs sur les tirs et les centres est plus \u00e9quilibr\u00e9e.<br \/>\nR\u00e9activit\u00e9 &#8211; Gr\u00e2ce \u00e0 des temps de r\u00e9action plus courts, les joueurs sont plus vifs et parviennent mieux \u00e0 se sortir du pressing adverse.<br \/>\nT\u00eates Manuelles &#8211; B\u00e9n\u00e9ficiez d\u2019un contr\u00f4le total sur les t\u00eates et les remises de la t\u00eate avec un syst\u00e8me manuel qui vous permet de placer le ballon exactement o\u00f9 vous voulez.<\/p>\n<p><img loading=\"lazy\" decoding=\"async\" class=\"alignnone size-medium wp-image-6331\" src=\"https:\/\/ikasougou.com\/akamservices\/wp-content\/uploads\/sites\/30\/2020\/10\/FIFA-21-PS406.jpg\" alt=\"\" width=\"500\" height=\"281\" \/><\/p>\n<p><b>MODE CARRI\u00c8RE <\/b><br \/>\nG\u00e9rez chaque moment dans le mode Carri\u00e8re de FIFA 21 avec des innovations qui renforceront la richesse et la profondeur des matchs, des transferts et de l\u2019entra\u00eenement afin de vous donner encore plus de ma\u00eetrise pour faire triompher votre \u00e9quipe et faciliter vos d\u00e9buts dans votre carri\u00e8re d\u2019entra\u00eeneur.<br \/>\nSimulation Interactive des matchs &#8211; D\u00e9couvrez une nouvelle fa\u00e7on de vivre votre saison avec la simulation interactive des matchs qui vous permet d\u2019avoir encore plus de ma\u00eetrise sur l\u2019issue de chaque rencontre. Entrez sur le terrain \u00e0 n\u2019importe quel moment des 90 minutes d\u2019une rencontre pour influer sur le cours du match ou intervenez simplement dans les moments forts comme sur les p\u00e9naltys et les coups francs gr\u00e2ce \u00e0 de nouveaux messages contextuels qui vous offrent la possibilit\u00e9 de changer l\u2019issue d\u2019une rencontre. Gr\u00e2ce \u00e0 des donn\u00e9es ultra d\u00e9taill\u00e9es sur le match, vous pouvez g\u00e9rer la rencontre avec pr\u00e9cision et notamment effectuer des changements directement depuis la simulation et en fonction des stats de la rencontre ou des niveaux de forme et de performances de vos joueurs.<\/p>\n<p><img loading=\"lazy\" decoding=\"async\" class=\"alignnone size-medium wp-image-6329\" src=\"https:\/\/ikasougou.com\/akamservices\/wp-content\/uploads\/sites\/30\/2020\/10\/FIFA-21-PS404.jpg\" alt=\"\" width=\"500\" height=\"281\" \/><br \/>\nProgression des Joueurs &#8211; G\u00e9rez la progression de vos joueurs dans les moindres d\u00e9tails avec un syst\u00e8me de d\u00e9veloppement revisit\u00e9. Convertissez un arri\u00e8re droit en ailier droit ou des milieux d\u00e9fensifs en arri\u00e8res centraux, comblez les vides dans votre \u00e9quipe et g\u00e9rez l\u2019\u00e9volution des aptitudes de vos joueurs pendant l\u2019entra\u00eenement pour faire \u00e9voluer votre effectif.<br \/>\nEntra\u00eenement Actif et Tranchant &#8211; Allez encore plus loin dans la gestion des performances de votre \u00e9quipe avec le Tranchant, une nouvelle aptitude qui indique le potentiel de vos joueurs en termes de performances dans les moments cl\u00e9s d\u2019une rencontre.<br \/>\nRenforcez le Tranchant de vos joueurs gr\u00e2ce au nouveau syst\u00e8me d\u2019Entra\u00eenement Actif qui vous donne la possibilit\u00e9 de d\u00e9finir des s\u00e9ances d\u2019entra\u00eenement collectives pour am\u00e9liorer l\u2019efficacit\u00e9 de vos attaquants ou la qualit\u00e9 des tacles de vos d\u00e9fenseurs.<br \/>\nPlanning Hebdomadaire &#8211; Planifiez l\u2019entra\u00eenement de votre \u00e9quipe avec un nouveau syst\u00e8me de gestion des activit\u00e9s. Fixez les jours d\u2019entra\u00eenement et de repos dans la semaine pour trouver le juste \u00e9quilibre entre le tranchant, le moral et la forme de vos joueurs et pour garder une \u00e9quipe toujours comp\u00e9titive.<\/p>\n<p><img loading=\"lazy\" decoding=\"async\" class=\"alignnone size-medium wp-image-6328\" src=\"https:\/\/ikasougou.com\/akamservices\/wp-content\/uploads\/sites\/30\/2020\/10\/FIFA-21-PS402.jpg\" alt=\"\" width=\"500\" height=\"281\" \/><br \/>\nSyst\u00e8me de Commentaires des Joueurs &#8211; Un nouveau syst\u00e8me vous donne une indication visuelle du niveau de pr\u00e9paration d\u2019un joueur avant un match afin que vous puissiez conna\u00eetre en un seul coup d\u2019\u0153il son moral, son niveau de forme et son \u00e9ventuel<br \/>\nTranchant. D\u00e9couvrez qui est en pleine possession de ses moyens et pr\u00eat \u00e0 jouer, qui a besoin de s\u2019entra\u00eener davantage ou encore de se reposer. D\u00e9couvrez aussi les effets d\u2019un \u00e9ventuel changement de poste sur les stats d\u2019un joueur afin que vous puissiez aligner les meilleurs titulaires pour chaque rencontre.<br \/>\nAm\u00e9lioration de l\u2019IA de l\u2019adversaire &#8211; Les joueurs adverses abordent chaque match plus intelligemment, \u00e0 la fois en d\u00e9fense et en attaque. Gr\u00e2ce \u00e0 de nouveaux syst\u00e8mes, l\u2019IA se montre plus performante dans sa prise de d\u00e9cision pour le marquage, les tacles, les passes et les dribbles pour vous proposer plus de r\u00e9sistance dans les matchs et rendre chaque rencontre unique.<br \/>\nNouvelles options de Transferts &#8211; Plus r\u00e9alistes, le syst\u00e8me des transferts offre aux \u00e9quipes contr\u00f4l\u00e9es par l\u2019utilisateur et par l\u2019IA plus d\u2019options dans le recrutement. Effectuez des demandes de pr\u00eat ou de transfert avec des clauses facultatives ou obligatoires pour attirer de nouveaux talents dans votre \u00e9quipe, et r\u00e9pondez aux propositions d\u2019\u00e9changes effectu\u00e9es par l\u2019IA. Vous verrez, le march\u00e9 des transferts n\u2019aura plus de secrets pour vous.<br \/>\nNouvelles options de Param\u00e9trage &#8211; Personnalisez le mode Carri\u00e8re avec de nouvelles options de configuration. Apportez encore plus d\u2019authenticit\u00e9 aux n\u00e9gociations commerciales avec l\u2019option des Transferts r\u00e9alistes ou renforcez votre budget de d\u00e9part pour la cr\u00e9ation de votre \u00e9quipe avec le Coup de Pouce Financier.<br \/>\nRichesse des Th\u00e8mes des Championnats &#8211; Allez encore plus loin dans le r\u00e9alisme des plus grands championnats et des plus grandes comp\u00e9titions, comme l\u2019UEFA Ligue des Champions et la CONMEBOL Libertadores en personnalisant encore plus votre mode Carri\u00e8re.<\/p>\n<p><img loading=\"lazy\" decoding=\"async\" class=\"alignnone size-medium wp-image-6327\" src=\"https:\/\/ikasougou.com\/akamservices\/wp-content\/uploads\/sites\/30\/2020\/10\/FIFA-21-PS401.jpg\" alt=\"\" width=\"500\" height=\"281\" \/><\/p>\n<p><b>EA SPORTS VOLTA FOOTBALL<\/b><br \/>\nEncore plus de fa\u00e7ons de jouer. Plus de personnalisation. Plus de lieux. Plongez au c\u0153ur du football de rue avec vos amis et flambez dans des cages ou sur des terrains diss\u00e9min\u00e9s partout sur la plan\u00e8te et \u00e9voluez dans diff\u00e9rents types de terrains r\u00e9duits.<br \/>\n\u00c9QUIPES VOLTA : d\u00e9couvrez un football de rue plus social avec les \u00c9QUIPES VOLTA, une nouvelle fa\u00e7on de jouer en collaboration avec trois amis ou avec d\u2019autres membres de la<br \/>\nCommunaut\u00e9 VOLTA FOOTBALL et gagnez ensemble dans des 5 contre 5 en ligne et en mode coop\u00e9ratif. Connectez-vous avec vos amis dans un univers VOLTA repens\u00e9 et qui place votre \u00e9quipe et vos avatars enti\u00e8rement personnalis\u00e9s au c\u0153ur de l\u2019action avant d\u2019aller sur le terrain pour affronter vos adversaires, grimper dans la hi\u00e9rarchie et obtenir des r\u00e9compenses via des \u00e9v\u00e9nements hebdomadaires.<br \/>\nJouabilit\u00e9 : les nouveaut\u00e9s de la jouabilit\u00e9 VOLTA FOOTBALL rendent le jeu sur terrains r\u00e9duits plus r\u00e9aliste et plus gratifiant avec un nouveau rythme et une intelligence de d\u00e9placements accrue pour vous donner encore plus de vari\u00e9t\u00e9 dans votre pratique du football de rue. Avec des gestes techniques plus grisants et des dribbles plus fins, vous adorerez provoquer votre adversaire pour l\u2019\u00e9liminer ou le mystifier. En d\u00e9fense, le nouveau syst\u00e8me de contres vous permettra de vivre des duels encore plus gratifiants.<br \/>\nPersonnalisation : alliez football et mode en personnalisant votre AVATAR VOLTA masculin ou f\u00e9minin avec de nouveaux \u00e9l\u00e9ments issus de la marque Adidas, de clubs professionnels et d\u2019\u00e9quipes de football de rue ou encore con\u00e7us par des c\u00e9l\u00e9brit\u00e9s.<br \/>\nCLASHS \u00c0 L\u2019HONNEUR : recrutez les plus grands noms du football, et d\u2019autres univers, pour votre \u00c9QUIPE VOLTA dans le tout nouveau mode CLASHS \u00c0 L\u2019HONNEUR. Affrontez des stars contr\u00f4l\u00e9es par l\u2019IA ainsi que des \u00e9quipes de la Communaut\u00e9 VOLTA FOOTBALL pour tenter de marquer des points et d\u2019obtenir des r\u00e9compenses dans les CLASHS \u00c0<\/p>\n<p><b>L\u2019HONNEUR. <\/b><br \/>\nLieux : dans VOLTA FOOTBALL, plus de 20 terrains uniques, r\u00e9partis sur les six continents, prennent vie avec des ambiances in\u00e9dites et uniques pour vous faire vivre toute la culture locale du football de rue. Rejoignez l\u2019ambiance festive d\u2019un terrain dans le centre de S\u00e3o Paulo, jouez sur le bitume des rues de Milan ou flambez sous un d\u00f4me g\u00e9od\u00e9sique dernier cri \u00e0 Duba\u00ef en faisant \u00e9talage de votre classe dans cinq environnements totalement nouveaux.<br \/>\nTypes de matchs : jouez selon vos envies. Jouez sur diff\u00e9rents types de terrains r\u00e9duits de diff\u00e9rentes tailles, avec ou sans murs, dans des 3 contre 3 sans gardien, des 4 contre 4, des 4 contre 4 sans gardien, des 5 contre 5 ou encore en Futsal.<br \/>\nAutres modes :<br \/>\nLES D\u00c9BUTS : d\u00e9couvrez le monde du football de rue dans LES D\u00c9BUTS. Progressez au c\u0153ur d\u2019une introduction sc\u00e9naris\u00e9e \u00e0 VOLTA FOOTBALL et retrouvez les plus grands noms de ce sport.<br \/>\nCOUP D\u2019ENVOI VOLTA : affrontez vos \u00e9quipes professionnelles favorites dans n\u2019importe quel lieu de VOLTA FOOTBALL et \u00e9voluez sur diff\u00e9rents terrains r\u00e9duits avec ou sans gardien. De plus amples d\u00e9tails seront d\u00e9voil\u00e9s plus tard dans l\u2019ann\u00e9e.<\/p>\n<p><img loading=\"lazy\" decoding=\"async\" class=\"alignnone size-medium wp-image-6323\" src=\"https:\/\/ikasougou.com\/akamservices\/wp-content\/uploads\/sites\/30\/2020\/10\/fifa21-322x400.jpg\" alt=\"\" width=\"322\" height=\"400\" srcset=\"https:\/\/ikasougou.com\/akamservices\/wp-content\/uploads\/sites\/30\/2020\/10\/fifa21-322x400.jpg 322w, https:\/\/ikasougou.com\/akamservices\/wp-content\/uploads\/sites\/30\/2020\/10\/fifa21.jpg 500w\" sizes=\"auto, (max-width: 322px) 100vw, 322px\" \/><\/p>\n<p><b>FIFA ULTIMATE TEAM<\/b><br \/>\nD\u00e9couvrez de nouvelles fa\u00e7ons de jouer au mode de jeu le plus populaire de FIFA en cr\u00e9ant votre \u00e9quipe de r\u00eave avec des joueurs anciens et actuels dans FIFA 21 Ultimate Team.<br \/>\nCoop FUT &#8211; Gagnez ensemble dans FIFA 21 Ultimate Team avec Coop FUT, une nouvelle fa\u00e7on de vous associer avec vos amis en ligne pour remporter des r\u00e9compenses.<br \/>\nJoignez vos forces dans Division Rivals et Clashs d\u2019\u00c9quipes pour progresser chaque semaine et tenter de remplir de nouveaux objectifs Coop qui r\u00e9compensent le sens du collectif au-del\u00e0 de la simple victoire.<br \/>\nPersonnalisation de Club accrue- Rendez votre club FUT unique avec de nouvelles options de personnalisation de l\u2019apparence de votre \u00e9quipe, \u00e0 la fois sur le terrain et dans les tribunes.<br \/>\nUn club FUT &#8211; Transposez votre Club FUT de votre PlayStation\u00ae4 \u00e0 votre PlayStation\u00ae5 ou de votre Xbox One \u00e0 votre Xbox Series X, et inversement, avec les march\u00e9s des transferts et les classements multi-plateformes dans FUT 21.<br \/>\nLes fonctionnalit\u00e9s compl\u00e8tes seront pr\u00e9sent\u00e9es courant ao\u00fbt 2020.<\/p>\n<p><img loading=\"lazy\" decoding=\"async\" class=\"alignnone size-medium wp-image-6325\" src=\"https:\/\/ikasougou.com\/akamservices\/wp-content\/uploads\/sites\/30\/2020\/10\/FIFA-21-PS4.jpg\" alt=\"\" width=\"500\" height=\"281\" \/><\/p>\n<p><b>UN R\u00c9ALISME SANS PR\u00c9C\u00c9DENT<\/b><br \/>\nB\u00e9n\u00e9ficiez d\u2019un r\u00e9alisme sans pr\u00e9c\u00e9dent dans FIFA 21 avec plus de 17 000 joueurs, plus de 700 \u00e9quipes, plus de 90 stades et plus de 30 championnats et vivez au c\u0153ur du Jeu universel. FIFA 21 est le seul jeu vous donnant un acc\u00e8s exclusif aux plus grandes comp\u00e9titions de la plan\u00e8te football avec l\u2019UEFA Ligue des Champions, l\u2019UEFA Europa League, la CONMEBOL Libertadores, la CONMEBOL Sudamericana, la Ligue 1, la Premier League, la Bundesliga et LaLiga Santander.<br \/>\nOffrez-vous FIFA 21 PS4\u2122 et passez \u00e0 FIFA 21 PS5\u2122 sans frais suppl\u00e9mentaires.<\/p>\n<div style=\"display:flex; gap:10px;justify-content:center\" class=\"wps-pgfw-pdf-generate-icon__wrapper-frontend\">\n\t\t<a  href=\"https:\/\/ikasougou.com\/akamservices\/wp-json\/wp\/v2\/product\/6322?action=genpdf&amp;id=6322\" class=\"pgfw-single-pdf-download-button\" ><img src=\"https:\/\/ikasougou.com\/akamservices\/wp-content\/plugins\/pdf-generator-for-wp\/admin\/src\/images\/PDF_Tray.svg\" title=\"G\u00e9n\u00e9rer un PDF\" style=\"width:auto; height:45px;\"><\/a>\n\t\t<\/div>","protected":false},"excerpt":{"rendered":"<p>GAGNER ENSEMBLE dans EA SPORTS\u2122 FIFA 21 sur PlayStation?4, Xbox One et PC avec de nouvelles fa\u00e7ons de s\u2019associer et de s\u2019exprimer dans les rues et dans les stades. Gr\u00e2ce \u00e0 la technologie Frostbite\u2122, FIFA 21 rehausse le niveau de jeu avec de nouvelles fonctionnalit\u00e9s qui vous permettent de d\u00e9crocher d\u2019encore plus belles victoires ensemble [&#8230;]\n","protected":false},"featured_media":6324,"comment_status":"open","ping_status":"closed","template":"","meta":{"jetpack_post_was_ever_published":false,"jetpack_publicize_message":"","jetpack_publicize_feature_enabled":true,"jetpack_social_post_already_shared":true,"jetpack_social_options":{"image_generator_settings":{"template":"highway","default_image_id":0,"font":"","enabled":false},"version":2}},"product_brand":[],"product_cat":[28],"product_tag":[],"class_list":{"0":"post-6322","1":"product","2":"type-product","3":"status-publish","4":"has-post-thumbnail","6":"product_cat-high-tech","8":"first","9":"instock","10":"shipping-taxable","11":"purchasable","12":"product-type-simple"},"ams_default_variation_id":0,"ams_product_points_reward":[],"ams_product_discount_percentage":0,"ams_price_to_display":50000,"aioseo_notices":[],"ams_acf":[],"jetpack_publicize_connections":[],"jetpack_sharing_enabled":true,"jetpack_likes_enabled":true,"_links":{"self":[{"href":"https:\/\/ikasougou.com\/akamservices\/wp-json\/wp\/v2\/product\/6322","targetHints":{"allow":["GET"]}}],"collection":[{"href":"https:\/\/ikasougou.com\/akamservices\/wp-json\/wp\/v2\/product"}],"about":[{"href":"https:\/\/ikasougou.com\/akamservices\/wp-json\/wp\/v2\/types\/product"}],"replies":[{"embeddable":true,"href":"https:\/\/ikasougou.com\/akamservices\/wp-json\/wp\/v2\/comments?post=6322"}],"wp:featuredmedia":[{"embeddable":true,"href":"https:\/\/ikasougou.com\/akamservices\/wp-json\/wp\/v2\/media\/6324"}],"wp:attachment":[{"href":"https:\/\/ikasougou.com\/akamservices\/wp-json\/wp\/v2\/media?parent=6322"}],"wp:term":[{"taxonomy":"product_brand","embeddable":true,"href":"https:\/\/ikasougou.com\/akamservices\/wp-json\/wp\/v2\/product_brand?post=6322"},{"taxonomy":"product_cat","embeddable":true,"href":"https:\/\/ikasougou.com\/akamservices\/wp-json\/wp\/v2\/product_cat?post=6322"},{"taxonomy":"product_tag","embeddable":true,"href":"https:\/\/ikasougou.com\/akamservices\/wp-json\/wp\/v2\/product_tag?post=6322"}],"curies":[{"name":"wp","href":"https:\/\/api.w.org\/{rel}","templated":true}]}}