{"id":6410,"date":"2020-11-17T21:05:08","date_gmt":"2020-11-17T20:05:08","guid":{"rendered":"https:\/\/ikasougou.com\/akamservices\/?post_type=product&#038;p=6410"},"modified":"2020-11-19T19:44:46","modified_gmt":"2020-11-19T18:44:46","slug":"call-of-duty-black-ops-cold-war-ps5","status":"publish","type":"product","link":"https:\/\/ikasougou.com\/akamservices\/produit\/call-of-duty-black-ops-cold-war-ps5\/","title":{"rendered":"Call of Duty : Black Ops Cold War PS5"},"content":{"rendered":"<div class=\"productStrate__raw summaryStrate__raw\">\n<p>La saga iconique Black Ops est de retour avec Call of Duty: Black Ops Cold War &#8211; la suite directe de l&#8217;\u00e9pisode qui a chang\u00e9 la donne pour les fans du monde entier, Call of Duty: Black Ops.<\/p>\n<p><img loading=\"lazy\" decoding=\"async\" class=\"alignnone size-medium wp-image-6412\" src=\"https:\/\/ikasougou.com\/akamservices\/wp-content\/uploads\/sites\/30\/2020\/11\/CALL-OF-DUTY-Black-Ops-Cold-War-PS53.jpg\" alt=\"\" width=\"500\" height=\"281\" \/><img loading=\"lazy\" decoding=\"async\" class=\"alignnone size-medium wp-image-6413\" src=\"https:\/\/ikasougou.com\/akamservices\/wp-content\/uploads\/sites\/30\/2020\/11\/CALL-OF-DUTY-Black-Ops-Cold-War-PS54.jpg\" alt=\"\" width=\"500\" height=\"281\" \/><\/p>\n<p>Black Ops Cold War plongera les joueurs au c\u0153ur des tensions g\u00e9opolitiques de la Guerre Froide du d\u00e9but des ann\u00e9es 80. Dans une Campagne solo haletante o\u00f9 la v\u00e9rit\u00e9 et les th\u00e9ories du complot s&#8217;entrem\u00ealent, les joueurs croiseront la route de certaines personnalit\u00e9s embl\u00e9matiques de la p\u00e9riode et devront faire face \u00e0 la froide r\u00e9alit\u00e9 du combat, dans une chasse \u00e0 l&#8217;homme qui les entrainera aux quatre coins du globe, de Berlin-Est au Vietnam, en passant par la Turquie, le quartier g\u00e9n\u00e9ral du KGB et plus encore.<\/p>\n<p><img loading=\"lazy\" decoding=\"async\" class=\"alignnone size-medium wp-image-6414\" src=\"https:\/\/ikasougou.com\/akamservices\/wp-content\/uploads\/sites\/30\/2020\/11\/CALL-OF-DUTY-Black-Ops-Cold-War-PS55.jpg\" alt=\"\" width=\"500\" height=\"281\" \/><img loading=\"lazy\" decoding=\"async\" class=\"alignnone size-medium wp-image-6418\" src=\"https:\/\/ikasougou.com\/akamservices\/wp-content\/uploads\/sites\/30\/2020\/11\/CALL-OF-DUTY-Black-Ops-Cold-War-PS59.jpg\" alt=\"\" width=\"500\" height=\"281\" \/><\/p>\n<p>Accompagn\u00e9 d&#8217;une \u00e9quipe d&#8217;op\u00e9rateurs d&#8217;\u00e9lite, vous remonterez la piste d&#8217;un myst\u00e9rieux espion connu sous le nom de Perseus, qui semble d\u00e9termin\u00e9 \u00e0 bouleverser le cours de l&#8217;Histoire en renversant l&#8217;\u00e9quilibre mondial du pouvoir. Dans votre plong\u00e9e au c\u0153ur de cette sombre conspiration, vous retrouverez des personnages embl\u00e9matiques comme Woods, Mason et Hudson ; mais \u00e9galement de nouveaux agents d&#8217;\u00e9lite qui se joindront \u00e0 vous pour \u00e0 mettre fin \u00e0 cette menace qui couve depuis des d\u00e9cennies.<\/p>\n<p><img loading=\"lazy\" decoding=\"async\" class=\"alignnone size-medium wp-image-6417\" src=\"https:\/\/ikasougou.com\/akamservices\/wp-content\/uploads\/sites\/30\/2020\/11\/CALL-OF-DUTY-Black-Ops-Cold-War-PS58.jpg\" alt=\"\" width=\"500\" height=\"281\" \/><\/p>\n<p><img loading=\"lazy\" decoding=\"async\" class=\"alignnone size-medium wp-image-6419\" src=\"https:\/\/ikasougou.com\/akamservices\/wp-content\/uploads\/sites\/30\/2020\/11\/CALL-OF-DUTY-Black-Ops-Cold-War-PS591.jpg\" alt=\"\" width=\"500\" height=\"281\" \/><\/p>\n<p>En plus de la Campagne, les joueurs retrouveront un arsenal d&#8217;armes et d&#8217;\u00e9quipements iconiques de la Guerre froide pour les accompagner au combat dans un mode Multijoueur nouvelle g\u00e9n\u00e9ration, ainsi qu&#8217;une toute nouvelle exp\u00e9rience Zombies.<img loading=\"lazy\" decoding=\"async\" class=\"alignnone size-medium wp-image-6415\" src=\"https:\/\/ikasougou.com\/akamservices\/wp-content\/uploads\/sites\/30\/2020\/11\/CALL-OF-DUTY-Black-Ops-Cold-War-PS56.jpg\" alt=\"\" width=\"500\" height=\"281\" \/><img loading=\"lazy\" decoding=\"async\" class=\"alignnone size-medium wp-image-6416\" src=\"https:\/\/ikasougou.com\/akamservices\/wp-content\/uploads\/sites\/30\/2020\/11\/CALL-OF-DUTY-Black-Ops-Cold-War-PS57.jpg\" alt=\"\" width=\"500\" height=\"281\" \/><\/p>\n<p>Bienvenue au bord du gouffre. Bienvenue dans Call of Duty: Black Ops Cold War.<\/p>\n<p><img loading=\"lazy\" decoding=\"async\" class=\"alignnone size-medium wp-image-6411\" src=\"https:\/\/ikasougou.com\/akamservices\/wp-content\/uploads\/sites\/30\/2020\/11\/CALL-OF-DUTY-Black-Ops-Cold-War-PS52-400x400.jpg\" alt=\"\" width=\"400\" height=\"400\" srcset=\"https:\/\/ikasougou.com\/akamservices\/wp-content\/uploads\/sites\/30\/2020\/11\/CALL-OF-DUTY-Black-Ops-Cold-War-PS52-400x400.jpg 400w, https:\/\/ikasougou.com\/akamservices\/wp-content\/uploads\/sites\/30\/2020\/11\/CALL-OF-DUTY-Black-Ops-Cold-War-PS52-280x280.jpg 280w, https:\/\/ikasougou.com\/akamservices\/wp-content\/uploads\/sites\/30\/2020\/11\/CALL-OF-DUTY-Black-Ops-Cold-War-PS52-100x100.jpg 100w, https:\/\/ikasougou.com\/akamservices\/wp-content\/uploads\/sites\/30\/2020\/11\/CALL-OF-DUTY-Black-Ops-Cold-War-PS52.jpg 500w\" sizes=\"auto, (max-width: 400px) 100vw, 400px\" \/><\/p>\n<\/div>\n<div style=\"display:flex; gap:10px;justify-content:center\" class=\"wps-pgfw-pdf-generate-icon__wrapper-frontend\">\n\t\t<a  href=\"https:\/\/ikasougou.com\/akamservices\/wp-json\/wp\/v2\/product\/6410?action=genpdf&amp;id=6410\" class=\"pgfw-single-pdf-download-button\" ><img src=\"https:\/\/ikasougou.com\/akamservices\/wp-content\/plugins\/pdf-generator-for-wp\/admin\/src\/images\/PDF_Tray.svg\" title=\"G\u00e9n\u00e9rer un PDF\" style=\"width:auto; height:45px;\"><\/a>\n\t\t<\/div>","protected":false},"excerpt":{"rendered":"<p>La saga iconique Black Ops est de retour avec Call of Duty: Black Ops Cold War &#8211; la suite directe de l&#8217;\u00e9pisode qui a chang\u00e9 la donne pour les fans du monde entier, Call of Duty: Black Ops. Black Ops Cold War plongera les joueurs au c\u0153ur des tensions g\u00e9opolitiques de la Guerre Froide du [&#8230;]\n","protected":false},"featured_media":6421,"comment_status":"open","ping_status":"closed","template":"","meta":{"jetpack_post_was_ever_published":false,"jetpack_publicize_message":"","jetpack_publicize_feature_enabled":true,"jetpack_social_post_already_shared":true,"jetpack_social_options":{"image_generator_settings":{"template":"highway","default_image_id":0,"font":"","enabled":false},"version":2}},"product_brand":[],"product_cat":[28],"product_tag":[51,50,53,52],"class_list":{"0":"post-6410","1":"product","2":"type-product","3":"status-publish","4":"has-post-thumbnail","6":"product_cat-high-tech","7":"product_tag-call-of-duty","8":"product_tag-call-of-duty-black-ops-cold-war-ps5","9":"product_tag-playstation","10":"product_tag-ps5","12":"first","13":"instock","14":"shipping-taxable","15":"purchasable","16":"product-type-simple"},"ams_default_variation_id":0,"ams_product_points_reward":[],"ams_product_discount_percentage":0,"ams_price_to_display":60000,"aioseo_notices":[],"ams_acf":[],"jetpack_publicize_connections":[],"jetpack_sharing_enabled":true,"jetpack_likes_enabled":true,"_links":{"self":[{"href":"https:\/\/ikasougou.com\/akamservices\/wp-json\/wp\/v2\/product\/6410","targetHints":{"allow":["GET"]}}],"collection":[{"href":"https:\/\/ikasougou.com\/akamservices\/wp-json\/wp\/v2\/product"}],"about":[{"href":"https:\/\/ikasougou.com\/akamservices\/wp-json\/wp\/v2\/types\/product"}],"replies":[{"embeddable":true,"href":"https:\/\/ikasougou.com\/akamservices\/wp-json\/wp\/v2\/comments?post=6410"}],"wp:featuredmedia":[{"embeddable":true,"href":"https:\/\/ikasougou.com\/akamservices\/wp-json\/wp\/v2\/media\/6421"}],"wp:attachment":[{"href":"https:\/\/ikasougou.com\/akamservices\/wp-json\/wp\/v2\/media?parent=6410"}],"wp:term":[{"taxonomy":"product_brand","embeddable":true,"href":"https:\/\/ikasougou.com\/akamservices\/wp-json\/wp\/v2\/product_brand?post=6410"},{"taxonomy":"product_cat","embeddable":true,"href":"https:\/\/ikasougou.com\/akamservices\/wp-json\/wp\/v2\/product_cat?post=6410"},{"taxonomy":"product_tag","embeddable":true,"href":"https:\/\/ikasougou.com\/akamservices\/wp-json\/wp\/v2\/product_tag?post=6410"}],"curies":[{"name":"wp","href":"https:\/\/api.w.org\/{rel}","templated":true}]}}