{"id":6425,"date":"2020-11-19T20:00:05","date_gmt":"2020-11-19T19:00:05","guid":{"rendered":"https:\/\/ikasougou.com\/akamservices\/?post_type=product&#038;p=6425"},"modified":"2025-06-12T00:16:06","modified_gmt":"2025-06-11T22:16:06","slug":"call-of-duty-black-ops-cold-war-xbox","status":"publish","type":"product","link":"https:\/\/ikasougou.com\/akamservices\/produit\/call-of-duty-black-ops-cold-war-xbox\/","title":{"rendered":"Call of Duty : Black Ops Cold War Xbox"},"content":{"rendered":"<p class=\"c-paragraph-1\">La s\u00e9rie embl\u00e9matique Black Ops est de retour avec Call of Duty\u00ae: Black Ops Cold War, la suite directe du jeu d\u2019origine Call of Duty\u00ae: Black Ops pr\u00e9f\u00e9r\u00e9 par les fans.<\/p>\n<p class=\"c-paragraph-1\">\u00a0<img loading=\"lazy\" decoding=\"async\" class=\"alignnone size-full wp-image-6416\" src=\"https:\/\/ikasougou.com\/akamservices\/wp-content\/uploads\/sites\/30\/2020\/11\/CALL-OF-DUTY-Black-Ops-Cold-War-PS57.jpg\" alt=\"\" width=\"500\" height=\"281\" \/> \u00a0<img loading=\"lazy\" decoding=\"async\" class=\"alignnone size-full wp-image-6414\" src=\"https:\/\/ikasougou.com\/akamservices\/wp-content\/uploads\/sites\/30\/2020\/11\/CALL-OF-DUTY-Black-Ops-Cold-War-PS55.jpg\" alt=\"\" width=\"500\" height=\"281\" \/> <img loading=\"lazy\" decoding=\"async\" class=\"alignnone size-full wp-image-6413\" src=\"https:\/\/ikasougou.com\/akamservices\/wp-content\/uploads\/sites\/30\/2020\/11\/CALL-OF-DUTY-Black-Ops-Cold-War-PS54.jpg\" alt=\"\" width=\"500\" height=\"281\" \/><\/p>\n<p class=\"c-paragraph-1\">Black Ops Cold War plongera les fans au c\u0153ur de la guerre froide, dans les profondeurs de la bataille g\u00e9opolitique volatile au d\u00e9but des ann\u00e9es 1980. Les apparences sont vraiment trompeuses dans la campagne solo captivante, o\u00f9 les joueurs devront se confronter \u00e0 des personnages historiques et \u00e0 la dure v\u00e9rit\u00e9, tout en combattant dans le monde entier sur des th\u00e9\u00e2tres embl\u00e9matiques comme Berlin-Est, le Vietnam, la Turquie, le si\u00e8ge du KGB sovi\u00e9tique et plus encore.<\/p>\n<p><img loading=\"lazy\" decoding=\"async\" class=\"alignnone size-full wp-image-6419\" src=\"https:\/\/ikasougou.com\/akamservices\/wp-content\/uploads\/sites\/30\/2020\/11\/CALL-OF-DUTY-Black-Ops-Cold-War-PS591.jpg\" alt=\"\" width=\"500\" height=\"281\" \/><\/p>\n<p class=\"c-paragraph-1\">Agents d\u2019\u00e9lite, vous suivrez la trace d\u2019un personnage sombre nomm\u00e9 Pers\u00e9e, qui a pour mission de d\u00e9stabiliser l\u2019\u00e9quilibre mondial des pouvoirs et changer le cours de l\u2019Histoire. Plongez au c\u0153ur sombre de ce complot mondial aux c\u00f4t\u00e9s des personnages embl\u00e9matiques Woods, Mason et Hudson et d\u2019un nouveau groupe d\u2019agents tentant d\u2019arr\u00eater un complot en devenir.<\/p>\n<p><img loading=\"lazy\" decoding=\"async\" class=\"alignnone size-full wp-image-6415\" src=\"https:\/\/ikasougou.com\/akamservices\/wp-content\/uploads\/sites\/30\/2020\/11\/CALL-OF-DUTY-Black-Ops-Cold-War-PS56.jpg\" alt=\"\" width=\"500\" height=\"281\" \/><\/p>\n<p><img loading=\"lazy\" decoding=\"async\" class=\"alignnone size-full wp-image-6417\" src=\"https:\/\/ikasougou.com\/akamservices\/wp-content\/uploads\/sites\/30\/2020\/11\/CALL-OF-DUTY-Black-Ops-Cold-War-PS58.jpg\" alt=\"\" width=\"500\" height=\"281\" \/><\/p>\n<p class=\"c-paragraph-1\">Au-del\u00e0 de la Campagne, les joueurs apporteront un arsenal d\u2019armes et d\u2019\u00e9quipements de la guerre froide dans la prochaine g\u00e9n\u00e9ration d\u2019exp\u00e9riences multijoueur et de zombies.<\/p>\n<p class=\"c-paragraph-1\">Bienvenue au bord du gouffre. Bienvenue dans Call of Duty\u00ae: Black Ops Cold War.<img loading=\"lazy\" decoding=\"async\" class=\"alignnone size-full wp-image-6420\" style=\"color: #333333;\" src=\"https:\/\/ikasougou.com\/akamservices\/wp-content\/uploads\/sites\/30\/2020\/11\/CALL-OF-DUTY-Black-Ops-Cold-War-PS5111.jpg\" alt=\"\" width=\"500\" height=\"281\" \/><img loading=\"lazy\" decoding=\"async\" class=\"alignnone size-full wp-image-6418\" src=\"https:\/\/ikasougou.com\/akamservices\/wp-content\/uploads\/sites\/30\/2020\/11\/CALL-OF-DUTY-Black-Ops-Cold-War-PS59.jpg\" alt=\"\" width=\"500\" height=\"281\" \/><\/p>\n<div style=\"display:flex; gap:10px;justify-content:center\" class=\"wps-pgfw-pdf-generate-icon__wrapper-frontend\">\n\t\t<a  href=\"https:\/\/ikasougou.com\/akamservices\/wp-json\/wp\/v2\/product\/6425?action=genpdf&amp;id=6425\" class=\"pgfw-single-pdf-download-button\" ><img src=\"https:\/\/ikasougou.com\/akamservices\/wp-content\/plugins\/pdf-generator-for-wp\/admin\/src\/images\/PDF_Tray.svg\" title=\"G\u00e9n\u00e9rer un PDF\" style=\"width:auto; height:45px;\"><\/a>\n\t\t<\/div>","protected":false},"excerpt":{"rendered":"<p>La s\u00e9rie embl\u00e9matique Black Ops est de retour avec Call of Duty\u00ae: Black Ops Cold War, la suite directe du jeu d\u2019origine Call of Duty\u00ae: Black Ops pr\u00e9f\u00e9r\u00e9 par les fans. \u00a0 \u00a0 Black Ops Cold War plongera les fans au c\u0153ur de la guerre froide, dans les profondeurs de la bataille g\u00e9opolitique volatile au [&#8230;]\n","protected":false},"featured_media":6426,"comment_status":"open","ping_status":"closed","template":"","meta":{"jetpack_post_was_ever_published":false,"jetpack_publicize_message":"","jetpack_publicize_feature_enabled":true,"jetpack_social_post_already_shared":true,"jetpack_social_options":{"image_generator_settings":{"template":"highway","default_image_id":0,"font":"","enabled":false},"version":2}},"product_brand":[],"product_cat":[28],"product_tag":[],"class_list":{"0":"post-6425","1":"product","2":"type-product","3":"status-publish","4":"has-post-thumbnail","6":"product_cat-high-tech","8":"first","9":"instock","10":"shipping-taxable","11":"purchasable","12":"product-type-simple"},"ams_default_variation_id":0,"ams_product_points_reward":[],"ams_product_discount_percentage":0,"ams_price_to_display":45000,"aioseo_notices":[],"ams_acf":[],"jetpack_publicize_connections":[],"jetpack_sharing_enabled":true,"jetpack_likes_enabled":true,"_links":{"self":[{"href":"https:\/\/ikasougou.com\/akamservices\/wp-json\/wp\/v2\/product\/6425","targetHints":{"allow":["GET"]}}],"collection":[{"href":"https:\/\/ikasougou.com\/akamservices\/wp-json\/wp\/v2\/product"}],"about":[{"href":"https:\/\/ikasougou.com\/akamservices\/wp-json\/wp\/v2\/types\/product"}],"replies":[{"embeddable":true,"href":"https:\/\/ikasougou.com\/akamservices\/wp-json\/wp\/v2\/comments?post=6425"}],"wp:featuredmedia":[{"embeddable":true,"href":"https:\/\/ikasougou.com\/akamservices\/wp-json\/wp\/v2\/media\/6426"}],"wp:attachment":[{"href":"https:\/\/ikasougou.com\/akamservices\/wp-json\/wp\/v2\/media?parent=6425"}],"wp:term":[{"taxonomy":"product_brand","embeddable":true,"href":"https:\/\/ikasougou.com\/akamservices\/wp-json\/wp\/v2\/product_brand?post=6425"},{"taxonomy":"product_cat","embeddable":true,"href":"https:\/\/ikasougou.com\/akamservices\/wp-json\/wp\/v2\/product_cat?post=6425"},{"taxonomy":"product_tag","embeddable":true,"href":"https:\/\/ikasougou.com\/akamservices\/wp-json\/wp\/v2\/product_tag?post=6425"}],"curies":[{"name":"wp","href":"https:\/\/api.w.org\/{rel}","templated":true}]}}