{"id":6458,"date":"2020-12-07T23:18:18","date_gmt":"2020-12-07T22:18:18","guid":{"rendered":"https:\/\/ikasougou.com\/akamservices\/?post_type=product&#038;p=6458"},"modified":"2020-12-07T23:19:22","modified_gmt":"2020-12-07T22:19:22","slug":"mortal-kombat-11-ultimate-ps5","status":"publish","type":"product","link":"https:\/\/ikasougou.com\/akamservices\/produit\/mortal-kombat-11-ultimate-ps5\/","title":{"rendered":"Mortal Kombat 11 Ultimate PS5"},"content":{"rendered":"<p>Les fans de jeux de combat ne le savent que trop bien : tant que l&#8217;adjectif ultra ne se glisse pas dans le titre de leur opus favori, il peut toujours se passer quelque chose.\u00a0<strong>NetherRealm confirme aujourd&#8217;hui la r\u00e8gle en annon\u00e7ant\u00a0Mortal Kombat 11 Ultimate, une version forc\u00e9ment supr\u00eame du jeu de baston sorti en avril 2019. Habillement pr\u00e9vu pour le 17 novembre sur toutes les plateformes (ou presque), le jeu en profite pour devenir\u00a0<em>cross-gen<\/em>, et fera donc couler le sang sur PS5 et Xbox Series X\/S, en plus des nombreux supports sur lesquels \u00e9tait d\u00e9j\u00e0 sortie la version originale.<\/strong><\/p>\n<p><img loading=\"lazy\" decoding=\"async\" class=\"alignnone size-medium wp-image-6473\" src=\"https:\/\/ikasougou.com\/akamservices\/wp-content\/uploads\/sites\/30\/2020\/12\/MortalKombatX_1600-1024x384-1-800x300.jpg\" alt=\"\" width=\"800\" height=\"300\" srcset=\"https:\/\/ikasougou.com\/akamservices\/wp-content\/uploads\/sites\/30\/2020\/12\/MortalKombatX_1600-1024x384-1-800x300.jpg 800w, https:\/\/ikasougou.com\/akamservices\/wp-content\/uploads\/sites\/30\/2020\/12\/MortalKombatX_1600-1024x384-1-768x288.jpg 768w, https:\/\/ikasougou.com\/akamservices\/wp-content\/uploads\/sites\/30\/2020\/12\/MortalKombatX_1600-1024x384-1-510x191.jpg 510w, https:\/\/ikasougou.com\/akamservices\/wp-content\/uploads\/sites\/30\/2020\/12\/MortalKombatX_1600-1024x384-1.jpg 1024w\" sizes=\"auto, (max-width: 800px) 100vw, 800px\" \/> \u00a0<img loading=\"lazy\" decoding=\"async\" class=\"alignnone size-medium wp-image-6471\" src=\"https:\/\/ikasougou.com\/akamservices\/wp-content\/uploads\/sites\/30\/2020\/12\/Mortal-Kombat-11-Aftermath-Eternal-Klash-Skin-Pack-711x400.jpg\" alt=\"\" width=\"711\" height=\"400\" srcset=\"https:\/\/ikasougou.com\/akamservices\/wp-content\/uploads\/sites\/30\/2020\/12\/Mortal-Kombat-11-Aftermath-Eternal-Klash-Skin-Pack-711x400.jpg 711w, https:\/\/ikasougou.com\/akamservices\/wp-content\/uploads\/sites\/30\/2020\/12\/Mortal-Kombat-11-Aftermath-Eternal-Klash-Skin-Pack-1400x788.jpg 1400w, https:\/\/ikasougou.com\/akamservices\/wp-content\/uploads\/sites\/30\/2020\/12\/Mortal-Kombat-11-Aftermath-Eternal-Klash-Skin-Pack-768x432.jpg 768w, https:\/\/ikasougou.com\/akamservices\/wp-content\/uploads\/sites\/30\/2020\/12\/Mortal-Kombat-11-Aftermath-Eternal-Klash-Skin-Pack-1536x864.jpg 1536w, https:\/\/ikasougou.com\/akamservices\/wp-content\/uploads\/sites\/30\/2020\/12\/Mortal-Kombat-11-Aftermath-Eternal-Klash-Skin-Pack-510x287.jpg 510w, https:\/\/ikasougou.com\/akamservices\/wp-content\/uploads\/sites\/30\/2020\/12\/Mortal-Kombat-11-Aftermath-Eternal-Klash-Skin-Pack.jpg 1920w\" sizes=\"auto, (max-width: 711px) 100vw, 711px\" \/> <img loading=\"lazy\" decoding=\"async\" class=\"alignnone size-medium wp-image-6470\" src=\"https:\/\/ikasougou.com\/akamservices\/wp-content\/uploads\/sites\/30\/2020\/12\/mortal-kombat-11-800x445-1-719x400.jpeg\" alt=\"\" width=\"719\" height=\"400\" srcset=\"https:\/\/ikasougou.com\/akamservices\/wp-content\/uploads\/sites\/30\/2020\/12\/mortal-kombat-11-800x445-1-719x400.jpeg 719w, https:\/\/ikasougou.com\/akamservices\/wp-content\/uploads\/sites\/30\/2020\/12\/mortal-kombat-11-800x445-1-768x427.jpeg 768w, https:\/\/ikasougou.com\/akamservices\/wp-content\/uploads\/sites\/30\/2020\/12\/mortal-kombat-11-800x445-1-510x284.jpeg 510w, https:\/\/ikasougou.com\/akamservices\/wp-content\/uploads\/sites\/30\/2020\/12\/mortal-kombat-11-800x445-1.jpeg 800w\" sizes=\"auto, (max-width: 719px) 100vw, 719px\" \/> \u00a0<img loading=\"lazy\" decoding=\"async\" class=\"alignnone size-full wp-image-6468\" src=\"https:\/\/ikasougou.com\/akamservices\/wp-content\/uploads\/sites\/30\/2020\/12\/images.jpg\" alt=\"\" width=\"300\" height=\"168\" \/> <img loading=\"lazy\" decoding=\"async\" class=\"alignnone size-medium wp-image-6467\" src=\"https:\/\/ikasougou.com\/akamservices\/wp-content\/uploads\/sites\/30\/2020\/12\/50433357731_6b5a4368d8_k-711x400.jpg\" alt=\"\" width=\"711\" height=\"400\" srcset=\"https:\/\/ikasougou.com\/akamservices\/wp-content\/uploads\/sites\/30\/2020\/12\/50433357731_6b5a4368d8_k-711x400.jpg 711w, https:\/\/ikasougou.com\/akamservices\/wp-content\/uploads\/sites\/30\/2020\/12\/50433357731_6b5a4368d8_k-1400x788.jpg 1400w, https:\/\/ikasougou.com\/akamservices\/wp-content\/uploads\/sites\/30\/2020\/12\/50433357731_6b5a4368d8_k-768x432.jpg 768w, https:\/\/ikasougou.com\/akamservices\/wp-content\/uploads\/sites\/30\/2020\/12\/50433357731_6b5a4368d8_k-1536x864.jpg 1536w, https:\/\/ikasougou.com\/akamservices\/wp-content\/uploads\/sites\/30\/2020\/12\/50433357731_6b5a4368d8_k-510x287.jpg 510w, https:\/\/ikasougou.com\/akamservices\/wp-content\/uploads\/sites\/30\/2020\/12\/50433357731_6b5a4368d8_k.jpg 2048w\" sizes=\"auto, (max-width: 711px) 100vw, 711px\" \/><\/p>\n<p>Pour justifier de son sous-titre extr\u00eame,\u00a0<strong>cette nouvelle version voit d\u00e9barquer trois nouveaux kombattants en la pr\u00e9sence de Mileena, Rain, et enfin Rambo<\/strong>, qui y m\u00e8nera peut-\u00eatre enfin sa guerre. Comble du luxe pour les fans de la saga, Sylvester Stallone\u00a0<em>himself<\/em>\u00a0est venu pr\u00eater sa voix au plus c\u00e9l\u00e8bre post-traumatis\u00e9 du septi\u00e8me art. En comptant les trois autres invit\u00e9s du DLC\u00a0Aftermath, le roster comptera ainsi pas moins de 37 pugilistes.<\/p>\n<h2><\/h2>\n<h2 class=\"intertitre\"><img loading=\"lazy\" decoding=\"async\" class=\"alignnone size-full wp-image-6466\" style=\"font-size: 14.4px; color: #555555;\" src=\"https:\/\/ikasougou.com\/akamservices\/wp-content\/uploads\/sites\/30\/2020\/12\/1606915229-824-photo.jpg\" alt=\"\" width=\"480\" height=\"270\" \/><\/h2>\n<h2 class=\"intertitre\">La Loi c&#8217;est ma PERSONNE !<\/h2>\n<p>Que les possesseurs des pr\u00e9c\u00e9dents versions de Mortal Kombat 11 se rassurent : ils pourront se procurer s\u00e9par\u00e9ment le Kombat Pack 2 et ses trois nouveaux kombattants pour &#8220;seulement&#8221; 15,99 euros. Et parce que NetherRealm esp\u00e8re bien voir les ventes atteindre la barre des 10 millions,\u00a0<strong>les joueurs ayant pr\u00e9command\u00e9 Mortal Kombat 11 Ultimate \u00e0 partir du 15 octobre auront directement acc\u00e8s au contenu du jeu original et de son extension sc\u00e9naris\u00e9e Aftermath, en attendant le 17 novembre.<\/strong><\/p>\n<p><img loading=\"lazy\" decoding=\"async\" class=\"alignnone size-medium wp-image-6469\" src=\"https:\/\/ikasougou.com\/akamservices\/wp-content\/uploads\/sites\/30\/2020\/12\/mortal_kombat_11_rain_apporte_la_pluie_et_le_sang-21887-726x400.jpg\" alt=\"\" width=\"726\" height=\"400\" srcset=\"https:\/\/ikasougou.com\/akamservices\/wp-content\/uploads\/sites\/30\/2020\/12\/mortal_kombat_11_rain_apporte_la_pluie_et_le_sang-21887-726x400.jpg 726w, https:\/\/ikasougou.com\/akamservices\/wp-content\/uploads\/sites\/30\/2020\/12\/mortal_kombat_11_rain_apporte_la_pluie_et_le_sang-21887-768x423.jpg 768w, https:\/\/ikasougou.com\/akamservices\/wp-content\/uploads\/sites\/30\/2020\/12\/mortal_kombat_11_rain_apporte_la_pluie_et_le_sang-21887-510x281.jpg 510w, https:\/\/ikasougou.com\/akamservices\/wp-content\/uploads\/sites\/30\/2020\/12\/mortal_kombat_11_rain_apporte_la_pluie_et_le_sang-21887.jpg 960w\" sizes=\"auto, (max-width: 726px) 100vw, 726px\" \/><\/p>\n<p>Et parce que les joueurs ont sans doute d\u00e9j\u00e0 suffisamment klaqu\u00e9 leurs \u00e9conomies, le d\u00e9veloppeur annonce que<strong>\u00a0les versions PS4 et Xbox One profiteront gratuitement de mises \u00e0 jour avec l&#8217;arriv\u00e9e des PS5 et Xbox Series, comme une r\u00e9solution en 4K ou temps de chargement r\u00e9duits.<\/strong>\u00a0L&#8217;\u00e9quation \u00e9tant d\u00e9j\u00e0 suffisamment compliqu\u00e9e comme \u00e7a, toutes les versions consoles seront ouvertes au &#8220;kross-play&#8221; (sauf la version Switch, d\u00e9sol\u00e9), histoire que chacun puisse r\u00e9gler ses comptes sans se soucier de sa chapelle.<\/p>\n<p><img loading=\"lazy\" decoding=\"async\" class=\"alignnone size-medium wp-image-6472\" src=\"https:\/\/ikasougou.com\/akamservices\/wp-content\/uploads\/sites\/30\/2020\/12\/mortal-kombat-ultimate-ps5-review-1-711x400.jpg\" alt=\"\" width=\"711\" height=\"400\" srcset=\"https:\/\/ikasougou.com\/akamservices\/wp-content\/uploads\/sites\/30\/2020\/12\/mortal-kombat-ultimate-ps5-review-1-711x400.jpg 711w, https:\/\/ikasougou.com\/akamservices\/wp-content\/uploads\/sites\/30\/2020\/12\/mortal-kombat-ultimate-ps5-review-1-768x432.jpg 768w, https:\/\/ikasougou.com\/akamservices\/wp-content\/uploads\/sites\/30\/2020\/12\/mortal-kombat-ultimate-ps5-review-1-510x287.jpg 510w, https:\/\/ikasougou.com\/akamservices\/wp-content\/uploads\/sites\/30\/2020\/12\/mortal-kombat-ultimate-ps5-review-1.jpg 1200w\" sizes=\"auto, (max-width: 711px) 100vw, 711px\" \/><\/p>\n<p>&nbsp;<\/p>\n<div style=\"display:flex; gap:10px;justify-content:center\" class=\"wps-pgfw-pdf-generate-icon__wrapper-frontend\">\n\t\t<a  href=\"https:\/\/ikasougou.com\/akamservices\/wp-json\/wp\/v2\/product\/6458?action=genpdf&amp;id=6458\" class=\"pgfw-single-pdf-download-button\" ><img src=\"https:\/\/ikasougou.com\/akamservices\/wp-content\/plugins\/pdf-generator-for-wp\/admin\/src\/images\/PDF_Tray.svg\" title=\"G\u00e9n\u00e9rer un PDF\" style=\"width:auto; height:45px;\"><\/a>\n\t\t<\/div>","protected":false},"excerpt":{"rendered":"<p>Les fans de jeux de combat ne le savent que trop bien : tant que l&#8217;adjectif ultra ne se glisse pas dans le titre de leur opus favori, il peut toujours se passer quelque chose.\u00a0NetherRealm confirme aujourd&#8217;hui la r\u00e8gle en annon\u00e7ant\u00a0Mortal Kombat 11 Ultimate, une version forc\u00e9ment supr\u00eame du jeu de baston sorti en avril [&#8230;]\n","protected":false},"featured_media":6461,"comment_status":"open","ping_status":"closed","template":"","meta":{"jetpack_post_was_ever_published":false,"jetpack_publicize_message":"","jetpack_publicize_feature_enabled":true,"jetpack_social_post_already_shared":true,"jetpack_social_options":{"image_generator_settings":{"template":"highway","default_image_id":0,"font":"","enabled":false},"version":2}},"product_brand":[],"product_cat":[28],"product_tag":[],"class_list":{"0":"post-6458","1":"product","2":"type-product","3":"status-publish","4":"has-post-thumbnail","6":"product_cat-high-tech","8":"first","9":"instock","10":"shipping-taxable","11":"purchasable","12":"product-type-simple"},"ams_default_variation_id":0,"ams_product_points_reward":[],"ams_product_discount_percentage":0,"ams_price_to_display":60000,"aioseo_notices":[],"ams_acf":[],"jetpack_publicize_connections":[],"jetpack_sharing_enabled":true,"jetpack_likes_enabled":true,"_links":{"self":[{"href":"https:\/\/ikasougou.com\/akamservices\/wp-json\/wp\/v2\/product\/6458","targetHints":{"allow":["GET"]}}],"collection":[{"href":"https:\/\/ikasougou.com\/akamservices\/wp-json\/wp\/v2\/product"}],"about":[{"href":"https:\/\/ikasougou.com\/akamservices\/wp-json\/wp\/v2\/types\/product"}],"replies":[{"embeddable":true,"href":"https:\/\/ikasougou.com\/akamservices\/wp-json\/wp\/v2\/comments?post=6458"}],"wp:featuredmedia":[{"embeddable":true,"href":"https:\/\/ikasougou.com\/akamservices\/wp-json\/wp\/v2\/media\/6461"}],"wp:attachment":[{"href":"https:\/\/ikasougou.com\/akamservices\/wp-json\/wp\/v2\/media?parent=6458"}],"wp:term":[{"taxonomy":"product_brand","embeddable":true,"href":"https:\/\/ikasougou.com\/akamservices\/wp-json\/wp\/v2\/product_brand?post=6458"},{"taxonomy":"product_cat","embeddable":true,"href":"https:\/\/ikasougou.com\/akamservices\/wp-json\/wp\/v2\/product_cat?post=6458"},{"taxonomy":"product_tag","embeddable":true,"href":"https:\/\/ikasougou.com\/akamservices\/wp-json\/wp\/v2\/product_tag?post=6458"}],"curies":[{"name":"wp","href":"https:\/\/api.w.org\/{rel}","templated":true}]}}