{"id":6511,"date":"2021-03-07T02:16:06","date_gmt":"2021-03-07T01:16:06","guid":{"rendered":"https:\/\/ikasougou.com\/akamservices\/?post_type=product&#038;p=6511"},"modified":"2021-03-07T02:17:16","modified_gmt":"2021-03-07T01:17:16","slug":"trepied-support-pour-telephone-portable-lampe-de-bureau-a-led","status":"publish","type":"product","link":"https:\/\/ikasougou.com\/akamservices\/produit\/trepied-support-pour-telephone-portable-lampe-de-bureau-a-led\/","title":{"rendered":"Tr\u00e9pied Support pour t\u00e9l\u00e9phone portable Lampe de bureau \u00e0 LED"},"content":{"rendered":"<ul>\n<li>\n<h3><span style=\"font-size: 110%;\">Ring Light avec tr\u00e9pied Support pour t\u00e9l\u00e9phone portable Lampe de bureau \u00e0 LED avec 3 modes d&#8217;\u00e9clairage<\/span><\/h3>\n<\/li>\n<li>\n<h3><span style=\"font-size: 110%;\">Type de produit: support de t\u00e9l\u00e9phone cellulaire avec anneau de lumi\u00e8re Selfie<\/span><\/h3>\n<\/li>\n<li>\n<h3><span style=\"font-size: 110%;\">Mat\u00e9riel: alliage d&#8217;aluminium<\/span><\/h3>\n<\/li>\n<li>\n<h3><span style=\"font-size: 110%;\">Source de lumi\u00e8re: LED 2835 0.5 w<\/span><\/h3>\n<\/li>\n<li>\n<h3><span style=\"font-size: 110%;\">Mode d&#8217;\u00e9clairage: lumi\u00e8re blanche, lumi\u00e8re jaune chaude, lumi\u00e8re jaune chaude et lumi\u00e8re blanche<\/span><\/h3>\n<\/li>\n<li>\n<h3><span style=\"font-size: 110%;\">Titulaire: col de cygne rotatif \u00e0 360 \u00b0<\/span><\/h3>\n<\/li>\n<li>\n<h3><span style=\"font-size: 110%;\">Puissance: 12W<\/span><\/h3>\n<\/li>\n<li>\n<h3><span style=\"font-size: 110%;\">Voltage:DC5V(USB interface)<\/span><\/h3>\n<\/li>\n<li><img loading=\"lazy\" decoding=\"async\" class=\"alignnone size-medium wp-image-6512\" src=\"https:\/\/ikasougou.com\/akamservices\/wp-content\/uploads\/sites\/30\/2021\/03\/ring-light-avec-support-pour-telephone-et-support-micro-tunisie-400x400.jpg\" alt=\"\" width=\"400\" height=\"400\" srcset=\"https:\/\/ikasougou.com\/akamservices\/wp-content\/uploads\/sites\/30\/2021\/03\/ring-light-avec-support-pour-telephone-et-support-micro-tunisie-400x400.jpg 400w, https:\/\/ikasougou.com\/akamservices\/wp-content\/uploads\/sites\/30\/2021\/03\/ring-light-avec-support-pour-telephone-et-support-micro-tunisie-280x280.jpg 280w, https:\/\/ikasougou.com\/akamservices\/wp-content\/uploads\/sites\/30\/2021\/03\/ring-light-avec-support-pour-telephone-et-support-micro-tunisie-768x768.jpg 768w, https:\/\/ikasougou.com\/akamservices\/wp-content\/uploads\/sites\/30\/2021\/03\/ring-light-avec-support-pour-telephone-et-support-micro-tunisie-510x510.jpg 510w, https:\/\/ikasougou.com\/akamservices\/wp-content\/uploads\/sites\/30\/2021\/03\/ring-light-avec-support-pour-telephone-et-support-micro-tunisie-100x100.jpg 100w, https:\/\/ikasougou.com\/akamservices\/wp-content\/uploads\/sites\/30\/2021\/03\/ring-light-avec-support-pour-telephone-et-support-micro-tunisie.jpg 800w\" sizes=\"auto, (max-width: 400px) 100vw, 400px\" \/><\/li>\n<\/ul>\n<div style=\"display:flex; gap:10px;justify-content:center\" class=\"wps-pgfw-pdf-generate-icon__wrapper-frontend\">\n\t\t<a  href=\"https:\/\/ikasougou.com\/akamservices\/wp-json\/wp\/v2\/product\/6511?action=genpdf&amp;id=6511\" class=\"pgfw-single-pdf-download-button\" ><img src=\"https:\/\/ikasougou.com\/akamservices\/wp-content\/plugins\/pdf-generator-for-wp\/admin\/src\/images\/PDF_Tray.svg\" title=\"G\u00e9n\u00e9rer un PDF\" style=\"width:auto; height:45px;\"><\/a>\n\t\t<\/div>","protected":false},"excerpt":{"rendered":"<p>Ring Light avec tr\u00e9pied Support pour t\u00e9l\u00e9phone portable Lampe de bureau \u00e0 LED avec 3 modes d&#8217;\u00e9clairage Type de produit: support de t\u00e9l\u00e9phone cellulaire avec anneau de lumi\u00e8re Selfie Mat\u00e9riel: alliage d&#8217;aluminium Source de lumi\u00e8re: LED 2835 0.5 w Mode d&#8217;\u00e9clairage: lumi\u00e8re blanche, lumi\u00e8re jaune chaude, lumi\u00e8re jaune chaude et lumi\u00e8re blanche Titulaire: col de [&#8230;]\n","protected":false},"featured_media":6512,"comment_status":"open","ping_status":"closed","template":"","meta":{"jetpack_post_was_ever_published":false,"jetpack_publicize_message":"","jetpack_publicize_feature_enabled":true,"jetpack_social_post_already_shared":true,"jetpack_social_options":{"image_generator_settings":{"template":"highway","default_image_id":0,"font":"","enabled":false},"version":2}},"product_brand":[],"product_cat":[28],"product_tag":[45,58,44,56,59,60,57,61],"class_list":{"0":"post-6511","1":"product","2":"type-product","3":"status-publish","4":"has-post-thumbnail","6":"product_cat-high-tech","7":"product_tag-bamako","8":"product_tag-facebook","9":"product_tag-mali","10":"product_tag-photos-tiktok","11":"product_tag-snapchat","12":"product_tag-support-photo","13":"product_tag-tiktok","14":"product_tag-triepied","16":"first","17":"instock","18":"shipping-taxable","19":"purchasable","20":"product-type-simple"},"ams_default_variation_id":0,"ams_product_points_reward":[],"ams_product_discount_percentage":0,"ams_price_to_display":28000,"aioseo_notices":[],"ams_acf":[],"jetpack_publicize_connections":[],"jetpack_sharing_enabled":true,"jetpack_likes_enabled":true,"_links":{"self":[{"href":"https:\/\/ikasougou.com\/akamservices\/wp-json\/wp\/v2\/product\/6511","targetHints":{"allow":["GET"]}}],"collection":[{"href":"https:\/\/ikasougou.com\/akamservices\/wp-json\/wp\/v2\/product"}],"about":[{"href":"https:\/\/ikasougou.com\/akamservices\/wp-json\/wp\/v2\/types\/product"}],"replies":[{"embeddable":true,"href":"https:\/\/ikasougou.com\/akamservices\/wp-json\/wp\/v2\/comments?post=6511"}],"wp:featuredmedia":[{"embeddable":true,"href":"https:\/\/ikasougou.com\/akamservices\/wp-json\/wp\/v2\/media\/6512"}],"wp:attachment":[{"href":"https:\/\/ikasougou.com\/akamservices\/wp-json\/wp\/v2\/media?parent=6511"}],"wp:term":[{"taxonomy":"product_brand","embeddable":true,"href":"https:\/\/ikasougou.com\/akamservices\/wp-json\/wp\/v2\/product_brand?post=6511"},{"taxonomy":"product_cat","embeddable":true,"href":"https:\/\/ikasougou.com\/akamservices\/wp-json\/wp\/v2\/product_cat?post=6511"},{"taxonomy":"product_tag","embeddable":true,"href":"https:\/\/ikasougou.com\/akamservices\/wp-json\/wp\/v2\/product_tag?post=6511"}],"curies":[{"name":"wp","href":"https:\/\/api.w.org\/{rel}","templated":true}]}}