{"id":6522,"date":"2021-03-15T01:00:50","date_gmt":"2021-03-15T00:00:50","guid":{"rendered":"https:\/\/ikasougou.com\/akamservices\/?post_type=product&#038;p=6522"},"modified":"2025-06-10T19:36:33","modified_gmt":"2025-06-10T17:36:33","slug":"wst-power-bank-station-8x-8000-mah","status":"publish","type":"product","link":"https:\/\/ikasougou.com\/akamservices\/produit\/wst-power-bank-station-8x-8000-mah\/","title":{"rendered":"Wst Power Bank Station 8X 8000 Mah"},"content":{"rendered":"<p>Marque WST Couleur Argent Type Power Bank Appareils compatibles T\u00e9l\u00e9phones mobiles DESCRIPTION: Capacit\u00e9: 7001-8000mAh Num\u00e9ro de mod\u00e8le: WP931B8 Marque: WST Nombre de ports de charge: 4 Appareils compatibles: T\u00e9l\u00e9phones mobiles Type: Power bank<\/p>\n<div style=\"width: 1020px;\" class=\"wp-video\"><video class=\"wp-video-shortcode\" id=\"video-6522-1\" width=\"1020\" height=\"574\" preload=\"metadata\" controls=\"controls\"><source type=\"video\/mp4\" src=\"https:\/\/ikasougou.com\/akamservices\/wp-content\/uploads\/sites\/30\/2021\/03\/station_hd_hq.mp4?_=1\" \/><a href=\"https:\/\/ikasougou.com\/akamservices\/wp-content\/uploads\/sites\/30\/2021\/03\/station_hd_hq.mp4\">https:\/\/ikasougou.com\/akamservices\/wp-content\/uploads\/sites\/30\/2021\/03\/station_hd_hq.mp4<\/a><\/video><\/div>\n<div style=\"display:flex; gap:10px;justify-content:center\" class=\"wps-pgfw-pdf-generate-icon__wrapper-frontend\">\n\t\t<a  href=\"https:\/\/ikasougou.com\/akamservices\/wp-json\/wp\/v2\/product\/6522?action=genpdf&amp;id=6522\" class=\"pgfw-single-pdf-download-button\" ><img src=\"https:\/\/ikasougou.com\/akamservices\/wp-content\/plugins\/pdf-generator-for-wp\/admin\/src\/images\/PDF_Tray.svg\" title=\"G\u00e9n\u00e9rer un PDF\" style=\"width:auto; height:45px;\"><\/a>\n\t\t<\/div>","protected":false},"excerpt":{"rendered":"<p>Marque WST Couleur Argent Type Power Bank Appareils compatibles T\u00e9l\u00e9phones mobiles DESCRIPTION: Capacit\u00e9: 7001-8000mAh Num\u00e9ro de mod\u00e8le: WP931B8 Marque: WST Nombre de ports de charge: 4 Appareils compatibles: T\u00e9l\u00e9phones mobiles Type: Power bank<\/p>\n","protected":false},"featured_media":6525,"comment_status":"open","ping_status":"closed","template":"","meta":{"jetpack_post_was_ever_published":false,"jetpack_publicize_message":"","jetpack_publicize_feature_enabled":true,"jetpack_social_post_already_shared":true,"jetpack_social_options":{"image_generator_settings":{"template":"highway","default_image_id":0,"font":"","enabled":false},"version":2}},"product_brand":[],"product_cat":[18],"product_tag":[],"class_list":{"0":"post-6522","1":"product","2":"type-product","3":"status-publish","4":"has-post-thumbnail","6":"product_cat-hightech","8":"first","9":"instock","10":"shipping-taxable","11":"product-type-simple"},"ams_default_variation_id":0,"ams_product_points_reward":[],"ams_product_discount_percentage":0,"ams_price_to_display":0,"aioseo_notices":[],"ams_acf":[],"jetpack_publicize_connections":[],"jetpack_sharing_enabled":true,"jetpack_likes_enabled":true,"_links":{"self":[{"href":"https:\/\/ikasougou.com\/akamservices\/wp-json\/wp\/v2\/product\/6522","targetHints":{"allow":["GET"]}}],"collection":[{"href":"https:\/\/ikasougou.com\/akamservices\/wp-json\/wp\/v2\/product"}],"about":[{"href":"https:\/\/ikasougou.com\/akamservices\/wp-json\/wp\/v2\/types\/product"}],"replies":[{"embeddable":true,"href":"https:\/\/ikasougou.com\/akamservices\/wp-json\/wp\/v2\/comments?post=6522"}],"wp:featuredmedia":[{"embeddable":true,"href":"https:\/\/ikasougou.com\/akamservices\/wp-json\/wp\/v2\/media\/6525"}],"wp:attachment":[{"href":"https:\/\/ikasougou.com\/akamservices\/wp-json\/wp\/v2\/media?parent=6522"}],"wp:term":[{"taxonomy":"product_brand","embeddable":true,"href":"https:\/\/ikasougou.com\/akamservices\/wp-json\/wp\/v2\/product_brand?post=6522"},{"taxonomy":"product_cat","embeddable":true,"href":"https:\/\/ikasougou.com\/akamservices\/wp-json\/wp\/v2\/product_cat?post=6522"},{"taxonomy":"product_tag","embeddable":true,"href":"https:\/\/ikasougou.com\/akamservices\/wp-json\/wp\/v2\/product_tag?post=6522"}],"curies":[{"name":"wp","href":"https:\/\/api.w.org\/{rel}","templated":true}]}}