{"id":6547,"date":"2021-06-02T17:12:19","date_gmt":"2021-06-02T15:12:19","guid":{"rendered":"https:\/\/ikasougou.com\/akamservices\/?post_type=product&#038;p=6547"},"modified":"2021-06-04T12:00:41","modified_gmt":"2021-06-04T10:00:41","slug":"jbl-charge-5-enceinte-portable-bluetooth-avec-chargeur-integre","status":"publish","type":"product","link":"https:\/\/ikasougou.com\/akamservices\/produit\/jbl-charge-5-enceinte-portable-bluetooth-avec-chargeur-integre\/","title":{"rendered":"JBL Charge 5 \u2013 Enceinte portable Bluetooth avec chargeur int\u00e9gr\u00e9"},"content":{"rendered":"<ul class=\"a-unordered-list a-vertical a-spacing-mini\">\n<li><span class=\"a-list-item\">Son Pro JBL : la Charge 5 est dot\u00e9e d\u2019un haut-parleur optimis\u00e9 de longue port\u00e9e, d\u2019un haut-parleur haute fr\u00e9quence et de deux radiateurs de basses pour un son puissant, riche et clair<\/span><\/li>\n<\/ul>\n<p>&nbsp;<\/p>\n<ul class=\"a-unordered-list a-vertical a-spacing-mini\">\n<li><span class=\"a-list-item\">20 hrs d\u2019autonomie et chargeur int\u00e9gr\u00e9 : faites la f\u00eate du soir au matin et b\u00e9n\u00e9ficiez d\u2019une autonomie de 20 hrs. Gr\u00e2ce au chargeur portable, rechargez vos appareils sans arr\u00eater la musique<\/span><\/li>\n<\/ul>\n<p>&nbsp;<\/p>\n<ul class=\"a-unordered-list a-vertical a-spacing-mini\">\n<li><span class=\"a-list-item\">Diffusion sans fil par Bluetooth : connectez jusqu\u2019\u00e0 2 smartphones ou tablettes gr\u00e2ce \u00e0 la technologie Bluetooth et emportez votre musique o\u00f9 que vous alliez<\/span><\/li>\n<\/ul>\n<p>&nbsp;<\/p>\n<ul class=\"a-unordered-list a-vertical a-spacing-mini\">\n<li><span class=\"a-list-item\">Etanche conform\u00e9ment \u00e0 la norme IP67 : emportez la Charge 5 \u00e0 la plage sans craindre l&#8217;eau ni la poussi\u00e8re. Aussi belle que le son qu&#8217;elle produit, elle est disponible en plusieurs couleurs<\/span><\/li>\n<\/ul>\n<p>&nbsp;<\/p>\n<ul class=\"a-unordered-list a-vertical a-spacing-mini\">\n<li><span class=\"a-list-item\">Livraison : 1 x JBL Charge 5, 1 x c\u00e2ble USB de type C, 1 x fiche de s\u00e9curit\u00e9, 1 x guide de d\u00e9marrage rapide \/ Dimensions (L x H x P) : 223 x 96,5 x 94 mm, couleur : noir<\/span><\/li>\n<\/ul>\n<table id=\"productDetails_techSpec_section_1\" class=\"a-keyvalue prodDetTable\" role=\"presentation\">\n<tbody>\n<tr>\n<th class=\"a-color-secondary a-size-base prodDetSectionEntry\">Marque<\/th>\n<td class=\"a-size-base prodDetAttrValue\">JBL<\/td>\n<\/tr>\n<tr>\n<th class=\"a-color-secondary a-size-base prodDetSectionEntry\">Couleur<\/th>\n<td class=\"a-size-base prodDetAttrValue\">Noir<\/td>\n<\/tr>\n<tr>\n<th class=\"a-color-secondary a-size-base prodDetSectionEntry\">Connexions<\/th>\n<td class=\"a-size-base prodDetAttrValue\">USB Bluetooth<\/td>\n<\/tr>\n<tr>\n<th class=\"a-color-secondary a-size-base prodDetSectionEntry\">Garantie constructeur<\/th>\n<td class=\"a-size-base prodDetAttrValue\">12 Mois<\/td>\n<\/tr>\n<\/tbody>\n<\/table>\n<p>&nbsp;<\/p>\n<table id=\"productDetails_detailBullets_sections1\" class=\"a-keyvalue prodDetTable\" role=\"presentation\">\n<tbody>\n<tr>\n<th class=\"a-color-secondary a-size-base prodDetSectionEntry\">Dimensions du produit (L x l x h)<\/th>\n<td class=\"a-size-base prodDetAttrValue\">37.4 x 86.6 x 36.6 cm; 930 grammes<\/td>\n<\/tr>\n<\/tbody>\n<\/table>\n<div style=\"display:flex; gap:10px;justify-content:center\" class=\"wps-pgfw-pdf-generate-icon__wrapper-frontend\">\n\t\t<a  href=\"https:\/\/ikasougou.com\/akamservices\/wp-json\/wp\/v2\/product\/6547?action=genpdf&amp;id=6547\" class=\"pgfw-single-pdf-download-button\" ><img src=\"https:\/\/ikasougou.com\/akamservices\/wp-content\/plugins\/pdf-generator-for-wp\/admin\/src\/images\/PDF_Tray.svg\" title=\"G\u00e9n\u00e9rer un PDF\" style=\"width:auto; height:45px;\"><\/a>\n\t\t<\/div>","protected":false},"excerpt":{"rendered":"<p>Son Pro JBL : la Charge 5 est dot\u00e9e d\u2019un haut-parleur optimis\u00e9 de longue port\u00e9e, d\u2019un haut-parleur haute fr\u00e9quence et de deux radiateurs de basses pour un son puissant, riche et clair &nbsp; 20 hrs d\u2019autonomie et chargeur int\u00e9gr\u00e9 : faites la f\u00eate du soir au matin et b\u00e9n\u00e9ficiez d\u2019une autonomie de 20 hrs. Gr\u00e2ce [&#8230;]\n","protected":false},"featured_media":6557,"comment_status":"open","ping_status":"closed","template":"","meta":{"jetpack_post_was_ever_published":false,"jetpack_publicize_message":"","jetpack_publicize_feature_enabled":true,"jetpack_social_post_already_shared":true,"jetpack_social_options":{"image_generator_settings":{"template":"highway","default_image_id":0,"font":"","enabled":false},"version":2}},"product_brand":[],"product_cat":[18,19],"product_tag":[45,62,63,44],"class_list":{"0":"post-6547","1":"product","2":"type-product","3":"status-publish","4":"has-post-thumbnail","6":"product_cat-hightech","7":"product_cat-multimedia-audio-videos","8":"product_tag-bamako","9":"product_tag-jbl","10":"product_tag-jbl-charge-5-enceinte-portable-bluetooth-avec-chargeur-integre","11":"product_tag-mali","13":"first","14":"instock","15":"shipping-taxable","16":"purchasable","17":"product-type-simple"},"ams_default_variation_id":0,"ams_product_points_reward":[],"ams_product_discount_percentage":0,"ams_price_to_display":160000,"aioseo_notices":[],"ams_acf":[],"jetpack_publicize_connections":[],"jetpack_sharing_enabled":true,"jetpack_likes_enabled":true,"_links":{"self":[{"href":"https:\/\/ikasougou.com\/akamservices\/wp-json\/wp\/v2\/product\/6547","targetHints":{"allow":["GET"]}}],"collection":[{"href":"https:\/\/ikasougou.com\/akamservices\/wp-json\/wp\/v2\/product"}],"about":[{"href":"https:\/\/ikasougou.com\/akamservices\/wp-json\/wp\/v2\/types\/product"}],"replies":[{"embeddable":true,"href":"https:\/\/ikasougou.com\/akamservices\/wp-json\/wp\/v2\/comments?post=6547"}],"wp:featuredmedia":[{"embeddable":true,"href":"https:\/\/ikasougou.com\/akamservices\/wp-json\/wp\/v2\/media\/6557"}],"wp:attachment":[{"href":"https:\/\/ikasougou.com\/akamservices\/wp-json\/wp\/v2\/media?parent=6547"}],"wp:term":[{"taxonomy":"product_brand","embeddable":true,"href":"https:\/\/ikasougou.com\/akamservices\/wp-json\/wp\/v2\/product_brand?post=6547"},{"taxonomy":"product_cat","embeddable":true,"href":"https:\/\/ikasougou.com\/akamservices\/wp-json\/wp\/v2\/product_cat?post=6547"},{"taxonomy":"product_tag","embeddable":true,"href":"https:\/\/ikasougou.com\/akamservices\/wp-json\/wp\/v2\/product_tag?post=6547"}],"curies":[{"name":"wp","href":"https:\/\/api.w.org\/{rel}","templated":true}]}}