{"id":6621,"date":"2021-06-17T18:53:41","date_gmt":"2021-06-17T16:53:41","guid":{"rendered":"https:\/\/ikasougou.com\/akamservices\/?post_type=product&#038;p=6621"},"modified":"2021-06-21T18:21:10","modified_gmt":"2021-06-21T16:21:10","slug":"apple-magic-mouse-2-argent","status":"publish","type":"product","link":"https:\/\/ikasougou.com\/akamservices\/produit\/apple-magic-mouse-2-argent\/","title":{"rendered":"Apple Magic Mouse 2 &#8211; Argent"},"content":{"rendered":"<div class=\"rc-pdsection-panel Overview-panel row\">\n<div class=\"rc-pdsection-sidepanel column large-3 small-12\">\n<h3 class=\"rc-pdsection-title\" data-autom=\"sectionTitle\">Pr\u00e9sentation<\/h3>\n<\/div>\n<div class=\"rc-pdsection-mainpanel column large-9 small-12\">\n<div class=\"para-list as-pdp-lastparalist\">\n<p style=\"text-align: left;\">la Magic\u00a0Mouse\u00a02 n\u2019est pas seulement belle, mais \u00e9galement enti\u00e8rement rechargeable, ce qui vous \u00e9vite d\u2019utiliser des piles. Avec sa batterie int\u00e9gr\u00e9e, son design optimis\u00e9 et sa coque en une seule pi\u00e8ce, elle est plus l\u00e9g\u00e8re et comprend moins de parties mobiles. Autant de qualit\u00e9s qui permettent \u00e0 la Magic\u00a0Mouse\u00a02 de vous suivre plus facilement et de se d\u00e9placer sur votre bureau en opposant moins de r\u00e9sistance. Quant \u00e0 sa surface Multi\u2011Touch, elle vous offre la possibilit\u00e9, entre autres, de balayer d\u2019une page web \u00e0 l\u2019autre ou de faire d\u00e9filer le contenu d\u2019un document \u00e0 l\u2019aide de gestes simples. \u00c0 peine d\u00e9ball\u00e9e, la Magic Mouse\u00a02 s\u2019associe automatiquement \u00e0 votre Mac pour \u00eatre tout de suite op\u00e9rationnelle.<\/p>\n<\/div>\n<\/div>\n<\/div>\n<div class=\"rc-pdsection-panel WhatsInTheBox-panel row\">\n<div class=\"rc-pdsection-sidepanel column large-3 small-12\">\n<h3 class=\"rc-pdsection-title\" data-autom=\"sectionTitle\">Contenu du coffret<\/h3>\n<\/div>\n<div class=\"rc-pdsection-mainpanel column large-9 small-12\">\n<div class=\"para-list\">\n<p>Magic Mouse\u00a02<\/p>\n<\/div>\n<div class=\"para-list as-pdp-lastparalist\">\n<p>C\u00e2ble Lightning vers\u00a0USB<\/p>\n<\/div>\n<\/div>\n<\/div>\n<div class=\"rc-pdsection-panel TechSpecs-panel row\">\n<div class=\"rc-pdsection-sidepanel column large-3 small-12\">\n<h3 class=\"rc-pdsection-title\" data-autom=\"sectionTitle\">Caract\u00e9ristiques<\/h3>\n<\/div>\n<div class=\"rc-pdsection-mainpanel column large-9 small-12\">\n<h4 class=\"h4-para-title\">Dimensions et poids<\/h4>\n<div class=\"para-list\">\n<p>Hauteur\u00a0: 2,16\u00a0cm<\/p>\n<\/div>\n<div class=\"para-list as-pdp-lastparalist\">\n<p>Largeur\u00a0: 5,71\u00a0cm<\/p>\n<\/div>\n<div class=\"para-list\">\n<p>Profondeur\u00a0: 11,35\u00a0cm<\/p>\n<\/div>\n<div class=\"para-list as-pdp-lastparalist\">\n<p>Poids\u00a0: 0,099\u00a0kg*<\/p>\n<\/div>\n<h4 class=\"h4-para-title\">G\u00e9n\u00e9ral<\/h4>\n<div class=\"para-list as-pdp-lastparalist\">\n<p>Multi-Touch<\/p>\n<\/div>\n<h4 class=\"h4-para-title\">Connexions et extension<\/h4>\n<div class=\"para-list\">\n<p>Bluetooth<\/p>\n<\/div>\n<div class=\"para-list\">\n<p>Port Lightning<\/p>\n<\/div>\n<div class=\"para-list as-pdp-lastparalist\">\n<p>Technologie sans fil<\/p>\n<\/div>\n<\/div>\n<\/div>\n<div class=\"rc-pdsection-panel SystemRequirements-panel row\">\n<div class=\"rc-pdsection-sidepanel column large-3 small-12\">\n<h3 class=\"rc-pdsection-title\" data-autom=\"sectionTitle\">Configuration requise<\/h3>\n<\/div>\n<div class=\"rc-pdsection-mainpanel column large-9 small-12 rc-pdsection-mainpanel-nobullets\">\n<div class=\"para-list as-pdp-lastparalist\">\n<p>Ordinateur Mac compatible Bluetooth \u00e9quip\u00e9 d\u2019OS\u00a0X 10.11 (ou version ult\u00e9rieure)<\/p>\n<\/div>\n<\/div>\n<\/div>\n<div style=\"display:flex; gap:10px;justify-content:center\" class=\"wps-pgfw-pdf-generate-icon__wrapper-frontend\">\n\t\t<a  href=\"https:\/\/ikasougou.com\/akamservices\/wp-json\/wp\/v2\/product\/6621?action=genpdf&amp;id=6621\" class=\"pgfw-single-pdf-download-button\" ><img src=\"https:\/\/ikasougou.com\/akamservices\/wp-content\/plugins\/pdf-generator-for-wp\/admin\/src\/images\/PDF_Tray.svg\" title=\"G\u00e9n\u00e9rer un PDF\" style=\"width:auto; height:45px;\"><\/a>\n\t\t<\/div>","protected":false},"excerpt":{"rendered":"<p>Apple Magic Mouse 2<\/p>\n","protected":false},"featured_media":6622,"comment_status":"open","ping_status":"closed","template":"","meta":{"jetpack_post_was_ever_published":false,"jetpack_publicize_message":"","jetpack_publicize_feature_enabled":true,"jetpack_social_post_already_shared":true,"jetpack_social_options":{"image_generator_settings":{"template":"highway","default_image_id":0,"font":"","enabled":false},"version":2}},"product_brand":[],"product_cat":[18,20],"product_tag":[46,45,73,44],"class_list":{"0":"post-6621","1":"product","2":"type-product","3":"status-publish","4":"has-post-thumbnail","6":"product_cat-hightech","7":"product_cat-ordinateur-bureautique","8":"product_tag-apple","9":"product_tag-bamako","10":"product_tag-magic-mouse-2","11":"product_tag-mali","13":"first","14":"instock","15":"shipping-taxable","16":"purchasable","17":"product-type-simple"},"ams_default_variation_id":0,"ams_product_points_reward":[],"ams_product_discount_percentage":0,"ams_price_to_display":95000,"aioseo_notices":[],"ams_acf":[],"jetpack_publicize_connections":[],"jetpack_sharing_enabled":true,"jetpack_likes_enabled":true,"_links":{"self":[{"href":"https:\/\/ikasougou.com\/akamservices\/wp-json\/wp\/v2\/product\/6621","targetHints":{"allow":["GET"]}}],"collection":[{"href":"https:\/\/ikasougou.com\/akamservices\/wp-json\/wp\/v2\/product"}],"about":[{"href":"https:\/\/ikasougou.com\/akamservices\/wp-json\/wp\/v2\/types\/product"}],"replies":[{"embeddable":true,"href":"https:\/\/ikasougou.com\/akamservices\/wp-json\/wp\/v2\/comments?post=6621"}],"wp:featuredmedia":[{"embeddable":true,"href":"https:\/\/ikasougou.com\/akamservices\/wp-json\/wp\/v2\/media\/6622"}],"wp:attachment":[{"href":"https:\/\/ikasougou.com\/akamservices\/wp-json\/wp\/v2\/media?parent=6621"}],"wp:term":[{"taxonomy":"product_brand","embeddable":true,"href":"https:\/\/ikasougou.com\/akamservices\/wp-json\/wp\/v2\/product_brand?post=6621"},{"taxonomy":"product_cat","embeddable":true,"href":"https:\/\/ikasougou.com\/akamservices\/wp-json\/wp\/v2\/product_cat?post=6621"},{"taxonomy":"product_tag","embeddable":true,"href":"https:\/\/ikasougou.com\/akamservices\/wp-json\/wp\/v2\/product_tag?post=6621"}],"curies":[{"name":"wp","href":"https:\/\/api.w.org\/{rel}","templated":true}]}}