{"id":6624,"date":"2021-06-21T18:10:11","date_gmt":"2021-06-21T16:10:11","guid":{"rendered":"https:\/\/ikasougou.com\/akamservices\/?post_type=product&#038;p=6624"},"modified":"2021-06-22T00:02:57","modified_gmt":"2021-06-21T22:02:57","slug":"green-universal-pencil","status":"publish","type":"product","link":"https:\/\/ikasougou.com\/akamservices\/produit\/green-universal-pencil\/","title":{"rendered":"Green Universal Pencil"},"content":{"rendered":"<div>Ce stylet actif est compatible avec les iPad 2018 et 2019 : Apple iPad 6e\/7e g\u00e9n\u00e9ration, iPad Air 3e g\u00e9n\u00e9ration, iPad Mini 5e g\u00e9n\u00e9ration, iPad Pro 11 pouces, iPad Pro 12,9 pouces (3e g\u00e9n\u00e9ration). Veuillez confirmer vos appareils avant de passer commande, les autres mod\u00e8les ne sont pas valides.<\/div>\n<div><\/div>\n<div>\u2605 SUPPORT DE REJET DE PAUME &#8211; Avec la technologie am\u00e9lior\u00e9e, vous pouvez m\u00eame poser votre paume sur l&#8217;\u00e9cran et il ne s&#8217;enregistrera pas comme une marque, vous pouvez donc l&#8217;utiliser comme un bloc de papier.<\/div>\n<div><\/div>\n<div>\u2605 TR\u00c8S R\u00c9ACTIF ET PARFAITEMENT PR\u00c9CIS &#8211; \u00c9quip\u00e9 d&#8217;une pointe POM en plastique de 1,0 mm, le stylet actif est le meilleur outil \u00e0 atteindre lorsque vous avez besoin d&#8217;une pr\u00e9cision parfaite au pixel pr\u00e8s. Utilisez-le pour naviguer sur le Web, prendre des notes, peindre une aquarelle, faire un croquis ou annoter un document.<\/div>\n<div><\/div>\n<div>\u2605 LONGUE DUR\u00c9E DE VIE DE LA BATTERIE: Le stylo ipad dispose d&#8217;une batterie int\u00e9gr\u00e9e qui offre 20 heures d&#8217;utilisation active alors qu&#8217;il est compl\u00e8tement charg\u00e9 avec un c\u00e2ble Micro USB en 60 minutes. Une veille intelligente et une mise hors tension automatique apr\u00e8s 30 minutes garantissent des \u00e9conomies d&#8217;\u00e9nergie, la s\u00e9curit\u00e9 et une longue dur\u00e9e de vie .<\/div>\n<div style=\"display:flex; gap:10px;justify-content:center\" class=\"wps-pgfw-pdf-generate-icon__wrapper-frontend\">\n\t\t<a  href=\"https:\/\/ikasougou.com\/akamservices\/wp-json\/wp\/v2\/product\/6624?action=genpdf&amp;id=6624\" class=\"pgfw-single-pdf-download-button\" ><img src=\"https:\/\/ikasougou.com\/akamservices\/wp-content\/plugins\/pdf-generator-for-wp\/admin\/src\/images\/PDF_Tray.svg\" title=\"G\u00e9n\u00e9rer un PDF\" style=\"width:auto; height:45px;\"><\/a>\n\t\t<\/div>","protected":false},"excerpt":{"rendered":"<p>Ce stylet actif est compatible avec les iPad 2018 et 2019 : Apple iPad 6e\/7e g\u00e9n\u00e9ration, iPad Air 3e g\u00e9n\u00e9ration, iPad Mini 5e g\u00e9n\u00e9ration, iPad Pro 11 pouces, iPad Pro 12,9 pouces (3e g\u00e9n\u00e9ration). Veuillez confirmer vos appareils avant de passer commande, les autres mod\u00e8les ne sont pas valides. \u2605 SUPPORT DE REJET DE PAUME [&#8230;]\n","protected":false},"featured_media":6641,"comment_status":"open","ping_status":"closed","template":"","meta":{"jetpack_post_was_ever_published":false,"jetpack_publicize_message":"","jetpack_publicize_feature_enabled":true,"jetpack_social_post_already_shared":true,"jetpack_social_options":{"image_generator_settings":{"template":"highway","default_image_id":0,"font":"","enabled":false},"version":2}},"product_brand":[],"product_cat":[18],"product_tag":[45,76,44],"class_list":{"0":"post-6624","1":"product","2":"type-product","3":"status-publish","4":"has-post-thumbnail","6":"product_cat-hightech","7":"product_tag-bamako","8":"product_tag-green-universal-pencil","9":"product_tag-mali","11":"first","12":"instock","13":"shipping-taxable","14":"purchasable","15":"product-type-simple"},"ams_default_variation_id":0,"ams_product_points_reward":[],"ams_product_discount_percentage":0,"ams_price_to_display":60000,"aioseo_notices":[],"ams_acf":[],"jetpack_publicize_connections":[],"jetpack_sharing_enabled":true,"jetpack_likes_enabled":true,"_links":{"self":[{"href":"https:\/\/ikasougou.com\/akamservices\/wp-json\/wp\/v2\/product\/6624","targetHints":{"allow":["GET"]}}],"collection":[{"href":"https:\/\/ikasougou.com\/akamservices\/wp-json\/wp\/v2\/product"}],"about":[{"href":"https:\/\/ikasougou.com\/akamservices\/wp-json\/wp\/v2\/types\/product"}],"replies":[{"embeddable":true,"href":"https:\/\/ikasougou.com\/akamservices\/wp-json\/wp\/v2\/comments?post=6624"}],"wp:featuredmedia":[{"embeddable":true,"href":"https:\/\/ikasougou.com\/akamservices\/wp-json\/wp\/v2\/media\/6641"}],"wp:attachment":[{"href":"https:\/\/ikasougou.com\/akamservices\/wp-json\/wp\/v2\/media?parent=6624"}],"wp:term":[{"taxonomy":"product_brand","embeddable":true,"href":"https:\/\/ikasougou.com\/akamservices\/wp-json\/wp\/v2\/product_brand?post=6624"},{"taxonomy":"product_cat","embeddable":true,"href":"https:\/\/ikasougou.com\/akamservices\/wp-json\/wp\/v2\/product_cat?post=6624"},{"taxonomy":"product_tag","embeddable":true,"href":"https:\/\/ikasougou.com\/akamservices\/wp-json\/wp\/v2\/product_tag?post=6624"}],"curies":[{"name":"wp","href":"https:\/\/api.w.org\/{rel}","templated":true}]}}