{"id":6636,"date":"2021-06-21T18:07:20","date_gmt":"2021-06-21T16:07:20","guid":{"rendered":"https:\/\/ikasougou.com\/akamservices\/?post_type=product&#038;p=6636"},"modified":"2021-06-21T18:24:36","modified_gmt":"2021-06-21T16:24:36","slug":"jbl-pulse-enceinte-bluetooth-portable","status":"publish","type":"product","link":"https:\/\/ikasougou.com\/akamservices\/produit\/jbl-pulse-enceinte-bluetooth-portable\/","title":{"rendered":"JBL PULSE &#8211; Enceinte bluetooth portable"},"content":{"rendered":"<section class=\"pdp-features in-view\" data-section=\"features\" data-headline=\"Caract\u00e9ristiques\">\n<div class=\"expanded-features\">\n<div class=\"expanded-feature -lifestyle not-in-view\">\n<div class=\"imagery\"><img decoding=\"async\" class=\"alignleft\" src=\"https:\/\/fr.jbl.com\/on\/demandware.static\/-\/Sites-masterCatalog_Harman\/default\/dwecbfe269\/pdp\/JBL_Pulse_4_Fire_Pit_1_904x560px.png\" alt=\"Des lumi\u00e8res dans la nuit\" data-src=\"\/on\/demandware.static\/-\/Sites-masterCatalog_Harman\/default\/dwecbfe269\/pdp\/JBL_Pulse_4_Fire_Pit_1_904x560px.png\" \/><\/div>\n<div class=\"copy\">\n<h3>Des lumi\u00e8res dans la nuit<\/h3>\n<p>L\u2019enceinte Pulse\u00a04 brille dans la nuit gr\u00e2ce \u00e0 son jeu de lumi\u00e8res LED haute r\u00e9solution \u00e9blouissant \u00e0 360\u00a0degr\u00e9s.<\/p>\n<\/div>\n<\/div>\n<div class=\"expanded-feature -lifestyle not-in-view\">\n<div class=\"imagery\"><img decoding=\"async\" class=\"alignright\" src=\"https:\/\/fr.jbl.com\/on\/demandware.static\/-\/Sites-masterCatalog_Harman\/default\/dw7d840be4\/pdp\/JBL_Pulse_4_Stairs_904x560px.png\" alt=\"La musique \u00e0 emporter\" data-src=\"\/on\/demandware.static\/-\/Sites-masterCatalog_Harman\/default\/dw7d840be4\/pdp\/JBL_Pulse_4_Stairs_904x560px.png\" \/><\/div>\n<div class=\"copy\">\n<h3>La musique \u00e0 emporter<\/h3>\n<p>La Pulse\u00a04 d\u00e9livre le son signature JBL dans toutes les directions gr\u00e2ce \u00e0 son syst\u00e8me ing\u00e9nieux d\u2019enceinte \u00e0 360\u00a0degr\u00e9s.<\/p>\n<\/div>\n<\/div>\n<div class=\"expanded-feature -lifestyle in-view\">\n<div class=\"imagery\"><img decoding=\"async\" class=\"alignleft\" src=\"https:\/\/fr.jbl.com\/on\/demandware.static\/-\/Sites-masterCatalog_Harman\/default\/dwb7a2a39d\/pdp\/JBL_Pulse_4_Rooftop_Dancing_19_904x560px.png\" alt=\"12 heures d\u2019autonomie\" data-src=\"\/on\/demandware.static\/-\/Sites-masterCatalog_Harman\/default\/dwb7a2a39d\/pdp\/JBL_Pulse_4_Rooftop_Dancing_19_904x560px.png\" \/><\/div>\n<div class=\"copy\">\n<h3>12 heures d\u2019autonomie<\/h3>\n<p>Pr\u00eat(e) \u00e0 vous d\u00e9hancher toute la nuit\u00a0? L\u2019enceinte Pulse\u00a04 vous offre jusqu\u2019\u00e0 12\u00a0heures d\u2019autonomie sur une seule charge.<\/p>\n<\/div>\n<\/div>\n<\/div>\n<div class=\"feature-slider slick-initialized slick-slider slick-dotted\">\n<div class=\"slick-list draggable\">\n<div class=\"slick-track\">\n<div class=\"feature-slide slick-slide slick-cloned\" tabindex=\"-1\" data-slick-index=\"-3\" aria-hidden=\"true\">\n<p><span class=\"imagery\"><img decoding=\"async\" src=\"https:\/\/fr.jbl.com\/dw\/image\/v2\/AAUJ_PRD\/on\/demandware.static\/-\/Sites-masterCatalog_Harman\/default\/dw08af1c84\/pdp\/icon_JBL_Signature.png?sw=55&amp;sfrm=png\" alt=\"Il existe une appli\u00a0!\" data-src=\"https:\/\/fr.jbl.com\/dw\/image\/v2\/AAUJ_PRD\/on\/demandware.static\/-\/Sites-masterCatalog_Harman\/default\/dw08af1c84\/pdp\/icon_JBL_Signature.png?sw=55&amp;sfrm=png\" \/><\/span><\/p>\n<h3>Il existe une appli\u00a0!<\/h3>\n<p>T\u00e9l\u00e9chargez l\u2019application JBL Connect pour prendre les r\u00eanes de votre soir\u00e9e en toute simplicit\u00e9. Visualisez votre musique gr\u00e2ce aux th\u00e8mes lumineux vari\u00e9s, ou cr\u00e9ez le v\u00f4tre\u00a0! Envie d\u2019un moment de calme\u00a0? Faites passer votre enceinte en mode \u00e9clairage d\u2019ambiance pour profiter de sa lumi\u00e8re m\u00eame lorsque vous coupez le son.<\/p>\n<\/div>\n<div class=\"feature-slide slick-slide slick-cloned\" tabindex=\"-1\" data-slick-index=\"-2\" aria-hidden=\"true\">\n<p><span class=\"imagery\"><img decoding=\"async\" src=\"https:\/\/fr.jbl.com\/dw\/image\/v2\/AAUJ_PRD\/on\/demandware.static\/-\/Sites-masterCatalog_Harman\/default\/dwe71bff20\/pdp\/icon_JBL_Partyboost.png?sw=55&amp;sfrm=png\" alt=\"Plus on est de fous, plus on rit avec PartyBoost\u00a0!\" data-src=\"https:\/\/fr.jbl.com\/dw\/image\/v2\/AAUJ_PRD\/on\/demandware.static\/-\/Sites-masterCatalog_Harman\/default\/dwe71bff20\/pdp\/icon_JBL_Partyboost.png?sw=55&amp;sfrm=png\" \/><\/span><\/p>\n<h3>Plus on est de fous, plus on rit avec PartyBoost\u00a0!<\/h3>\n<p>Le mode PartyBoost vous permet d\u2019appairer deux enceintes compatibles pour obtenir un son st\u00e9r\u00e9o ou de connecter plusieurs enceintes compatibles pour rendre vos soir\u00e9es encore plus inoubliables.<\/p>\n<\/div>\n<div class=\"feature-slide slick-slide slick-cloned\" tabindex=\"-1\" data-slick-index=\"-1\" aria-hidden=\"true\">\n<p><span class=\"imagery\"><img decoding=\"async\" src=\"https:\/\/fr.jbl.com\/dw\/image\/v2\/AAUJ_PRD\/on\/demandware.static\/-\/Sites-masterCatalog_Harman\/default\/dwa9bf3e33\/pdp\/icon_JBL_Check.png?sw=55&amp;sfrm=png\" alt=\"Secouez pour synchroniser\" data-src=\"https:\/\/fr.jbl.com\/dw\/image\/v2\/AAUJ_PRD\/on\/demandware.static\/-\/Sites-masterCatalog_Harman\/default\/dwa9bf3e33\/pdp\/icon_JBL_Check.png?sw=55&amp;sfrm=png\" \/><\/span><\/p>\n<h3>Secouez pour synchroniser<\/h3>\n<p>Connecter votre jeu de lumi\u00e8res LED \u00e0 d\u2019autres Pulse\u00a04 \u00e0 proximit\u00e9 est simple comme bonjour\u00a0! Il vous suffit de secouez votre enceinte \u00e0 proximit\u00e9 d\u2019une autre pour lancer la synchronisation.<\/p>\n<\/div>\n<div id=\"slick-slide10\" class=\"feature-slide slick-slide slick-current slick-active\" tabindex=\"0\" role=\"tabpanel\" data-slick-index=\"0\" aria-hidden=\"false\">\n<p><span class=\"imagery\"><img decoding=\"async\" src=\"https:\/\/fr.jbl.com\/dw\/image\/v2\/AAUJ_PRD\/on\/demandware.static\/-\/Sites-masterCatalog_Harman\/default\/dw29fa7981\/pdp\/icon_JBL_IPX7.png?sw=55&amp;sfrm=png\" alt=\"Faites sensation gr\u00e2ce \u00e0 l\u2019indice d\u2019\u00e9tanch\u00e9it\u00e9 IPX7\" data-src=\"https:\/\/fr.jbl.com\/dw\/image\/v2\/AAUJ_PRD\/on\/demandware.static\/-\/Sites-masterCatalog_Harman\/default\/dw29fa7981\/pdp\/icon_JBL_IPX7.png?sw=55&amp;sfrm=png\" \/><\/span><\/p>\n<h3>Faites sensation gr\u00e2ce \u00e0 l\u2019indice d\u2019\u00e9tanch\u00e9it\u00e9 IPX7<\/h3>\n<p>Emmenez votre enceinte partout avec vous. Une soir\u00e9e au bord de la piscine\u00a0? Parfait\u00a0! Il se met \u00e0 pleuvoir \u00e0 torrents\u00a0? Aucun probl\u00e8me\u00a0! Vous allez \u00e0 la plage\u00a0? La Pulse\u00a04 est \u00e9tanche conform\u00e9ment \u00e0 la norme IPX7 jusqu\u2019\u00e0 un m\u00e8tre de profondeur, pour profiter de votre enceinte en ext\u00e9rieur sans crainte.<\/p>\n<\/div>\n<div id=\"slick-slide11\" class=\"feature-slide slick-slide slick-active\" tabindex=\"0\" role=\"tabpanel\" data-slick-index=\"1\" aria-hidden=\"false\">\n<p><span class=\"imagery\"><img decoding=\"async\" src=\"https:\/\/fr.jbl.com\/dw\/image\/v2\/AAUJ_PRD\/on\/demandware.static\/-\/Sites-masterCatalog_Harman\/default\/dw08af1c84\/pdp\/icon_JBL_Signature.png?sw=55&amp;sfrm=png\" alt=\"Il existe une appli\u00a0!\" data-src=\"https:\/\/fr.jbl.com\/dw\/image\/v2\/AAUJ_PRD\/on\/demandware.static\/-\/Sites-masterCatalog_Harman\/default\/dw08af1c84\/pdp\/icon_JBL_Signature.png?sw=55&amp;sfrm=png\" \/><\/span><\/p>\n<h3>Il existe une appli\u00a0!<\/h3>\n<p>T\u00e9l\u00e9chargez l\u2019application JBL Connect pour prendre les r\u00eanes de votre soir\u00e9e en toute simplicit\u00e9. Visualisez votre musique gr\u00e2ce aux th\u00e8mes lumineux vari\u00e9s, ou cr\u00e9ez le v\u00f4tre\u00a0! Envie d\u2019un moment de calme\u00a0? Faites passer votre enceinte en mode \u00e9clairage d\u2019ambiance pour profiter de sa lumi\u00e8re m\u00eame lorsque vous coupez le son.<\/p>\n<\/div>\n<div id=\"slick-slide12\" class=\"feature-slide slick-slide slick-active\" tabindex=\"0\" role=\"tabpanel\" data-slick-index=\"2\" aria-hidden=\"false\">\n<p><span class=\"imagery\"><img decoding=\"async\" src=\"https:\/\/fr.jbl.com\/dw\/image\/v2\/AAUJ_PRD\/on\/demandware.static\/-\/Sites-masterCatalog_Harman\/default\/dwe71bff20\/pdp\/icon_JBL_Partyboost.png?sw=55&amp;sfrm=png\" alt=\"Plus on est de fous, plus on rit avec PartyBoost\u00a0!\" data-src=\"https:\/\/fr.jbl.com\/dw\/image\/v2\/AAUJ_PRD\/on\/demandware.static\/-\/Sites-masterCatalog_Harman\/default\/dwe71bff20\/pdp\/icon_JBL_Partyboost.png?sw=55&amp;sfrm=png\" \/><\/span><\/p>\n<h3>Plus on est de fous, plus on rit avec PartyBoost\u00a0!<\/h3>\n<p>Le mode PartyBoost vous permet d\u2019appairer deux enceintes compatibles pour obtenir un son st\u00e9r\u00e9o ou de connecter plusieurs enceintes compatibles pour rendre vos soir\u00e9es encore plus inoubliables.<\/p>\n<\/div>\n<div id=\"slick-slide13\" class=\"feature-slide slick-slide\" tabindex=\"-1\" role=\"tabpanel\" data-slick-index=\"3\" aria-hidden=\"true\">\n<p><span class=\"imagery\"><img decoding=\"async\" src=\"https:\/\/fr.jbl.com\/dw\/image\/v2\/AAUJ_PRD\/on\/demandware.static\/-\/Sites-masterCatalog_Harman\/default\/dwa9bf3e33\/pdp\/icon_JBL_Check.png?sw=55&amp;sfrm=png\" alt=\"Secouez pour synchroniser\" data-src=\"https:\/\/fr.jbl.com\/dw\/image\/v2\/AAUJ_PRD\/on\/demandware.static\/-\/Sites-masterCatalog_Harman\/default\/dwa9bf3e33\/pdp\/icon_JBL_Check.png?sw=55&amp;sfrm=png\" \/><\/span><\/p>\n<h3>Secouez pour synchroniser<\/h3>\n<p>Connecter votre jeu de lumi\u00e8res LED \u00e0 d\u2019autres Pulse\u00a04 \u00e0 proximit\u00e9 est simple comme bonjour\u00a0! Il vous suffit de secouez votre enceinte \u00e0 proximit\u00e9 d\u2019une autre pour lancer la synchronisation.<\/p>\n<\/div>\n<div class=\"feature-slide slick-slide slick-cloned\" tabindex=\"-1\" data-slick-index=\"4\" aria-hidden=\"true\">\n<p><span class=\"imagery\"><img decoding=\"async\" src=\"https:\/\/fr.jbl.com\/dw\/image\/v2\/AAUJ_PRD\/on\/demandware.static\/-\/Sites-masterCatalog_Harman\/default\/dw29fa7981\/pdp\/icon_JBL_IPX7.png?sw=55&amp;sfrm=png\" alt=\"Faites sensation gr\u00e2ce \u00e0 l\u2019indice d\u2019\u00e9tanch\u00e9it\u00e9 IPX7\" data-src=\"https:\/\/fr.jbl.com\/dw\/image\/v2\/AAUJ_PRD\/on\/demandware.static\/-\/Sites-masterCatalog_Harman\/default\/dw29fa7981\/pdp\/icon_JBL_IPX7.png?sw=55&amp;sfrm=png\" \/><\/span><\/p>\n<h3>Faites sensation gr\u00e2ce \u00e0 l\u2019indice d\u2019\u00e9tanch\u00e9it\u00e9 IPX7<\/h3>\n<p>Emmenez votre enceinte partout avec vous. Une soir\u00e9e au bord de la piscine\u00a0? Parfait\u00a0! Il se met \u00e0 pleuvoir \u00e0 torrents\u00a0? Aucun probl\u00e8me\u00a0! Vous allez \u00e0 la plage\u00a0? La Pulse\u00a04 est \u00e9tanche conform\u00e9ment \u00e0 la norme IPX7 jusqu\u2019\u00e0 un m\u00e8tre de profondeur, pour profiter de votre enceinte en ext\u00e9rieur sans crainte.<\/p>\n<\/div>\n<div class=\"feature-slide slick-slide slick-cloned\" tabindex=\"-1\" data-slick-index=\"5\" aria-hidden=\"true\">\n<p><span class=\"imagery\"><img decoding=\"async\" src=\"https:\/\/fr.jbl.com\/dw\/image\/v2\/AAUJ_PRD\/on\/demandware.static\/-\/Sites-masterCatalog_Harman\/default\/dw08af1c84\/pdp\/icon_JBL_Signature.png?sw=55&amp;sfrm=png\" alt=\"Il existe une appli\u00a0!\" data-src=\"https:\/\/fr.jbl.com\/dw\/image\/v2\/AAUJ_PRD\/on\/demandware.static\/-\/Sites-masterCatalog_Harman\/default\/dw08af1c84\/pdp\/icon_JBL_Signature.png?sw=55&amp;sfrm=png\" \/><\/span><\/p>\n<h3>Il existe une appli\u00a0!<\/h3>\n<p>T\u00e9l\u00e9chargez l\u2019application JBL Connect pour prendre les r\u00eanes de votre soir\u00e9e en toute simplicit\u00e9. Visualisez votre musique gr\u00e2ce aux th\u00e8mes lumineux vari\u00e9s, ou cr\u00e9ez le v\u00f4tre\u00a0! Envie d\u2019un moment de calme\u00a0? Faites passer votre enceinte en mode \u00e9clairage d\u2019ambiance pour profiter de sa lumi\u00e8re m\u00eame lorsque vous coupez le son.<\/p>\n<\/div>\n<div class=\"feature-slide slick-slide slick-cloned\" tabindex=\"-1\" data-slick-index=\"6\" aria-hidden=\"true\">\n<p><span class=\"imagery\"><img decoding=\"async\" src=\"https:\/\/fr.jbl.com\/dw\/image\/v2\/AAUJ_PRD\/on\/demandware.static\/-\/Sites-masterCatalog_Harman\/default\/dwe71bff20\/pdp\/icon_JBL_Partyboost.png?sw=55&amp;sfrm=png\" alt=\"Plus on est de fous, plus on rit avec PartyBoost\u00a0!\" data-src=\"https:\/\/fr.jbl.com\/dw\/image\/v2\/AAUJ_PRD\/on\/demandware.static\/-\/Sites-masterCatalog_Harman\/default\/dwe71bff20\/pdp\/icon_JBL_Partyboost.png?sw=55&amp;sfrm=png\" \/><\/span><\/p>\n<h3>Plus on est de fous, plus on rit avec PartyBoost\u00a0!<\/h3>\n<p>Le mode PartyBoost vous permet d\u2019appairer deux enceintes compatibles pour obtenir un son st\u00e9r\u00e9o ou de connecter plusieurs enceintes compatibles pour rendre vos soir\u00e9es encore plus inoubliables.<\/p>\n<\/div>\n<div class=\"feature-slide slick-slide slick-cloned\" tabindex=\"-1\" data-slick-index=\"7\" aria-hidden=\"true\">\n<p><span class=\"imagery\"><img decoding=\"async\" src=\"https:\/\/fr.jbl.com\/dw\/image\/v2\/AAUJ_PRD\/on\/demandware.static\/-\/Sites-masterCatalog_Harman\/default\/dwa9bf3e33\/pdp\/icon_JBL_Check.png?sw=55&amp;sfrm=png\" alt=\"Secouez pour synchroniser\" data-src=\"https:\/\/fr.jbl.com\/dw\/image\/v2\/AAUJ_PRD\/on\/demandware.static\/-\/Sites-masterCatalog_Harman\/default\/dwa9bf3e33\/pdp\/icon_JBL_Check.png?sw=55&amp;sfrm=png\" \/><\/span><\/p>\n<h3>Secouez pour synchroniser<\/h3>\n<p>Connecter votre jeu de lumi\u00e8res LED \u00e0 d\u2019autres Pulse 4 \u00e0 proximit\u00e9 est simple comme bonjour ! Il vous suffit de secouez votre enceinte \u00e0 proximit\u00e9 d\u2019une autre pour lancer la synchronisation.<\/p>\n<\/div>\n<\/div>\n<\/div>\n<\/div>\n<\/section>\n<section class=\"content-asset -pdp-slot-2 not-in-view\">\n<div class=\"content-asset\" data-caid=\"JBL PULSE 4_EMEA_SLOT2\"><\/div>\n<\/section>\n<div style=\"display:flex; gap:10px;justify-content:center\" class=\"wps-pgfw-pdf-generate-icon__wrapper-frontend\">\n\t\t<a  href=\"https:\/\/ikasougou.com\/akamservices\/wp-json\/wp\/v2\/product\/6636?action=genpdf&amp;id=6636\" class=\"pgfw-single-pdf-download-button\" ><img src=\"https:\/\/ikasougou.com\/akamservices\/wp-content\/plugins\/pdf-generator-for-wp\/admin\/src\/images\/PDF_Tray.svg\" title=\"G\u00e9n\u00e9rer un PDF\" style=\"width:auto; height:45px;\"><\/a>\n\t\t<\/div>","protected":false},"excerpt":{"rendered":"<p>Des lumi\u00e8res dans la nuit L\u2019enceinte Pulse\u00a04 brille dans la nuit gr\u00e2ce \u00e0 son jeu de lumi\u00e8res LED haute r\u00e9solution \u00e9blouissant \u00e0 360\u00a0degr\u00e9s. La musique \u00e0 emporter La Pulse\u00a04 d\u00e9livre le son signature JBL dans toutes les directions gr\u00e2ce \u00e0 son syst\u00e8me ing\u00e9nieux d\u2019enceinte \u00e0 360\u00a0degr\u00e9s. 12 heures d\u2019autonomie Pr\u00eat(e) \u00e0 vous d\u00e9hancher toute la [&#8230;]\n","protected":false},"featured_media":6637,"comment_status":"open","ping_status":"closed","template":"","meta":{"jetpack_post_was_ever_published":false,"jetpack_publicize_message":"","jetpack_publicize_feature_enabled":true,"jetpack_social_post_already_shared":true,"jetpack_social_options":{"image_generator_settings":{"template":"highway","default_image_id":0,"font":"","enabled":false},"version":2}},"product_brand":[],"product_cat":[15],"product_tag":[45,75,62,44,74],"class_list":{"0":"post-6636","1":"product","2":"type-product","3":"status-publish","4":"has-post-thumbnail","6":"product_cat-non-classe","7":"product_tag-bamako","8":"product_tag-enceinte-bluetooth-portable","9":"product_tag-jbl","10":"product_tag-mali","11":"product_tag-pulse","13":"first","14":"instock","15":"shipping-taxable","16":"purchasable","17":"product-type-simple"},"ams_default_variation_id":0,"ams_product_points_reward":[],"ams_product_discount_percentage":0,"ams_price_to_display":140000,"aioseo_notices":[],"ams_acf":[],"jetpack_publicize_connections":[],"jetpack_sharing_enabled":true,"jetpack_likes_enabled":true,"_links":{"self":[{"href":"https:\/\/ikasougou.com\/akamservices\/wp-json\/wp\/v2\/product\/6636","targetHints":{"allow":["GET"]}}],"collection":[{"href":"https:\/\/ikasougou.com\/akamservices\/wp-json\/wp\/v2\/product"}],"about":[{"href":"https:\/\/ikasougou.com\/akamservices\/wp-json\/wp\/v2\/types\/product"}],"replies":[{"embeddable":true,"href":"https:\/\/ikasougou.com\/akamservices\/wp-json\/wp\/v2\/comments?post=6636"}],"wp:featuredmedia":[{"embeddable":true,"href":"https:\/\/ikasougou.com\/akamservices\/wp-json\/wp\/v2\/media\/6637"}],"wp:attachment":[{"href":"https:\/\/ikasougou.com\/akamservices\/wp-json\/wp\/v2\/media?parent=6636"}],"wp:term":[{"taxonomy":"product_brand","embeddable":true,"href":"https:\/\/ikasougou.com\/akamservices\/wp-json\/wp\/v2\/product_brand?post=6636"},{"taxonomy":"product_cat","embeddable":true,"href":"https:\/\/ikasougou.com\/akamservices\/wp-json\/wp\/v2\/product_cat?post=6636"},{"taxonomy":"product_tag","embeddable":true,"href":"https:\/\/ikasougou.com\/akamservices\/wp-json\/wp\/v2\/product_tag?post=6636"}],"curies":[{"name":"wp","href":"https:\/\/api.w.org\/{rel}","templated":true}]}}