{"id":6656,"date":"2021-07-12T14:23:48","date_gmt":"2021-07-12T12:23:48","guid":{"rendered":"https:\/\/ikasougou.com\/akamservices\/?post_type=product&#038;p=6656"},"modified":"2021-07-12T14:23:49","modified_gmt":"2021-07-12T12:23:49","slug":"support-dappui-tete-pour-telephone-et-tablette-porodo","status":"publish","type":"product","link":"https:\/\/ikasougou.com\/akamservices\/produit\/support-dappui-tete-pour-telephone-et-tablette-porodo\/","title":{"rendered":"Support d&#8217;appui-t\u00eate pour t\u00e9l\u00e9phone et tablette &#8211; porodo"},"content":{"rendered":"<div class=\"desc\">\n<p><span>Coussins en mousse EVA souple pour une meilleure adh\u00e9rence, \u00e9vite de rayer votre appareil.<\/span><\/p>\n<p><span>Installation rapide et facile \u00e0 utiliser.\u00a0Assemblez et montez en 3 \u00e9tapes simples.<\/span><\/p>\n<p><span>Les joints enti\u00e8rement rotatifs rendent ce support vraiment universel, que vous utilisiez votre t\u00e9l\u00e9phone, votre tablette ou votre manette de jeu.<\/span><\/p>\n<p><span>Fabriqu\u00e9 en ABS de haute qualit\u00e9 et durable.\u00a0Base de montage \u00e0 coussin de caoutchouc pour une prise solide permettant une extension jusqu&#8217;\u00e0 27 cm.<\/span><\/p>\n<\/div>\n<div class=\"color_box\">\n<div class=\"title\"><span>Couleur &#8211;\u00a0<\/span><span id=\"colorchange\"><span>Noir<\/span><\/span><\/div>\n<div class=\"colors\"><\/div>\n<\/div>\n<div class=\"model\"><span>Mod\u00e8le : PD-TBCAM-BK<\/span><\/div>\n<div style=\"display:flex; gap:10px;justify-content:center\" class=\"wps-pgfw-pdf-generate-icon__wrapper-frontend\">\n\t\t<a  href=\"https:\/\/ikasougou.com\/akamservices\/wp-json\/wp\/v2\/product\/6656?action=genpdf&amp;id=6656\" class=\"pgfw-single-pdf-download-button\" ><img src=\"https:\/\/ikasougou.com\/akamservices\/wp-content\/plugins\/pdf-generator-for-wp\/admin\/src\/images\/PDF_Tray.svg\" title=\"G\u00e9n\u00e9rer un PDF\" style=\"width:auto; height:45px;\"><\/a>\n\t\t<\/div>","protected":false},"excerpt":{"rendered":"<p>Coussins en mousse EVA souple pour une meilleure adh\u00e9rence, \u00e9vite de rayer votre appareil.<\/p>\n<p>Installation rapide et facile \u00e0 utiliser.\u00a0Assemblez et montez en 3 \u00e9tapes simples.<\/p>\n","protected":false},"featured_media":6657,"comment_status":"open","ping_status":"closed","template":"","meta":{"jetpack_post_was_ever_published":false,"jetpack_publicize_message":"","jetpack_publicize_feature_enabled":true,"jetpack_social_post_already_shared":true,"jetpack_social_options":{"image_generator_settings":{"template":"highway","default_image_id":0,"font":"","enabled":false},"version":2}},"product_brand":[],"product_cat":[18,21],"product_tag":[72,83,81,82,80],"class_list":{"0":"post-6656","1":"product","2":"type-product","3":"status-publish","4":"has-post-thumbnail","6":"product_cat-hightech","7":"product_cat-telephones-tablettes","8":"product_tag-porodo","9":"product_tag-support","10":"product_tag-tablette","11":"product_tag-telephone","12":"product_tag-voiture","14":"first","15":"instock","16":"shipping-taxable","17":"purchasable","18":"product-type-simple"},"ams_default_variation_id":0,"ams_product_points_reward":[],"ams_product_discount_percentage":0,"ams_price_to_display":17500,"aioseo_notices":[],"ams_acf":[],"jetpack_publicize_connections":[],"jetpack_sharing_enabled":true,"jetpack_likes_enabled":true,"_links":{"self":[{"href":"https:\/\/ikasougou.com\/akamservices\/wp-json\/wp\/v2\/product\/6656","targetHints":{"allow":["GET"]}}],"collection":[{"href":"https:\/\/ikasougou.com\/akamservices\/wp-json\/wp\/v2\/product"}],"about":[{"href":"https:\/\/ikasougou.com\/akamservices\/wp-json\/wp\/v2\/types\/product"}],"replies":[{"embeddable":true,"href":"https:\/\/ikasougou.com\/akamservices\/wp-json\/wp\/v2\/comments?post=6656"}],"wp:featuredmedia":[{"embeddable":true,"href":"https:\/\/ikasougou.com\/akamservices\/wp-json\/wp\/v2\/media\/6657"}],"wp:attachment":[{"href":"https:\/\/ikasougou.com\/akamservices\/wp-json\/wp\/v2\/media?parent=6656"}],"wp:term":[{"taxonomy":"product_brand","embeddable":true,"href":"https:\/\/ikasougou.com\/akamservices\/wp-json\/wp\/v2\/product_brand?post=6656"},{"taxonomy":"product_cat","embeddable":true,"href":"https:\/\/ikasougou.com\/akamservices\/wp-json\/wp\/v2\/product_cat?post=6656"},{"taxonomy":"product_tag","embeddable":true,"href":"https:\/\/ikasougou.com\/akamservices\/wp-json\/wp\/v2\/product_tag?post=6656"}],"curies":[{"name":"wp","href":"https:\/\/api.w.org\/{rel}","templated":true}]}}