{"id":6663,"date":"2021-07-12T15:00:40","date_gmt":"2021-07-12T13:00:40","guid":{"rendered":"https:\/\/ikasougou.com\/akamservices\/?post_type=product&#038;p=6663"},"modified":"2021-07-12T15:00:41","modified_gmt":"2021-07-12T13:00:41","slug":"jbl-xtreme-3","status":"publish","type":"product","link":"https:\/\/ikasougou.com\/akamservices\/produit\/jbl-xtreme-3\/","title":{"rendered":"JBL Xtreme 3"},"content":{"rendered":"<section class=\"pdp-features in-view\" data-section=\"features\" data-headline=\"Caract\u00e9ristiques\">\n<div class=\"expanded-features\">\n<div class=\"expanded-feature -lifestyle not-in-view\">\n<div class=\"imagery\"><img decoding=\"async\" src=\"https:\/\/fr.jbl.com\/on\/demandware.static\/-\/Sites-masterCatalog_Harman\/default\/dw2f581919\/pdp\/JBL_XTREME_3_LIFESTYLE_01_904x560px.png\" alt=\"Son puissant JBL Original Pro\" data-src=\"\/on\/demandware.static\/-\/Sites-masterCatalog_Harman\/default\/dw2f581919\/pdp\/JBL_XTREME_3_LIFESTYLE_01_904x560px.png\" \/><\/div>\n<div class=\"copy\">\n<h3>Son puissant JBL Original Pro<\/h3>\n<p>Ses quatre haut-parleurs et ses deux radiateurs de graves JBL diffusent un son immersif dynamique avec des basses profondes et de nombreux d\u00e9tails. Vous plongez dans la musique partout o\u00f9 vous allez.<\/p>\n<\/div>\n<\/div>\n<div class=\"expanded-feature -lifestyle in-view\">\n<div class=\"imagery\"><img loading=\"lazy\" decoding=\"async\" class=\"alignleft\" src=\"https:\/\/fr.jbl.com\/on\/demandware.static\/-\/Sites-masterCatalog_Harman\/default\/dw94e7f2f0\/pdp\/JBL_XTREME_3_LIFESTYLE_02_904x560px.png\" alt=\"Quinze\u00a0heures d\u2019autonomie\" width=\"602\" height=\"373\" data-src=\"\/on\/demandware.static\/-\/Sites-masterCatalog_Harman\/default\/dw94e7f2f0\/pdp\/JBL_XTREME_3_LIFESTYLE_02_904x560px.png\" \/><\/div>\n<div class=\"copy\">\n<h3>Quinze\u00a0heures d\u2019autonomie<\/h3>\n<p>Amusez-vous et oubliez l\u2019heure qui tourne. Avec son incroyable autonomie de 15\u00a0heures, la Xtreme\u00a03 JBL met l\u2019ambiance dans vos soir\u00e9es du matin jusqu\u2019au bout de la nuit.<\/p>\n<\/div>\n<\/div>\n<div class=\"expanded-feature -lifestyle in-view\">\n<div class=\"imagery\"><img loading=\"lazy\" decoding=\"async\" class=\"alignleft\" src=\"https:\/\/fr.jbl.com\/on\/demandware.static\/-\/Sites-masterCatalog_Harman\/default\/dwc23bf6e8\/pdp\/JBL_XTREME_3_LIFESTYLE_03_904x560px.png\" alt=\"\u00c9tanche \u00e0 l\u2019eau et \u00e0 la poussi\u00e8re conform\u00e9ment \u00e0 la norme\u00a0IP67\" width=\"601\" height=\"400\" data-src=\"\/on\/demandware.static\/-\/Sites-masterCatalog_Harman\/default\/dwc23bf6e8\/pdp\/JBL_XTREME_3_LIFESTYLE_03_904x560px.png\" \/><\/div>\n<div class=\"copy\">\n<h3>\u00c9tanche \u00e0 l\u2019eau et \u00e0 la poussi\u00e8re conform\u00e9ment \u00e0 la norme\u00a0IP67<\/h3>\n<p>Au bord de la piscine. Au parc. La Xtreme\u00a03 JBL est \u00e9tanche \u00e0 l\u2019eau et \u00e0 la poussi\u00e8re, conform\u00e9ment \u00e0 la norme\u00a0IP67, ce qui vous permet de l\u2019emmener partout.<\/p>\n<\/div>\n<\/div>\n<\/div>\n<div class=\"feature-slider slick-initialized slick-slider slick-dotted\">\n<div class=\"slick-list draggable\">\n<div class=\"slick-track\">\n<div class=\"feature-slide slick-slide slick-cloned\" tabindex=\"-1\" data-slick-index=\"-3\" aria-hidden=\"true\"><span class=\"imagery\"><img decoding=\"async\" class=\"alignleft\" src=\"https:\/\/fr.jbl.com\/dw\/image\/v2\/AAUJ_PRD\/on\/demandware.static\/-\/Sites-masterCatalog_Harman\/default\/dw3dc4c117\/pdp\/icon_JBL_Partyboost.png?sw=55&amp;sfrm=png\" alt=\"Plus on est de fous, plus on rit avec PartyBoost\u00a0!\" data-src=\"https:\/\/fr.jbl.com\/dw\/image\/v2\/AAUJ_PRD\/on\/demandware.static\/-\/Sites-masterCatalog_Harman\/default\/dw3dc4c117\/pdp\/icon_JBL_Partyboost.png?sw=55&amp;sfrm=png\" \/><\/span><\/p>\n<h3>Plus on est de fous, plus on rit avec PartyBoost\u00a0!<\/h3>\n<p>Le mode PartyBoost vous permet d\u2019appairer deux enceintes compatibles pour obtenir un son st\u00e9r\u00e9o ou de connecter plusieurs enceintes compatibles pour rendre vos soir\u00e9es encore plus inoubliables.<\/p>\n<\/div>\n<div class=\"feature-slide slick-slide slick-cloned\" tabindex=\"-1\" data-slick-index=\"-2\" aria-hidden=\"true\"><span class=\"imagery\"><img decoding=\"async\" class=\"alignleft\" src=\"https:\/\/fr.jbl.com\/dw\/image\/v2\/AAUJ_PRD\/on\/demandware.static\/-\/Sites-masterCatalog_Harman\/default\/dwc8089db2\/pdp\/icon_JBL_Check.png?sw=55&amp;sfrm=png\" alt=\"Emportez-la partout o\u00f9 vous allez\" data-src=\"https:\/\/fr.jbl.com\/dw\/image\/v2\/AAUJ_PRD\/on\/demandware.static\/-\/Sites-masterCatalog_Harman\/default\/dwc8089db2\/pdp\/icon_JBL_Check.png?sw=55&amp;sfrm=png\" \/><\/span><\/p>\n<h3>Emportez-la partout o\u00f9 vous allez<\/h3>\n<p>La sangle de transport incluse avec d\u00e9capsuleur int\u00e9gr\u00e9 vous permet d\u2019emporter votre enceinte partout o\u00f9 vous allez.<\/p>\n<\/div>\n<div class=\"feature-slide slick-slide slick-cloned\" tabindex=\"-1\" data-slick-index=\"-1\" aria-hidden=\"true\"><span class=\"imagery\"><img decoding=\"async\" class=\"alignleft\" src=\"https:\/\/fr.jbl.com\/dw\/image\/v2\/AAUJ_PRD\/on\/demandware.static\/-\/Sites-masterCatalog_Harman\/default\/dwc36a47f8\/pdp\/icon_JBL_Powerbank.png?sw=55&amp;sfrm=png\" alt=\"Chargez vos appareils gr\u00e2ce au chargeur int\u00e9gr\u00e9\" data-src=\"https:\/\/fr.jbl.com\/dw\/image\/v2\/AAUJ_PRD\/on\/demandware.static\/-\/Sites-masterCatalog_Harman\/default\/dwc36a47f8\/pdp\/icon_JBL_Powerbank.png?sw=55&amp;sfrm=png\" \/><\/span><\/p>\n<h3>Chargez vos appareils gr\u00e2ce au chargeur int\u00e9gr\u00e9<\/h3>\n<p>Votre musique en continue, toute la soir\u00e9e. Un chargeur portable int\u00e9gr\u00e9 vous permet de charger vos appareils sans arr\u00eater la musique.<\/p>\n<\/div>\n<div id=\"slick-slide10\" class=\"feature-slide slick-slide slick-current slick-active\" tabindex=\"0\" role=\"tabpanel\" data-slick-index=\"0\" aria-hidden=\"false\"><span class=\"imagery\"><img decoding=\"async\" class=\"alignleft\" src=\"https:\/\/fr.jbl.com\/dw\/image\/v2\/AAUJ_PRD\/on\/demandware.static\/-\/Sites-masterCatalog_Harman\/default\/dwa7595911\/pdp\/icon_JBL_Bluetooth_v3.png?sw=55&amp;sfrm=png\" alt=\"Diffusion sans fil Bluetooth\" data-src=\"https:\/\/fr.jbl.com\/dw\/image\/v2\/AAUJ_PRD\/on\/demandware.static\/-\/Sites-masterCatalog_Harman\/default\/dwa7595911\/pdp\/icon_JBL_Bluetooth_v3.png?sw=55&amp;sfrm=png\" \/><\/span><\/p>\n<h3>Diffusion sans fil Bluetooth<\/h3>\n<p>Connectez jusqu\u2019\u00e0 deux smartphones ou tablettes simultan\u00e9ment \u00e0 votre enceinte via une connexion sans fil et profitez du son JBL Pro.<\/p>\n<\/div>\n<div id=\"slick-slide11\" class=\"feature-slide slick-slide slick-active\" tabindex=\"0\" role=\"tabpanel\" data-slick-index=\"1\" aria-hidden=\"false\"><span class=\"imagery\"><img decoding=\"async\" class=\"alignleft\" src=\"https:\/\/fr.jbl.com\/dw\/image\/v2\/AAUJ_PRD\/on\/demandware.static\/-\/Sites-masterCatalog_Harman\/default\/dw3dc4c117\/pdp\/icon_JBL_Partyboost.png?sw=55&amp;sfrm=png\" alt=\"Plus on est de fous, plus on rit avec PartyBoost\u00a0!\" data-src=\"https:\/\/fr.jbl.com\/dw\/image\/v2\/AAUJ_PRD\/on\/demandware.static\/-\/Sites-masterCatalog_Harman\/default\/dw3dc4c117\/pdp\/icon_JBL_Partyboost.png?sw=55&amp;sfrm=png\" \/><\/span><\/p>\n<h3>Plus on est de fous, plus on rit avec PartyBoost\u00a0!<\/h3>\n<p>Le mode PartyBoost vous permet d\u2019appairer deux enceintes compatibles pour obtenir un son st\u00e9r\u00e9o ou de connecter plusieurs enceintes compatibles pour rendre vos soir\u00e9es encore plus inoubliables.<\/p>\n<\/div>\n<div id=\"slick-slide12\" class=\"feature-slide slick-slide slick-active\" tabindex=\"0\" role=\"tabpanel\" data-slick-index=\"2\" aria-hidden=\"false\"><span class=\"imagery\"><img decoding=\"async\" class=\"alignleft\" src=\"https:\/\/fr.jbl.com\/dw\/image\/v2\/AAUJ_PRD\/on\/demandware.static\/-\/Sites-masterCatalog_Harman\/default\/dwc8089db2\/pdp\/icon_JBL_Check.png?sw=55&amp;sfrm=png\" alt=\"Emportez-la partout o\u00f9 vous allez\" data-src=\"https:\/\/fr.jbl.com\/dw\/image\/v2\/AAUJ_PRD\/on\/demandware.static\/-\/Sites-masterCatalog_Harman\/default\/dwc8089db2\/pdp\/icon_JBL_Check.png?sw=55&amp;sfrm=png\" \/><\/span><\/p>\n<h3>Emportez-la partout o\u00f9 vous allez<\/h3>\n<p>La sangle de transport incluse avec d\u00e9capsuleur int\u00e9gr\u00e9 vous permet d\u2019emporter votre enceinte partout o\u00f9 vous allez.<\/p>\n<\/div>\n<div id=\"slick-slide13\" class=\"feature-slide slick-slide\" tabindex=\"-1\" role=\"tabpanel\" data-slick-index=\"3\" aria-hidden=\"true\"><span class=\"imagery\"><img decoding=\"async\" class=\"alignleft\" src=\"https:\/\/fr.jbl.com\/dw\/image\/v2\/AAUJ_PRD\/on\/demandware.static\/-\/Sites-masterCatalog_Harman\/default\/dwc36a47f8\/pdp\/icon_JBL_Powerbank.png?sw=55&amp;sfrm=png\" alt=\"Chargez vos appareils gr\u00e2ce au chargeur int\u00e9gr\u00e9\" data-src=\"https:\/\/fr.jbl.com\/dw\/image\/v2\/AAUJ_PRD\/on\/demandware.static\/-\/Sites-masterCatalog_Harman\/default\/dwc36a47f8\/pdp\/icon_JBL_Powerbank.png?sw=55&amp;sfrm=png\" \/><\/span><\/p>\n<h3>Chargez vos appareils gr\u00e2ce au chargeur int\u00e9gr\u00e9<\/h3>\n<p>Votre musique en continue, toute la soir\u00e9e. Un chargeur portable int\u00e9gr\u00e9 vous permet de charger vos appareils sans arr\u00eater la musique.<\/p>\n<\/div>\n<div class=\"feature-slide slick-slide slick-cloned\" tabindex=\"-1\" data-slick-index=\"4\" aria-hidden=\"true\"><span class=\"imagery\"><img decoding=\"async\" class=\"alignleft\" src=\"https:\/\/fr.jbl.com\/dw\/image\/v2\/AAUJ_PRD\/on\/demandware.static\/-\/Sites-masterCatalog_Harman\/default\/dwa7595911\/pdp\/icon_JBL_Bluetooth_v3.png?sw=55&amp;sfrm=png\" alt=\"Diffusion sans fil Bluetooth\" data-src=\"https:\/\/fr.jbl.com\/dw\/image\/v2\/AAUJ_PRD\/on\/demandware.static\/-\/Sites-masterCatalog_Harman\/default\/dwa7595911\/pdp\/icon_JBL_Bluetooth_v3.png?sw=55&amp;sfrm=png\" \/><\/span><\/p>\n<h3>Diffusion sans fil Bluetooth<\/h3>\n<p>Connectez jusqu\u2019\u00e0 deux smartphones ou tablettes simultan\u00e9ment \u00e0 votre enceinte via une connexion sans fil et profitez du son JBL Pro.<\/p>\n<\/div>\n<div class=\"feature-slide slick-slide slick-cloned\" tabindex=\"-1\" data-slick-index=\"5\" aria-hidden=\"true\"><span class=\"imagery\"><img decoding=\"async\" class=\"alignleft\" src=\"https:\/\/fr.jbl.com\/dw\/image\/v2\/AAUJ_PRD\/on\/demandware.static\/-\/Sites-masterCatalog_Harman\/default\/dw3dc4c117\/pdp\/icon_JBL_Partyboost.png?sw=55&amp;sfrm=png\" alt=\"Plus on est de fous, plus on rit avec PartyBoost\u00a0!\" data-src=\"https:\/\/fr.jbl.com\/dw\/image\/v2\/AAUJ_PRD\/on\/demandware.static\/-\/Sites-masterCatalog_Harman\/default\/dw3dc4c117\/pdp\/icon_JBL_Partyboost.png?sw=55&amp;sfrm=png\" \/><\/span><\/p>\n<h3>Plus on est de fous, plus on rit avec PartyBoost\u00a0!<\/h3>\n<p>Le mode PartyBoost vous permet d\u2019appairer deux enceintes compatibles pour obtenir un son st\u00e9r\u00e9o ou de connecter plusieurs enceintes compatibles pour rendre vos soir\u00e9es encore plus inoubliables.<\/p>\n<\/div>\n<div class=\"feature-slide slick-slide slick-cloned\" tabindex=\"-1\" data-slick-index=\"6\" aria-hidden=\"true\"><span class=\"imagery\"><img decoding=\"async\" class=\"alignleft\" src=\"https:\/\/fr.jbl.com\/dw\/image\/v2\/AAUJ_PRD\/on\/demandware.static\/-\/Sites-masterCatalog_Harman\/default\/dwc8089db2\/pdp\/icon_JBL_Check.png?sw=55&amp;sfrm=png\" alt=\"Emportez-la partout o\u00f9 vous allez\" data-src=\"https:\/\/fr.jbl.com\/dw\/image\/v2\/AAUJ_PRD\/on\/demandware.static\/-\/Sites-masterCatalog_Harman\/default\/dwc8089db2\/pdp\/icon_JBL_Check.png?sw=55&amp;sfrm=png\" \/><\/span><\/p>\n<h3>Emportez-la partout o\u00f9 vous allez<\/h3>\n<p>La sangle de transport incluse avec d\u00e9capsuleur int\u00e9gr\u00e9 vous permet d\u2019emporter votre enceinte partout o\u00f9 vous allez.<\/p>\n<\/div>\n<div class=\"feature-slide slick-slide slick-cloned\" tabindex=\"-1\" data-slick-index=\"7\" aria-hidden=\"true\"><span class=\"imagery\"><img decoding=\"async\" class=\"alignleft\" src=\"https:\/\/fr.jbl.com\/dw\/image\/v2\/AAUJ_PRD\/on\/demandware.static\/-\/Sites-masterCatalog_Harman\/default\/dwc36a47f8\/pdp\/icon_JBL_Powerbank.png?sw=55&amp;sfrm=png\" alt=\"Chargez vos appareils gr\u00e2ce au chargeur int\u00e9gr\u00e9\" data-src=\"https:\/\/fr.jbl.com\/dw\/image\/v2\/AAUJ_PRD\/on\/demandware.static\/-\/Sites-masterCatalog_Harman\/default\/dwc36a47f8\/pdp\/icon_JBL_Powerbank.png?sw=55&amp;sfrm=png\" \/><\/span><\/p>\n<h3>Chargez vos appareils gr\u00e2ce au chargeur int\u00e9gr\u00e9<\/h3>\n<p>Votre musique en continue, toute la soir\u00e9e. Un chargeur portable int\u00e9gr\u00e9 vous permet de charger vos appareils sans arr\u00eater la musique.<\/p>\n<\/div>\n<\/div>\n<\/div>\n<\/div>\n<\/section>\n<section class=\"content-asset -pdp-slot-2 not-in-view\">\n<div class=\"content-asset\" data-caid=\"XTREME-3-_EMEA_SLOT2\"><\/div>\n<\/section>\n<div style=\"display:flex; gap:10px;justify-content:center\" class=\"wps-pgfw-pdf-generate-icon__wrapper-frontend\">\n\t\t<a  href=\"https:\/\/ikasougou.com\/akamservices\/wp-json\/wp\/v2\/product\/6663?action=genpdf&amp;id=6663\" class=\"pgfw-single-pdf-download-button\" ><img src=\"https:\/\/ikasougou.com\/akamservices\/wp-content\/plugins\/pdf-generator-for-wp\/admin\/src\/images\/PDF_Tray.svg\" title=\"G\u00e9n\u00e9rer un PDF\" style=\"width:auto; height:45px;\"><\/a>\n\t\t<\/div>","protected":false},"excerpt":{"rendered":"<ul class=\"refurbished-detailsIcon\" data-gtm-vis-has-fired-7462654_621=\"1\" data-gtm-vis-has-fired-7462654_622=\"1\" data-gtm-vis-has-fired-7462654_636=\"1\">\n<li data-gtm-vis-has-fired-7462654_621=\"1\" data-gtm-vis-has-fired-7462654_622=\"1\" data-gtm-vis-has-fired-7462654_636=\"1\">Son puissant JBL Original Pro<\/li>\n<li data-gtm-vis-has-fired-7462654_621=\"1\" data-gtm-vis-has-fired-7462654_622=\"1\" data-gtm-vis-has-fired-7462654_636=\"1\">Quinze heures d\u2019autonomie<\/li>\n<li data-gtm-vis-has-fired-7462654_621=\"1\" data-gtm-vis-has-fired-7462654_622=\"1\" data-gtm-vis-has-fired-7462654_636=\"1\">\u00c9tanche \u00e0 l\u2019eau et \u00e0 la poussi\u00e8re conform\u00e9ment \u00e0 la norme IP67<\/li>\n<\/ul>\n","protected":false},"featured_media":6666,"comment_status":"open","ping_status":"closed","template":"","meta":{"jetpack_post_was_ever_published":false,"jetpack_publicize_message":"","jetpack_publicize_feature_enabled":true,"jetpack_social_post_already_shared":true,"jetpack_social_options":{"image_generator_settings":{"template":"highway","default_image_id":0,"font":"","enabled":false},"version":2}},"product_brand":[],"product_cat":[18,23,19],"product_tag":[62,87],"class_list":{"0":"post-6663","1":"product","2":"type-product","3":"status-publish","4":"has-post-thumbnail","6":"product_cat-hightech","7":"product_cat-home","8":"product_cat-multimedia-audio-videos","9":"product_tag-jbl","10":"product_tag-xtreme-3","12":"first","13":"instock","14":"shipping-taxable","15":"purchasable","16":"product-type-simple"},"ams_default_variation_id":0,"ams_product_points_reward":[],"ams_product_discount_percentage":0,"ams_price_to_display":215000,"aioseo_notices":[],"ams_acf":[],"jetpack_publicize_connections":[],"jetpack_sharing_enabled":true,"jetpack_likes_enabled":true,"_links":{"self":[{"href":"https:\/\/ikasougou.com\/akamservices\/wp-json\/wp\/v2\/product\/6663","targetHints":{"allow":["GET"]}}],"collection":[{"href":"https:\/\/ikasougou.com\/akamservices\/wp-json\/wp\/v2\/product"}],"about":[{"href":"https:\/\/ikasougou.com\/akamservices\/wp-json\/wp\/v2\/types\/product"}],"replies":[{"embeddable":true,"href":"https:\/\/ikasougou.com\/akamservices\/wp-json\/wp\/v2\/comments?post=6663"}],"wp:featuredmedia":[{"embeddable":true,"href":"https:\/\/ikasougou.com\/akamservices\/wp-json\/wp\/v2\/media\/6666"}],"wp:attachment":[{"href":"https:\/\/ikasougou.com\/akamservices\/wp-json\/wp\/v2\/media?parent=6663"}],"wp:term":[{"taxonomy":"product_brand","embeddable":true,"href":"https:\/\/ikasougou.com\/akamservices\/wp-json\/wp\/v2\/product_brand?post=6663"},{"taxonomy":"product_cat","embeddable":true,"href":"https:\/\/ikasougou.com\/akamservices\/wp-json\/wp\/v2\/product_cat?post=6663"},{"taxonomy":"product_tag","embeddable":true,"href":"https:\/\/ikasougou.com\/akamservices\/wp-json\/wp\/v2\/product_tag?post=6663"}],"curies":[{"name":"wp","href":"https:\/\/api.w.org\/{rel}","templated":true}]}}