{"id":6669,"date":"2021-07-12T17:08:40","date_gmt":"2021-07-12T15:08:40","guid":{"rendered":"https:\/\/ikasougou.com\/akamservices\/?post_type=product&#038;p=6669"},"modified":"2021-07-12T17:08:40","modified_gmt":"2021-07-12T15:08:40","slug":"zhiyun-weebill-s-gimbal-reflex-stabilisateur-gimbal-3-axes-compatible-sony-nikon-et-panosonic","status":"publish","type":"product","link":"https:\/\/ikasougou.com\/akamservices\/produit\/zhiyun-weebill-s-gimbal-reflex-stabilisateur-gimbal-3-axes-compatible-sony-nikon-et-panosonic\/","title":{"rendered":"Zhiyun Weebill S Gimbal Reflex Stabilisateur Gimbal 3 axes Compatible, Sony, Nikon et Panosonic"},"content":{"rendered":"<ul class=\"a-unordered-list a-vertical a-spacing-mini\">\n<li><span class=\"a-list-item\">\u00a0Performances maximales ; excellente compatibilit\u00e9 &#8212; WEEBILL-S est livr\u00e9 avec de nouveaux groupes moteur et un algorithme de haute pr\u00e9cision am\u00e9lior\u00e9 qui am\u00e9liore le couple du moteur de 300 % et augmente la r\u00e9ponse de 50 % pour la compatibilit\u00e9 avec les mod\u00e8les les plus populaires sur le march\u00e9 ; liste compl\u00e8te compatible<\/span><\/li>\n<li><span class=\"a-list-item\">&#8211; Compact comme un papier A4&#8211; La structure unique et le design minimaliste du WEEBILL-S en font un morceau de papier A4 super compact ; avec le mode Sling ergonomique, le WEEBILL-S offre \u00e0 tous une exp\u00e9rience d&#8217;enregistrement vid\u00e9o sans effort<\/span><\/li>\n<li><span class=\"a-list-item\">&#8211; Plus sensible et flexible que jamais &#8211; L&#8217;algorithme 8th Instune mis \u00e0 jour offre une haute r\u00e9activit\u00e9 et \u00e9limine les vibrations rapides dans n&#8217;importe quel environnement. Vous pouvez configurer rapidement la vitesse et les diff\u00e9rents param\u00e8tres de chaque axe directement via le bouton sur la poign\u00e9e pour un contr\u00f4le plus rapide et plus flexible que jamais<\/span><\/li>\n<li><span class=\"a-list-item\">&#8211; ViaTouch 2.0 : sa version par simple pression d&#8217;un doigt &#8212; ViaTouch 2.0 transmet non seulement des images haute d\u00e9finition, mais connecte aussi parfaitement votre t\u00e9l\u00e9phone mobile, appareil photo et gimbal et augmente la vitesse de r\u00e9ponse de 100 % ; plusieurs param\u00e8tres peuvent \u00eatre effectu\u00e9s pour gimbal et cam\u00e9ra en temps r\u00e9el ; la surveillance en temps r\u00e9el et les commandes intuitives sont \u00e0 port\u00e9e de clic<\/span><\/li>\n<\/ul>\n<h3><span class=\"a-list-item\">REMARQUE &#8212; la fonction de transmission sans fil (y compris l&#8217;affichage des prises de vue sur l&#8217;application ZY Play) n\u00e9cessite une bo\u00eete de transmission sans fil suppl\u00e9mentaire, cet accessoire sera publi\u00e9 sur le march\u00e9<\/span><\/h3>\n<p>&nbsp;<\/p>\n<div class=\"celwidget aplus-module launchpad-company-logo aplus-standard\" data-csa-c-id=\"q17s7d-v04hy0-yfmteq-q0ud98\">\n<div class=\"a-section a-text-center launchpad-module launchpad-module-company-logo\"><img decoding=\"async\" class=\"aligncenter\" src=\"https:\/\/m.media-amazon.com\/images\/S\/aplus-media\/sc\/e0ee9cee-213f-4e7a-b3eb-4a6b18ebd947.__CR0,0,600,180_PT0_SX600_V1___.jpg\" alt=\" \" data-src=\"https:\/\/m.media-amazon.com\/images\/S\/aplus-media\/sc\/e0ee9cee-213f-4e7a-b3eb-4a6b18ebd947.__CR0,0,600,180_PT0_SX600_V1___.jpg\" \/><\/div>\n<\/div>\n<div class=\"celwidget aplus-module launchpad-brand-description-left aplus-standard\" data-csa-c-id=\"b2exak-vfrx94-yxmso8-8ui9qz\">\n<div class=\"a-section launchpad-module launchpad-module-brand-description-left\">\n<div class=\"a-section launchpad-text-left-justify\">\n<p><span class=\"a-text-bold\">Remarque:<\/span><\/p>\n<p><span class=\"a-text-bold\">* Indisponible en mode Live View<\/span><\/p>\n<p>&nbsp;<\/p>\n<ul class=\"a-unordered-list a-vertical\">\n<li><span class=\"a-list-item\">1. Ce tableau sera mis \u00e0 jour conform\u00e9ment \u00e0 la mise \u00e0 jour du micrologiciel et peut \u00eatre modifi\u00e9 sans pr\u00e9avis.<\/span><\/li>\n<li><span class=\"a-list-item\">2. Pour les appareils photo Sony, apr\u00e8s avoir connect\u00e9 le stabilisateur et l\u2019appareil photo avec le c\u00e2ble de commande, mettez-le sous tension, puis l\u2019appareil photo. Assurez-vous que l&#8217;appareil photo dispose de suffisamment de puissance pour fonctionner. Le contr\u00f4le du zoom optique est disponible sur le stabilisateur lorsqu&#8217;il est utilis\u00e9 avec un objectif motoris\u00e9. Le contr\u00f4le du zoom num\u00e9rique est disponible sur le stabilisateur lorsqu&#8217;il est utilis\u00e9 avec un objectif non motoris\u00e9. Veuillez s\u00e9lectionner une option de zoom dans les param\u00e8tres de votre appareil photo.<\/span><\/li>\n<li><span class=\"a-list-item\">3. Pour les appareils photo Panasonic, choisissez PC (Tether) pour le mode de votre appareil photo;<\/span><\/li>\n<li><span class=\"a-list-item\">4. Lors de la prise de vue panoramique ou en timelapse, il est recommand\u00e9 de d\u00e9sactiver la r\u00e9vision automatique (Sony), la confirmation d&#8217;image (Canon) ou la r\u00e9vision d&#8217;image (Nikon) de l&#8217;appareil photo afin de r\u00e9duire la latence du syst\u00e8me.<\/span><\/li>\n<\/ul>\n<p>&nbsp;<\/p>\n<\/div>\n<\/div>\n<\/div>\n<div class=\"celwidget aplus-module 3p-module-b aplus-standard\" data-csa-c-id=\"6ufvgs-2s8il8-v10yt-w10v78\">\n<div class=\"aplus-module-wrapper aplus-3p-fixed-width\"><img decoding=\"async\" class=\"a-spacing-base aligncenter\" src=\"https:\/\/m.media-amazon.com\/images\/S\/aplus-media\/sc\/cd7b76e6-2aa9-4e04-bb3a-3aaf3f643fb0.__CR0,0,970,600_PT0_SX970_V1___.png\" alt=\"compatibility list \" data-src=\"https:\/\/m.media-amazon.com\/images\/S\/aplus-media\/sc\/cd7b76e6-2aa9-4e04-bb3a-3aaf3f643fb0.__CR0,0,970,600_PT0_SX970_V1___.png\" \/><\/p>\n<h3 class=\"a-spacing-mini\">Lib\u00e9rez des possibilit\u00e9s illimit\u00e9es avec WEEBILL-S!<\/h3>\n<p class=\"a-spacing-base\">WEEBILL-S est livr\u00e9 avec les unit\u00e9s motrices les plus r\u00e9centes et un algorithme am\u00e9lior\u00e9 de haute pr\u00e9cision. Avec une am\u00e9lioration de en grande partie du couple moteur, WEEBILL-S prend facilement en charge les combos grand public sans miroir et DSLR avec des performances exceptionnelles.<\/p>\n<p class=\"a-spacing-base\"><span class=\"a-text-bold\">Sp\u00e9cification:<\/span><\/p>\n<p class=\"a-spacing-base\">\n<ul class=\"a-unordered-list a-vertical\">\n<li><span class=\"a-list-item\">Tension de fonctionnement: 6.8V ~ 8.4V<\/span><\/li>\n<li><span class=\"a-list-item\">Fonctionnement courant 250mA ~ 3000mA<\/span><\/li>\n<li><span class=\"a-list-item\">Inclinaison m\u00e9canique Gamme: -132 \u00b0 ~ + 182 \u00b0<\/span><\/li>\n<li><span class=\"a-list-item\">Plage de roulement m\u00e9canique: -67 \u00b0 ~ + 167 \u00b0<\/span><\/li>\n<li><span class=\"a-list-item\">Gamme m\u00e9canique: rotation illimit\u00e9e \u00e0 360 \u00b0<\/span><\/li>\n<li><span class=\"a-list-item\">Temp\u00e9ratures de fonctionnement: -10 ~ 45<\/span><\/li>\n<li><span class=\"a-list-item\">Capacit\u00e9 totale de la batterie: 5200mAh<\/span><\/li>\n<li><span class=\"a-list-item\">Dur\u00e9e de vie de la batterie: 14h, Dur\u00e9e de charge: 2,5h, Bluetooth: 5.0<\/span><\/li>\n<\/ul>\n<p>&nbsp;<\/p>\n<\/div>\n<\/div>\n<div class=\"celwidget aplus-module module-4 aplus-standard\" data-csa-c-id=\"gpht9l-dx2hae-j7g68m-dq9rw2\">\n<div class=\"a-expander-collapsed-height a-row a-expander-container a-expander-partial-collapse-container\" aria-live=\"polite\" data-a-expander-name=\"aplus-module-expander\" data-a-expander-collapsed-height=\"700\">\n<div class=\"a-expander-content a-expander-partial-collapse-content\" aria-expanded=\"false\">\n<div class=\"aplus-module-wrapper apm-fixed-width\">\n<div class=\"apm-spacing\">\n<div class=\"apm-floatleft apm-fixed-width\">\n<div class=\"apm-spacing\">\n<table class=\"apm-fixed-width apm-fourthcol-table\">\n<tbody>\n<tr>\n<th class=\"apm-center\">\n<div class=\"apm-fourthcol\">\n<p><img decoding=\"async\" class=\"\" src=\"https:\/\/m.media-amazon.com\/images\/S\/aplus-media\/sc\/d39b6973-fda3-4ffa-972a-9eabe1992513.__CR0,4,435,435_PT0_SX220_V1___.png\" alt=\" \" data-src=\"https:\/\/m.media-amazon.com\/images\/S\/aplus-media\/sc\/d39b6973-fda3-4ffa-972a-9eabe1992513.__CR0,4,435,435_PT0_SX220_V1___.png\" \/><\/p>\n<\/div>\n<\/th>\n<th class=\"apm-center\">\n<div class=\"apm-fourthcol\">\n<p><img decoding=\"async\" class=\"\" src=\"https:\/\/m.media-amazon.com\/images\/S\/aplus-media\/sc\/09e35fbf-db75-49bc-b290-3bc573ed2007.__CR0,0,220,220_PT0_SX220_V1___.png\" alt=\" \" data-src=\"https:\/\/m.media-amazon.com\/images\/S\/aplus-media\/sc\/09e35fbf-db75-49bc-b290-3bc573ed2007.__CR0,0,220,220_PT0_SX220_V1___.png\" \/><\/p>\n<\/div>\n<\/th>\n<th class=\"apm-center\">\n<div class=\"apm-fourthcol\">\n<p><img decoding=\"async\" class=\"\" src=\"https:\/\/m.media-amazon.com\/images\/S\/aplus-media\/sc\/79ec19ad-b490-4292-b589-70e115fb287e.__CR0,0,220,220_PT0_SX220_V1___.png\" alt=\" \" data-src=\"https:\/\/m.media-amazon.com\/images\/S\/aplus-media\/sc\/79ec19ad-b490-4292-b589-70e115fb287e.__CR0,0,220,220_PT0_SX220_V1___.png\" \/><\/p>\n<\/div>\n<\/th>\n<th class=\"apm-center\">\n<div class=\"apm-fourthcol\">\n<p><img decoding=\"async\" class=\"\" src=\"https:\/\/m.media-amazon.com\/images\/S\/aplus-media\/sc\/9e00cee0-b8c0-4848-a00b-200a93444194.__CR0,0,220,220_PT0_SX220_V1___.png\" alt=\" \" data-src=\"https:\/\/m.media-amazon.com\/images\/S\/aplus-media\/sc\/9e00cee0-b8c0-4848-a00b-200a93444194.__CR0,0,220,220_PT0_SX220_V1___.png\" \/><\/p>\n<\/div>\n<\/th>\n<\/tr>\n<tr>\n<td class=\"apm-top\">\n<div class=\"apm-fourthcol\">\n<h4 class=\"a-spacing-mini\">Pouvoir supr\u00eame. Compatibilit\u00e9 sup\u00e9rieure<\/h4>\n<p class=\"a-size-small\">WEEBILL-S est livr\u00e9 avec de nouvelles unit\u00e9s d&#8217;entra\u00eenement et un algorithme de haute pr\u00e9cision am\u00e9lior\u00e9, avec une grande am\u00e9lioration du couple moteur et une augmentation r\u00e9volutionnaire de la r\u00e9activit\u00e9.<\/p>\n<\/div>\n<\/td>\n<td class=\"apm-top\">\n<div class=\"apm-fourthcol\">\n<h4 class=\"a-spacing-mini\">Conception ergonomique h\u00e9rit\u00e9e<\/h4>\n<p class=\"a-size-small\">Compact comme un morceau de papier A4. La conception ergonomique de Sling offre une exp\u00e9rience de tir sans effort comme toujours.<\/p>\n<\/div>\n<\/td>\n<td class=\"apm-top\">\n<div class=\"apm-fourthcol\">\n<h4 class=\"a-spacing-mini\">Syst\u00e8me de contr\u00f4le \u00e0 double mise au point<\/h4>\n<p class=\"a-size-small\">Prise en charge du contr\u00f4le de la mise au point \u00e9lectronique et du contr\u00f4le m\u00e9canique de la mise au point \/ zoom par le biais d&#8217;une molette de commande pratique.<\/p>\n<\/div>\n<\/td>\n<td class=\"apm-top\">\n<div class=\"apm-fourthcol\">\n<h4 class=\"a-spacing-mini\">Syst\u00e8me de lib\u00e9ration rapide deux en un<\/h4>\n<p class=\"a-size-small\">Les plaques de d\u00e9gagement rapide deux en un (Manfrotto \/ Arca-Swiss) permettent une installation facile et une transition rapide entre les \u00e9quipements sans r\u00e9\u00e9quilibrage.<\/p>\n<\/div>\n<\/td>\n<\/tr>\n<\/tbody>\n<\/table>\n<\/div>\n<\/div>\n<\/div>\n<\/div>\n<div><\/div>\n<\/div>\n<\/div>\n<\/div>\n<div class=\"celwidget aplus-module module-4 aplus-standard\" data-csa-c-id=\"4fham1-le613u-7mdfat-w3ks3x\">\n<div class=\"a-expander-collapsed-height a-row a-expander-container a-expander-partial-collapse-container\" aria-live=\"polite\" data-a-expander-name=\"aplus-module-expander\" data-a-expander-collapsed-height=\"700\">\n<div class=\"a-expander-content a-expander-partial-collapse-content\" aria-expanded=\"false\">\n<div class=\"aplus-module-wrapper apm-fixed-width\">\n<div class=\"apm-spacing\">\n<div class=\"apm-floatleft apm-fixed-width\">\n<div class=\"apm-spacing\">\n<table class=\"apm-fixed-width apm-fourthcol-table\">\n<tbody>\n<tr>\n<th class=\"apm-center\">\n<div class=\"apm-fourthcol\">\n<p><img decoding=\"async\" class=\"\" src=\"https:\/\/m.media-amazon.com\/images\/S\/aplus-media\/sc\/c66ff204-3c7a-43b8-b651-6d8645542a09.__CR0,0,220,220_PT0_SX220_V1___.png\" alt=\" \" data-src=\"https:\/\/m.media-amazon.com\/images\/S\/aplus-media\/sc\/c66ff204-3c7a-43b8-b651-6d8645542a09.__CR0,0,220,220_PT0_SX220_V1___.png\" \/><\/p>\n<\/div>\n<\/th>\n<th class=\"apm-center\">\n<div class=\"apm-fourthcol\">\n<p><img decoding=\"async\" class=\"\" src=\"https:\/\/m.media-amazon.com\/images\/S\/aplus-media\/sc\/769f2033-5928-4832-9c08-e64ef4897d44.__CR0,0,220,220_PT0_SX220_V1___.png\" alt=\" \" data-src=\"https:\/\/m.media-amazon.com\/images\/S\/aplus-media\/sc\/769f2033-5928-4832-9c08-e64ef4897d44.__CR0,0,220,220_PT0_SX220_V1___.png\" \/><\/p>\n<\/div>\n<\/th>\n<th class=\"apm-center\">\n<div class=\"apm-fourthcol\">\n<p><img decoding=\"async\" class=\"\" src=\"https:\/\/m.media-amazon.com\/images\/S\/aplus-media\/sc\/ac8e1914-9273-409b-8804-5cb909266c1b.__CR0,0,220,220_PT0_SX220_V1___.png\" alt=\" \" data-src=\"https:\/\/m.media-amazon.com\/images\/S\/aplus-media\/sc\/ac8e1914-9273-409b-8804-5cb909266c1b.__CR0,0,220,220_PT0_SX220_V1___.png\" \/><\/p>\n<\/div>\n<\/th>\n<th class=\"apm-center\">\n<div class=\"apm-fourthcol\">\n<p><img decoding=\"async\" class=\"\" src=\"https:\/\/m.media-amazon.com\/images\/S\/aplus-media\/sc\/a19df032-38a8-48ea-8f4e-3aa1d5b47e3e.__CR0,0,220,220_PT0_SX220_V1___.png\" alt=\" \" data-src=\"https:\/\/m.media-amazon.com\/images\/S\/aplus-media\/sc\/a19df032-38a8-48ea-8f4e-3aa1d5b47e3e.__CR0,0,220,220_PT0_SX220_V1___.png\" \/><\/p>\n<\/div>\n<\/th>\n<\/tr>\n<tr>\n<td class=\"apm-top\">\n<div class=\"apm-fourthcol\">\n<h4 class=\"a-spacing-mini\">Jusqu&#8217;\u00e0 3 appareils Sync Motion<\/h4>\n<p class=\"a-size-small\">Lorsqu&#8217;il est mont\u00e9 avec un r\u00e9cepteur et un \u00e9metteur de transmission d&#8217;images (accessoire, non inclus dans le forfait), vous pouvez connecter jusqu&#8217;\u00e0 3 p\u00e9riph\u00e9riques \u00e0 votre stabilisateur, notamment un smartphone, un iPad et un moniteur.<\/p>\n<\/div>\n<\/td>\n<td class=\"apm-top\">\n<div class=\"apm-fourthcol\">\n<h4 class=\"a-spacing-mini\">ViaTouch 2.0: Votre monde Finger-Touch Vision<\/h4>\n<p class=\"a-size-small\">En utilisant le module de transmission d\u2019images TransMount (accessoire), vous pouvez transformer l\u2019\u00e9cran de votre t\u00e9l\u00e9phone en moniteur professionnel et en t\u00e9l\u00e9commande multifonction.<\/p>\n<\/div>\n<\/td>\n<td class=\"apm-top\">\n<div class=\"apm-fourthcol\">\n<h4 class=\"a-spacing-mini\">T\u00e9l\u00e9commande sans fil avec capteur de mouvement (accessoire)<\/h4>\n<p class=\"a-size-small\">La toute nouvelle t\u00e9l\u00e9commande comprend un capteur de mouvement int\u00e9gr\u00e9 et une conception \u00e0 boutons complets, permettant un contr\u00f4le de d\u00e9tection de mouvement ultra-pr\u00e9cis et des r\u00e9glages de param\u00e8tres en temps r\u00e9el<\/p>\n<\/div>\n<\/td>\n<td class=\"apm-top\">\n<div class=\"apm-fourthcol\">\n<h4 class=\"a-spacing-mini\">Module de transmission d&#8217;images mis \u00e0 niveau (accessoire)<\/h4>\n<p class=\"a-size-small\">La toute nouvelle t\u00e9l\u00e9commande comprend un capteur de mouvement int\u00e9gr\u00e9 et une conception \u00e0 boutons complets, permettant un contr\u00f4le de d\u00e9tection de mouvement ultra-pr\u00e9cis et des r\u00e9glages de param\u00e8tres en temps r\u00e9el.<\/p>\n<\/div>\n<\/td>\n<\/tr>\n<\/tbody>\n<\/table>\n<\/div>\n<\/div>\n<\/div>\n<\/div>\n<div><\/div>\n<\/div>\n<\/div>\n<\/div>\n<div class=\"celwidget aplus-module 3p-module-b aplus-standard\" data-csa-c-id=\"o6w4fz-vb3ivq-9ns8p8-hbw7xi\">\n<div class=\"aplus-module-wrapper aplus-3p-fixed-width\"><img decoding=\"async\" class=\"a-spacing-base\" src=\"https:\/\/m.media-amazon.com\/images\/S\/aplus-media\/sc\/53cbe158-8590-4ee1-b14f-b16d1ba97f8b.__CR0,0,970,600_PT0_SX970_V1___.png\" alt=\"  \" data-src=\"https:\/\/m.media-amazon.com\/images\/S\/aplus-media\/sc\/53cbe158-8590-4ee1-b14f-b16d1ba97f8b.__CR0,0,970,600_PT0_SX970_V1___.png\" \/><\/p>\n<p class=\"a-spacing-base\">Contenu du colis:<\/p>\n<p class=\"a-spacing-base\">\n<ul class=\"a-unordered-list a-vertical\">\n<li><span class=\"a-list-item\">ZHIYUN WEEBILL-S Stabilisateur x 1<\/span><\/li>\n<li><span class=\"a-list-item\">C\u00e2ble USB Type-C x 1<\/span><\/li>\n<li><span class=\"a-list-item\">C\u00e2ble Micro \u00e0 Micro USB x 1<\/span><\/li>\n<li><span class=\"a-list-item\">C\u00e2ble micro vers mini USB x 1<\/span><\/li>\n<li><span class=\"a-list-item\">Sony C\u00e2ble de contr\u00f4le de cam\u00e9ra x 1<\/span><\/li>\n<li><span class=\"a-list-item\">C\u00e2ble micro \u00e0 type C x 1<\/span><\/li>\n<li><span class=\"a-list-item\">Guide de d\u00e9marrage rapide x 1<\/span><\/li>\n<li><span class=\"a-list-item\">Tr\u00e9pied \u00e0 main x 1<\/span><\/li>\n<li><span class=\"a-list-item\">Chargeur de batterie x 1<\/span><\/li>\n<li><span class=\"a-list-item\">Batteries lithium-ion (2600mAh) x2<\/span><\/li>\n<li><span class=\"a-list-item\">Base de support x 1<\/span><\/li>\n<li><span class=\"a-list-item\">Kit de plaque \u00e0 d\u00e9gagement rapide x 1<\/span><\/li>\n<li><span class=\"a-list-item\">Sac de rangement pour c\u00e2ble x 1<\/span><\/li>\n<\/ul>\n<\/div>\n<\/div>\n<div style=\"display:flex; gap:10px;justify-content:center\" class=\"wps-pgfw-pdf-generate-icon__wrapper-frontend\">\n\t\t<a  href=\"https:\/\/ikasougou.com\/akamservices\/wp-json\/wp\/v2\/product\/6669?action=genpdf&amp;id=6669\" class=\"pgfw-single-pdf-download-button\" ><img src=\"https:\/\/ikasougou.com\/akamservices\/wp-content\/plugins\/pdf-generator-for-wp\/admin\/src\/images\/PDF_Tray.svg\" title=\"G\u00e9n\u00e9rer un PDF\" style=\"width:auto; height:45px;\"><\/a>\n\t\t<\/div>","protected":false},"excerpt":{"rendered":"<ul class=\"a-unordered-list a-vertical a-spacing-mini\">\n<li><span class=\"a-list-item\">&#8211; Performances maximales ; excellente compatibilit\u00e9 &#8212; WEEBILL-S est livr\u00e9 avec de nouveaux groupes moteur et un algorithme de haute pr\u00e9cision am\u00e9lior\u00e9 qui am\u00e9liore le couple du moteur de 300 % et augmente la r\u00e9ponse de 50 % pour la compatibilit\u00e9 avec les mod\u00e8les les plus populaires sur le march\u00e9 ; liste compl\u00e8te compatible<\/span><\/li>\n<li><span class=\"a-list-item\">&#8211; Compact comme un papier A4&#8211; La structure unique et le design minimaliste du WEEBILL-S en font un morceau de papier A4 super compact ; avec le mode Sling ergonomique, le WEEBILL-S offre \u00e0 tous une exp\u00e9rience d&#8217;enregistrement vid\u00e9o sans effort<\/span><\/li>\n<\/ul>\n","protected":false},"featured_media":6670,"comment_status":"open","ping_status":"closed","template":"","meta":{"jetpack_post_was_ever_published":false,"jetpack_publicize_message":"","jetpack_publicize_feature_enabled":true,"jetpack_social_post_already_shared":true,"jetpack_social_options":{"image_generator_settings":{"template":"highway","default_image_id":0,"font":"","enabled":false},"version":2}},"product_brand":[],"product_cat":[18,88],"product_tag":[89],"class_list":{"0":"post-6669","1":"product","2":"type-product","3":"status-publish","4":"has-post-thumbnail","6":"product_cat-hightech","7":"product_cat-videos","8":"product_tag-weebill-s-gimbal-reflex-stabilisateur-gimbal-3-axes","10":"first","11":"instock","12":"shipping-taxable","13":"purchasable","14":"product-type-simple"},"ams_default_variation_id":0,"ams_product_points_reward":[],"ams_product_discount_percentage":0,"ams_price_to_display":275000,"aioseo_notices":[],"ams_acf":[],"jetpack_publicize_connections":[],"jetpack_sharing_enabled":true,"jetpack_likes_enabled":true,"_links":{"self":[{"href":"https:\/\/ikasougou.com\/akamservices\/wp-json\/wp\/v2\/product\/6669","targetHints":{"allow":["GET"]}}],"collection":[{"href":"https:\/\/ikasougou.com\/akamservices\/wp-json\/wp\/v2\/product"}],"about":[{"href":"https:\/\/ikasougou.com\/akamservices\/wp-json\/wp\/v2\/types\/product"}],"replies":[{"embeddable":true,"href":"https:\/\/ikasougou.com\/akamservices\/wp-json\/wp\/v2\/comments?post=6669"}],"wp:featuredmedia":[{"embeddable":true,"href":"https:\/\/ikasougou.com\/akamservices\/wp-json\/wp\/v2\/media\/6670"}],"wp:attachment":[{"href":"https:\/\/ikasougou.com\/akamservices\/wp-json\/wp\/v2\/media?parent=6669"}],"wp:term":[{"taxonomy":"product_brand","embeddable":true,"href":"https:\/\/ikasougou.com\/akamservices\/wp-json\/wp\/v2\/product_brand?post=6669"},{"taxonomy":"product_cat","embeddable":true,"href":"https:\/\/ikasougou.com\/akamservices\/wp-json\/wp\/v2\/product_cat?post=6669"},{"taxonomy":"product_tag","embeddable":true,"href":"https:\/\/ikasougou.com\/akamservices\/wp-json\/wp\/v2\/product_tag?post=6669"}],"curies":[{"name":"wp","href":"https:\/\/api.w.org\/{rel}","templated":true}]}}