{"id":6681,"date":"2021-07-13T12:10:44","date_gmt":"2021-07-13T10:10:44","guid":{"rendered":"https:\/\/ikasougou.com\/akamservices\/?post_type=product&#038;p=6681"},"modified":"2021-08-25T12:49:43","modified_gmt":"2021-08-25T10:49:43","slug":"manette-de-jeu-mobile-anker-powercore-play-6k","status":"publish","type":"product","link":"https:\/\/ikasougou.com\/akamservices\/produit\/manette-de-jeu-mobile-anker-powercore-play-6k\/","title":{"rendered":"Manette de jeu mobile Anker PowerCore Play 6K"},"content":{"rendered":"<h2><span class=\"\">Contr\u00f4leur de jeu mobile Anker PowerCore Play 6K avec banque d&#8217;alimentation 6700mAh et manette de jeu de radiateur pour t\u00e9l\u00e9phone Android iOS<\/span><\/h2>\n<ul>\n<li>L&#8217;avantage Anker : rejoignez les plus de 55 millions de personnes aliment\u00e9es par notre technologie de pointe.<\/li>\n<li>Con\u00e7u pour le jeu\u00a0: combine un chargeur portable avec une conception de manette de jeu ergonomique pour prolonger le temps de jeu tout en offrant une exp\u00e9rience de jeu confortable \u00e0 la main.<\/li>\n<li>Jouez plus longtemps : une capacit\u00e9 de 6 700 mAh fournit plus d&#8217;une seule charge \u00e0 une large gamme de t\u00e9l\u00e9phones, y compris Samsung S9 et iPhone X. Connectez votre appareil \u00e0 l&#8217;un des ports USB ou USB-C de 15 W pour commencer \u00e0 charger.<\/li>\n<li>Conception de refroidissement : un puissant ventilateur int\u00e9gr\u00e9 r\u00e9duit la chaleur pendant que vous jouez, emp\u00eachant votre t\u00e9l\u00e9phone de surchauffer m\u00eame pendant les sessions de jeu les plus \u00e9piques.<\/li>\n<li>Chargez pendant que vous jouez : la conception ergonomique de la manette de jeu offre un plus grand confort pour les jeux mobiles, tandis que la capacit\u00e9 de 6 700 mAh vous permet de garder votre t\u00e9l\u00e9phone charg\u00e9 pendant que vous jouez.<\/li>\n<li>Charge polyvalente : \u00e9quip\u00e9 d&#8217;un port USB de 15 W et d&#8217;un port USB-C de 15 W, vous donnant plus de choix sur la fa\u00e7on dont vous chargez.<\/li>\n<li>Conception r\u00e9glable : la poign\u00e9e de PowerCore peut \u00eatre ajust\u00e9e de 5,7 \u00e0 6,45 pouces pour s&#8217;adapter \u00e0 une large gamme de t\u00e9l\u00e9phones.<\/li>\n<li>Support int\u00e9gr\u00e9 : si vous faites une pause dans le jeu, d\u00e9ployez le support \u00e0 l&#8217;arri\u00e8re du PowerCore pour maintenir votre t\u00e9l\u00e9phone en place tout en regardant une vid\u00e9o.<\/li>\n<li>Recharge rapide : associez-le \u00e0 un chargeur de 10 W pour recharger compl\u00e8tement la batterie interne du PowerCore en seulement 3 heures.\u00a0Remarque : chargeur non inclus.<\/li>\n<li>Ce que vous obtenez : PowerCore Play 6K, c\u00e2ble USB-A vers USB-C, guide de bienvenue.<\/li>\n<\/ul>\n<p><img loading=\"lazy\" decoding=\"async\" class=\"aligncenter size-full wp-image-47651\" src=\"https:\/\/www.electrokwt.com\/wp-content\/uploads\/2021\/03\/Anker-PowerCore-Play-6K-Mobile-Game-Controller-Powering-You-To-Victory.jpg\" alt=\"\" width=\"970\" height=\"600\" \/><\/p>\n<table class=\" aligncenter\">\n<tbody>\n<tr>\n<td width=\"33%\"><img loading=\"lazy\" decoding=\"async\" class=\"aligncenter size-full wp-image-47659\" src=\"https:\/\/www.electrokwt.com\/wp-content\/uploads\/2021\/03\/Anker-PowerCore-Play-6K-Mobile-Game-Controller-Built-In-Stand.jpeg\" alt=\"\" width=\"300\" height=\"300\" \/><\/td>\n<td width=\"33%\"><img loading=\"lazy\" decoding=\"async\" class=\"aligncenter size-full wp-image-47657\" src=\"https:\/\/www.electrokwt.com\/wp-content\/uploads\/2021\/03\/Anker-PowerCore-Play-6K-Mobile-Game-Controller-Fast-Recharging.jpeg\" alt=\"\" width=\"300\" height=\"300\" \/><\/td>\n<td width=\"33%\"><img loading=\"lazy\" decoding=\"async\" class=\"aligncenter size-full wp-image-47661\" src=\"https:\/\/www.electrokwt.com\/wp-content\/uploads\/2021\/03\/Anker-PowerCore-Play-6K-Mobile-Game-Controller-Lightweight-and-Portable.jpeg\" alt=\"\" width=\"300\" height=\"300\" \/><\/td>\n<\/tr>\n<tr>\n<td><strong>Support int\u00e9gr\u00e9<\/strong><br \/>\nSi vous faites une pause dans le jeu, rabattez le support et PowerCore devient l&#8217;endroit id\u00e9al pour soutenir votre t\u00e9l\u00e9phone tout en regardant une vid\u00e9o.<\/td>\n<td><strong>Recharge rapide<\/strong><br \/>\nConnectez un chargeur mural de 10 W au port USB-C pour recharger compl\u00e8tement PowerCore en seulement 3 heures.<\/td>\n<td><strong>L\u00e9ger et portable<\/strong><br \/>\nPesant un peu plus d&#8217;une demi-livre et assez petit pour tenir dans votre poche, vous pouvez emporter PowerCore partout avec vous lorsque l&#8217;envie de jouer vous frappe.<\/td>\n<\/tr>\n<\/tbody>\n<\/table>\n<div style=\"display:flex; gap:10px;justify-content:center\" class=\"wps-pgfw-pdf-generate-icon__wrapper-frontend\">\n\t\t<a  href=\"https:\/\/ikasougou.com\/akamservices\/wp-json\/wp\/v2\/product\/6681?action=genpdf&amp;id=6681\" class=\"pgfw-single-pdf-download-button\" ><img src=\"https:\/\/ikasougou.com\/akamservices\/wp-content\/plugins\/pdf-generator-for-wp\/admin\/src\/images\/PDF_Tray.svg\" title=\"G\u00e9n\u00e9rer un PDF\" style=\"width:auto; height:45px;\"><\/a>\n\t\t<\/div>","protected":false},"excerpt":{"rendered":"<ul>\n<li>Plus de 30 heures de puissance suppl\u00e9mentaire<\/li>\n<li>Chargez pendant que vous jouez<\/li>\n<li>La batterie portable ergonomique pour le jeu mobile<\/li>\n<\/ul>\n","protected":false},"featured_media":6682,"comment_status":"open","ping_status":"closed","template":"","meta":{"jetpack_post_was_ever_published":false,"jetpack_publicize_message":"","jetpack_publicize_feature_enabled":true,"jetpack_social_post_already_shared":true,"jetpack_social_options":{"image_generator_settings":{"template":"highway","default_image_id":0,"font":"","enabled":false},"version":2}},"product_brand":[],"product_cat":[18,27],"product_tag":[90,78,91],"class_list":{"0":"post-6681","1":"product","2":"type-product","3":"status-publish","4":"has-post-thumbnail","6":"product_cat-hightech","7":"product_cat-jeuxvideos","8":"product_tag-anker","9":"product_tag-manette","10":"product_tag-powercore-play","12":"first","13":"instock","14":"shipping-taxable","15":"purchasable","16":"product-type-simple"},"ams_default_variation_id":0,"ams_product_points_reward":[],"ams_product_discount_percentage":0,"ams_price_to_display":35000,"aioseo_notices":[],"ams_acf":[],"jetpack_publicize_connections":[],"jetpack_sharing_enabled":true,"jetpack_likes_enabled":true,"_links":{"self":[{"href":"https:\/\/ikasougou.com\/akamservices\/wp-json\/wp\/v2\/product\/6681","targetHints":{"allow":["GET"]}}],"collection":[{"href":"https:\/\/ikasougou.com\/akamservices\/wp-json\/wp\/v2\/product"}],"about":[{"href":"https:\/\/ikasougou.com\/akamservices\/wp-json\/wp\/v2\/types\/product"}],"replies":[{"embeddable":true,"href":"https:\/\/ikasougou.com\/akamservices\/wp-json\/wp\/v2\/comments?post=6681"}],"wp:featuredmedia":[{"embeddable":true,"href":"https:\/\/ikasougou.com\/akamservices\/wp-json\/wp\/v2\/media\/6682"}],"wp:attachment":[{"href":"https:\/\/ikasougou.com\/akamservices\/wp-json\/wp\/v2\/media?parent=6681"}],"wp:term":[{"taxonomy":"product_brand","embeddable":true,"href":"https:\/\/ikasougou.com\/akamservices\/wp-json\/wp\/v2\/product_brand?post=6681"},{"taxonomy":"product_cat","embeddable":true,"href":"https:\/\/ikasougou.com\/akamservices\/wp-json\/wp\/v2\/product_cat?post=6681"},{"taxonomy":"product_tag","embeddable":true,"href":"https:\/\/ikasougou.com\/akamservices\/wp-json\/wp\/v2\/product_tag?post=6681"}],"curies":[{"name":"wp","href":"https:\/\/api.w.org\/{rel}","templated":true}]}}