{"id":6737,"date":"2021-10-27T17:51:02","date_gmt":"2021-10-27T15:51:02","guid":{"rendered":"https:\/\/ikasougou.com\/akamservices\/?post_type=product&#038;p=6737"},"modified":"2021-10-27T17:51:35","modified_gmt":"2021-10-27T15:51:35","slug":"power-bank-multi-port-jump-start-1000a-25000mah","status":"publish","type":"product","link":"https:\/\/ikasougou.com\/akamservices\/produit\/power-bank-multi-port-jump-start-1000a-25000mah\/","title":{"rendered":"Power Bank Multi-Port Jump Start 1000A 25000mAh"},"content":{"rendered":"<p>Chargement mobile \u00e0 double sortie USB et sortie 12 V pour les appareils \u00e9lectrom\u00e9nagers<\/p>\n<p>Power Bank Multi-Port Jump Start 1000A 25000mAh<br \/>\nProtection contre les courts-circuits\u00a0: emp\u00eache les courts-circuits de se produire lorsque les deux pinces sont connect\u00e9es.<\/p>\n<p>Protection contre l&#8217;inversion de polarit\u00e9 : aucun dommage si les pinces sont connect\u00e9es aux mauvaises bornes -ve ou +ve.<\/p>\n<p>Protection contre la surchauffe : arr\u00eate automatiquement de fonctionner une fois que la temp\u00e9rature maximale est d\u00e9pass\u00e9e. Arr\u00eate de fonctionner pendant 30 secondes apr\u00e8s quatre tentatives de boost cons\u00e9cutives.<\/p>\n<div style=\"display:flex; gap:10px;justify-content:center\" class=\"wps-pgfw-pdf-generate-icon__wrapper-frontend\">\n\t\t<a  href=\"https:\/\/ikasougou.com\/akamservices\/wp-json\/wp\/v2\/product\/6737?action=genpdf&amp;id=6737\" class=\"pgfw-single-pdf-download-button\" ><img src=\"https:\/\/ikasougou.com\/akamservices\/wp-content\/plugins\/pdf-generator-for-wp\/admin\/src\/images\/PDF_Tray.svg\" title=\"G\u00e9n\u00e9rer un PDF\" style=\"width:auto; height:45px;\"><\/a>\n\t\t<\/div>","protected":false},"excerpt":{"rendered":"<p>500A Courant de d\u00e9marrage<\/p>\n<p>x20 Boost<\/p>\n<p>1000A courant maximum<\/p>\n<p>Double sortie<\/p>\n<p>Moteur \u00e0 essence 7L<\/p>\n<p>Sortie 12V<\/p>\n<p>Moteur diesel 6L<\/p>\n<p>Protection int\u00e9gr\u00e9e<\/p>\n<p>Caract\u00e9ristiques<\/p>\n<p>Batterie : 25000mAh Li-ion 92.5Wh<\/p>\n<p>Entr\u00e9e\u00a0: 15\u00a0V\/1\u00a0A<\/p>\n<p>Sortie USB\u00a0: 5\u00a0V\/2\u00a0A max.<\/p>\n<p>Sortie CC\u00a0: 12\u00a0V\/10\u00a0A<\/p>\n<p>Courant maximum: 1000A<\/p>\n<p>Poids du produit : 890g<\/p>\n<p>Dimensions du produit : 18,8 x 13 x 3,7 cm<\/p>\n<p>Temp\u00e9rature de fonctionnement : -20\u00b0C \u00e0 60\u00b0C<\/p>\n","protected":false},"featured_media":6738,"comment_status":"open","ping_status":"closed","template":"","meta":{"jetpack_post_was_ever_published":false,"jetpack_publicize_message":"","jetpack_publicize_feature_enabled":true,"jetpack_social_post_already_shared":true,"jetpack_social_options":{"image_generator_settings":{"template":"highway","default_image_id":0,"font":"","enabled":false},"version":2}},"product_brand":[],"product_cat":[15],"product_tag":[105,106,104,103,102],"class_list":{"0":"post-6737","1":"product","2":"type-product","3":"status-publish","4":"has-post-thumbnail","6":"product_cat-non-classe","7":"product_tag-1000a","8":"product_tag-25000mah","9":"product_tag-jump-start","10":"product_tag-multi-port","11":"product_tag-power-bank","13":"first","14":"instock","15":"shipping-taxable","16":"purchasable","17":"product-type-simple"},"ams_default_variation_id":0,"ams_product_points_reward":[],"ams_product_discount_percentage":0,"ams_price_to_display":65000,"aioseo_notices":[],"ams_acf":[],"jetpack_publicize_connections":[],"jetpack_sharing_enabled":true,"jetpack_likes_enabled":true,"_links":{"self":[{"href":"https:\/\/ikasougou.com\/akamservices\/wp-json\/wp\/v2\/product\/6737","targetHints":{"allow":["GET"]}}],"collection":[{"href":"https:\/\/ikasougou.com\/akamservices\/wp-json\/wp\/v2\/product"}],"about":[{"href":"https:\/\/ikasougou.com\/akamservices\/wp-json\/wp\/v2\/types\/product"}],"replies":[{"embeddable":true,"href":"https:\/\/ikasougou.com\/akamservices\/wp-json\/wp\/v2\/comments?post=6737"}],"wp:featuredmedia":[{"embeddable":true,"href":"https:\/\/ikasougou.com\/akamservices\/wp-json\/wp\/v2\/media\/6738"}],"wp:attachment":[{"href":"https:\/\/ikasougou.com\/akamservices\/wp-json\/wp\/v2\/media?parent=6737"}],"wp:term":[{"taxonomy":"product_brand","embeddable":true,"href":"https:\/\/ikasougou.com\/akamservices\/wp-json\/wp\/v2\/product_brand?post=6737"},{"taxonomy":"product_cat","embeddable":true,"href":"https:\/\/ikasougou.com\/akamservices\/wp-json\/wp\/v2\/product_cat?post=6737"},{"taxonomy":"product_tag","embeddable":true,"href":"https:\/\/ikasougou.com\/akamservices\/wp-json\/wp\/v2\/product_tag?post=6737"}],"curies":[{"name":"wp","href":"https:\/\/api.w.org\/{rel}","templated":true}]}}