{"id":6781,"date":"2022-01-10T18:07:09","date_gmt":"2022-01-10T17:07:09","guid":{"rendered":"https:\/\/ikasougou.com\/akamservices\/?post_type=product&#038;p=6781"},"modified":"2022-01-10T18:07:09","modified_gmt":"2022-01-10T17:07:09","slug":"smart-keyboard-folio-pour-ipad-pro-11-pouces-3%e1%b5%89-generation-et-ipad-air-4%e1%b5%89-generation-francais","status":"publish","type":"product","link":"https:\/\/ikasougou.com\/akamservices\/produit\/smart-keyboard-folio-pour-ipad-pro-11-pouces-3%e1%b5%89-generation-et-ipad-air-4%e1%b5%89-generation-francais\/","title":{"rendered":"Smart Keyboard Folio pour iPad Pro 11 pouces (3\u1d49 g\u00e9n\u00e9ration) et iPad Air (4\u1d49 g\u00e9n\u00e9ration) &#8211; Fran\u00e7ais"},"content":{"rendered":"<p>Le Smart Keyboard Folio pour iPad\u00a0Pro et iPad\u00a0Air est un clavier complet quand vous en avez besoin et une \u00e9l\u00e9gante protection recto verso le reste du temps. Il offre deux angles de visualisation tr\u00e8s pratiques. Et comme il ne n\u00e9cessite ni recharge ni jumelage, il vous suffit de le fixer pour l\u2019utiliser dans la foul\u00e9e.<\/p>\n<ul>\n<li class=\"rc-accordion-item rf-pdp-accordionbox rf-pdp-compatibility\" data-core-accordion-item=\"\" data-core-accordion-item-expanded=\"\">\n<h2 class=\"rf-pdp-accordionboxtitle\" data-autom=\"compatibilityTitle\">Compatibilit\u00e9<\/h2>\n<div class=\"r-height-transition-enter-done\" data-core-height-transition-wrapper=\"\">\n<div data-core-height-transition-content=\"\">\n<div id=\"content-e61a5000-7235-11ec-b599-b3fb424d4c18-1\" data-core-accordion-content=\"\">\n<div class=\"rc-accordion-content rc-accordion-content-nopadding\">\n<div class=\"\">\n<div class=\"rf-pdp-compabilitysection-panel row\">\n<div class=\"rf-pdp-compability-sidepanel column large-3 small-12\">\n<div class=\"rf-pdp-compatibility\"><\/div>\n<\/div>\n<div class=\"rf-compability-mainpanel column large-9 small-12\">\n<div class=\"rf-pdp-compatibility-list\">\n<h3 class=\"rf-pdp-compatibility-title\" data-autom=\"compatibleModelTitle\">Mod\u00e8les d\u2019iPad<\/h3>\n<ul class=\"rf-pdp-productlist\" role=\"list\">\n<li class=\"rf-pdp-compatibility-productlistitems\" role=\"listitem\">iPad\u00a0Pro 11\u00a0pouces (3\u1d49\u00a0g\u00e9n\u00e9ration)<\/li>\n<li class=\"rf-pdp-compatibility-productlistitems\" role=\"listitem\">iPad\u00a0Pro 11\u00a0pouces (2\u1d49\u00a0g\u00e9n\u00e9ration)<\/li>\n<li class=\"rf-pdp-compatibility-productlistitems\" role=\"listitem\">iPad\u00a0Pro 11\u00a0pouces (1\u02b3\u1d49\u00a0g\u00e9n\u00e9ration)<\/li>\n<li class=\"rf-pdp-compatibility-productlistitems\" role=\"listitem\">iPad\u00a0Air (4\u1d49\u00a0g\u00e9n\u00e9ration)<\/li>\n<\/ul>\n<\/div>\n<\/div>\n<\/div>\n<\/div>\n<\/div>\n<\/div>\n<\/div>\n<\/div>\n<\/li>\n<\/ul>\n<div id=\"as-recommendations-app\" data-base-part-number=\"\">\n<div data-analytics-section=\"recommendation\">\n<div class=\"rf-recommendations rf-recommendations-carousel\" data-analytics-type=\"recommendations:pdp\">\n<div class=\"rf-recommendations-carousel-wrapper as-l-container\"><\/div>\n<\/div>\n<\/div>\n<\/div>\n<div style=\"display:flex; gap:10px;justify-content:center\" class=\"wps-pgfw-pdf-generate-icon__wrapper-frontend\">\n\t\t<a  href=\"https:\/\/ikasougou.com\/akamservices\/wp-json\/wp\/v2\/product\/6781?action=genpdf&amp;id=6781\" class=\"pgfw-single-pdf-download-button\" ><img src=\"https:\/\/ikasougou.com\/akamservices\/wp-content\/plugins\/pdf-generator-for-wp\/admin\/src\/images\/PDF_Tray.svg\" title=\"G\u00e9n\u00e9rer un PDF\" style=\"width:auto; height:45px;\"><\/a>\n\t\t<\/div>","protected":false},"excerpt":{"rendered":"<p>Le Smart Keyboard Folio pour iPad\u00a0Pro et iPad\u00a0Air est un clavier complet quand vous en avez besoin et une \u00e9l\u00e9gante protection recto verso le reste du temps. Il offre deux angles de visualisation tr\u00e8s pratiques. Et comme il ne n\u00e9cessite ni recharge ni jumelage, il vous suffit de le fixer pour l\u2019utiliser dans la foul\u00e9e. [&#8230;]\n","protected":false},"featured_media":6786,"comment_status":"open","ping_status":"closed","template":"","meta":{"jetpack_post_was_ever_published":false,"jetpack_publicize_message":"","jetpack_publicize_feature_enabled":true,"jetpack_social_post_already_shared":true,"jetpack_social_options":{"image_generator_settings":{"template":"highway","default_image_id":0,"font":"","enabled":false},"version":2}},"product_brand":[],"product_cat":[18,21],"product_tag":[46,124,123,122],"class_list":{"0":"post-6781","1":"product","2":"type-product","3":"status-publish","4":"has-post-thumbnail","6":"product_cat-hightech","7":"product_cat-telephones-tablettes","8":"product_tag-apple","9":"product_tag-clavier","10":"product_tag-keyboard","11":"product_tag-smart","13":"first","14":"instock","15":"shipping-taxable","16":"purchasable","17":"product-type-simple"},"ams_default_variation_id":0,"ams_product_points_reward":[],"ams_product_discount_percentage":0,"ams_price_to_display":155000,"aioseo_notices":[],"ams_acf":[],"jetpack_publicize_connections":[],"jetpack_sharing_enabled":true,"jetpack_likes_enabled":true,"_links":{"self":[{"href":"https:\/\/ikasougou.com\/akamservices\/wp-json\/wp\/v2\/product\/6781","targetHints":{"allow":["GET"]}}],"collection":[{"href":"https:\/\/ikasougou.com\/akamservices\/wp-json\/wp\/v2\/product"}],"about":[{"href":"https:\/\/ikasougou.com\/akamservices\/wp-json\/wp\/v2\/types\/product"}],"replies":[{"embeddable":true,"href":"https:\/\/ikasougou.com\/akamservices\/wp-json\/wp\/v2\/comments?post=6781"}],"wp:featuredmedia":[{"embeddable":true,"href":"https:\/\/ikasougou.com\/akamservices\/wp-json\/wp\/v2\/media\/6786"}],"wp:attachment":[{"href":"https:\/\/ikasougou.com\/akamservices\/wp-json\/wp\/v2\/media?parent=6781"}],"wp:term":[{"taxonomy":"product_brand","embeddable":true,"href":"https:\/\/ikasougou.com\/akamservices\/wp-json\/wp\/v2\/product_brand?post=6781"},{"taxonomy":"product_cat","embeddable":true,"href":"https:\/\/ikasougou.com\/akamservices\/wp-json\/wp\/v2\/product_cat?post=6781"},{"taxonomy":"product_tag","embeddable":true,"href":"https:\/\/ikasougou.com\/akamservices\/wp-json\/wp\/v2\/product_tag?post=6781"}],"curies":[{"name":"wp","href":"https:\/\/api.w.org\/{rel}","templated":true}]}}