{"id":6930,"date":"2022-07-25T13:20:12","date_gmt":"2022-07-25T11:20:12","guid":{"rendered":"https:\/\/ikasougou.com\/akamservices\/?post_type=product&#038;p=6930"},"modified":"2022-07-25T13:29:04","modified_gmt":"2022-07-25T11:29:04","slug":"powerology-pd-45w-universal-adapter","status":"publish","type":"product","link":"https:\/\/ikasougou.com\/akamservices\/produit\/powerology-pd-45w-universal-adapter\/","title":{"rendered":"Powerology PD 45W Universal Adapter"},"content":{"rendered":"<div style=\"width: 848px;\" class=\"wp-video\"><video class=\"wp-video-shortcode\" id=\"video-6930-1\" width=\"848\" height=\"480\" preload=\"metadata\" controls=\"controls\"><source type=\"video\/mp4\" src=\"https:\/\/ikasougou.com\/akamservices\/wp-content\/uploads\/sites\/30\/2022\/07\/akamservices7.56.20.mp4?_=1\" \/><a href=\"https:\/\/ikasougou.com\/akamservices\/wp-content\/uploads\/sites\/30\/2022\/07\/akamservices7.56.20.mp4\">https:\/\/ikasougou.com\/akamservices\/wp-content\/uploads\/sites\/30\/2022\/07\/akamservices7.56.20.mp4<\/a><\/video><\/div>\n<p>Chargeur universel 45W avec Power Delivery<br \/>\nKit de voyage essentiel, 4 prises internationales<\/p>\n<p>Entr\u00e9e : 100-240V 2000W,<br \/>\nSortie CA\u00a0: 8\u00a0A<br \/>\nSortie USB-C : 45 W 5 V\/3 A, 9 V\/3 A, 12 V\/3 A, 15\/3 A, 20 V\/2,25 A.<br \/>\nSortie USB-C (partag\u00e9e)\u00a0: 30\u00a0W 5\u00a0V\/3\u00a0A, 9\u00a0V\/3\u00a0A, 12\u00a0V\/2,5\u00a0A, 15\u00a0V\/2\u00a0A, 20\u00a0V\/1,5\u00a0A<br \/>\nSortie USB-A (x3) : 5v\/2.4A 8A Double Fusible<\/p>\n<div style=\"display:flex; gap:10px;justify-content:center\" class=\"wps-pgfw-pdf-generate-icon__wrapper-frontend\">\n\t\t<a  href=\"https:\/\/ikasougou.com\/akamservices\/wp-json\/wp\/v2\/product\/6930?action=genpdf&amp;id=6930\" class=\"pgfw-single-pdf-download-button\" ><img src=\"https:\/\/ikasougou.com\/akamservices\/wp-content\/plugins\/pdf-generator-for-wp\/admin\/src\/images\/PDF_Tray.svg\" title=\"G\u00e9n\u00e9rer un PDF\" style=\"width:auto; height:45px;\"><\/a>\n\t\t<\/div>","protected":false},"excerpt":{"rendered":"<p>Adaptateur de voyage universel<br \/>\nConception compacte et facile \u00e0 transporter<br \/>\nAssure la s\u00e9curit\u00e9 et l&#8217;efficacit\u00e9<br \/>\nCharge rapide<\/p>\n","protected":false},"featured_media":6934,"comment_status":"open","ping_status":"closed","template":"","meta":{"jetpack_post_was_ever_published":false,"jetpack_publicize_message":"","jetpack_publicize_feature_enabled":true,"jetpack_social_post_already_shared":true,"jetpack_social_options":{"image_generator_settings":{"template":"highway","default_image_id":0,"font":"","enabled":false},"version":2}},"product_brand":[],"product_cat":[18],"product_tag":[],"class_list":{"0":"post-6930","1":"product","2":"type-product","3":"status-publish","4":"has-post-thumbnail","6":"product_cat-hightech","8":"first","9":"instock","10":"shipping-taxable","11":"purchasable","12":"product-type-simple"},"ams_default_variation_id":0,"ams_product_points_reward":[],"ams_product_discount_percentage":0,"ams_price_to_display":27500,"aioseo_notices":[],"ams_acf":[],"jetpack_publicize_connections":[],"jetpack_sharing_enabled":true,"jetpack_likes_enabled":true,"_links":{"self":[{"href":"https:\/\/ikasougou.com\/akamservices\/wp-json\/wp\/v2\/product\/6930","targetHints":{"allow":["GET"]}}],"collection":[{"href":"https:\/\/ikasougou.com\/akamservices\/wp-json\/wp\/v2\/product"}],"about":[{"href":"https:\/\/ikasougou.com\/akamservices\/wp-json\/wp\/v2\/types\/product"}],"replies":[{"embeddable":true,"href":"https:\/\/ikasougou.com\/akamservices\/wp-json\/wp\/v2\/comments?post=6930"}],"wp:featuredmedia":[{"embeddable":true,"href":"https:\/\/ikasougou.com\/akamservices\/wp-json\/wp\/v2\/media\/6934"}],"wp:attachment":[{"href":"https:\/\/ikasougou.com\/akamservices\/wp-json\/wp\/v2\/media?parent=6930"}],"wp:term":[{"taxonomy":"product_brand","embeddable":true,"href":"https:\/\/ikasougou.com\/akamservices\/wp-json\/wp\/v2\/product_brand?post=6930"},{"taxonomy":"product_cat","embeddable":true,"href":"https:\/\/ikasougou.com\/akamservices\/wp-json\/wp\/v2\/product_cat?post=6930"},{"taxonomy":"product_tag","embeddable":true,"href":"https:\/\/ikasougou.com\/akamservices\/wp-json\/wp\/v2\/product_tag?post=6930"}],"curies":[{"name":"wp","href":"https:\/\/api.w.org\/{rel}","templated":true}]}}