{"id":6937,"date":"2022-07-25T13:27:51","date_gmt":"2022-07-25T11:27:51","guid":{"rendered":"https:\/\/ikasougou.com\/akamservices\/?post_type=product&#038;p=6937"},"modified":"2022-07-25T13:27:52","modified_gmt":"2022-07-25T11:27:52","slug":"xiaomi-mi-box-s-boitier-tv-multimedia-android-tv-8-1-ultra-hd-4k","status":"publish","type":"product","link":"https:\/\/ikasougou.com\/akamservices\/produit\/xiaomi-mi-box-s-boitier-tv-multimedia-android-tv-8-1-ultra-hd-4k\/","title":{"rendered":"Xiaomi &#8211; Mi Box S &#8211; Boitier TV multimedia Android TV 8.1 Ultra HD 4K"},"content":{"rendered":"<p>Xiaomi Mi Box S, l&#8217;une des boitiers Android\u00a0 Tv les plus avanc\u00e9s et les plus demand\u00e9s du moment qui ravira les utilisateurs de Netflix, Disney +, YouTube, Play Music, Play Movies, HBO, Spotify, KODI, etc. Cette fois, on retrouve une ligne redessin\u00e9e de la pr\u00e9c\u00e9dente Xiaomi Mi Box, avec un corps un peu moins ovale et plus carr\u00e9 que son pr\u00e9d\u00e9cesseur, une \u00e9paisseur de seulement 1,6 centim\u00e8tre et un poids de 145 grammes, d\u00e9passant en l\u00e9g\u00e8ret\u00e9 les 177 grammes de la pr\u00e9c\u00e9dente.<\/p>\n<div style=\"display:flex; gap:10px;justify-content:center\" class=\"wps-pgfw-pdf-generate-icon__wrapper-frontend\">\n\t\t<a  href=\"https:\/\/ikasougou.com\/akamservices\/wp-json\/wp\/v2\/product\/6937?action=genpdf&amp;id=6937\" class=\"pgfw-single-pdf-download-button\" ><img src=\"https:\/\/ikasougou.com\/akamservices\/wp-content\/plugins\/pdf-generator-for-wp\/admin\/src\/images\/PDF_Tray.svg\" title=\"G\u00e9n\u00e9rer un PDF\" style=\"width:auto; height:45px;\"><\/a>\n\t\t<\/div>","protected":false},"excerpt":{"rendered":"<ul>\n<li><span class=\"a-list-item\"> Box TV sous Android 8.1 <\/span><\/li>\n<li><span class=\"a-list-item\"> R\u00e9solution Ultra HD 4K avec HDR <\/span><\/li>\n<li><span class=\"a-list-item\"> Google Assistant et Chromecast inclus <\/span><\/li>\n<li><span class=\"a-list-item\"> Support des sons Dolby et DTS Surround <\/span><\/li>\n<li><span class=\"a-list-item\"> inclus une t\u00e9l\u00e9commande sans-fil avec micro <\/span><\/li>\n<\/ul>\n","protected":false},"featured_media":6945,"comment_status":"open","ping_status":"closed","template":"","meta":{"jetpack_post_was_ever_published":false,"jetpack_publicize_message":"","jetpack_publicize_feature_enabled":true,"jetpack_social_post_already_shared":true,"jetpack_social_options":{"image_generator_settings":{"template":"highway","default_image_id":0,"font":"","enabled":false},"version":2}},"product_brand":[],"product_cat":[23],"product_tag":[],"class_list":{"0":"post-6937","1":"product","2":"type-product","3":"status-publish","4":"has-post-thumbnail","6":"product_cat-home","8":"first","9":"instock","10":"shipping-taxable","11":"purchasable","12":"product-type-simple"},"ams_default_variation_id":0,"ams_product_points_reward":[],"ams_product_discount_percentage":0,"ams_price_to_display":50000,"aioseo_notices":[],"ams_acf":[],"jetpack_publicize_connections":[],"jetpack_sharing_enabled":true,"jetpack_likes_enabled":true,"_links":{"self":[{"href":"https:\/\/ikasougou.com\/akamservices\/wp-json\/wp\/v2\/product\/6937","targetHints":{"allow":["GET"]}}],"collection":[{"href":"https:\/\/ikasougou.com\/akamservices\/wp-json\/wp\/v2\/product"}],"about":[{"href":"https:\/\/ikasougou.com\/akamservices\/wp-json\/wp\/v2\/types\/product"}],"replies":[{"embeddable":true,"href":"https:\/\/ikasougou.com\/akamservices\/wp-json\/wp\/v2\/comments?post=6937"}],"wp:featuredmedia":[{"embeddable":true,"href":"https:\/\/ikasougou.com\/akamservices\/wp-json\/wp\/v2\/media\/6945"}],"wp:attachment":[{"href":"https:\/\/ikasougou.com\/akamservices\/wp-json\/wp\/v2\/media?parent=6937"}],"wp:term":[{"taxonomy":"product_brand","embeddable":true,"href":"https:\/\/ikasougou.com\/akamservices\/wp-json\/wp\/v2\/product_brand?post=6937"},{"taxonomy":"product_cat","embeddable":true,"href":"https:\/\/ikasougou.com\/akamservices\/wp-json\/wp\/v2\/product_cat?post=6937"},{"taxonomy":"product_tag","embeddable":true,"href":"https:\/\/ikasougou.com\/akamservices\/wp-json\/wp\/v2\/product_tag?post=6937"}],"curies":[{"name":"wp","href":"https:\/\/api.w.org\/{rel}","templated":true}]}}