{"id":6972,"date":"2022-07-25T14:49:49","date_gmt":"2022-07-25T12:49:49","guid":{"rendered":"https:\/\/ikasougou.com\/akamservices\/?post_type=product&#038;p=6972"},"modified":"2022-07-25T14:49:50","modified_gmt":"2022-07-25T12:49:50","slug":"homepod-mini","status":"publish","type":"product","link":"https:\/\/ikasougou.com\/akamservices\/produit\/homepod-mini\/","title":{"rendered":"HomePod mini"},"content":{"rendered":"<h3>Le summum de l&#8217;innovation<\/h3>\n<div>\n<p>Dans la veine de ce que la firme am\u00e9ricaine fait de mieux sur le plan audio, l&#8217;Enceinte APPLE HomePod Mini vous garantira un <b>son extraordinaire<\/b>. Pourvue d&#8217;un <b>traitement audio informatique<\/b> \u00e0 la pointe de la technologie, elle couvre un <b>panel de fr\u00e9quences ultra large<\/b>. Sa pr\u00e9cision sonore retranscrira les moindres d\u00e9tails de la musique.<\/p>\n<p>Pour que le son se propage de fa\u00e7on homog\u00e8ne au sein de votre pi\u00e8ce, l&#8217;Enceinte APPLE HomePod Mini dispose d&#8217;une <b>diffusion \u00e0 360 degr\u00e9s<\/b>. Parfait compromis entre dispositif d&#8217;\u00e9coute et objet de d\u00e9coration, cette enceinte mesure <b>8,43 centim\u00e8tres de hauteur<\/b>, la taille parfaite pour se faire remarquer tout en restant discr\u00e8te.<\/p>\n<\/div>\n<h3><img loading=\"lazy\" decoding=\"async\" class=\"alignleft\" src=\"https:\/\/boulanger.scene7.com\/is\/image\/Boulanger\/0190199710320_h_f_l_1?wid=400&amp;hei=270\" alt=\"Enceinte APPLE HomePod Mini Gris Sid\u00e9ral\" width=\"400\" height=\"270\" \/>Connectez tous vos appareils<\/h3>\n<div>\n<p>Parfaite pour vous offrir un contr\u00f4le total de votre maison, l&#8217;Enceinte APPLE HomePod Mini pourra s&#8217;appairer simplement \u00e0 d&#8217;autres HomePod pour passer en <b>multiroom<\/b>. Vous pourrez donc diffuser votre contenu <b>en simultan\u00e9 dans plusieurs pi\u00e8ces<\/b> de la maison. Gr\u00e2ce \u00e0 <b>Siri<\/b>, vous pourrez \u00e9galement piloter divers appareils, comme les commandes des volets ou l&#8217;interphone, directement \u00e0 la voix.<\/p>\n<p>\u00c9pur\u00e9e jusque dans les moindres d\u00e9tails, l&#8217;Enceinte APPLE HomePod Mini se prendra en main tr\u00e8s facilement. Sa <b>surface tactile<\/b> vous offre une vraie ma\u00eetrise de l&#8217;appareil. Cette surface dispose \u00e9galement d&#8217;un <b>syst\u00e8me de r\u00e9tro\u00e9clairage<\/b> qui suit la musique et vous offre une lumi\u00e8re d&#8217;ambiance tr\u00e8s agr\u00e9able.<\/p>\n<\/div>\n<div style=\"display:flex; gap:10px;justify-content:center\" class=\"wps-pgfw-pdf-generate-icon__wrapper-frontend\">\n\t\t<a  href=\"https:\/\/ikasougou.com\/akamservices\/wp-json\/wp\/v2\/product\/6972?action=genpdf&amp;id=6972\" class=\"pgfw-single-pdf-download-button\" ><img src=\"https:\/\/ikasougou.com\/akamservices\/wp-content\/plugins\/pdf-generator-for-wp\/admin\/src\/images\/PDF_Tray.svg\" title=\"G\u00e9n\u00e9rer un PDF\" style=\"width:auto; height:45px;\"><\/a>\n\t\t<\/div>","protected":false},"excerpt":{"rendered":"<p><img loading=\"lazy\" decoding=\"async\" class=\"alignnone size-medium wp-image-6973\" src=\"https:\/\/ikasougou.com\/akamservices\/wp-content\/uploads\/sites\/30\/2022\/07\/homepod-800x63.png\" alt=\"\" width=\"800\" height=\"63\" srcset=\"https:\/\/ikasougou.com\/akamservices\/wp-content\/uploads\/sites\/30\/2022\/07\/homepod-800x63.png 800w, https:\/\/ikasougou.com\/akamservices\/wp-content\/uploads\/sites\/30\/2022\/07\/homepod-768x61.png 768w, https:\/\/ikasougou.com\/akamservices\/wp-content\/uploads\/sites\/30\/2022\/07\/homepod-510x40.png 510w, https:\/\/ikasougou.com\/akamservices\/wp-content\/uploads\/sites\/30\/2022\/07\/homepod.png 1135w\" sizes=\"auto, (max-width: 800px) 100vw, 800px\" \/><\/p>\n","protected":false},"featured_media":6974,"comment_status":"open","ping_status":"closed","template":"","meta":{"jetpack_post_was_ever_published":false,"jetpack_publicize_message":"","jetpack_publicize_feature_enabled":true,"jetpack_social_post_already_shared":true,"jetpack_social_options":{"image_generator_settings":{"template":"highway","default_image_id":0,"font":"","enabled":false},"version":2}},"product_brand":[],"product_cat":[18,19],"product_tag":[],"class_list":{"0":"post-6972","1":"product","2":"type-product","3":"status-publish","4":"has-post-thumbnail","6":"product_cat-hightech","7":"product_cat-multimedia-audio-videos","9":"first","10":"instock","11":"shipping-taxable","12":"product-type-simple"},"ams_default_variation_id":0,"ams_product_points_reward":[],"ams_product_discount_percentage":0,"ams_price_to_display":0,"aioseo_notices":[],"ams_acf":[],"jetpack_publicize_connections":[],"jetpack_sharing_enabled":true,"jetpack_likes_enabled":true,"_links":{"self":[{"href":"https:\/\/ikasougou.com\/akamservices\/wp-json\/wp\/v2\/product\/6972","targetHints":{"allow":["GET"]}}],"collection":[{"href":"https:\/\/ikasougou.com\/akamservices\/wp-json\/wp\/v2\/product"}],"about":[{"href":"https:\/\/ikasougou.com\/akamservices\/wp-json\/wp\/v2\/types\/product"}],"replies":[{"embeddable":true,"href":"https:\/\/ikasougou.com\/akamservices\/wp-json\/wp\/v2\/comments?post=6972"}],"wp:featuredmedia":[{"embeddable":true,"href":"https:\/\/ikasougou.com\/akamservices\/wp-json\/wp\/v2\/media\/6974"}],"wp:attachment":[{"href":"https:\/\/ikasougou.com\/akamservices\/wp-json\/wp\/v2\/media?parent=6972"}],"wp:term":[{"taxonomy":"product_brand","embeddable":true,"href":"https:\/\/ikasougou.com\/akamservices\/wp-json\/wp\/v2\/product_brand?post=6972"},{"taxonomy":"product_cat","embeddable":true,"href":"https:\/\/ikasougou.com\/akamservices\/wp-json\/wp\/v2\/product_cat?post=6972"},{"taxonomy":"product_tag","embeddable":true,"href":"https:\/\/ikasougou.com\/akamservices\/wp-json\/wp\/v2\/product_tag?post=6972"}],"curies":[{"name":"wp","href":"https:\/\/api.w.org\/{rel}","templated":true}]}}