{"id":7004,"date":"2022-07-25T16:52:44","date_gmt":"2022-07-25T14:52:44","guid":{"rendered":"https:\/\/ikasougou.com\/akamservices\/?post_type=product&#038;p=7004"},"modified":"2025-06-10T16:11:27","modified_gmt":"2025-06-10T14:11:27","slug":"mixeur-portable-porodo-lifestyle","status":"publish","type":"product","link":"https:\/\/ikasougou.com\/akamservices\/produit\/mixeur-portable-porodo-lifestyle\/","title":{"rendered":"Mixeur portable Porodo Lifestyle"},"content":{"rendered":"<p><span>Mixeur portable Porodo Lifestyle<\/span><br \/>\n<span>Ne vous inqui\u00e9tez plus, si vous aimez faire votre propre boisson n&#8217;importe o\u00f9 comme la salle de sport, le bureau, un pique-nique ou sortir pour voir un ami, vous pouvez compter sur ce m\u00e9langeur car il est portable, mais n&#8217;oubliez pas. pour apporter votre nourriture pr\u00e9f\u00e9r\u00e9e avec vous car c&#8217;est tout ce que vous avez \u00e0 faire et laissez ce m\u00e9langeur faire le reste pour vous en un seul clic.<\/span><br \/>\n<span>L&#8217;option portable le rend accessible n&#8217;importe o\u00f9 et le moteur puissant de 126 W de ce m\u00e9langeur permet \u00e0 ses lames de m\u00e9langer, pulv\u00e9riser, d\u00e9composer en petits morceaux sans effort tous les fruits et l\u00e9gumes et la glace.\u00a0La tasse \u00e0 jus USB est livr\u00e9e avec une batterie rechargeable int\u00e9gr\u00e9e de 2500 mAh.<\/span><br \/>\n<span>Il ne fait aucun doute que ce m\u00e9langeur peut tout \u00e9craser avec ses lames tranchantes en acier inoxydable, le puissant moteur de 126 W rend le travail de cette lame doublement efficace.\u00a0vous pouvez facilement \u00e9craser de la glace ou tout autre mat\u00e9riau dur gr\u00e2ce \u00e0 la vitesse de la lame qui est de 15 000 tours par minute (RPM).<\/span><br \/>\n<span>Pour avoir une bonne boisson m\u00e9lang\u00e9e, vous pouvez secouer le m\u00e9langeur pendant que vous l&#8217;utilisez, c&#8217;est votre choix d&#8217;utiliser cette option ou non. Il peut facilement \u00eatre charg\u00e9 par un ordinateur portable, un ordinateur, des t\u00e9l\u00e9phones portables, des banques d&#8217;alimentation ou tout autre appareil.<\/span><\/p>\n<div style=\"display:flex; gap:10px;justify-content:center\" class=\"wps-pgfw-pdf-generate-icon__wrapper-frontend\">\n\t\t<a  href=\"https:\/\/ikasougou.com\/akamservices\/wp-json\/wp\/v2\/product\/7004?action=genpdf&amp;id=7004\" class=\"pgfw-single-pdf-download-button\" ><img src=\"https:\/\/ikasougou.com\/akamservices\/wp-content\/plugins\/pdf-generator-for-wp\/admin\/src\/images\/PDF_Tray.svg\" title=\"G\u00e9n\u00e9rer un PDF\" style=\"width:auto; height:45px;\"><\/a>\n\t\t<\/div>","protected":false},"excerpt":{"rendered":"<p>Mixeur portable Porodo Lifestyle Ne vous inqui\u00e9tez plus, si vous aimez faire votre propre boisson n&#8217;importe o\u00f9 comme la salle de sport, le bureau, un pique-nique ou sortir pour voir un ami, vous pouvez compter sur ce m\u00e9langeur car il est portable, mais n&#8217;oubliez pas. pour apporter votre nourriture pr\u00e9f\u00e9r\u00e9e avec vous car c&#8217;est tout [&#8230;]\n","protected":false},"featured_media":7009,"comment_status":"open","ping_status":"closed","template":"","meta":{"jetpack_post_was_ever_published":false,"jetpack_publicize_message":"","jetpack_publicize_feature_enabled":true,"jetpack_social_post_already_shared":true,"jetpack_social_options":{"image_generator_settings":{"template":"highway","default_image_id":0,"font":"","enabled":false},"version":2}},"product_brand":[],"product_cat":[23],"product_tag":[],"class_list":{"0":"post-7004","1":"product","2":"type-product","3":"status-publish","4":"has-post-thumbnail","6":"product_cat-home","8":"first","9":"instock","10":"shipping-taxable","11":"purchasable","12":"product-type-simple"},"ams_default_variation_id":0,"ams_product_points_reward":[],"ams_product_discount_percentage":0,"ams_price_to_display":22500,"aioseo_notices":[],"ams_acf":[],"jetpack_publicize_connections":[],"jetpack_sharing_enabled":true,"jetpack_likes_enabled":true,"_links":{"self":[{"href":"https:\/\/ikasougou.com\/akamservices\/wp-json\/wp\/v2\/product\/7004","targetHints":{"allow":["GET"]}}],"collection":[{"href":"https:\/\/ikasougou.com\/akamservices\/wp-json\/wp\/v2\/product"}],"about":[{"href":"https:\/\/ikasougou.com\/akamservices\/wp-json\/wp\/v2\/types\/product"}],"replies":[{"embeddable":true,"href":"https:\/\/ikasougou.com\/akamservices\/wp-json\/wp\/v2\/comments?post=7004"}],"wp:featuredmedia":[{"embeddable":true,"href":"https:\/\/ikasougou.com\/akamservices\/wp-json\/wp\/v2\/media\/7009"}],"wp:attachment":[{"href":"https:\/\/ikasougou.com\/akamservices\/wp-json\/wp\/v2\/media?parent=7004"}],"wp:term":[{"taxonomy":"product_brand","embeddable":true,"href":"https:\/\/ikasougou.com\/akamservices\/wp-json\/wp\/v2\/product_brand?post=7004"},{"taxonomy":"product_cat","embeddable":true,"href":"https:\/\/ikasougou.com\/akamservices\/wp-json\/wp\/v2\/product_cat?post=7004"},{"taxonomy":"product_tag","embeddable":true,"href":"https:\/\/ikasougou.com\/akamservices\/wp-json\/wp\/v2\/product_tag?post=7004"}],"curies":[{"name":"wp","href":"https:\/\/api.w.org\/{rel}","templated":true}]}}