{"id":7015,"date":"2022-07-25T17:50:46","date_gmt":"2022-07-25T15:50:46","guid":{"rendered":"https:\/\/ikasougou.com\/akamservices\/?post_type=product&#038;p=7015"},"modified":"2022-07-25T17:56:41","modified_gmt":"2022-07-25T15:56:41","slug":"green-lion-smart-mini-bakhour-bruleur-dencens","status":"publish","type":"product","link":"https:\/\/ikasougou.com\/akamservices\/produit\/green-lion-smart-mini-bakhour-bruleur-dencens\/","title":{"rendered":"Green Lion Smart Mini Bakhour Br\u00fbleur d&#8217;encens"},"content":{"rendered":"<p class=\"cs2654AE3A\"><span class=\"csC8F6D76\">Green Lion Smart Mini Bakhour Br\u00fbleur d&#8217;encens pour voiture \u00e9lectrique rechargeable |\u00a0Diffuseur d&#8217;ar\u00f4mes |\u00a0Portable Bakhoor Oud Type USB |\u00a0Parfum |\u00a0D\u00e9sodorisant pour la voiture et la maison<\/span><\/p>\n<p class=\"cs2654AE3A\"><span class=\"csC8F6D76\">\u00a0<\/span><\/p>\n<p class=\"cs2654AE3A\"><span class=\"csC8F6D76\">Le br\u00fbleur d&#8217;encens \u00e9lectrique intelligent convient \u00e0 tous les types d&#8217;encens et a une plus grande capacit\u00e9 afin qu&#8217;il puisse mettre plus d&#8217;encens et utiliser plus longtemps au bureau, en voiture ou n&#8217;importe o\u00f9.<\/span><\/p>\n<p class=\"cs2654AE3A\"><span class=\"csC8F6D76\">Petite taille, vous accompagner tranquillement<\/span><\/p>\n<p class=\"cs2654AE3A\"><span class=\"csC8F6D76\">PUISSANCE PUISSANTE ET FUM\u00c9E RAPIDE: La forte puissance fera br\u00fbler l&#8217;encens instantan\u00e9ment.<\/span><\/p>\n<p class=\"cs2654AE3A\"><span class=\"csC8F6D76\">Vous n&#8217;avez pas \u00e0 attendre longtemps pour que votre voiture, votre maison et vos v\u00eatements respirent.\u00a0<\/span><\/p>\n<div style=\"display:flex; gap:10px;justify-content:center\" class=\"wps-pgfw-pdf-generate-icon__wrapper-frontend\">\n\t\t<a  href=\"https:\/\/ikasougou.com\/akamservices\/wp-json\/wp\/v2\/product\/7015?action=genpdf&amp;id=7015\" class=\"pgfw-single-pdf-download-button\" ><img src=\"https:\/\/ikasougou.com\/akamservices\/wp-content\/plugins\/pdf-generator-for-wp\/admin\/src\/images\/PDF_Tray.svg\" title=\"G\u00e9n\u00e9rer un PDF\" style=\"width:auto; height:45px;\"><\/a>\n\t\t<\/div>","protected":false},"excerpt":{"rendered":"<p>Green Lion Smart Mini Bakhour Br\u00fbleur d&#8217;encens pour voiture \u00e9lectrique rechargeable |\u00a0Diffuseur d&#8217;ar\u00f4mes |\u00a0Portable Bakhoor Oud Type USB |\u00a0Parfum |\u00a0D\u00e9sodorisant pour la voiture et la maison \u00a0 Le br\u00fbleur d&#8217;encens \u00e9lectrique intelligent convient \u00e0 tous les types d&#8217;encens et a une plus grande capacit\u00e9 afin qu&#8217;il puisse mettre plus d&#8217;encens et utiliser plus longtemps au [&#8230;]\n","protected":false},"featured_media":7020,"comment_status":"open","ping_status":"closed","template":"","meta":{"jetpack_post_was_ever_published":false,"jetpack_publicize_message":"","jetpack_publicize_feature_enabled":true,"jetpack_social_post_already_shared":true,"jetpack_social_options":{"image_generator_settings":{"template":"highway","default_image_id":0,"font":"","enabled":false},"version":2}},"product_brand":[],"product_cat":[18],"product_tag":[],"class_list":{"0":"post-7015","1":"product","2":"type-product","3":"status-publish","4":"has-post-thumbnail","6":"product_cat-hightech","8":"first","9":"instock","10":"shipping-taxable","11":"purchasable","12":"product-type-simple"},"ams_default_variation_id":0,"ams_product_points_reward":[],"ams_product_discount_percentage":0,"ams_price_to_display":12500,"aioseo_notices":[],"ams_acf":[],"jetpack_publicize_connections":[],"jetpack_sharing_enabled":true,"jetpack_likes_enabled":true,"_links":{"self":[{"href":"https:\/\/ikasougou.com\/akamservices\/wp-json\/wp\/v2\/product\/7015","targetHints":{"allow":["GET"]}}],"collection":[{"href":"https:\/\/ikasougou.com\/akamservices\/wp-json\/wp\/v2\/product"}],"about":[{"href":"https:\/\/ikasougou.com\/akamservices\/wp-json\/wp\/v2\/types\/product"}],"replies":[{"embeddable":true,"href":"https:\/\/ikasougou.com\/akamservices\/wp-json\/wp\/v2\/comments?post=7015"}],"wp:featuredmedia":[{"embeddable":true,"href":"https:\/\/ikasougou.com\/akamservices\/wp-json\/wp\/v2\/media\/7020"}],"wp:attachment":[{"href":"https:\/\/ikasougou.com\/akamservices\/wp-json\/wp\/v2\/media?parent=7015"}],"wp:term":[{"taxonomy":"product_brand","embeddable":true,"href":"https:\/\/ikasougou.com\/akamservices\/wp-json\/wp\/v2\/product_brand?post=7015"},{"taxonomy":"product_cat","embeddable":true,"href":"https:\/\/ikasougou.com\/akamservices\/wp-json\/wp\/v2\/product_cat?post=7015"},{"taxonomy":"product_tag","embeddable":true,"href":"https:\/\/ikasougou.com\/akamservices\/wp-json\/wp\/v2\/product_tag?post=7015"}],"curies":[{"name":"wp","href":"https:\/\/api.w.org\/{rel}","templated":true}]}}