{"id":7022,"date":"2022-10-17T12:39:25","date_gmt":"2022-10-17T10:39:25","guid":{"rendered":"https:\/\/ikasougou.com\/akamservices\/?post_type=product&#038;p=7022"},"modified":"2022-10-17T12:39:26","modified_gmt":"2022-10-17T10:39:26","slug":"fifa-23-edition-ultimate-sur-ps4-et-ps5","status":"publish","type":"product","link":"https:\/\/ikasougou.com\/akamservices\/produit\/fifa-23-edition-ultimate-sur-ps4-et-ps5\/","title":{"rendered":"FIFA 23 \u00c9dition Ultimate sur PS4\u2122 et PS5\u2122"},"content":{"rendered":"<p>Qu&#8217;est-ce qu&#8217;EA SPORTS\u2122 FIFA 23 ?<br \/>\n<strong>Le sport mondial par excellence<\/strong><\/p>\n<p>Avec EA SPORTS\u2122 FIFA 23, le sport mondial est \u00e0 l&#8217;honneur avec la FIFA World Cup\u2122 des hommes et des femmes, l&#8217;ajout des clubs f\u00e9minins et de nouvelles mani\u00e8res de profiter de vos modes pr\u00e9f\u00e9r\u00e9s.<\/p>\n<p>Les progr\u00e8s de la technologie HyperMotion2 am\u00e9liorent encore l&#8217;action et le r\u00e9alisme des matchs sur PS5. Avec deux fois plus de captures de mouvements, d\u00e9couvrez une animation plus r\u00e9aliste que jamais.<\/p>\n<div style=\"display:flex; gap:10px;justify-content:center\" class=\"wps-pgfw-pdf-generate-icon__wrapper-frontend\">\n\t\t<a  href=\"https:\/\/ikasougou.com\/akamservices\/wp-json\/wp\/v2\/product\/7022?action=genpdf&amp;id=7022\" class=\"pgfw-single-pdf-download-button\" ><img src=\"https:\/\/ikasougou.com\/akamservices\/wp-content\/plugins\/pdf-generator-for-wp\/admin\/src\/images\/PDF_Tray.svg\" title=\"G\u00e9n\u00e9rer un PDF\" style=\"width:auto; height:45px;\"><\/a>\n\t\t<\/div>","protected":false},"excerpt":{"rendered":"<p>Qu&#8217;est-ce qu&#8217;EA SPORTS\u2122 FIFA 23 ? Le sport mondial par excellence Avec EA SPORTS\u2122 FIFA 23, le sport mondial est \u00e0 l&#8217;honneur avec la FIFA World Cup\u2122 des hommes et des femmes, l&#8217;ajout des clubs f\u00e9minins et de nouvelles mani\u00e8res de profiter de vos modes pr\u00e9f\u00e9r\u00e9s. Les progr\u00e8s de la technologie HyperMotion2 am\u00e9liorent encore l&#8217;action [&#8230;]\n","protected":false},"featured_media":7025,"comment_status":"open","ping_status":"closed","template":"","meta":{"jetpack_post_was_ever_published":false,"jetpack_publicize_message":"","jetpack_publicize_feature_enabled":true,"jetpack_social_post_already_shared":true,"jetpack_social_options":{"image_generator_settings":{"template":"highway","default_image_id":0,"font":"","enabled":false},"version":2}},"product_brand":[],"product_cat":[18,27],"product_tag":[141,143,144,140,142,53,77],"class_list":{"0":"post-7022","1":"product","2":"type-product","3":"status-publish","4":"has-post-thumbnail","6":"product_cat-hightech","7":"product_cat-jeuxvideos","8":"product_tag-141","9":"product_tag-143","10":"product_tag-144","11":"product_tag-fifa","12":"product_tag-football","13":"product_tag-playstation","14":"product_tag-sony","16":"first","17":"instock","18":"shipping-taxable","19":"purchasable","20":"product-type-variable"},"ams_default_variation_id":0,"ams_product_points_reward":[],"ams_product_discount_percentage":0,"ams_price_to_display":50000,"aioseo_notices":[],"ams_acf":[],"jetpack_publicize_connections":[],"jetpack_sharing_enabled":true,"jetpack_likes_enabled":true,"_links":{"self":[{"href":"https:\/\/ikasougou.com\/akamservices\/wp-json\/wp\/v2\/product\/7022","targetHints":{"allow":["GET"]}}],"collection":[{"href":"https:\/\/ikasougou.com\/akamservices\/wp-json\/wp\/v2\/product"}],"about":[{"href":"https:\/\/ikasougou.com\/akamservices\/wp-json\/wp\/v2\/types\/product"}],"replies":[{"embeddable":true,"href":"https:\/\/ikasougou.com\/akamservices\/wp-json\/wp\/v2\/comments?post=7022"}],"wp:featuredmedia":[{"embeddable":true,"href":"https:\/\/ikasougou.com\/akamservices\/wp-json\/wp\/v2\/media\/7025"}],"wp:attachment":[{"href":"https:\/\/ikasougou.com\/akamservices\/wp-json\/wp\/v2\/media?parent=7022"}],"wp:term":[{"taxonomy":"product_brand","embeddable":true,"href":"https:\/\/ikasougou.com\/akamservices\/wp-json\/wp\/v2\/product_brand?post=7022"},{"taxonomy":"product_cat","embeddable":true,"href":"https:\/\/ikasougou.com\/akamservices\/wp-json\/wp\/v2\/product_cat?post=7022"},{"taxonomy":"product_tag","embeddable":true,"href":"https:\/\/ikasougou.com\/akamservices\/wp-json\/wp\/v2\/product_tag?post=7022"}],"curies":[{"name":"wp","href":"https:\/\/api.w.org\/{rel}","templated":true}]}}