{"id":7028,"date":"2023-01-10T15:05:38","date_gmt":"2023-01-10T14:05:38","guid":{"rendered":"https:\/\/ikasougou.com\/akamservices\/?post_type=product&#038;p=7028"},"modified":"2025-04-14T01:04:02","modified_gmt":"2025-04-13T23:04:02","slug":"call-of-duty-modern-warfare-2-2022-ps5","status":"publish","type":"product","link":"https:\/\/ikasougou.com\/akamservices\/produit\/call-of-duty-modern-warfare-2-2022-ps5\/","title":{"rendered":"Call of Duty : Modern Warfare 2 (2022) PS5"},"content":{"rendered":"<p>Version reboot de l&#8217;embl\u00e9matique jeu de tir \u00e0 la premi\u00e8re personne sorti en 2009, Call of Duty Modern Warfare 2 offre une exp\u00e9rience multi et solo ayant pour but de raviver la flamme de son illustre pr\u00e9d\u00e9cesseur. Le jeu b\u00e9n\u00e9ficie de nouveaux graphismes et d&#8217;une refonte compl\u00e8te. Il devrait \u00eatre le d\u00e9but d&#8217;une nouvelle \u00e8re pour la licence.<\/p>\n<p><img loading=\"lazy\" decoding=\"async\" class=\"alignnone size-full wp-image-7031\" src=\"https:\/\/ikasougou.com\/akamservices\/wp-content\/uploads\/sites\/30\/2023\/01\/1644091-mwii-launch-mp-020-article_image_d-1.jpeg\" alt=\"\" width=\"604\" height=\"340\" srcset=\"https:\/\/ikasougou.com\/akamservices\/wp-content\/uploads\/sites\/30\/2023\/01\/1644091-mwii-launch-mp-020-article_image_d-1.jpeg 604w, https:\/\/ikasougou.com\/akamservices\/wp-content\/uploads\/sites\/30\/2023\/01\/1644091-mwii-launch-mp-020-article_image_d-1-510x287.jpeg 510w\" sizes=\"auto, (max-width: 604px) 100vw, 604px\" \/> <img loading=\"lazy\" decoding=\"async\" class=\"alignnone size-full wp-image-7030\" src=\"https:\/\/ikasougou.com\/akamservices\/wp-content\/uploads\/sites\/30\/2023\/01\/1644090-mwii-launch-mp-019-article_image_d-1.jpeg\" alt=\"\" width=\"604\" height=\"340\" srcset=\"https:\/\/ikasougou.com\/akamservices\/wp-content\/uploads\/sites\/30\/2023\/01\/1644090-mwii-launch-mp-019-article_image_d-1.jpeg 604w, https:\/\/ikasougou.com\/akamservices\/wp-content\/uploads\/sites\/30\/2023\/01\/1644090-mwii-launch-mp-019-article_image_d-1-510x287.jpeg 510w\" sizes=\"auto, (max-width: 604px) 100vw, 604px\" \/> <img loading=\"lazy\" decoding=\"async\" class=\"alignnone size-medium wp-image-7029\" src=\"https:\/\/ikasougou.com\/akamservices\/wp-content\/uploads\/sites\/30\/2023\/01\/call-of-duty-400x400.png\" alt=\"\" width=\"400\" height=\"400\" srcset=\"https:\/\/ikasougou.com\/akamservices\/wp-content\/uploads\/sites\/30\/2023\/01\/call-of-duty-400x400.png 400w, https:\/\/ikasougou.com\/akamservices\/wp-content\/uploads\/sites\/30\/2023\/01\/call-of-duty-800x800.png 800w, https:\/\/ikasougou.com\/akamservices\/wp-content\/uploads\/sites\/30\/2023\/01\/call-of-duty-280x280.png 280w, https:\/\/ikasougou.com\/akamservices\/wp-content\/uploads\/sites\/30\/2023\/01\/call-of-duty-768x768.png 768w, https:\/\/ikasougou.com\/akamservices\/wp-content\/uploads\/sites\/30\/2023\/01\/call-of-duty-510x510.png 510w, https:\/\/ikasougou.com\/akamservices\/wp-content\/uploads\/sites\/30\/2023\/01\/call-of-duty-100x100.png 100w, https:\/\/ikasougou.com\/akamservices\/wp-content\/uploads\/sites\/30\/2023\/01\/call-of-duty.png 1200w\" sizes=\"auto, (max-width: 400px) 100vw, 400px\" \/> <img loading=\"lazy\" decoding=\"async\" class=\"alignnone size-medium wp-image-7032\" src=\"https:\/\/ikasougou.com\/akamservices\/wp-content\/uploads\/sites\/30\/2023\/01\/mw2-sony-hero-desktop-786x400.jpeg\" alt=\"\" width=\"786\" height=\"400\" srcset=\"https:\/\/ikasougou.com\/akamservices\/wp-content\/uploads\/sites\/30\/2023\/01\/mw2-sony-hero-desktop-786x400.jpeg 786w, https:\/\/ikasougou.com\/akamservices\/wp-content\/uploads\/sites\/30\/2023\/01\/mw2-sony-hero-desktop-1400x712.jpeg 1400w, https:\/\/ikasougou.com\/akamservices\/wp-content\/uploads\/sites\/30\/2023\/01\/mw2-sony-hero-desktop-768x391.jpeg 768w, https:\/\/ikasougou.com\/akamservices\/wp-content\/uploads\/sites\/30\/2023\/01\/mw2-sony-hero-desktop-1536x782.jpeg 1536w, https:\/\/ikasougou.com\/akamservices\/wp-content\/uploads\/sites\/30\/2023\/01\/mw2-sony-hero-desktop-510x260.jpeg 510w, https:\/\/ikasougou.com\/akamservices\/wp-content\/uploads\/sites\/30\/2023\/01\/mw2-sony-hero-desktop.jpeg 1920w\" sizes=\"auto, (max-width: 786px) 100vw, 786px\" \/><\/p>\n<div style=\"display:flex; gap:10px;justify-content:center\" class=\"wps-pgfw-pdf-generate-icon__wrapper-frontend\">\n\t\t<a  href=\"https:\/\/ikasougou.com\/akamservices\/wp-json\/wp\/v2\/product\/7028?action=genpdf&amp;id=7028\" class=\"pgfw-single-pdf-download-button\" ><img src=\"https:\/\/ikasougou.com\/akamservices\/wp-content\/plugins\/pdf-generator-for-wp\/admin\/src\/images\/PDF_Tray.svg\" title=\"G\u00e9n\u00e9rer un PDF\" style=\"width:auto; height:45px;\"><\/a>\n\t\t<\/div>","protected":false},"excerpt":{"rendered":"<p>Version reboot de l&#8217;embl\u00e9matique jeu de tir \u00e0 la premi\u00e8re personne sorti en 2009, Call of Duty Modern Warfare 2 offre une exp\u00e9rience multi et solo ayant pour but de raviver la flamme de son illustre pr\u00e9d\u00e9cesseur. Le jeu b\u00e9n\u00e9ficie de nouveaux graphismes et d&#8217;une refonte compl\u00e8te. Il devrait \u00eatre le d\u00e9but d&#8217;une nouvelle \u00e8re [&#8230;]\n","protected":false},"featured_media":7029,"comment_status":"open","ping_status":"closed","template":"","meta":{"jetpack_post_was_ever_published":false,"jetpack_publicize_message":"","jetpack_publicize_feature_enabled":true,"jetpack_social_post_already_shared":true,"jetpack_social_options":{"image_generator_settings":{"template":"highway","default_image_id":0,"font":"","enabled":false},"version":2}},"product_brand":[],"product_cat":[18,27],"product_tag":[145,55,52,146],"class_list":{"0":"post-7028","1":"product","2":"type-product","3":"status-publish","4":"has-post-thumbnail","6":"product_cat-hightech","7":"product_cat-jeuxvideos","8":"product_tag-enfants","9":"product_tag-jeux-videos","10":"product_tag-ps5","11":"product_tag-top-produits","13":"first","14":"instock","15":"shipping-taxable","16":"purchasable","17":"product-type-simple"},"ams_default_variation_id":0,"ams_product_points_reward":[],"ams_product_discount_percentage":0,"ams_price_to_display":50000,"aioseo_notices":[],"ams_acf":[],"jetpack_publicize_connections":[],"jetpack_sharing_enabled":true,"jetpack_likes_enabled":true,"_links":{"self":[{"href":"https:\/\/ikasougou.com\/akamservices\/wp-json\/wp\/v2\/product\/7028","targetHints":{"allow":["GET"]}}],"collection":[{"href":"https:\/\/ikasougou.com\/akamservices\/wp-json\/wp\/v2\/product"}],"about":[{"href":"https:\/\/ikasougou.com\/akamservices\/wp-json\/wp\/v2\/types\/product"}],"replies":[{"embeddable":true,"href":"https:\/\/ikasougou.com\/akamservices\/wp-json\/wp\/v2\/comments?post=7028"}],"wp:featuredmedia":[{"embeddable":true,"href":"https:\/\/ikasougou.com\/akamservices\/wp-json\/wp\/v2\/media\/7029"}],"wp:attachment":[{"href":"https:\/\/ikasougou.com\/akamservices\/wp-json\/wp\/v2\/media?parent=7028"}],"wp:term":[{"taxonomy":"product_brand","embeddable":true,"href":"https:\/\/ikasougou.com\/akamservices\/wp-json\/wp\/v2\/product_brand?post=7028"},{"taxonomy":"product_cat","embeddable":true,"href":"https:\/\/ikasougou.com\/akamservices\/wp-json\/wp\/v2\/product_cat?post=7028"},{"taxonomy":"product_tag","embeddable":true,"href":"https:\/\/ikasougou.com\/akamservices\/wp-json\/wp\/v2\/product_tag?post=7028"}],"curies":[{"name":"wp","href":"https:\/\/api.w.org\/{rel}","templated":true}]}}