{"id":955,"date":"2019-06-10T11:33:32","date_gmt":"2019-06-10T09:33:32","guid":{"rendered":"https:\/\/ikasougou.com\/akamservices\/?post_type=product&#038;p=955"},"modified":"2019-06-10T11:33:32","modified_gmt":"2019-06-10T09:33:32","slug":"enceinte-intelligente-connectee-google-home-mini","status":"publish","type":"product","link":"https:\/\/ikasougou.com\/akamservices\/produit\/enceinte-intelligente-connectee-google-home-mini\/","title":{"rendered":"Enceinte Intelligente Connect\u00e9e (Google Home Mini)"},"content":{"rendered":"<div class=\"productStrate__header productStrate__header--decorated\">\n<h2 class=\"productStrate__title\">Description<\/h2>\n<\/div>\n<div class=\"productStrate__raw summaryStrate__raw\">\n<p>Vous connaissez d\u00e9j\u00e0 l&#8217;assistant vocal Google Home ? Voici maintenant sa version Mini, con\u00e7ue pour se fondre dans le d\u00e9cor de votre pi\u00e8ce. En plus, le Google Home Mini a tout d&#8217;un grand : il poss\u00e8de les m\u00eames fonctionnalit\u00e9s que son a\u00een\u00e9 Google Home !<\/p>\n<p><b>TOUTES VOS REQU\u00caTES PASSENT D\u00c9SORMAIS PAR GOOGLE HOME MINI !<\/b><\/p>\n<p>Google Home Mini est une enceinte intelligente connect\u00e9e qui fonctionne avec l&#8217;assistant Google. Il suffit de lancer la commande &#8221; OK Google &#8221; pour d\u00e9marrer l&#8217;assistant, puis de formuler toutes les requ\u00eates que vous souhaitez &#8211; tout en gardant les mains libres ! Qu&#8217;il s&#8217;agisse de demander des renseignements quotidiens (m\u00e9t\u00e9o, horaires des transports) ou d&#8217;obtenir des informations (actualit\u00e9, r\u00e9sultats sportifs, d\u00e9finitions d&#8217;un mot), l&#8217;assistant vocal Google Home Mini est toujours \u00e0 votre \u00e9coute.<\/p>\n<p><b>GOOGLE HOME MINI : UN ACC\u00c8S MAINS LIBRES \u00c0 VOS APPLICATIONS<\/b><\/p>\n<p>Gr\u00e2ce \u00e0 l&#8217;enceinte intelligente Google Home Mini, vous avez la possibilit\u00e9 de contr\u00f4ler vos diff\u00e9rentes applications simplement en usant de votre voix. Demandez \u00e0 votre assistant de lancer un film ou une s\u00e9rie sur votre t\u00e9l\u00e9viseur (par exemple via Netflix) ou un morceau de musique (via Spotify, Deezer ou Google Play Musique) pour qu&#8217;il acc\u00e8de \u00e0 toutes vos envies.<\/p>\n<p>Certains fournisseurs de contenus peuvent exiger un abonnement et le paiement de frais.<\/p>\n<p><b>GOOGLE HOME MINI : LA MAISON CONNECT\u00c9E SE CONJUGUE D\u00c9J\u00c0 AU PR\u00c9SENT<\/b><\/p>\n<p>Les appareils de domotique compatibles peuvent \u00eatre command\u00e9s \u00e0 l&#8217;aide de Google Home Mini. Une simple instruction vocale vous permet ainsi d&#8217;allumer les lumi\u00e8res dans une pi\u00e8ce ou d&#8217;augmenter la temp\u00e9rature le soir venu, via les applications d\u00e9di\u00e9es. Avec l&#8217;assistant vocal Google Home Mini, la maison connect\u00e9e est \u00e0 port\u00e9e de main ! Vos ampoules connect\u00e9es, votre thermostat connect\u00e9, vos prises connect\u00e9es&#8230; sont maintenant pilotables \u00e0 la voix ! L&#8217;astuce pratique, pensez aux Chromecast Audio et Multim\u00e9dia pour transformer votre ancienne cha\u00eene hi-fi ou votre t\u00e9l\u00e9viseur en appareil connect\u00e9 !<\/p>\n<p><b>GOOGLE HOME MINI : UNE INSTALLATION INTUITIVE<\/b><\/p>\n<p>En plus de toutes ses fonctionnalit\u00e9s, Google Home Mini est aussi tr\u00e8s simple \u00e0 installer. L&#8217;enceinte se branche sur le secteur et se connecte \u00e0 Internet via le Wi-Fi. Vous n&#8217;avez plus qu&#8217;\u00e0 t\u00e9l\u00e9charger et installer l&#8217;application Google Home sur un smartphone ou une tablette pour profiter des possibilit\u00e9s offertes par votre nouvel assistant vocal intelligent ! Et peu importe votre type d&#8217;appareillage : il est compatible avec iOS et Android. Il vous reste \u00e0 choisir l&#8217;enceinte qui correspond le mieux \u00e0 votre int\u00e9rieur : couleur Galet ou Charbon.<\/p>\n<p><b>REPONSES PERSONNALISEES<\/b><\/p>\n<p>Obtenez des r\u00e9ponses personnalis\u00e9es pour chaque personne de votre domicile gr\u00e2ce \u00e0 la reconnaissance vocale. Jusqu\u2019\u00e0 six personnes peuvent associer leur compte \u00e0 Google Home Mini pour ainsi b\u00e9n\u00e9ficier de r\u00e9ponses personnalis\u00e9es pour la musique, l&#8217;agenda etc.<\/p>\n<p>Notez cependant que m\u00eame si vous utilisez le mode multi-utilisateur et que Google Home Mini est con\u00e7u pour reconna\u00eetre votre voix, l&#8217;appareil pourra croire qu&#8217;il s&#8217;agit de vous en entendant quelqu&#8217;un ayant une voix ressemblant \u00e0 la v\u00f4tre ou encore un enregistrement de votre voix.<\/p>\n<\/div>\n<h2>Caract\u00e9ristiques techniques<\/h2>\n<p>Caract\u00e9ristiques compl\u00e9mentaires<\/p>\n<p>Mode d&#8217;installation : Filaire, Utilisation : Connect\u00e9e, Sp\u00e9cificit\u00e9s de l&#8217;installation : Usage conseill\u00e9 pour une pi\u00e8ce secondaire, Reconnaissance vocale longue port\u00e9e pour une utilisation en mode mains libres, Son \u00e0 360\u00b0 avec haut-parleur de 40 mm, Chromecast &amp; Chromecast Audio Int\u00e9gr\u00e9s, Mat\u00e9riau : Dessus en tissu non amovible, base en silicone<\/p>\n<p>Alimentation<\/p>\n<p>Sur secteur<\/p>\n<p>Formats audio lus<\/p>\n<p>HE-AAC, LC-AAC+, MP3, Vorbis, WAV (LPCM), FLAC compatible avec les flux haute r\u00e9solution<\/p>\n<p>Communication sans fil<\/p>\n<p>Bluetooth<\/p>\n<p>Wi-Fi Un point d&#8217;acc\u00e8s 802.11 a\/b\/g\/n\/ac (routeur) est n\u00e9cessaire pour utiliser le WiFi<\/p>\n<p>Hauteur du produit<\/p>\n<p>4,2 cm<\/p>\n<p>Largeur du produit<\/p>\n<p>9,8 cm<\/p>\n<p>Longueur du produit<\/p>\n<p>9,8 cm<\/p>\n<p>Poids du produit<\/p>\n<p>173 g<\/p>\n<p>Couleur<\/p>\n<p>Charbon<\/p>\n<p>Assistant vocal int\u00e9gr\u00e9<\/p>\n<p>Assistant Google<\/p>\n<div style=\"display:flex; gap:10px;justify-content:center\" class=\"wps-pgfw-pdf-generate-icon__wrapper-frontend\">\n\t\t<a  href=\"https:\/\/ikasougou.com\/akamservices\/wp-json\/wp\/v2\/product\/955?action=genpdf&amp;id=955\" class=\"pgfw-single-pdf-download-button\" ><img src=\"https:\/\/ikasougou.com\/akamservices\/wp-content\/plugins\/pdf-generator-for-wp\/admin\/src\/images\/PDF_Tray.svg\" title=\"G\u00e9n\u00e9rer un PDF\" style=\"width:auto; height:45px;\"><\/a>\n\t\t<\/div>","protected":false},"excerpt":{"rendered":"<p>https:\/\/www.youtube.com\/watch?v=h-SjbtLqi_g<\/p>\n","protected":false},"featured_media":961,"comment_status":"open","ping_status":"closed","template":"","meta":{"jetpack_post_was_ever_published":false,"jetpack_publicize_message":"","jetpack_publicize_feature_enabled":true,"jetpack_social_post_already_shared":true,"jetpack_social_options":{"image_generator_settings":{"template":"highway","default_image_id":0,"font":"","enabled":false},"version":2}},"product_brand":[],"product_cat":[28],"product_tag":[],"class_list":{"0":"post-955","1":"product","2":"type-product","3":"status-publish","4":"has-post-thumbnail","6":"product_cat-high-tech","8":"first","9":"instock","10":"shipping-taxable","11":"purchasable","12":"product-type-simple"},"ams_default_variation_id":0,"ams_product_points_reward":[],"ams_product_discount_percentage":0,"ams_price_to_display":30000,"aioseo_notices":[],"ams_acf":[],"jetpack_publicize_connections":[],"jetpack_sharing_enabled":true,"jetpack_likes_enabled":true,"_links":{"self":[{"href":"https:\/\/ikasougou.com\/akamservices\/wp-json\/wp\/v2\/product\/955","targetHints":{"allow":["GET"]}}],"collection":[{"href":"https:\/\/ikasougou.com\/akamservices\/wp-json\/wp\/v2\/product"}],"about":[{"href":"https:\/\/ikasougou.com\/akamservices\/wp-json\/wp\/v2\/types\/product"}],"replies":[{"embeddable":true,"href":"https:\/\/ikasougou.com\/akamservices\/wp-json\/wp\/v2\/comments?post=955"}],"wp:featuredmedia":[{"embeddable":true,"href":"https:\/\/ikasougou.com\/akamservices\/wp-json\/wp\/v2\/media\/961"}],"wp:attachment":[{"href":"https:\/\/ikasougou.com\/akamservices\/wp-json\/wp\/v2\/media?parent=955"}],"wp:term":[{"taxonomy":"product_brand","embeddable":true,"href":"https:\/\/ikasougou.com\/akamservices\/wp-json\/wp\/v2\/product_brand?post=955"},{"taxonomy":"product_cat","embeddable":true,"href":"https:\/\/ikasougou.com\/akamservices\/wp-json\/wp\/v2\/product_cat?post=955"},{"taxonomy":"product_tag","embeddable":true,"href":"https:\/\/ikasougou.com\/akamservices\/wp-json\/wp\/v2\/product_tag?post=955"}],"curies":[{"name":"wp","href":"https:\/\/api.w.org\/{rel}","templated":true}]}}