{"id":140,"date":"2022-06-16T14:27:08","date_gmt":"2022-06-16T12:27:08","guid":{"rendered":"https:\/\/ikasougou.com\/bazarturc\/?post_type=product&#038;p=140"},"modified":"2022-07-21T00:58:12","modified_gmt":"2022-07-20T22:58:12","slug":"t-shirts-pour-hommes-et-femmes-5","status":"publish","type":"product","link":"https:\/\/ikasougou.com\/bazarturc\/produit\/t-shirts-pour-hommes-et-femmes-5\/","title":{"rendered":"T-shirts pour Hommes et Femmes"},"content":{"rendered":"<p>Les t-shirts pour hommes et femmes sont coup\u00e9s et confectionn\u00e9s avec une attention exceptionnelle aux d\u00e9tails. Notre gamme de t-shirts comprend des pi\u00e8ces d\u00e9contract\u00e9es et classiques, qui ajoutent toutes une couche de luxe \u00e0 votre garde-robe.<\/p>\n<div style=\"display:flex; gap:10px;justify-content:center\" class=\"wps-pgfw-pdf-generate-icon__wrapper-frontend\">\n\t\t<a  href=\"https:\/\/ikasougou.com\/bazarturc\/wp-json\/wp\/v2\/product\/140?action=genpdf&amp;id=140\" class=\"pgfw-single-pdf-download-button\" ><img src=\"https:\/\/ikasougou.com\/bazarturc\/wp-content\/plugins\/pdf-generator-for-wp\/admin\/src\/images\/PDF_Tray.svg\" title=\"G\u00e9n\u00e9rer un PDF\" style=\"width:auto; height:45px;\"><\/a>\n\t\t<\/div>","protected":false},"excerpt":{"rendered":"<p>Des pi\u00e8ces d\u00e9contract\u00e9es et classiques<\/p>\n","protected":false},"featured_media":137,"comment_status":"open","ping_status":"closed","template":"","meta":{"jetpack_publicize_message":"","jetpack_publicize_feature_enabled":true,"jetpack_social_post_already_shared":false,"jetpack_social_options":{"image_generator_settings":{"template":"highway","default_image_id":0,"font":"","enabled":false},"version":2}},"product_brand":[],"product_cat":[71,18],"product_tag":[37,36,35],"class_list":{"0":"post-140","1":"product","2":"type-product","3":"status-publish","4":"has-post-thumbnail","6":"product_cat-tshirts","7":"product_cat-vetement-homme-femme","8":"product_tag-femmes","9":"product_tag-hommes","10":"product_tag-t-shirt","12":"first","13":"instock","14":"shipping-taxable","15":"purchasable","16":"product-type-simple"},"ams_default_variation_id":0,"ams_product_points_reward":[],"ams_product_discount_percentage":0,"ams_price_to_display":8500,"aioseo_notices":[],"ams_acf":[],"jetpack_publicize_connections":[],"jetpack_sharing_enabled":true,"jetpack-related-posts":[],"jetpack_likes_enabled":true,"_links":{"self":[{"href":"https:\/\/ikasougou.com\/bazarturc\/wp-json\/wp\/v2\/product\/140","targetHints":{"allow":["GET"]}}],"collection":[{"href":"https:\/\/ikasougou.com\/bazarturc\/wp-json\/wp\/v2\/product"}],"about":[{"href":"https:\/\/ikasougou.com\/bazarturc\/wp-json\/wp\/v2\/types\/product"}],"replies":[{"embeddable":true,"href":"https:\/\/ikasougou.com\/bazarturc\/wp-json\/wp\/v2\/comments?post=140"}],"wp:featuredmedia":[{"embeddable":true,"href":"https:\/\/ikasougou.com\/bazarturc\/wp-json\/wp\/v2\/media\/137"}],"wp:attachment":[{"href":"https:\/\/ikasougou.com\/bazarturc\/wp-json\/wp\/v2\/media?parent=140"}],"wp:term":[{"taxonomy":"product_brand","embeddable":true,"href":"https:\/\/ikasougou.com\/bazarturc\/wp-json\/wp\/v2\/product_brand?post=140"},{"taxonomy":"product_cat","embeddable":true,"href":"https:\/\/ikasougou.com\/bazarturc\/wp-json\/wp\/v2\/product_cat?post=140"},{"taxonomy":"product_tag","embeddable":true,"href":"https:\/\/ikasougou.com\/bazarturc\/wp-json\/wp\/v2\/product_tag?post=140"}],"curies":[{"name":"wp","href":"https:\/\/api.w.org\/{rel}","templated":true}]}}