{"id":179,"date":"2022-06-17T18:54:01","date_gmt":"2022-06-17T16:54:01","guid":{"rendered":"https:\/\/ikasougou.com\/bazarturc\/?post_type=product&#038;p=179"},"modified":"2022-07-20T19:47:43","modified_gmt":"2022-07-20T17:47:43","slug":"20-nuisettes-femme-avec-peignoir-2","status":"publish","type":"product","link":"https:\/\/ikasougou.com\/bazarturc\/produit\/20-nuisettes-femme-avec-peignoir-2\/","title":{"rendered":"20 Nuisettes Femme avec Peignoir"},"content":{"rendered":"<p><span class=\"ztdTxtRef\">La nuisette est un v\u00e9ritable atout charme\u00a0! Voil\u00e0 une valeur s\u00fbre pour celles d\u00e9sirant associer confort et glamour. Faites votre choix parmi une multitude de mod\u00e8les tendance, aux coupes vari\u00e9es et aux d\u00e9tails si f\u00e9minins. Quel plaisir de se glisser dans sa tenue de nuit pour une soir\u00e9e sensuelle, ou juste pour se sentir belle\u00a0<\/span><\/p>\n<div style=\"display:flex; gap:10px;justify-content:center\" class=\"wps-pgfw-pdf-generate-icon__wrapper-frontend\">\n\t\t<a  href=\"https:\/\/ikasougou.com\/bazarturc\/wp-json\/wp\/v2\/product\/179?action=genpdf&amp;id=179\" class=\"pgfw-single-pdf-download-button\" ><img src=\"https:\/\/ikasougou.com\/bazarturc\/wp-content\/plugins\/pdf-generator-for-wp\/admin\/src\/images\/PDF_Tray.svg\" title=\"G\u00e9n\u00e9rer un PDF\" style=\"width:auto; height:45px;\"><\/a>\n\t\t<\/div>","protected":false},"excerpt":{"rendered":"<p>La nuisette est un v\u00e9ritable atout charme\u00a0! Voil\u00e0 une valeur s\u00fbre pour celles d\u00e9sirant associer confort et glamour. Faites votre choix parmi une multitude de mod\u00e8les tendance, aux coupes vari\u00e9es et aux d\u00e9tails si f\u00e9minins. Quel plaisir de se glisser dans sa tenue de nuit pour une soir\u00e9e sensuelle, ou juste pour se sentir belle\u00a0<\/p>\n","protected":false},"featured_media":181,"comment_status":"open","ping_status":"closed","template":"","meta":{"jetpack_publicize_message":"","jetpack_publicize_feature_enabled":true,"jetpack_social_post_already_shared":false,"jetpack_social_options":{"image_generator_settings":{"template":"highway","default_image_id":0,"font":"","enabled":false},"version":2}},"product_brand":[],"product_cat":[69,18],"product_tag":[],"class_list":{"0":"post-179","1":"product","2":"type-product","3":"status-publish","4":"has-post-thumbnail","6":"product_cat-lingerie","7":"product_cat-vetement-homme-femme","9":"first","10":"instock","11":"shipping-taxable","12":"purchasable","13":"product-type-simple"},"ams_default_variation_id":0,"ams_product_points_reward":[],"ams_product_discount_percentage":0,"ams_price_to_display":380000,"aioseo_notices":[],"ams_acf":[],"jetpack_publicize_connections":[],"jetpack_sharing_enabled":true,"jetpack-related-posts":[],"jetpack_likes_enabled":true,"_links":{"self":[{"href":"https:\/\/ikasougou.com\/bazarturc\/wp-json\/wp\/v2\/product\/179","targetHints":{"allow":["GET"]}}],"collection":[{"href":"https:\/\/ikasougou.com\/bazarturc\/wp-json\/wp\/v2\/product"}],"about":[{"href":"https:\/\/ikasougou.com\/bazarturc\/wp-json\/wp\/v2\/types\/product"}],"replies":[{"embeddable":true,"href":"https:\/\/ikasougou.com\/bazarturc\/wp-json\/wp\/v2\/comments?post=179"}],"wp:featuredmedia":[{"embeddable":true,"href":"https:\/\/ikasougou.com\/bazarturc\/wp-json\/wp\/v2\/media\/181"}],"wp:attachment":[{"href":"https:\/\/ikasougou.com\/bazarturc\/wp-json\/wp\/v2\/media?parent=179"}],"wp:term":[{"taxonomy":"product_brand","embeddable":true,"href":"https:\/\/ikasougou.com\/bazarturc\/wp-json\/wp\/v2\/product_brand?post=179"},{"taxonomy":"product_cat","embeddable":true,"href":"https:\/\/ikasougou.com\/bazarturc\/wp-json\/wp\/v2\/product_cat?post=179"},{"taxonomy":"product_tag","embeddable":true,"href":"https:\/\/ikasougou.com\/bazarturc\/wp-json\/wp\/v2\/product_tag?post=179"}],"curies":[{"name":"wp","href":"https:\/\/api.w.org\/{rel}","templated":true}]}}