{"id":341,"date":"2022-06-27T17:17:08","date_gmt":"2022-06-27T15:17:08","guid":{"rendered":"https:\/\/ikasougou.com\/bazarturc\/?post_type=product&#038;p=341"},"modified":"2022-08-01T14:08:37","modified_gmt":"2022-08-01T12:08:37","slug":"ensemble-de-tasses-a-cafe-chanel-pour-6-personnes","status":"publish","type":"product","link":"https:\/\/ikasougou.com\/bazarturc\/produit\/ensemble-de-tasses-a-cafe-chanel-pour-6-personnes\/","title":{"rendered":"Ensemble de tasses a\u0300 cafe\u0301 Chanel pour 6 personnes"},"content":{"rendered":"<p>Vaisselle haut de gamme \u00e0 s&#8217;offrir ou \u00e0 offrir! D\u00e9couvrez des services de table en porcelaine, en gr\u00e8s ou en fa\u00efence ! De toutes les couleurs, de toutes les formes et de tous les styles, craquez pour des pi\u00e8ces \u00e9l\u00e9gantes, vintages ou contemporaines, qui s&#8217; inspirent de grandes marques et de graphisme arabe etc. Avec ces services, dressez une table festive et royale ! ( Achat en gros possible!).<\/p>\n<div style=\"display:flex; gap:10px;justify-content:center\" class=\"wps-pgfw-pdf-generate-icon__wrapper-frontend\">\n\t\t<a  href=\"https:\/\/ikasougou.com\/bazarturc\/wp-json\/wp\/v2\/product\/341?action=genpdf&amp;id=341\" class=\"pgfw-single-pdf-download-button\" ><img src=\"https:\/\/ikasougou.com\/bazarturc\/wp-content\/plugins\/pdf-generator-for-wp\/admin\/src\/images\/PDF_Tray.svg\" title=\"G\u00e9n\u00e9rer un PDF\" style=\"width:auto; height:45px;\"><\/a>\n\t\t<\/div>","protected":false},"excerpt":{"rendered":"<p>Vaisselle haut de gamme \u00e0 s&#8217;offrir ou \u00e0 offrir! D\u00e9couvrez des services de table en porcelaine, en gr\u00e8s ou en fa\u00efence ! De toutes les couleurs, de toutes les formes et de tous les styles, craquez pour des pi\u00e8ces \u00e9l\u00e9gantes, vintages ou contemporaines, qui s&#8217; inspirent de grandes marques et de graphisme arabe etc. Avec [&#8230;]\n","protected":false},"featured_media":342,"comment_status":"open","ping_status":"closed","template":"","meta":{"jetpack_publicize_message":"","jetpack_publicize_feature_enabled":true,"jetpack_social_post_already_shared":false,"jetpack_social_options":{"image_generator_settings":{"template":"highway","default_image_id":0,"font":"","enabled":false},"version":2}},"product_brand":[],"product_cat":[66],"product_tag":[],"class_list":{"0":"post-341","1":"product","2":"type-product","3":"status-publish","4":"has-post-thumbnail","6":"product_cat-vaiselle","8":"first","9":"instock","10":"shipping-taxable","11":"purchasable","12":"product-type-simple"},"ams_default_variation_id":0,"ams_product_points_reward":[],"ams_product_discount_percentage":0,"ams_price_to_display":42500,"aioseo_notices":[],"ams_acf":[],"jetpack_publicize_connections":[],"jetpack_sharing_enabled":true,"jetpack-related-posts":[],"jetpack_likes_enabled":true,"_links":{"self":[{"href":"https:\/\/ikasougou.com\/bazarturc\/wp-json\/wp\/v2\/product\/341","targetHints":{"allow":["GET"]}}],"collection":[{"href":"https:\/\/ikasougou.com\/bazarturc\/wp-json\/wp\/v2\/product"}],"about":[{"href":"https:\/\/ikasougou.com\/bazarturc\/wp-json\/wp\/v2\/types\/product"}],"replies":[{"embeddable":true,"href":"https:\/\/ikasougou.com\/bazarturc\/wp-json\/wp\/v2\/comments?post=341"}],"wp:featuredmedia":[{"embeddable":true,"href":"https:\/\/ikasougou.com\/bazarturc\/wp-json\/wp\/v2\/media\/342"}],"wp:attachment":[{"href":"https:\/\/ikasougou.com\/bazarturc\/wp-json\/wp\/v2\/media?parent=341"}],"wp:term":[{"taxonomy":"product_brand","embeddable":true,"href":"https:\/\/ikasougou.com\/bazarturc\/wp-json\/wp\/v2\/product_brand?post=341"},{"taxonomy":"product_cat","embeddable":true,"href":"https:\/\/ikasougou.com\/bazarturc\/wp-json\/wp\/v2\/product_cat?post=341"},{"taxonomy":"product_tag","embeddable":true,"href":"https:\/\/ikasougou.com\/bazarturc\/wp-json\/wp\/v2\/product_tag?post=341"}],"curies":[{"name":"wp","href":"https:\/\/api.w.org\/{rel}","templated":true}]}}