{"id":374,"date":"2022-06-28T19:34:57","date_gmt":"2022-06-28T17:34:57","guid":{"rendered":"https:\/\/ikasougou.com\/bazarturc\/sample-product\/ensemble-2-pieces-homme-2\/"},"modified":"2022-06-28T19:41:01","modified_gmt":"2022-06-28T17:41:01","slug":"ensemble-2-pieces-homme-2","status":"publish","type":"product","link":"https:\/\/ikasougou.com\/bazarturc\/produit\/ensemble-2-pieces-homme-2\/","title":{"rendered":"Ensemble pour homme"},"content":{"rendered":"<p>Livr\u00e9e une semaine apr\u00e8s le paiement cette belle tenue est faite \u00e0 la main et con\u00e7ue avec des mat\u00e9riaux de haute qualit\u00e9. Il convient \u00e0 toutes sortes d&#8217;occasions et est livr\u00e9 avec un pantalon assorti avec un cordon de serrage pour plus de facilit\u00e9.<\/p>\n<p><img data-recalc-dims=\"1\" loading=\"lazy\" decoding=\"async\" data-attachment-id=\"372\" data-permalink=\"https:\/\/ikasougou.com\/bazarturc\/?attachment_id=372#main\" data-orig-file=\"https:\/\/i0.wp.com\/ikasougou.com\/bazarturc\/wp-content\/uploads\/sites\/109\/2022\/06\/Ensenble-Homme.jpg?fit=1000%2C1000&amp;ssl=1\" data-orig-size=\"1000,1000\" data-comments-opened=\"0\" data-image-meta=\"{&quot;aperture&quot;:&quot;0&quot;,&quot;credit&quot;:&quot;&quot;,&quot;camera&quot;:&quot;&quot;,&quot;caption&quot;:&quot;&quot;,&quot;created_timestamp&quot;:&quot;0&quot;,&quot;copyright&quot;:&quot;laban&quot;,&quot;focal_length&quot;:&quot;0&quot;,&quot;iso&quot;:&quot;0&quot;,&quot;shutter_speed&quot;:&quot;0&quot;,&quot;title&quot;:&quot;&quot;,&quot;orientation&quot;:&quot;1&quot;}\" data-image-title=\"Ensenble Homme\" data-image-description=\"\" data-image-caption=\"\" data-medium-file=\"https:\/\/i0.wp.com\/ikasougou.com\/bazarturc\/wp-content\/uploads\/sites\/109\/2022\/06\/Ensenble-Homme.jpg?fit=300%2C300&amp;ssl=1\" data-large-file=\"https:\/\/i0.wp.com\/ikasougou.com\/bazarturc\/wp-content\/uploads\/sites\/109\/2022\/06\/Ensenble-Homme.jpg?fit=1000%2C1000&amp;ssl=1\" class=\"alignnone size-medium wp-image-372\" src=\"https:\/\/i0.wp.com\/ikasougou.com\/bazarturc\/wp-content\/uploads\/sites\/109\/2022\/06\/Ensenble-Homme.jpg?resize=300%2C300&#038;ssl=1\" alt=\"\" width=\"300\" height=\"300\" srcset=\"https:\/\/i0.wp.com\/ikasougou.com\/bazarturc\/wp-content\/uploads\/sites\/109\/2022\/06\/Ensenble-Homme.jpg?resize=300%2C300&amp;ssl=1 300w, https:\/\/i0.wp.com\/ikasougou.com\/bazarturc\/wp-content\/uploads\/sites\/109\/2022\/06\/Ensenble-Homme.jpg?resize=150%2C150&amp;ssl=1 150w, https:\/\/i0.wp.com\/ikasougou.com\/bazarturc\/wp-content\/uploads\/sites\/109\/2022\/06\/Ensenble-Homme.jpg?resize=768%2C768&amp;ssl=1 768w, https:\/\/i0.wp.com\/ikasougou.com\/bazarturc\/wp-content\/uploads\/sites\/109\/2022\/06\/Ensenble-Homme.jpg?resize=510%2C510&amp;ssl=1 510w, https:\/\/i0.wp.com\/ikasougou.com\/bazarturc\/wp-content\/uploads\/sites\/109\/2022\/06\/Ensenble-Homme.jpg?resize=100%2C100&amp;ssl=1 100w, https:\/\/i0.wp.com\/ikasougou.com\/bazarturc\/wp-content\/uploads\/sites\/109\/2022\/06\/Ensenble-Homme.jpg?w=1000&amp;ssl=1 1000w\" sizes=\"auto, (max-width: 300px) 100vw, 300px\" \/> <img data-recalc-dims=\"1\" loading=\"lazy\" decoding=\"async\" data-attachment-id=\"375\" data-permalink=\"https:\/\/ikasougou.com\/bazarturc\/?attachment_id=375#main\" data-orig-file=\"https:\/\/i0.wp.com\/ikasougou.com\/bazarturc\/wp-content\/uploads\/sites\/109\/2022\/06\/Ensenble-Homme2.jpg?fit=1000%2C1000&amp;ssl=1\" data-orig-size=\"1000,1000\" data-comments-opened=\"1\" data-image-meta=\"{&quot;aperture&quot;:&quot;0&quot;,&quot;credit&quot;:&quot;&quot;,&quot;camera&quot;:&quot;&quot;,&quot;caption&quot;:&quot;&quot;,&quot;created_timestamp&quot;:&quot;0&quot;,&quot;copyright&quot;:&quot;laban&quot;,&quot;focal_length&quot;:&quot;0&quot;,&quot;iso&quot;:&quot;0&quot;,&quot;shutter_speed&quot;:&quot;0&quot;,&quot;title&quot;:&quot;&quot;,&quot;orientation&quot;:&quot;1&quot;}\" data-image-title=\"Ensenble-Homme2.jpg\" data-image-description=\"\" data-image-caption=\"\" data-medium-file=\"https:\/\/i0.wp.com\/ikasougou.com\/bazarturc\/wp-content\/uploads\/sites\/109\/2022\/06\/Ensenble-Homme2.jpg?fit=300%2C300&amp;ssl=1\" data-large-file=\"https:\/\/i0.wp.com\/ikasougou.com\/bazarturc\/wp-content\/uploads\/sites\/109\/2022\/06\/Ensenble-Homme2.jpg?fit=1000%2C1000&amp;ssl=1\" class=\"alignnone size-medium wp-image-375\" src=\"https:\/\/i0.wp.com\/ikasougou.com\/bazarturc\/wp-content\/uploads\/sites\/109\/2022\/06\/Ensenble-Homme2.jpg?resize=300%2C300&#038;ssl=1\" alt=\"\" width=\"300\" height=\"300\" srcset=\"https:\/\/i0.wp.com\/ikasougou.com\/bazarturc\/wp-content\/uploads\/sites\/109\/2022\/06\/Ensenble-Homme2.jpg?resize=300%2C300&amp;ssl=1 300w, https:\/\/i0.wp.com\/ikasougou.com\/bazarturc\/wp-content\/uploads\/sites\/109\/2022\/06\/Ensenble-Homme2.jpg?resize=150%2C150&amp;ssl=1 150w, https:\/\/i0.wp.com\/ikasougou.com\/bazarturc\/wp-content\/uploads\/sites\/109\/2022\/06\/Ensenble-Homme2.jpg?resize=768%2C768&amp;ssl=1 768w, https:\/\/i0.wp.com\/ikasougou.com\/bazarturc\/wp-content\/uploads\/sites\/109\/2022\/06\/Ensenble-Homme2.jpg?resize=510%2C510&amp;ssl=1 510w, https:\/\/i0.wp.com\/ikasougou.com\/bazarturc\/wp-content\/uploads\/sites\/109\/2022\/06\/Ensenble-Homme2.jpg?resize=100%2C100&amp;ssl=1 100w, https:\/\/i0.wp.com\/ikasougou.com\/bazarturc\/wp-content\/uploads\/sites\/109\/2022\/06\/Ensenble-Homme2.jpg?w=1000&amp;ssl=1 1000w\" sizes=\"auto, (max-width: 300px) 100vw, 300px\" \/> <img data-recalc-dims=\"1\" loading=\"lazy\" decoding=\"async\" data-attachment-id=\"376\" data-permalink=\"https:\/\/ikasougou.com\/bazarturc\/?attachment_id=376#main\" data-orig-file=\"https:\/\/i0.wp.com\/ikasougou.com\/bazarturc\/wp-content\/uploads\/sites\/109\/2022\/06\/Ensenble-Homme3.jpg?fit=1000%2C1000&amp;ssl=1\" data-orig-size=\"1000,1000\" data-comments-opened=\"1\" data-image-meta=\"{&quot;aperture&quot;:&quot;0&quot;,&quot;credit&quot;:&quot;&quot;,&quot;camera&quot;:&quot;&quot;,&quot;caption&quot;:&quot;&quot;,&quot;created_timestamp&quot;:&quot;0&quot;,&quot;copyright&quot;:&quot;laban&quot;,&quot;focal_length&quot;:&quot;0&quot;,&quot;iso&quot;:&quot;0&quot;,&quot;shutter_speed&quot;:&quot;0&quot;,&quot;title&quot;:&quot;&quot;,&quot;orientation&quot;:&quot;1&quot;}\" data-image-title=\"Ensenble-Homme3.jpg\" data-image-description=\"\" data-image-caption=\"\" data-medium-file=\"https:\/\/i0.wp.com\/ikasougou.com\/bazarturc\/wp-content\/uploads\/sites\/109\/2022\/06\/Ensenble-Homme3.jpg?fit=300%2C300&amp;ssl=1\" data-large-file=\"https:\/\/i0.wp.com\/ikasougou.com\/bazarturc\/wp-content\/uploads\/sites\/109\/2022\/06\/Ensenble-Homme3.jpg?fit=1000%2C1000&amp;ssl=1\" class=\"alignnone size-medium wp-image-376\" src=\"https:\/\/i0.wp.com\/ikasougou.com\/bazarturc\/wp-content\/uploads\/sites\/109\/2022\/06\/Ensenble-Homme3.jpg?resize=300%2C300&#038;ssl=1\" alt=\"\" width=\"300\" height=\"300\" srcset=\"https:\/\/i0.wp.com\/ikasougou.com\/bazarturc\/wp-content\/uploads\/sites\/109\/2022\/06\/Ensenble-Homme3.jpg?resize=300%2C300&amp;ssl=1 300w, https:\/\/i0.wp.com\/ikasougou.com\/bazarturc\/wp-content\/uploads\/sites\/109\/2022\/06\/Ensenble-Homme3.jpg?resize=150%2C150&amp;ssl=1 150w, https:\/\/i0.wp.com\/ikasougou.com\/bazarturc\/wp-content\/uploads\/sites\/109\/2022\/06\/Ensenble-Homme3.jpg?resize=768%2C768&amp;ssl=1 768w, https:\/\/i0.wp.com\/ikasougou.com\/bazarturc\/wp-content\/uploads\/sites\/109\/2022\/06\/Ensenble-Homme3.jpg?resize=510%2C510&amp;ssl=1 510w, https:\/\/i0.wp.com\/ikasougou.com\/bazarturc\/wp-content\/uploads\/sites\/109\/2022\/06\/Ensenble-Homme3.jpg?resize=100%2C100&amp;ssl=1 100w, https:\/\/i0.wp.com\/ikasougou.com\/bazarturc\/wp-content\/uploads\/sites\/109\/2022\/06\/Ensenble-Homme3.jpg?w=1000&amp;ssl=1 1000w\" sizes=\"auto, (max-width: 300px) 100vw, 300px\" \/> <img data-recalc-dims=\"1\" loading=\"lazy\" decoding=\"async\" data-attachment-id=\"377\" data-permalink=\"https:\/\/ikasougou.com\/bazarturc\/?attachment_id=377#main\" data-orig-file=\"https:\/\/i0.wp.com\/ikasougou.com\/bazarturc\/wp-content\/uploads\/sites\/109\/2022\/06\/Ensenble-Homme4.jpg?fit=1000%2C1000&amp;ssl=1\" data-orig-size=\"1000,1000\" data-comments-opened=\"1\" data-image-meta=\"{&quot;aperture&quot;:&quot;0&quot;,&quot;credit&quot;:&quot;&quot;,&quot;camera&quot;:&quot;&quot;,&quot;caption&quot;:&quot;&quot;,&quot;created_timestamp&quot;:&quot;0&quot;,&quot;copyright&quot;:&quot;laban&quot;,&quot;focal_length&quot;:&quot;0&quot;,&quot;iso&quot;:&quot;0&quot;,&quot;shutter_speed&quot;:&quot;0&quot;,&quot;title&quot;:&quot;&quot;,&quot;orientation&quot;:&quot;1&quot;}\" data-image-title=\"Ensenble-Homme4.jpg\" data-image-description=\"\" data-image-caption=\"\" data-medium-file=\"https:\/\/i0.wp.com\/ikasougou.com\/bazarturc\/wp-content\/uploads\/sites\/109\/2022\/06\/Ensenble-Homme4.jpg?fit=300%2C300&amp;ssl=1\" data-large-file=\"https:\/\/i0.wp.com\/ikasougou.com\/bazarturc\/wp-content\/uploads\/sites\/109\/2022\/06\/Ensenble-Homme4.jpg?fit=1000%2C1000&amp;ssl=1\" class=\"alignnone size-medium wp-image-377\" src=\"https:\/\/i0.wp.com\/ikasougou.com\/bazarturc\/wp-content\/uploads\/sites\/109\/2022\/06\/Ensenble-Homme4.jpg?resize=300%2C300&#038;ssl=1\" alt=\"\" width=\"300\" height=\"300\" srcset=\"https:\/\/i0.wp.com\/ikasougou.com\/bazarturc\/wp-content\/uploads\/sites\/109\/2022\/06\/Ensenble-Homme4.jpg?resize=300%2C300&amp;ssl=1 300w, https:\/\/i0.wp.com\/ikasougou.com\/bazarturc\/wp-content\/uploads\/sites\/109\/2022\/06\/Ensenble-Homme4.jpg?resize=150%2C150&amp;ssl=1 150w, https:\/\/i0.wp.com\/ikasougou.com\/bazarturc\/wp-content\/uploads\/sites\/109\/2022\/06\/Ensenble-Homme4.jpg?resize=768%2C768&amp;ssl=1 768w, https:\/\/i0.wp.com\/ikasougou.com\/bazarturc\/wp-content\/uploads\/sites\/109\/2022\/06\/Ensenble-Homme4.jpg?resize=510%2C510&amp;ssl=1 510w, https:\/\/i0.wp.com\/ikasougou.com\/bazarturc\/wp-content\/uploads\/sites\/109\/2022\/06\/Ensenble-Homme4.jpg?resize=100%2C100&amp;ssl=1 100w, https:\/\/i0.wp.com\/ikasougou.com\/bazarturc\/wp-content\/uploads\/sites\/109\/2022\/06\/Ensenble-Homme4.jpg?w=1000&amp;ssl=1 1000w\" sizes=\"auto, (max-width: 300px) 100vw, 300px\" \/> <img data-recalc-dims=\"1\" loading=\"lazy\" decoding=\"async\" data-attachment-id=\"378\" data-permalink=\"https:\/\/ikasougou.com\/bazarturc\/?attachment_id=378#main\" data-orig-file=\"https:\/\/i0.wp.com\/ikasougou.com\/bazarturc\/wp-content\/uploads\/sites\/109\/2022\/06\/Ensenble-Homme6.jpg?fit=1000%2C1000&amp;ssl=1\" data-orig-size=\"1000,1000\" data-comments-opened=\"1\" data-image-meta=\"{&quot;aperture&quot;:&quot;0&quot;,&quot;credit&quot;:&quot;&quot;,&quot;camera&quot;:&quot;&quot;,&quot;caption&quot;:&quot;&quot;,&quot;created_timestamp&quot;:&quot;0&quot;,&quot;copyright&quot;:&quot;laban&quot;,&quot;focal_length&quot;:&quot;0&quot;,&quot;iso&quot;:&quot;0&quot;,&quot;shutter_speed&quot;:&quot;0&quot;,&quot;title&quot;:&quot;&quot;,&quot;orientation&quot;:&quot;1&quot;}\" data-image-title=\"Ensenble-Homme6.jpg\" data-image-description=\"\" data-image-caption=\"\" data-medium-file=\"https:\/\/i0.wp.com\/ikasougou.com\/bazarturc\/wp-content\/uploads\/sites\/109\/2022\/06\/Ensenble-Homme6.jpg?fit=300%2C300&amp;ssl=1\" data-large-file=\"https:\/\/i0.wp.com\/ikasougou.com\/bazarturc\/wp-content\/uploads\/sites\/109\/2022\/06\/Ensenble-Homme6.jpg?fit=1000%2C1000&amp;ssl=1\" class=\"alignnone size-medium wp-image-378\" src=\"https:\/\/i0.wp.com\/ikasougou.com\/bazarturc\/wp-content\/uploads\/sites\/109\/2022\/06\/Ensenble-Homme6.jpg?resize=300%2C300&#038;ssl=1\" alt=\"\" width=\"300\" height=\"300\" srcset=\"https:\/\/i0.wp.com\/ikasougou.com\/bazarturc\/wp-content\/uploads\/sites\/109\/2022\/06\/Ensenble-Homme6.jpg?resize=300%2C300&amp;ssl=1 300w, https:\/\/i0.wp.com\/ikasougou.com\/bazarturc\/wp-content\/uploads\/sites\/109\/2022\/06\/Ensenble-Homme6.jpg?resize=150%2C150&amp;ssl=1 150w, https:\/\/i0.wp.com\/ikasougou.com\/bazarturc\/wp-content\/uploads\/sites\/109\/2022\/06\/Ensenble-Homme6.jpg?resize=768%2C768&amp;ssl=1 768w, https:\/\/i0.wp.com\/ikasougou.com\/bazarturc\/wp-content\/uploads\/sites\/109\/2022\/06\/Ensenble-Homme6.jpg?resize=510%2C510&amp;ssl=1 510w, https:\/\/i0.wp.com\/ikasougou.com\/bazarturc\/wp-content\/uploads\/sites\/109\/2022\/06\/Ensenble-Homme6.jpg?resize=100%2C100&amp;ssl=1 100w, https:\/\/i0.wp.com\/ikasougou.com\/bazarturc\/wp-content\/uploads\/sites\/109\/2022\/06\/Ensenble-Homme6.jpg?w=1000&amp;ssl=1 1000w\" sizes=\"auto, (max-width: 300px) 100vw, 300px\" \/><\/p>\n<div style=\"display:flex; gap:10px;justify-content:center\" class=\"wps-pgfw-pdf-generate-icon__wrapper-frontend\">\n\t\t<a  href=\"https:\/\/ikasougou.com\/bazarturc\/wp-json\/wp\/v2\/product\/374?action=genpdf&amp;id=374\" class=\"pgfw-single-pdf-download-button\" ><img src=\"https:\/\/ikasougou.com\/bazarturc\/wp-content\/plugins\/pdf-generator-for-wp\/admin\/src\/images\/PDF_Tray.svg\" title=\"G\u00e9n\u00e9rer un PDF\" style=\"width:auto; height:45px;\"><\/a>\n\t\t<\/div>","protected":false},"excerpt":{"rendered":"<p>Cette belle tenue est faite \u00e0 la main et con\u00e7ue avec des mat\u00e9riaux de haute qualit\u00e9. Il convient \u00e0 toutes sortes d&#8217;occasions et est livr\u00e9 avec un pantalon assorti avec un cordon de serrage pour plus de facilit\u00e9.<\/p>\n","protected":false},"featured_media":372,"comment_status":"open","ping_status":"closed","template":"","meta":{"jetpack_publicize_message":"","jetpack_publicize_feature_enabled":true,"jetpack_social_post_already_shared":true,"jetpack_social_options":{"image_generator_settings":{"template":"highway","default_image_id":0,"font":"","enabled":false},"version":2}},"product_brand":[],"product_cat":[55,54,18],"product_tag":[50,51,61],"class_list":{"0":"post-374","1":"product","2":"type-product","3":"status-publish","4":"has-post-thumbnail","6":"product_cat-2-pieces","7":"product_cat-ensemble-homme","8":"product_cat-vetement-homme-femme","9":"product_tag-bamako","10":"product_tag-mali","11":"product_tag-tabaski","13":"first","14":"instock","15":"shipping-taxable","16":"purchasable","17":"product-type-variable"},"ams_default_variation_id":0,"ams_product_points_reward":[],"ams_product_discount_percentage":0,"ams_price_to_display":27500,"aioseo_notices":[],"ams_acf":[],"jetpack_publicize_connections":[],"jetpack_sharing_enabled":true,"jetpack-related-posts":[],"jetpack_likes_enabled":true,"_links":{"self":[{"href":"https:\/\/ikasougou.com\/bazarturc\/wp-json\/wp\/v2\/product\/374","targetHints":{"allow":["GET"]}}],"collection":[{"href":"https:\/\/ikasougou.com\/bazarturc\/wp-json\/wp\/v2\/product"}],"about":[{"href":"https:\/\/ikasougou.com\/bazarturc\/wp-json\/wp\/v2\/types\/product"}],"replies":[{"embeddable":true,"href":"https:\/\/ikasougou.com\/bazarturc\/wp-json\/wp\/v2\/comments?post=374"}],"wp:featuredmedia":[{"embeddable":true,"href":"https:\/\/ikasougou.com\/bazarturc\/wp-json\/wp\/v2\/media\/372"}],"wp:attachment":[{"href":"https:\/\/ikasougou.com\/bazarturc\/wp-json\/wp\/v2\/media?parent=374"}],"wp:term":[{"taxonomy":"product_brand","embeddable":true,"href":"https:\/\/ikasougou.com\/bazarturc\/wp-json\/wp\/v2\/product_brand?post=374"},{"taxonomy":"product_cat","embeddable":true,"href":"https:\/\/ikasougou.com\/bazarturc\/wp-json\/wp\/v2\/product_cat?post=374"},{"taxonomy":"product_tag","embeddable":true,"href":"https:\/\/ikasougou.com\/bazarturc\/wp-json\/wp\/v2\/product_tag?post=374"}],"curies":[{"name":"wp","href":"https:\/\/api.w.org\/{rel}","templated":true}]}}