{"id":626,"date":"2024-10-22T17:03:04","date_gmt":"2024-10-22T15:03:04","guid":{"rendered":"https:\/\/ikasougou.com\/bazarturc\/?post_type=product&#038;p=626"},"modified":"2024-10-22T18:34:28","modified_gmt":"2024-10-22T16:34:28","slug":"veste-professionnel-3pc-noirs-tous-les-jours-copy-7","status":"publish","type":"product","link":"https:\/\/ikasougou.com\/bazarturc\/produit\/veste-professionnel-3pc-noirs-tous-les-jours-copy-7\/","title":{"rendered":"Veste Professionnel 3PC Vert (Tous les jours)"},"content":{"rendered":"<p>Optez pour l&#8217;\u00e9l\u00e9gance et le professionnalisme avec la veste 3 pi\u00e8ces professionnelle turque en noir, disponible sur ikasougou.com. Parfait pour les banquiers, agents commerciaux, chefs d&#8217;entreprises et chefs de services, ce costume allie style classe et allure professionnelle, id\u00e9al pour toutes les occasions, qu&#8217;elles soient simples ou exceptionnelles. La couleur noire incarne le respect et la responsabilit\u00e9, imposant une pr\u00e9sence remarquable. Disponible \u00e0 50 000 FCFA pour la veste 3 pi\u00e8ces, ou \u00e0 65 000 FCFA avec chemise et cravate. Sur commande, livr\u00e9 deux semaines apr\u00e8s paiement. Faites sensation avec cette tenue incontournable !<img data-recalc-dims=\"1\" loading=\"lazy\" decoding=\"async\" data-attachment-id=\"602\" data-permalink=\"https:\/\/ikasougou.com\/bazarturc\/?attachment_id=602#main\" data-orig-file=\"https:\/\/i0.wp.com\/ikasougou.com\/bazarturc\/wp-content\/uploads\/sites\/109\/2024\/10\/Veste-Pro-3PC-standard-violet.jpeg?fit=1280%2C1280&amp;ssl=1\" data-orig-size=\"1280,1280\" data-comments-opened=\"1\" data-image-meta=\"{&quot;aperture&quot;:&quot;0&quot;,&quot;credit&quot;:&quot;&quot;,&quot;camera&quot;:&quot;&quot;,&quot;caption&quot;:&quot;&quot;,&quot;created_timestamp&quot;:&quot;0&quot;,&quot;copyright&quot;:&quot;&quot;,&quot;focal_length&quot;:&quot;0&quot;,&quot;iso&quot;:&quot;0&quot;,&quot;shutter_speed&quot;:&quot;0&quot;,&quot;title&quot;:&quot;&quot;,&quot;orientation&quot;:&quot;0&quot;}\" data-image-title=\"Veste Pro 3PC standard violet\" data-image-description=\"\" data-image-caption=\"\" data-medium-file=\"https:\/\/i0.wp.com\/ikasougou.com\/bazarturc\/wp-content\/uploads\/sites\/109\/2024\/10\/Veste-Pro-3PC-standard-violet.jpeg?fit=300%2C300&amp;ssl=1\" data-large-file=\"https:\/\/i0.wp.com\/ikasougou.com\/bazarturc\/wp-content\/uploads\/sites\/109\/2024\/10\/Veste-Pro-3PC-standard-violet.jpeg?fit=1020%2C1020&amp;ssl=1\" class=\"alignnone size-medium wp-image-602\" src=\"https:\/\/i0.wp.com\/ikasougou.com\/bazarturc\/wp-content\/uploads\/sites\/109\/2024\/10\/Veste-Pro-3PC-standard-violet.jpeg?resize=300%2C300&#038;ssl=1\" alt=\"\" width=\"300\" height=\"300\" srcset=\"https:\/\/i0.wp.com\/ikasougou.com\/bazarturc\/wp-content\/uploads\/sites\/109\/2024\/10\/Veste-Pro-3PC-standard-violet.jpeg?resize=300%2C300&amp;ssl=1 300w, https:\/\/i0.wp.com\/ikasougou.com\/bazarturc\/wp-content\/uploads\/sites\/109\/2024\/10\/Veste-Pro-3PC-standard-violet.jpeg?resize=1024%2C1024&amp;ssl=1 1024w, https:\/\/i0.wp.com\/ikasougou.com\/bazarturc\/wp-content\/uploads\/sites\/109\/2024\/10\/Veste-Pro-3PC-standard-violet.jpeg?resize=150%2C150&amp;ssl=1 150w, https:\/\/i0.wp.com\/ikasougou.com\/bazarturc\/wp-content\/uploads\/sites\/109\/2024\/10\/Veste-Pro-3PC-standard-violet.jpeg?resize=768%2C768&amp;ssl=1 768w, https:\/\/i0.wp.com\/ikasougou.com\/bazarturc\/wp-content\/uploads\/sites\/109\/2024\/10\/Veste-Pro-3PC-standard-violet.jpeg?resize=510%2C510&amp;ssl=1 510w, https:\/\/i0.wp.com\/ikasougou.com\/bazarturc\/wp-content\/uploads\/sites\/109\/2024\/10\/Veste-Pro-3PC-standard-violet.jpeg?resize=100%2C100&amp;ssl=1 100w, https:\/\/i0.wp.com\/ikasougou.com\/bazarturc\/wp-content\/uploads\/sites\/109\/2024\/10\/Veste-Pro-3PC-standard-violet.jpeg?w=1280&amp;ssl=1 1280w\" sizes=\"auto, (max-width: 300px) 100vw, 300px\" \/><\/p>\n<div style=\"display:flex; gap:10px;justify-content:center\" class=\"wps-pgfw-pdf-generate-icon__wrapper-frontend\">\n\t\t<a  href=\"https:\/\/ikasougou.com\/bazarturc\/wp-json\/wp\/v2\/product\/626?action=genpdf&amp;id=626\" class=\"pgfw-single-pdf-download-button\" ><img src=\"https:\/\/ikasougou.com\/bazarturc\/wp-content\/plugins\/pdf-generator-for-wp\/admin\/src\/images\/PDF_Tray.svg\" title=\"G\u00e9n\u00e9rer un PDF\" style=\"width:auto; height:45px;\"><\/a>\n\t\t<\/div>","protected":false},"excerpt":{"rendered":"<p>Optez pour l&#8217;\u00e9l\u00e9gance et le professionnalisme avec la veste 3 pi\u00e8ces professionnelle turque en noir, disponible sur ikasougou.com. Parfait pour les banquiers, agents commerciaux, chefs d&#8217;entreprises et chefs de services, ce costume allie style classe et allure professionnelle, id\u00e9al pour toutes les occasions, qu&#8217;elles soient simples ou exceptionnelles. La couleur noire incarne le respect et [&#8230;]\n","protected":false},"featured_media":643,"comment_status":"open","ping_status":"closed","template":"","meta":{"jetpack_publicize_message":"","jetpack_publicize_feature_enabled":true,"jetpack_social_post_already_shared":false,"jetpack_social_options":{"image_generator_settings":{"template":"highway","default_image_id":0,"font":"","enabled":false},"version":2}},"product_brand":[],"product_cat":[115,18],"product_tag":[50,114,112,51,113],"class_list":{"0":"post-626","1":"product","2":"type-product","3":"status-publish","4":"has-post-thumbnail","6":"product_cat-vestes-hommes","7":"product_cat-vetement-homme-femme","8":"product_tag-bamako","9":"product_tag-banquier","10":"product_tag-ikasougou-com","11":"product_tag-mali","12":"product_tag-veste","14":"first","15":"instock","16":"shipping-taxable","17":"purchasable","18":"product-type-variable"},"ams_default_variation_id":0,"ams_product_points_reward":[],"ams_product_discount_percentage":0,"ams_price_to_display":50000,"aioseo_notices":[],"ams_acf":[],"jetpack_publicize_connections":[],"jetpack_sharing_enabled":true,"jetpack-related-posts":[],"jetpack_likes_enabled":true,"_links":{"self":[{"href":"https:\/\/ikasougou.com\/bazarturc\/wp-json\/wp\/v2\/product\/626","targetHints":{"allow":["GET"]}}],"collection":[{"href":"https:\/\/ikasougou.com\/bazarturc\/wp-json\/wp\/v2\/product"}],"about":[{"href":"https:\/\/ikasougou.com\/bazarturc\/wp-json\/wp\/v2\/types\/product"}],"replies":[{"embeddable":true,"href":"https:\/\/ikasougou.com\/bazarturc\/wp-json\/wp\/v2\/comments?post=626"}],"wp:featuredmedia":[{"embeddable":true,"href":"https:\/\/ikasougou.com\/bazarturc\/wp-json\/wp\/v2\/media\/643"}],"wp:attachment":[{"href":"https:\/\/ikasougou.com\/bazarturc\/wp-json\/wp\/v2\/media?parent=626"}],"wp:term":[{"taxonomy":"product_brand","embeddable":true,"href":"https:\/\/ikasougou.com\/bazarturc\/wp-json\/wp\/v2\/product_brand?post=626"},{"taxonomy":"product_cat","embeddable":true,"href":"https:\/\/ikasougou.com\/bazarturc\/wp-json\/wp\/v2\/product_cat?post=626"},{"taxonomy":"product_tag","embeddable":true,"href":"https:\/\/ikasougou.com\/bazarturc\/wp-json\/wp\/v2\/product_tag?post=626"}],"curies":[{"name":"wp","href":"https:\/\/api.w.org\/{rel}","templated":true}]}}