{"id":720,"date":"2024-12-06T15:52:58","date_gmt":"2024-12-06T14:52:58","guid":{"rendered":"http:\/\/ikasougou.com\/bazarturc\/sample-product\/coffret-cadeau-de-priere-bleu-fonce-elegance-et-spiritualite\/"},"modified":"2024-12-06T15:53:03","modified_gmt":"2024-12-06T14:53:03","slug":"coffret-cadeau-de-priere-bleu-fonce-elegance-et-spiritualite","status":"publish","type":"product","link":"https:\/\/ikasougou.com\/bazarturc\/produit\/coffret-cadeau-de-priere-bleu-fonce-elegance-et-spiritualite\/","title":{"rendered":"Coffret Cadeau de Pri\u00e8re Bleu Fonc\u00e9: \u00c9l\u00e9gance et Spiritualit\u00e9"},"content":{"rendered":"<div class=\"flex max-w-full flex-col flex-grow\">\n<div class=\"min-h-8 text-message flex w-full flex-col items-end gap-2 whitespace-normal break-words [.text-message+&amp;]:mt-5\" dir=\"auto\" data-message-author-role=\"assistant\" data-message-id=\"3f0014fe-7f56-4ceb-afe4-7745c329ca2b\" data-message-model-slug=\"gpt-4o\">\n<div class=\"flex w-full flex-col gap-1 empty:hidden first:pt-[3px]\">\n<div class=\"markdown prose w-full break-words dark:prose-invert light\">\n<p>Offrez un cadeau empreint de sens avec ce coffret complet comprenant :<\/p>\n<ul>\n<li><img data-recalc-dims=\"1\" loading=\"lazy\" decoding=\"async\" data-attachment-id=\"721\" data-permalink=\"https:\/\/ikasougou.com\/bazarturc\/?attachment_id=721#main\" data-orig-file=\"https:\/\/i0.wp.com\/ikasougou.com\/bazarturc\/wp-content\/uploads\/sites\/109\/2024\/12\/photo_2024-11-28_18-43-10__2_-removebg-preview.png?fit=500%2C500&amp;ssl=1\" data-orig-size=\"500,500\" data-comments-opened=\"1\" data-image-meta=\"{&quot;aperture&quot;:&quot;0&quot;,&quot;credit&quot;:&quot;&quot;,&quot;camera&quot;:&quot;&quot;,&quot;caption&quot;:&quot;&quot;,&quot;created_timestamp&quot;:&quot;0&quot;,&quot;copyright&quot;:&quot;&quot;,&quot;focal_length&quot;:&quot;0&quot;,&quot;iso&quot;:&quot;0&quot;,&quot;shutter_speed&quot;:&quot;0&quot;,&quot;title&quot;:&quot;&quot;,&quot;orientation&quot;:&quot;0&quot;}\" data-image-title=\"photo_2024-11-28_18-43-10__2_-removebg-preview.png\" data-image-description=\"\" data-image-caption=\"\" data-medium-file=\"https:\/\/i0.wp.com\/ikasougou.com\/bazarturc\/wp-content\/uploads\/sites\/109\/2024\/12\/photo_2024-11-28_18-43-10__2_-removebg-preview.png?fit=300%2C300&amp;ssl=1\" data-large-file=\"https:\/\/i0.wp.com\/ikasougou.com\/bazarturc\/wp-content\/uploads\/sites\/109\/2024\/12\/photo_2024-11-28_18-43-10__2_-removebg-preview.png?fit=500%2C500&amp;ssl=1\" class=\"alignnone size-medium wp-image-721\" src=\"https:\/\/i0.wp.com\/ikasougou.com\/bazarturc\/wp-content\/uploads\/sites\/109\/2024\/12\/photo_2024-11-28_18-43-10__2_-removebg-preview.png?resize=400%2C400&#038;ssl=1\" alt=\"\" width=\"400\" height=\"400\" \/><\/li>\n<\/ul>\n<ul>\n<li>Un <strong>tapis de pri\u00e8re<\/strong> doux et \u00e9l\u00e9gant,<\/li>\n<li>Un <strong>chapelet manuel<\/strong>,<\/li>\n<li>Un <strong>extrait du Coran en arabe<\/strong>.<\/li>\n<li><img data-recalc-dims=\"1\" loading=\"lazy\" decoding=\"async\" data-attachment-id=\"722\" data-permalink=\"https:\/\/ikasougou.com\/bazarturc\/?attachment_id=722#main\" data-orig-file=\"https:\/\/i0.wp.com\/ikasougou.com\/bazarturc\/wp-content\/uploads\/sites\/109\/2024\/12\/coffret-de-priere-8-500-FCFA-bleu.png?fit=900%2C900&amp;ssl=1\" data-orig-size=\"900,900\" data-comments-opened=\"1\" data-image-meta=\"{&quot;aperture&quot;:&quot;0&quot;,&quot;credit&quot;:&quot;&quot;,&quot;camera&quot;:&quot;&quot;,&quot;caption&quot;:&quot;&quot;,&quot;created_timestamp&quot;:&quot;0&quot;,&quot;copyright&quot;:&quot;&quot;,&quot;focal_length&quot;:&quot;0&quot;,&quot;iso&quot;:&quot;0&quot;,&quot;shutter_speed&quot;:&quot;0&quot;,&quot;title&quot;:&quot;&quot;,&quot;orientation&quot;:&quot;0&quot;}\" data-image-title=\"coffret-de-priere-8-500-FCFA-bleu.png\" data-image-description=\"\" data-image-caption=\"\" data-medium-file=\"https:\/\/i0.wp.com\/ikasougou.com\/bazarturc\/wp-content\/uploads\/sites\/109\/2024\/12\/coffret-de-priere-8-500-FCFA-bleu.png?fit=300%2C300&amp;ssl=1\" data-large-file=\"https:\/\/i0.wp.com\/ikasougou.com\/bazarturc\/wp-content\/uploads\/sites\/109\/2024\/12\/coffret-de-priere-8-500-FCFA-bleu.png?fit=900%2C900&amp;ssl=1\" class=\"alignnone size-medium wp-image-722\" src=\"https:\/\/i0.wp.com\/ikasougou.com\/bazarturc\/wp-content\/uploads\/sites\/109\/2024\/12\/coffret-de-priere-8-500-FCFA-bleu.png?resize=400%2C400&#038;ssl=1\" alt=\"\" width=\"400\" height=\"400\" \/><\/li>\n<\/ul>\n<p>Parfait pour toutes les occasions : mariages, Maouloud, anniversaires, bapt\u00eames\u2026 Ce coffret convient \u00e9galement aux d\u00e9butants en Islam, qu\u2019il s\u2019agisse d\u2019enfants ou de nouveaux convertis. Disponible en couleurs pour hommes et femmes.<\/p>\n<p><strong>Prix : 8,500 FCFA<\/strong><br \/>\n<strong>Livraison<\/strong> : Partout \u00e0 Bamako (1,000 \u00e0 2,000 FCFA).<\/p>\n<ul>\n<li><img data-recalc-dims=\"1\" loading=\"lazy\" decoding=\"async\" data-attachment-id=\"723\" data-permalink=\"https:\/\/ikasougou.com\/bazarturc\/?attachment_id=723#main\" data-orig-file=\"https:\/\/i0.wp.com\/ikasougou.com\/bazarturc\/wp-content\/uploads\/sites\/109\/2024\/12\/coffret-de-priere-8-500-FCFA-bleu2_.png?fit=900%2C900&amp;ssl=1\" data-orig-size=\"900,900\" data-comments-opened=\"0\" data-image-meta=\"{&quot;aperture&quot;:&quot;0&quot;,&quot;credit&quot;:&quot;&quot;,&quot;camera&quot;:&quot;&quot;,&quot;caption&quot;:&quot;&quot;,&quot;created_timestamp&quot;:&quot;0&quot;,&quot;copyright&quot;:&quot;&quot;,&quot;focal_length&quot;:&quot;0&quot;,&quot;iso&quot;:&quot;0&quot;,&quot;shutter_speed&quot;:&quot;0&quot;,&quot;title&quot;:&quot;&quot;,&quot;orientation&quot;:&quot;0&quot;}\" data-image-title=\"coffret de prie\u0300re 8 500 FCFA bleu2_\" data-image-description=\"\" data-image-caption=\"\" data-medium-file=\"https:\/\/i0.wp.com\/ikasougou.com\/bazarturc\/wp-content\/uploads\/sites\/109\/2024\/12\/coffret-de-priere-8-500-FCFA-bleu2_.png?fit=300%2C300&amp;ssl=1\" data-large-file=\"https:\/\/i0.wp.com\/ikasougou.com\/bazarturc\/wp-content\/uploads\/sites\/109\/2024\/12\/coffret-de-priere-8-500-FCFA-bleu2_.png?fit=900%2C900&amp;ssl=1\" class=\"alignnone size-medium wp-image-723\" src=\"https:\/\/i0.wp.com\/ikasougou.com\/bazarturc\/wp-content\/uploads\/sites\/109\/2024\/12\/coffret-de-priere-8-500-FCFA-bleu2_.png?resize=400%2C400&#038;ssl=1\" alt=\"\" width=\"400\" height=\"400\" \/><\/li>\n<\/ul>\n<\/div>\n<\/div>\n<\/div>\n<\/div>\n<div class=\"mb-2 flex gap-3 empty:hidden -ml-2\">\n<div class=\"items-center justify-start rounded-xl p-1 flex\">\n<div class=\"flex items-center\">\n<div class=\"flex\"><\/div>\n<div class=\"flex items-center pb-0\"><\/div>\n<\/div>\n<\/div>\n<\/div>\n<div style=\"display:flex; gap:10px;justify-content:center\" class=\"wps-pgfw-pdf-generate-icon__wrapper-frontend\">\n\t\t<a  href=\"https:\/\/ikasougou.com\/bazarturc\/wp-json\/wp\/v2\/product\/720?action=genpdf&amp;id=720\" class=\"pgfw-single-pdf-download-button\" ><img src=\"https:\/\/ikasougou.com\/bazarturc\/wp-content\/plugins\/pdf-generator-for-wp\/admin\/src\/images\/PDF_Tray.svg\" title=\"G\u00e9n\u00e9rer un PDF\" style=\"width:auto; height:45px;\"><\/a>\n\t\t<\/div>","protected":false},"excerpt":{"rendered":"<p>Offrez un cadeau empreint de sens avec ce coffret complet comprenant : Un tapis de pri\u00e8re doux et \u00e9l\u00e9gant, Un chapelet manuel, Un extrait du Coran en arabe. Parfait pour toutes les occasions : mariages, Maouloud, anniversaires, bapt\u00eames\u2026 Ce coffret convient \u00e9galement aux d\u00e9butants en Islam, qu\u2019il s\u2019agisse d\u2019enfants ou de nouveaux convertis. Disponible en [&#8230;]\n","protected":false},"featured_media":723,"comment_status":"open","ping_status":"closed","template":"","meta":{"jetpack_publicize_message":"","jetpack_publicize_feature_enabled":true,"jetpack_social_post_already_shared":true,"jetpack_social_options":{"image_generator_settings":{"template":"highway","default_image_id":0,"font":"","enabled":false},"version":2}},"product_brand":[],"product_cat":[128,67],"product_tag":[106,130,121,131],"class_list":{"0":"post-720","1":"product","2":"type-product","3":"status-publish","4":"has-post-thumbnail","6":"product_cat-religion","7":"product_cat-religieux","8":"product_tag-bestreligieux","9":"product_tag-coffret-cadeau","10":"product_tag-ikasougou","11":"product_tag-tapis-de-priere","13":"first","14":"instock","15":"shipping-taxable","16":"purchasable","17":"product-type-simple"},"ams_default_variation_id":0,"ams_product_points_reward":[],"ams_product_discount_percentage":0,"ams_price_to_display":8500,"aioseo_notices":[],"ams_acf":[],"jetpack_publicize_connections":[],"jetpack_sharing_enabled":true,"jetpack-related-posts":[],"jetpack_likes_enabled":true,"_links":{"self":[{"href":"https:\/\/ikasougou.com\/bazarturc\/wp-json\/wp\/v2\/product\/720","targetHints":{"allow":["GET"]}}],"collection":[{"href":"https:\/\/ikasougou.com\/bazarturc\/wp-json\/wp\/v2\/product"}],"about":[{"href":"https:\/\/ikasougou.com\/bazarturc\/wp-json\/wp\/v2\/types\/product"}],"replies":[{"embeddable":true,"href":"https:\/\/ikasougou.com\/bazarturc\/wp-json\/wp\/v2\/comments?post=720"}],"wp:featuredmedia":[{"embeddable":true,"href":"https:\/\/ikasougou.com\/bazarturc\/wp-json\/wp\/v2\/media\/723"}],"wp:attachment":[{"href":"https:\/\/ikasougou.com\/bazarturc\/wp-json\/wp\/v2\/media?parent=720"}],"wp:term":[{"taxonomy":"product_brand","embeddable":true,"href":"https:\/\/ikasougou.com\/bazarturc\/wp-json\/wp\/v2\/product_brand?post=720"},{"taxonomy":"product_cat","embeddable":true,"href":"https:\/\/ikasougou.com\/bazarturc\/wp-json\/wp\/v2\/product_cat?post=720"},{"taxonomy":"product_tag","embeddable":true,"href":"https:\/\/ikasougou.com\/bazarturc\/wp-json\/wp\/v2\/product_tag?post=720"}],"curies":[{"name":"wp","href":"https:\/\/api.w.org\/{rel}","templated":true}]}}