{"id":759,"date":"2024-12-06T16:59:21","date_gmt":"2024-12-06T15:59:21","guid":{"rendered":"http:\/\/ikasougou.com\/bazarturc\/sample-product\/soulier-turque-pour-hommes-modeles-royale-turque\/"},"modified":"2024-12-06T16:59:24","modified_gmt":"2024-12-06T15:59:24","slug":"soulier-turque-pour-hommes-modeles-royale-turque","status":"publish","type":"product","link":"https:\/\/ikasougou.com\/bazarturc\/produit\/soulier-turque-pour-hommes-modeles-royale-turque\/","title":{"rendered":"Soulier Turque pour hommes mod\u00e8les Royale Turque"},"content":{"rendered":"<p>Adoptez l&#8217;\u00e9l\u00e9gance intemporelle avec le <strong>soulier &#8220;Royale Turque&#8221;<\/strong>, con\u00e7u pour sublimer tous les styles vestimentaires, qu\u2019ils soient classiques ou modernes. Fabriqu\u00e9 en Turquie, ce soulier noir brillant allie confort, durabilit\u00e9 et raffinement, parfait pour toutes les occasions<\/p>\n<p>.<img data-recalc-dims=\"1\" loading=\"lazy\" decoding=\"async\" data-attachment-id=\"760\" data-permalink=\"https:\/\/ikasougou.com\/bazarturc\/?attachment_id=760#main\" data-orig-file=\"https:\/\/i0.wp.com\/ikasougou.com\/bazarturc\/wp-content\/uploads\/sites\/109\/2024\/12\/soulier-homme-noir-9.jpeg?fit=960%2C1280&amp;ssl=1\" data-orig-size=\"960,1280\" data-comments-opened=\"1\" data-image-meta=\"{&quot;aperture&quot;:&quot;0&quot;,&quot;credit&quot;:&quot;&quot;,&quot;camera&quot;:&quot;&quot;,&quot;caption&quot;:&quot;&quot;,&quot;created_timestamp&quot;:&quot;0&quot;,&quot;copyright&quot;:&quot;&quot;,&quot;focal_length&quot;:&quot;0&quot;,&quot;iso&quot;:&quot;0&quot;,&quot;shutter_speed&quot;:&quot;0&quot;,&quot;title&quot;:&quot;&quot;,&quot;orientation&quot;:&quot;0&quot;}\" data-image-title=\"soulier-homme-noir-9.jpeg\" data-image-description=\"\" data-image-caption=\"\" data-medium-file=\"https:\/\/i0.wp.com\/ikasougou.com\/bazarturc\/wp-content\/uploads\/sites\/109\/2024\/12\/soulier-homme-noir-9.jpeg?fit=225%2C300&amp;ssl=1\" data-large-file=\"https:\/\/i0.wp.com\/ikasougou.com\/bazarturc\/wp-content\/uploads\/sites\/109\/2024\/12\/soulier-homme-noir-9.jpeg?fit=768%2C1024&amp;ssl=1\" class=\"alignnone size-medium wp-image-760\" style=\"font-size: 14.4px;\" src=\"https:\/\/i0.wp.com\/ikasougou.com\/bazarturc\/wp-content\/uploads\/sites\/109\/2024\/12\/soulier-homme-noir-9.jpeg?resize=300%2C400&#038;ssl=1\" alt=\"\" width=\"300\" height=\"400\" \/><\/p>\n<p>\ud83d\udcb0 <strong>Prix promotionnel<\/strong> : 17 500 FCFA (offre valable jusqu\u2019au 1er janvier).<br \/>\n\ud83d\udccd <strong>Livraison<\/strong> : 1 000 \u00e0 2 000 FCFA partout \u00e0 Bamako.<\/p>\n<p>Faites sensation \u00e0 chaque pas !<img data-recalc-dims=\"1\" loading=\"lazy\" decoding=\"async\" data-attachment-id=\"761\" data-permalink=\"https:\/\/ikasougou.com\/bazarturc\/?attachment_id=761#main\" data-orig-file=\"https:\/\/i0.wp.com\/ikasougou.com\/bazarturc\/wp-content\/uploads\/sites\/109\/2024\/12\/soulier_homme_noir_9-removebg-preview.png?fit=433%2C577&amp;ssl=1\" data-orig-size=\"433,577\" data-comments-opened=\"0\" data-image-meta=\"{&quot;aperture&quot;:&quot;0&quot;,&quot;credit&quot;:&quot;&quot;,&quot;camera&quot;:&quot;&quot;,&quot;caption&quot;:&quot;&quot;,&quot;created_timestamp&quot;:&quot;0&quot;,&quot;copyright&quot;:&quot;&quot;,&quot;focal_length&quot;:&quot;0&quot;,&quot;iso&quot;:&quot;0&quot;,&quot;shutter_speed&quot;:&quot;0&quot;,&quot;title&quot;:&quot;&quot;,&quot;orientation&quot;:&quot;0&quot;}\" data-image-title=\"soulier_homme_noir_9-removebg-preview\" data-image-description=\"\" data-image-caption=\"\" data-medium-file=\"https:\/\/i0.wp.com\/ikasougou.com\/bazarturc\/wp-content\/uploads\/sites\/109\/2024\/12\/soulier_homme_noir_9-removebg-preview.png?fit=225%2C300&amp;ssl=1\" data-large-file=\"https:\/\/i0.wp.com\/ikasougou.com\/bazarturc\/wp-content\/uploads\/sites\/109\/2024\/12\/soulier_homme_noir_9-removebg-preview.png?fit=433%2C577&amp;ssl=1\" class=\"alignnone size-medium wp-image-761\" style=\"font-size: 14.4px;\" src=\"https:\/\/i0.wp.com\/ikasougou.com\/bazarturc\/wp-content\/uploads\/sites\/109\/2024\/12\/soulier_homme_noir_9-removebg-preview.png?resize=300%2C400&#038;ssl=1\" alt=\"\" width=\"300\" height=\"400\" \/><\/p>\n<div style=\"display:flex; gap:10px;justify-content:center\" class=\"wps-pgfw-pdf-generate-icon__wrapper-frontend\">\n\t\t<a  href=\"https:\/\/ikasougou.com\/bazarturc\/wp-json\/wp\/v2\/product\/759?action=genpdf&amp;id=759\" class=\"pgfw-single-pdf-download-button\" ><img src=\"https:\/\/ikasougou.com\/bazarturc\/wp-content\/plugins\/pdf-generator-for-wp\/admin\/src\/images\/PDF_Tray.svg\" title=\"G\u00e9n\u00e9rer un PDF\" style=\"width:auto; height:45px;\"><\/a>\n\t\t<\/div>","protected":false},"excerpt":{"rendered":"<p>Adoptez l&#8217;\u00e9l\u00e9gance intemporelle avec le soulier &#8220;Royale Turque&#8221;, con\u00e7u pour sublimer tous les styles vestimentaires, qu\u2019ils soient classiques ou modernes. Fabriqu\u00e9 en Turquie, ce soulier noir brillant allie confort, durabilit\u00e9 et raffinement, parfait pour toutes les occasions . \ud83d\udcb0 Prix promotionnel : 17 500 FCFA (offre valable jusqu\u2019au 1er janvier). \ud83d\udccd Livraison : 1 000 [&#8230;]\n","protected":false},"featured_media":761,"comment_status":"open","ping_status":"closed","template":"","meta":{"jetpack_publicize_message":"","jetpack_publicize_feature_enabled":true,"jetpack_social_post_already_shared":true,"jetpack_social_options":{"image_generator_settings":{"template":"highway","default_image_id":0,"font":"","enabled":false},"version":2}},"product_brand":[],"product_cat":[125,126],"product_tag":[127,121],"class_list":{"0":"post-759","1":"product","2":"type-product","3":"status-publish","4":"has-post-thumbnail","6":"product_cat-chaussures-homme","7":"product_cat-souliers","8":"product_tag-bestsouliersturc","9":"product_tag-ikasougou","11":"first","12":"instock","13":"sale","14":"shipping-taxable","15":"purchasable","16":"product-type-simple"},"ams_default_variation_id":0,"ams_product_points_reward":[],"ams_product_discount_percentage":30,"ams_price_to_display":17500,"aioseo_notices":[],"ams_acf":[],"jetpack_publicize_connections":[],"jetpack_sharing_enabled":true,"jetpack-related-posts":[],"jetpack_likes_enabled":true,"_links":{"self":[{"href":"https:\/\/ikasougou.com\/bazarturc\/wp-json\/wp\/v2\/product\/759","targetHints":{"allow":["GET"]}}],"collection":[{"href":"https:\/\/ikasougou.com\/bazarturc\/wp-json\/wp\/v2\/product"}],"about":[{"href":"https:\/\/ikasougou.com\/bazarturc\/wp-json\/wp\/v2\/types\/product"}],"replies":[{"embeddable":true,"href":"https:\/\/ikasougou.com\/bazarturc\/wp-json\/wp\/v2\/comments?post=759"}],"wp:featuredmedia":[{"embeddable":true,"href":"https:\/\/ikasougou.com\/bazarturc\/wp-json\/wp\/v2\/media\/761"}],"wp:attachment":[{"href":"https:\/\/ikasougou.com\/bazarturc\/wp-json\/wp\/v2\/media?parent=759"}],"wp:term":[{"taxonomy":"product_brand","embeddable":true,"href":"https:\/\/ikasougou.com\/bazarturc\/wp-json\/wp\/v2\/product_brand?post=759"},{"taxonomy":"product_cat","embeddable":true,"href":"https:\/\/ikasougou.com\/bazarturc\/wp-json\/wp\/v2\/product_cat?post=759"},{"taxonomy":"product_tag","embeddable":true,"href":"https:\/\/ikasougou.com\/bazarturc\/wp-json\/wp\/v2\/product_tag?post=759"}],"curies":[{"name":"wp","href":"https:\/\/api.w.org\/{rel}","templated":true}]}}