{"id":762,"date":"2024-12-06T17:00:15","date_gmt":"2024-12-06T16:00:15","guid":{"rendered":"http:\/\/ikasougou.com\/bazarturc\/sample-product\/soulier-turque-pour-hommes-modeles-derby-classiques-sultan\/"},"modified":"2024-12-06T17:00:17","modified_gmt":"2024-12-06T16:00:17","slug":"soulier-turque-pour-hommes-modeles-derby-classiques-sultan","status":"publish","type":"product","link":"https:\/\/ikasougou.com\/bazarturc\/produit\/soulier-turque-pour-hommes-modeles-derby-classiques-sultan\/","title":{"rendered":"Soulier Turque pour hommes mod\u00e8les Derby Classiques Sultan"},"content":{"rendered":"<div class=\"flex max-w-full flex-col flex-grow\">\n<div class=\"min-h-8 text-message flex w-full flex-col items-end gap-2 whitespace-normal break-words [.text-message+&amp;]:mt-5\" dir=\"auto\" data-message-author-role=\"assistant\" data-message-id=\"de7a9dab-a8f3-4c0c-9afc-8956d88ab0fe\" data-message-model-slug=\"gpt-4o\">\n<div class=\"flex w-full flex-col gap-1 empty:hidden first:pt-[3px]\">\n<div class=\"markdown prose w-full break-words dark:prose-invert light\">\n<p>Ajoutez une touche d&#8217;\u00e9l\u00e9gance \u00e0 votre style avec les chaussures Derby Sultan. Con\u00e7ues en Turquie, ces chaussures sont parfaites pour :<\/p>\n<ul>\n<li><strong>Tenues classiques<\/strong> : vestes et cravates.<\/li>\n<li><strong>Looks urbains<\/strong> : chemises et jeans.<\/li>\n<\/ul>\n<p>Souples et confortables, elles s&#8217;adaptent \u00e0 toutes vos occasions : c\u00e9r\u00e9monies, d\u00e9placements professionnels ou sorties d\u00e9contract\u00e9es. Faites le choix du chic et de la polyvalence avec le mod\u00e8le Derby Sultan, disponible d\u00e8s maintenant sur ikasougou.com.<img data-recalc-dims=\"1\" loading=\"lazy\" decoding=\"async\" data-attachment-id=\"763\" data-permalink=\"https:\/\/ikasougou.com\/bazarturc\/?attachment_id=763#main\" data-orig-file=\"https:\/\/i0.wp.com\/ikasougou.com\/bazarturc\/wp-content\/uploads\/sites\/109\/2024\/12\/photo_2024-10-06_15-15-21.jpg?fit=960%2C1280&amp;ssl=1\" data-orig-size=\"960,1280\" data-comments-opened=\"1\" data-image-meta=\"{&quot;aperture&quot;:&quot;0&quot;,&quot;credit&quot;:&quot;&quot;,&quot;camera&quot;:&quot;&quot;,&quot;caption&quot;:&quot;&quot;,&quot;created_timestamp&quot;:&quot;0&quot;,&quot;copyright&quot;:&quot;&quot;,&quot;focal_length&quot;:&quot;0&quot;,&quot;iso&quot;:&quot;0&quot;,&quot;shutter_speed&quot;:&quot;0&quot;,&quot;title&quot;:&quot;&quot;,&quot;orientation&quot;:&quot;0&quot;}\" data-image-title=\"photo_2024-10-06_15-15-21.jpg\" data-image-description=\"\" data-image-caption=\"\" data-medium-file=\"https:\/\/i0.wp.com\/ikasougou.com\/bazarturc\/wp-content\/uploads\/sites\/109\/2024\/12\/photo_2024-10-06_15-15-21.jpg?fit=225%2C300&amp;ssl=1\" data-large-file=\"https:\/\/i0.wp.com\/ikasougou.com\/bazarturc\/wp-content\/uploads\/sites\/109\/2024\/12\/photo_2024-10-06_15-15-21.jpg?fit=768%2C1024&amp;ssl=1\" class=\"alignnone size-medium wp-image-763\" src=\"https:\/\/i0.wp.com\/ikasougou.com\/bazarturc\/wp-content\/uploads\/sites\/109\/2024\/12\/photo_2024-10-06_15-15-21.jpg?resize=300%2C400&#038;ssl=1\" alt=\"\" width=\"300\" height=\"400\" \/><\/p>\n<\/div>\n<\/div>\n<\/div>\n<\/div>\n<div style=\"display:flex; gap:10px;justify-content:center\" class=\"wps-pgfw-pdf-generate-icon__wrapper-frontend\">\n\t\t<a  href=\"https:\/\/ikasougou.com\/bazarturc\/wp-json\/wp\/v2\/product\/762?action=genpdf&amp;id=762\" class=\"pgfw-single-pdf-download-button\" ><img src=\"https:\/\/ikasougou.com\/bazarturc\/wp-content\/plugins\/pdf-generator-for-wp\/admin\/src\/images\/PDF_Tray.svg\" title=\"G\u00e9n\u00e9rer un PDF\" style=\"width:auto; height:45px;\"><\/a>\n\t\t<\/div>","protected":false},"excerpt":{"rendered":"<p>Ajoutez une touche d&#8217;\u00e9l\u00e9gance \u00e0 votre style avec les chaussures Derby Sultan. Con\u00e7ues en Turquie, ces chaussures sont parfaites pour : Tenues classiques : vestes et cravates. Looks urbains : chemises et jeans. Souples et confortables, elles s&#8217;adaptent \u00e0 toutes vos occasions : c\u00e9r\u00e9monies, d\u00e9placements professionnels ou sorties d\u00e9contract\u00e9es. Faites le choix du chic et [&#8230;]\n","protected":false},"featured_media":764,"comment_status":"open","ping_status":"closed","template":"","meta":{"jetpack_publicize_message":"","jetpack_publicize_feature_enabled":true,"jetpack_social_post_already_shared":true,"jetpack_social_options":{"image_generator_settings":{"template":"highway","default_image_id":0,"font":"","enabled":false},"version":2}},"product_brand":[],"product_cat":[125,126,117],"product_tag":[127,121,122],"class_list":{"0":"post-762","1":"product","2":"type-product","3":"status-publish","4":"has-post-thumbnail","6":"product_cat-chaussures-homme","7":"product_cat-souliers","8":"product_cat-textile-bijoux","9":"product_tag-bestsouliersturc","10":"product_tag-ikasougou","11":"product_tag-top-produits","13":"first","14":"instock","15":"sale","16":"shipping-taxable","17":"purchasable","18":"product-type-simple"},"ams_default_variation_id":0,"ams_product_points_reward":[],"ams_product_discount_percentage":30,"ams_price_to_display":17500,"aioseo_notices":[],"ams_acf":[],"jetpack_publicize_connections":[],"jetpack_sharing_enabled":true,"jetpack-related-posts":[],"jetpack_likes_enabled":true,"_links":{"self":[{"href":"https:\/\/ikasougou.com\/bazarturc\/wp-json\/wp\/v2\/product\/762","targetHints":{"allow":["GET"]}}],"collection":[{"href":"https:\/\/ikasougou.com\/bazarturc\/wp-json\/wp\/v2\/product"}],"about":[{"href":"https:\/\/ikasougou.com\/bazarturc\/wp-json\/wp\/v2\/types\/product"}],"replies":[{"embeddable":true,"href":"https:\/\/ikasougou.com\/bazarturc\/wp-json\/wp\/v2\/comments?post=762"}],"wp:featuredmedia":[{"embeddable":true,"href":"https:\/\/ikasougou.com\/bazarturc\/wp-json\/wp\/v2\/media\/764"}],"wp:attachment":[{"href":"https:\/\/ikasougou.com\/bazarturc\/wp-json\/wp\/v2\/media?parent=762"}],"wp:term":[{"taxonomy":"product_brand","embeddable":true,"href":"https:\/\/ikasougou.com\/bazarturc\/wp-json\/wp\/v2\/product_brand?post=762"},{"taxonomy":"product_cat","embeddable":true,"href":"https:\/\/ikasougou.com\/bazarturc\/wp-json\/wp\/v2\/product_cat?post=762"},{"taxonomy":"product_tag","embeddable":true,"href":"https:\/\/ikasougou.com\/bazarturc\/wp-json\/wp\/v2\/product_tag?post=762"}],"curies":[{"name":"wp","href":"https:\/\/api.w.org\/{rel}","templated":true}]}}